{"id":73,"date":"2023-04-11T18:19:45","date_gmt":"2023-04-11T16:19:45","guid":{"rendered":"https:\/\/ambasciatapraga.esteri.it\/?page_id=73"},"modified":"2024-02-15T19:35:49","modified_gmt":"2024-02-15T18:35:49","slug":"traduzione-e-legalizzazione-dei-documenti-2","status":"publish","type":"page","link":"https:\/\/ambabidjan.esteri.it\/it\/servizi-consolari-e-visti\/servizi-per-il-cittadino-straniero\/traduzione-e-legalizzazione-dei-documenti-2\/","title":{"rendered":"Traduzione e legalizzazione dei documenti"},"content":{"rendered":"<p>L\u2019Ambasciata d\u2019Italia informa che \u00e8 attivo un servizio di outsourcing per il deposito delle richieste di atti da legalizzare, gestito dalla societ\u00e0 VFS.<br \/>\nL&#8217;Agenzia \u00e8 ubicata a Abidjan , Rue des Carrossier, Zone 3 Treichville, centro commerciale HLM I piano.<br \/>\nPer informazioni sul servizio, sulle modalit\u00e0 di prenotazione delle domande e per gli appuntamenti si prega di contattare il numero 00225 2520004874, di inviare una mail a info.itci@vfshelpline.com o di consultare il sito www.vfsglobal.com\/italy\/Republic_Of_CoteDivoire.<\/p>\n<p>&nbsp;<\/p>\n<p><a href=\"https:\/\/ambabidjan.esteri.it\/wp-content\/uploads\/2024\/02\/Lista-traduttori.docx\">Lista traduttori<\/a><\/p>\n","protected":false},"excerpt":{"rendered":"L\u2019Ambasciata d\u2019Italia informa che \u00e8 attivo un servizio di outsourcing per il deposito delle richieste di atti da legalizzare, gestito dalla societ\u00e0 VFS. L&#8217;Agenzia \u00e8 ubicata a Abidjan , Rue des Carrossier, Zone 3 Treichville, centro commerciale HLM I piano. Per informazioni sul servizio, sulle modalit\u00e0 di prenotazione delle domande e per gli appuntamenti si [&hellip;]","protected":false},"author":1,"featured_media":0,"parent":48,"menu_order":14,"comment_status":"closed","ping_status":"closed","template":"","meta":{"footnotes":""},"class_list":["post-73","page","type-page","status-publish","hentry"],"_links":{"self":[{"href":"https:\/\/ambabidjan.esteri.it\/it\/wp-json\/wp\/v2\/pages\/73","targetHints":{"allow":["GET"]}}],"collection":[{"href":"https:\/\/ambabidjan.esteri.it\/it\/wp-json\/wp\/v2\/pages"}],"about":[{"href":"https:\/\/ambabidjan.esteri.it\/it\/wp-json\/wp\/v2\/types\/page"}],"author":[{"embeddable":true,"href":"https:\/\/ambabidjan.esteri.it\/it\/wp-json\/wp\/v2\/users\/1"}],"replies":[{"embeddable":true,"href":"https:\/\/ambabidjan.esteri.it\/it\/wp-json\/wp\/v2\/comments?post=73"}],"version-history":[{"count":3,"href":"https:\/\/ambabidjan.esteri.it\/it\/wp-json\/wp\/v2\/pages\/73\/revisions"}],"predecessor-version":[{"id":1367,"href":"https:\/\/ambabidjan.esteri.it\/it\/wp-json\/wp\/v2\/pages\/73\/revisions\/1367"}],"up":[{"embeddable":true,"href":"https:\/\/ambabidjan.esteri.it\/it\/wp-json\/wp\/v2\/pages\/48"}],"wp:attachment":[{"href":"https:\/\/ambabidjan.esteri.it\/it\/wp-json\/wp\/v2\/media?parent=73"}],"curies":[{"name":"wp","href":"https:\/\/api.w.org\/{rel}","templated":true}]}}