{"id":507,"date":"2023-10-27T18:47:14","date_gmt":"2023-10-27T16:47:14","guid":{"rendered":"https:\/\/ambabidjan.esteri.it\/?page_id=507"},"modified":"2023-10-27T18:47:32","modified_gmt":"2023-10-27T16:47:32","slug":"altre-associazioni-di-categoria","status":"publish","type":"page","link":"https:\/\/ambabidjan.esteri.it\/it\/italia-e-costa-davorio\/diplomazia-economica\/fare-affari-in-italia\/link-utili\/altre-associazioni-di-categoria\/","title":{"rendered":"Altre associazioni di categoria"},"content":{"rendered":"<h2>Alcune organizzazioni rappresentative<\/h2>\n<p><a title=\"Vai al sito della Confapi. Attenzione! Questo link apre un sito esterno\" href=\"http:\/\/www.confapi.it\/\"><strong>CONFAPI<\/strong><\/a><br \/>\n<strong>Confederazione Italiana della Piccola e Media Industria<br \/>\n<\/strong>La Confapi \u00e8 cresciuta accanto alla piccola impresa italiana ed \u00e8 oggi una realt\u00e0 consolidata che rappresenta oltre 50mila aziende con circa un milione di addetti.<br \/>\nFinalit\u00e0 istituzionali della Confapi sono la difesa degli interessi e la valorizzazione dell&#8217;industria italiana di piccola e media dimensione. Le iniziative e i programmi sono svolti con l&#8217;obiettivo di favorire lo sviluppo economico e civile del Paese, in collegamento con le organizzazioni ed istituzioni nazionali ed europee.<br \/>\nLa Confederazione svolge il proprio ruolo di rappresentanza e di proposta a favore della piccola e media industria, sostenendo una politica economica nazionale, che faciliti la crescita imprenditoriale.<\/p>\n<p><a title=\"Vai al sito del Formez. Attenzione! Questo link apre un sito esterno\" href=\"http:\/\/www.formez.it\/\"><strong>FORMEZ<\/strong><\/a><br \/>\n<strong>Centro di Formazione e Studi<\/strong><\/p>\n<p><a title=\"Vai al sito informest. Attenzione! Questo link apre un sito esterno\" href=\"http:\/\/www.informest.it\/\"><strong>INFORMEST<\/strong><\/a><br \/>\n<strong>Centro di Servizi e Documentazione per la Cooperazione Economica Internazionale<\/strong><\/p>\n<p><a title=\"Vai al sito SACE - attenzione! Questo link apre un sito esterno\" href=\"http:\/\/www.sace.it\/\"><strong>SACE<\/strong><\/a><br \/>\n<strong>Servizi Assicurativi del Commercio Estero<\/strong><\/p>\n<p><a title=\"Vai al sito simest. Attenzione! Questo link apre un sito esterno\" href=\"http:\/\/www.simest.it\/\"><strong>SIMEST<\/strong><\/a><br \/>\n<strong>Finanziaria di sviluppo e promozione delle imprese italiane all&#8217;estero<\/strong><\/p>\n","protected":false},"excerpt":{"rendered":"Alcune organizzazioni rappresentative CONFAPI Confederazione Italiana della Piccola e Media Industria La Confapi \u00e8 cresciuta accanto alla piccola impresa italiana ed \u00e8 oggi una realt\u00e0 consolidata che rappresenta oltre 50mila aziende con circa un milione di addetti. Finalit\u00e0 istituzionali della Confapi sono la difesa degli interessi e la valorizzazione dell&#8217;industria italiana di piccola e media [&hellip;]","protected":false},"author":4,"featured_media":0,"parent":491,"menu_order":7,"comment_status":"closed","ping_status":"closed","template":"","meta":{"footnotes":""},"class_list":["post-507","page","type-page","status-publish","hentry"],"_links":{"self":[{"href":"https:\/\/ambabidjan.esteri.it\/it\/wp-json\/wp\/v2\/pages\/507","targetHints":{"allow":["GET"]}}],"collection":[{"href":"https:\/\/ambabidjan.esteri.it\/it\/wp-json\/wp\/v2\/pages"}],"about":[{"href":"https:\/\/ambabidjan.esteri.it\/it\/wp-json\/wp\/v2\/types\/page"}],"author":[{"embeddable":true,"href":"https:\/\/ambabidjan.esteri.it\/it\/wp-json\/wp\/v2\/users\/4"}],"replies":[{"embeddable":true,"href":"https:\/\/ambabidjan.esteri.it\/it\/wp-json\/wp\/v2\/comments?post=507"}],"version-history":[{"count":2,"href":"https:\/\/ambabidjan.esteri.it\/it\/wp-json\/wp\/v2\/pages\/507\/revisions"}],"predecessor-version":[{"id":509,"href":"https:\/\/ambabidjan.esteri.it\/it\/wp-json\/wp\/v2\/pages\/507\/revisions\/509"}],"up":[{"embeddable":true,"href":"https:\/\/ambabidjan.esteri.it\/it\/wp-json\/wp\/v2\/pages\/491"}],"wp:attachment":[{"href":"https:\/\/ambabidjan.esteri.it\/it\/wp-json\/wp\/v2\/media?parent=507"}],"curies":[{"name":"wp","href":"https:\/\/api.w.org\/{rel}","templated":true}]}}