{"id":454,"date":"2023-10-27T17:18:18","date_gmt":"2023-10-27T15:18:18","guid":{"rendered":"https:\/\/ambabidjan.esteri.it\/?page_id=454"},"modified":"2023-10-27T17:18:18","modified_gmt":"2023-10-27T15:18:18","slug":"autocertificazione","status":"publish","type":"page","link":"https:\/\/ambabidjan.esteri.it\/it\/servizi-consolari-e-visti\/servizi-per-il-cittadino-italiano\/passaporti-e-carte-didentita\/servizi-consolari\/autocertificazione\/","title":{"rendered":"Autocertificazione"},"content":{"rendered":"<p><strong>Autocertificazione <\/strong><\/p>\n<p>Per &#8220;autocertificazione&#8221; si intende &#8220;la certificazione prodotta dall\u2019interessato in sostituzione della normale certificazione&#8221; (art.2, legge 15\/1968).<\/p>\n<p>L\u2019autocertificazione e le dichiarazioni sostitutive possono essere utilizzate nei rapporti con la Pubblica Amministrazione e con i concessionari e i gestori di pubblici servizi.<br \/>\nNon possono invece essere utilizzate nei rapporti tra i privati, salvo che gli stessi non vi acconsentano, e davanti all\u2019autorit\u00e0 giudiziaria nello svolgimento di funzioni giurisdizionali.<\/p>\n<p>&nbsp;<\/p>\n<p><strong>1. Dichiarazione sostitutiva di certificazione (art. 46 DPR 445\/2000)<\/strong><\/p>\n<p>Possono essere comprovati, tramite dichiarazione, i seguenti stati:<\/p>\n<p>-data e luogo di nascita;<\/p>\n<p>-residenza;<\/p>\n<p>-cittadinanza;<\/p>\n<p>-godimento dei diritti politici;<\/p>\n<p>-stato di celibe, coniugato o vedovo;<\/p>\n<p>-stato di famiglia;<\/p>\n<p>-esistenza in vita;<\/p>\n<p>-nascita del figlio;<\/p>\n<p>-decesso del coniuge, dell\u2019ascendente o discendente;<\/p>\n<p>-posizione agli effetti degli obblighi militari;<\/p>\n<p>-iscrizione in albi o elenchi tenuti dalla Pubblica Amministrazione;<\/p>\n<p>-titoli di studio acquisiti;<\/p>\n<p>-qualifiche professionali;<\/p>\n<p>-esami sostenuti universitari e di stato;<\/p>\n<p>-titoli di specializzazione;<\/p>\n<p>-titoli di abilitazione;<\/p>\n<p>-titoli di formazione;<\/p>\n<p>-titoli di aggiornamento;<\/p>\n<p>-titoli di qualificazione tecnica;<\/p>\n<p>-situazione reddituale o economica anche ai fini della concessione di benefici e vantaggi di qualsiasi tipo previsti da leggi speciali;<\/p>\n<p>-assolvimento di specifici obblighi contributivi con l\u2019indicazione dell\u2019ammontare;<\/p>\n<p>-codice fiscale o partita IVA;<\/p>\n<p>-qualsiasi dato dell\u2019anagrafe tributaria;<\/p>\n<p>-stato di disoccupazione;<\/p>\n<p>-qualit\u00e0 di pensionato e categoria di pensione;<\/p>\n<p>-qualit\u00e0 di studente;<\/p>\n<p>-qualit\u00e0 di casalinga;<\/p>\n<p>-qualit\u00e0 di legale rappresentante di persone fisiche o giuridiche, di tutore, di curatore e simili;<\/p>\n<p>-iscrizione presso associazioni o formazioni sociali di qualsiasi tipo;<\/p>\n<p>-adempimento o meno degli obblighi militari compresi quelli di cui all\u2019art. 77 del D.P.R. n. 237\/64 come modificato dall\u2019art. 22 della legge 958\/86;<\/p>\n<p>-assenza di condanne penali;<\/p>\n<p>-qualit\u00e0 di vivenza a carico;<\/p>\n<p>-tutti i dati a diretta conoscenza dell\u2019interessato contenuti nei registri dello stato civile.<\/p>\n<p>La dichiarazione sostitutiva delle suddette\u00a0certificazioni si puo&#8217; fare compilando il seguente modulo e allegandovi una copia di un documento d&#8217;identit\u00e0 valido:<\/p>\n<p><a href=\"https:\/\/ambabidjan.esteri.it\/ambasciata_abidjan\/resource\/doc\/2018\/01\/dich._sostitutiva_certif.pdf\"><em><strong>Dichiarazione sostitutiva di certificazione<\/strong> <\/em><\/a><\/p>\n<p>&nbsp;<\/p>\n<p>La possibilit\u00e0 di avvalersi dell\u2019autocertificazione<strong> non \u00e8 mai ammessa<\/strong> per i certificati:<\/p>\n<p>-medici;<\/p>\n<p>-sanitari;<\/p>\n<p>-veterinari;<\/p>\n<p>-di origine;<\/p>\n<p>-di conformit\u00e0 all&#8217;UE;<\/p>\n<p>-marchi o brevetti.<\/p>\n<p>&nbsp;<\/p>\n<p><strong>2. Atti<\/strong> <strong>Notori <\/strong><\/p>\n<p>La dichiarazione sostitutiva di atti notori pu\u00f2 essere fatta dichiarando fatti, stati o qualit\u00e0 personali a diretta conoscenza dell\u2019interessato dinanzi al funzionario competente a ricevere la documentazione, mediante <a href=\"https:\/\/ambabidjan.esteri.it\/ambasciata_abidjan\/resource\/doc\/2018\/01\/dich._atto_notoriet.pdf\"><em><strong>dichiarazione sostitutiva dell\u2019atto di notoriet\u00e0.<\/strong> <\/em><\/a><\/p>\n<p>Tale dichiarazione pu\u00f2 riguardare anche circostanze relative ad altri soggetti, di cui il dichiarante abbia diretta conoscenza, nonch\u00e9 la conformit\u00e0 all\u2019originale di copie di atti o documenti conservati o rilasciati da una pubblica amministrazione, di copie di pubblicazioni, di copie di titoli di studio o di servizio, ovvero di copie di documenti fiscali che devono essere obbligatoriamente conservati dai privati.<\/p>\n<p>&nbsp;<\/p>\n<p><strong>Sanzioni per i cittadini che forniscono dichiarazioni non veritiere<\/strong><\/p>\n<p>Se le amministrazioni hanno dubbi sulla veridicit\u00e0 delle autocertificazioni, sono tenute a effettuare i controlli necessari.<br \/>\nNel caso vengano riscontrate dichiarazioni mendaci, la falsit\u00e0 negli atti e l\u2019uso di atti falsi sono puniti ai sensi del codice penale e delle leggi in materia.<br \/>\nIl dichiarante inoltre decade dai benefici eventualmente conseguiti grazie a provvedimenti basati su dichiarazioni non veritiere.<\/p>\n<p>Tutta la documentazione relativa alle dichiarazioni sostitutive \u00e9 presente nella \u00a0<a href=\"http:\/\/www.ambabidjan.esteri.it\/ambasciata_abidjan\/it\/in_linea_con_utente\/modulistica\"><em><strong>MODULISTICA<\/strong><\/em><\/a> di questo sito.<\/p>\n<p><a href=\"http:\/\/www.esteri.it\/mae\/it\/servizi\/italiani-all-estero\/autocertificazione_0.html\">Per maggiori informazioni \u00e9 possibile consultare il sito del MAE<\/a><\/p>\n","protected":false},"excerpt":{"rendered":"Autocertificazione Per &#8220;autocertificazione&#8221; si intende &#8220;la certificazione prodotta dall\u2019interessato in sostituzione della normale certificazione&#8221; (art.2, legge 15\/1968). L\u2019autocertificazione e le dichiarazioni sostitutive possono essere utilizzate nei rapporti con la Pubblica Amministrazione e con i concessionari e i gestori di pubblici servizi. Non possono invece essere utilizzate nei rapporti tra i privati, salvo che gli stessi [&hellip;]","protected":false},"author":4,"featured_media":0,"parent":417,"menu_order":12,"comment_status":"closed","ping_status":"closed","template":"","meta":{"footnotes":""},"class_list":["post-454","page","type-page","status-publish","hentry"],"_links":{"self":[{"href":"https:\/\/ambabidjan.esteri.it\/it\/wp-json\/wp\/v2\/pages\/454","targetHints":{"allow":["GET"]}}],"collection":[{"href":"https:\/\/ambabidjan.esteri.it\/it\/wp-json\/wp\/v2\/pages"}],"about":[{"href":"https:\/\/ambabidjan.esteri.it\/it\/wp-json\/wp\/v2\/types\/page"}],"author":[{"embeddable":true,"href":"https:\/\/ambabidjan.esteri.it\/it\/wp-json\/wp\/v2\/users\/4"}],"replies":[{"embeddable":true,"href":"https:\/\/ambabidjan.esteri.it\/it\/wp-json\/wp\/v2\/comments?post=454"}],"version-history":[{"count":1,"href":"https:\/\/ambabidjan.esteri.it\/it\/wp-json\/wp\/v2\/pages\/454\/revisions"}],"predecessor-version":[{"id":455,"href":"https:\/\/ambabidjan.esteri.it\/it\/wp-json\/wp\/v2\/pages\/454\/revisions\/455"}],"up":[{"embeddable":true,"href":"https:\/\/ambabidjan.esteri.it\/it\/wp-json\/wp\/v2\/pages\/417"}],"wp:attachment":[{"href":"https:\/\/ambabidjan.esteri.it\/it\/wp-json\/wp\/v2\/media?parent=454"}],"curies":[{"name":"wp","href":"https:\/\/api.w.org\/{rel}","templated":true}]}}