{"id":441,"date":"2023-10-27T17:02:25","date_gmt":"2023-10-27T15:02:25","guid":{"rendered":"https:\/\/ambabidjan.esteri.it\/?page_id=441"},"modified":"2023-10-27T17:02:25","modified_gmt":"2023-10-27T15:02:25","slug":"universita","status":"publish","type":"page","link":"https:\/\/ambabidjan.esteri.it\/it\/servizi-consolari-e-visti\/servizi-per-il-cittadino-italiano\/passaporti-e-carte-didentita\/servizi-consolari\/studi\/universita\/","title":{"rendered":"Universit\u00e0"},"content":{"rendered":"<p class=\"boxLevel03\">\n<h2>L\u2019Universit\u00e0 in Italia<\/h2>\n<p>Notizie di interesse generale sull\u2019organizzazione e sul funzionamento delle Universit\u00e0 italiane si trovano nella <a title=\"Vai al sito del Ministero dell'Universit\u00e0 e della Ricerca. Attenzione! Questo link apre un sito esterno\" href=\"http:\/\/www.miur.it\/0002Univer\/index_cf2.htm\"><strong>sezione del sito del Ministero dell\u2019Istruzione, dell\u2019Universit\u00e0 e\u00a0 della Ricerca<\/strong><\/a>.<\/p>\n<p>Liste complete degli Atenei sono consultabili attraverso lo speciale <a title=\"Vai al sito cineca. Attenzione! Questo link apre un sito esterno\" href=\"http:\/\/www.cineca.it\/index.htm\"><strong>motore di ricerca CINECA<\/strong><\/a>.<\/p>\n<p>E\u2019 presente anche pagina dedicata alle Universit\u00e0 nel <a title=\"Vai al sito CRUI - Conferenza dei Rettori delle Universit\u00e0 Italiane. Attenzione! Questo link apre un sito esterno\" href=\"http:\/\/www.crui.it\/\"><strong>sito della CRUI &#8211; Conferenza dei Rettori delle Universit\u00e0 Italiane<\/strong><\/a>.<\/p>\n<p>Gli studenti stranieri interessati ad effettuare studi presso le Universit\u00e0 Italiane trovano notizie utili sui posti loro riservati nel <a title=\"Vai alla pagina relativa agli studenti stranieri sul sito del Ministero dell'Universit\u00e0 e della Ricerca. Attenzione! Questo link apre un sito esterno\" href=\"http:\/\/offertaformativa.miur.it\/studenti\/elenco\/\"><strong>sito del MIUR alla pagina relativa all&#8217;Offertaformativa<\/strong><\/a>.<\/p>\n<p><strong>AVVISO AL PUBBLICO<\/strong><\/p>\n<p><em>OGGETTO<\/em>: ISCRIZIONE DEGLI STUDENTI STRANIERI NELLE UNIVERSIT\u00c0 E ISTITUTI ITALIANI<\/p>\n<p>Condizioni da soddisfare:<\/p>\n<p>1. Conoscenza sufficiente della lingua italiana da verificare in occasione di una prova scritta e orale obbligatoria organizzata dai servizi consolari dell&#8217;Ambasciata d&#8217;Italia a partire dal 4 giugno 2012 (i candidati saranno convocati dall&#8217;Ambasciata).<\/p>\n<p>2. Avere un diploma di scuola superiore o altri certificati superiori al diploma di maturit\u00e0.<\/p>\n<p>3. Istituzione della dichiarazione di valore dei diplomi presso l&#8217;Ambasciata italiana.<br \/>\nQuesta procedura \u00e8 preceduta dalla legalizzazione dei suddetti diplomi da parte delle autorit\u00e0 competenti del paese di origine (Municipio o Polizia, Ministero dell&#8217;Interno e Ministero degli Affari Esteri) accompagnata dalla traduzione in lingua italiana.<\/p>\n<p>4. In caso di successo del test di lingua italiana, lo studente deve compilare una domanda di pre-registrazione che sar\u00e0 inviata per posta ufficiale all&#8217;Universit\u00e0 o all&#8217;Istituto di sua scelta, a cura dell&#8217;Ambasciata italiana.<\/p>\n<p>5. In caso di risposta favorevole dall&#8217;Universit\u00e0 o dall&#8217;Istituto selezionati, lo studente pu\u00f2 presentare la domanda di visto di studio al Dipartimento Visti in conformit\u00e0 con gli standard e le condizioni stabilite a tal fine entro la fine di luglio dell&#8217;anno in corso, l&#8217;inizio dell&#8217;anno universitario in Italia \u00e8 stato fissato\u00a0nei primi giorni del mese\u00a0di settembre.<\/p>\n<p>6. Termine per la presentazione delle domande di partecipazione alla selezione degli studenti per la concessione di un visto di studio:<br \/>\nLuned\u00ec 14-21-28 maggio 2012\u00a0a partire dalle\u00a014h30.<\/p>\n<p>7. Condizioni essenziali per ottenere un visto di studio:<\/p>\n<p>\u2022 Prova della disponibilit\u00e0\u00a0finanziaria messa a disposizione dello studente: minimo 417,3 euro al mese per l&#8217;intero anno accademico (417, 3 euro x 12 mesi) sotto forma di garanzia bancaria in Italia o borse di studio;<br \/>\n\u2022 Prova di\u00a0un alloggio\u00a0messo a disposizione dello studente;<br \/>\n\u2022 Prenotazione del biglietto aereo;<br \/>\n\u2022 Prova della disponibilit\u00e0 finanziaria\u00a0sufficiente per il biglietto aereo di\u00a0andate e ritorno;<br \/>\n\u2022 Assicurazione annuale con copertura assicurativa sanitaria stipulata in Italia.<\/p>\n","protected":false},"excerpt":{"rendered":"L\u2019Universit\u00e0 in Italia Notizie di interesse generale sull\u2019organizzazione e sul funzionamento delle Universit\u00e0 italiane si trovano nella sezione del sito del Ministero dell\u2019Istruzione, dell\u2019Universit\u00e0 e\u00a0 della Ricerca. Liste complete degli Atenei sono consultabili attraverso lo speciale motore di ricerca CINECA. E\u2019 presente anche pagina dedicata alle Universit\u00e0 nel sito della CRUI &#8211; Conferenza dei Rettori [&hellip;]","protected":false},"author":4,"featured_media":0,"parent":436,"menu_order":2,"comment_status":"closed","ping_status":"closed","template":"","meta":{"footnotes":""},"class_list":["post-441","page","type-page","status-publish","hentry"],"_links":{"self":[{"href":"https:\/\/ambabidjan.esteri.it\/it\/wp-json\/wp\/v2\/pages\/441","targetHints":{"allow":["GET"]}}],"collection":[{"href":"https:\/\/ambabidjan.esteri.it\/it\/wp-json\/wp\/v2\/pages"}],"about":[{"href":"https:\/\/ambabidjan.esteri.it\/it\/wp-json\/wp\/v2\/types\/page"}],"author":[{"embeddable":true,"href":"https:\/\/ambabidjan.esteri.it\/it\/wp-json\/wp\/v2\/users\/4"}],"replies":[{"embeddable":true,"href":"https:\/\/ambabidjan.esteri.it\/it\/wp-json\/wp\/v2\/comments?post=441"}],"version-history":[{"count":1,"href":"https:\/\/ambabidjan.esteri.it\/it\/wp-json\/wp\/v2\/pages\/441\/revisions"}],"predecessor-version":[{"id":442,"href":"https:\/\/ambabidjan.esteri.it\/it\/wp-json\/wp\/v2\/pages\/441\/revisions\/442"}],"up":[{"embeddable":true,"href":"https:\/\/ambabidjan.esteri.it\/it\/wp-json\/wp\/v2\/pages\/436"}],"wp:attachment":[{"href":"https:\/\/ambabidjan.esteri.it\/it\/wp-json\/wp\/v2\/media?parent=441"}],"curies":[{"name":"wp","href":"https:\/\/api.w.org\/{rel}","templated":true}]}}