{"id":44,"date":"2023-04-11T18:10:45","date_gmt":"2023-04-11T16:10:45","guid":{"rendered":"https:\/\/ambasciatapraga.esteri.it\/?page_id=44"},"modified":"2024-02-09T12:52:05","modified_gmt":"2024-02-09T11:52:05","slug":"diplomazia-culturale","status":"publish","type":"page","link":"https:\/\/ambabidjan.esteri.it\/it\/italia-e-costa-davorio\/diplomazia-culturale\/","title":{"rendered":"Diplomazia culturale"},"content":{"rendered":"<p><strong>SETTIMANA DELLA CUCINA ITALIANA NEL MONDO 2022<br \/>\n<\/strong><\/p>\n<p>28 novembre \u2013 5 dicembre 2022<\/p>\n<p>L\u2019Ambasciata d\u2019Italia ad Abidjan ha coinvolto cuochi di fama internazionale e di grande talento nell\u2019organizzazione della\u00a0Settimana della Cucina italiana nel mondo 2022, la prima nel paese a distanza di sei anni. l\u2019iniziativa si e articolata in 2 avvenimenti:<\/p>\n<p>&#8211; Una giornata di formazione per gli studenti di una scuola alberghiera locale su come preparare pasta fresca e pizza;<\/p>\n<p>&#8211; Una cena in uno dei migliori ristoranti italiani della capitale economica con membri del governo, rappresentanze diplomatiche, societ\u00e0 civile e comunit\u00e0 italiana. Durante la cena, sono stati consegnati gli attestati di partecipazione agli studenti pi\u00f9 meritevoli della giornata di formazione.<\/p>\n<p>&nbsp;<\/p>\n","protected":false},"excerpt":{"rendered":"SETTIMANA DELLA CUCINA ITALIANA NEL MONDO 2022 28 novembre \u2013 5 dicembre 2022 L\u2019Ambasciata d\u2019Italia ad Abidjan ha coinvolto cuochi di fama internazionale e di grande talento nell\u2019organizzazione della\u00a0Settimana della Cucina italiana nel mondo 2022, la prima nel paese a distanza di sei anni. l\u2019iniziativa si e articolata in 2 avvenimenti: &#8211; Una giornata di [&hellip;]","protected":false},"author":1,"featured_media":0,"parent":14,"menu_order":2,"comment_status":"closed","ping_status":"closed","template":"","meta":{"footnotes":""},"class_list":["post-44","page","type-page","status-publish","hentry"],"_links":{"self":[{"href":"https:\/\/ambabidjan.esteri.it\/it\/wp-json\/wp\/v2\/pages\/44","targetHints":{"allow":["GET"]}}],"collection":[{"href":"https:\/\/ambabidjan.esteri.it\/it\/wp-json\/wp\/v2\/pages"}],"about":[{"href":"https:\/\/ambabidjan.esteri.it\/it\/wp-json\/wp\/v2\/types\/page"}],"author":[{"embeddable":true,"href":"https:\/\/ambabidjan.esteri.it\/it\/wp-json\/wp\/v2\/users\/1"}],"replies":[{"embeddable":true,"href":"https:\/\/ambabidjan.esteri.it\/it\/wp-json\/wp\/v2\/comments?post=44"}],"version-history":[{"count":4,"href":"https:\/\/ambabidjan.esteri.it\/it\/wp-json\/wp\/v2\/pages\/44\/revisions"}],"predecessor-version":[{"id":1306,"href":"https:\/\/ambabidjan.esteri.it\/it\/wp-json\/wp\/v2\/pages\/44\/revisions\/1306"}],"up":[{"embeddable":true,"href":"https:\/\/ambabidjan.esteri.it\/it\/wp-json\/wp\/v2\/pages\/14"}],"wp:attachment":[{"href":"https:\/\/ambabidjan.esteri.it\/it\/wp-json\/wp\/v2\/media?parent=44"}],"curies":[{"name":"wp","href":"https:\/\/api.w.org\/{rel}","templated":true}]}}