{"id":43,"date":"2023-04-11T18:10:30","date_gmt":"2023-04-11T16:10:30","guid":{"rendered":"https:\/\/ambasciatapraga.esteri.it\/?page_id=43"},"modified":"2025-12-09T20:12:38","modified_gmt":"2025-12-09T19:12:38","slug":"diplomazia-economica","status":"publish","type":"page","link":"https:\/\/ambabidjan.esteri.it\/it\/italia-e-costa-davorio\/diplomazia-economica\/","title":{"rendered":"Diplomazia economica"},"content":{"rendered":"<p>Negli ultimi anni la Costa d\u2019Avorio ha registrato una crescita tra le pi\u00f9 sostenute al mondo nonostante la pandemia ne abbia\u00a0 determinato una battuta di arresto riducendo a solo +1,8% il tasso di espansione del PIL nel 2020. Tra i settori economici del Paese pi\u00f9 duramente colpiti si annoverano quello minerario, del legname e degli idrocarburi.<\/p>\n<p>Nel 2021 l\u2019economia ivoriana ha evidenziato una forte ripresa vantando una crescita del 6,2% dovuta principalmente ai settori dell\u2019agricoltura e dell\u2019edilizia. Sulla base di un trend di mercato cos\u00ec incoraggiante si stima che anche nel 2022 la crescita del PIL possa attestarsi attorno al 6,5%.<\/p>\n<p>Il settore delle costruzioni unitamente ad un ambizioso incremento degli investimenti pubblici hanno fatto da traino all\u2019economia<br \/>\nlocale nell\u2019ultimo biennio: per quanto riguarda le politiche per lo sviluppo del Paese, il governo locale ha lanciato il Piano Nazionale di Sviluppo (PND) 2021 -2025 con lo scopo di sostenere la crescita economica ed accelerare la trasformazione strutturale dell\u2019economia ivoriana attraverso l\u2019industrializzazione, lo sviluppo del capitale umano e il rafforzamento della governance.<\/p>\n<p>Il nostro Paese ha contribuito attivamente al processo di sviluppo della Costa d\u2019Avorio attraverso una costante presenza\u00a0 imprenditoriale che opera soprattutto nel settore agroalimentare, del legname, dei trasporti marittimi, delle infrastrutture e, in passato, del turismo. Oltre a numerose PMI, tra le imprese italiane di maggiore rilievo troviamo Airone S.p.A., societ\u00e0<br \/>\nindustriale che opera nel settore delle conserve ittiche e alimentari, Ignazio Messina &amp; C., MSC e Grimaldi, tre realt\u00e0 operanti nel settore del trasporto marittimo ed infine ENI, che nel settembre 2021 ha effettuato la scoperta di un giacimento a 60 Km dal confine con il Ghana, con un potenziale di 1,5-2 miliardi di barili al giorno di greggio e un&#8217;estensione di 250 Km2 e che potrebbe essere gi\u00e0 operativo a partire da fine 2023.<\/p>\n<p>Nonostante alcuni anni di deficit, gli scambi commerciali tra Italia e Costa d\u2019Avorio registrano uno stabile equilibrio: la Costa d\u2019Avorio \u00e8 il 4\u00b0 Paese dell\u2019Africa sub Sahariana per interscambio bilaterale con l\u2019Italia (\u00e8 3\u00b0 per volume di export e 8\u00b0 per import). I prodotti maggiormente importati in Italia dalla Costa d\u2019Avorio appartengono al settore agroalimentare e minerario mentre tra i prodotti italiani pi\u00f9 esportati in Costa d\u2019Avorio figurano macchinari, autoveicoli e rimorchi. L\u2019interesse ivoriano verso l\u2019inserimento di tecnologie produttive italiane non stupisce e nasce dalla necessit\u00e0 di fornire ai propri prodotti da esportare quel valore aggiunto che solo il know how italiano \u00e8 in grado di offrire. Nel Paese sussistono realt\u00e0 molto interessanti in questo senso, come ad esempio nella filiera della lavorazione dell\u2019anacardo e della frutta tropicale dove esistono gi\u00e0 realt\u00e0 che utilizzano prodotti industriali italiani nei propri sistemi di tracciabilit\u00e0.<\/p>\n<p>Il volume di mercato dell\u2019Italia nell\u2019import ivoriano \u00e8 rimasto sostanzialmente stabile negli ultimi anni assestandosi intorno al 2%. Il settore dei macchinari industriali rappresenta la prima voce di esportazione e in alcuni ambiti l\u2019Italia si posiziona ai vertici del mercato: \u00e8 il primo fornitore di macchinari per packaging e imbottigliamento, e secondo solo agli olandesi nella fornitura di macchinari per la fabbricazione di alimenti e bevande. Le potenzialit\u00e0 di sviluppo nel settore manifatturiero locale potranno pertanto offrire nuove opportunit\u00e0 alle nostre imprese. La Costa d\u2019Avorio si presenta come uno dei mercati pi\u00f9 interessanti del West Africa anche nel commercio di beni di consumo, grazie ad una maggiore penetrazione di modelli d\u2019impiego favorevoli al Made in Italy.<\/p>\n<p>&nbsp;<\/p>\n<p><strong>Opportunit\u00e0 per gli investitori italiani<\/strong><\/p>\n<p>La Costa d\u2019Avorio presenta un ambiente favorevole agli affari, con l\u2019Unione Europea quale principale partner commerciale ivoriano; esistono spazi per le imprese italiane, soprattutto nei settori energetico e agro-alimentare (il paese \u00e8 tra i primi produttori al mondo di quasi tutte le coltivazioni ad alto impatto industriale &#8211; cacao, caff\u00e8, olio di palma, caucci\u00f9 e anacardo) settori considerati prioritari dal governo ivoriano e al centro degli interventi di cooperazione promossi anche in ambito UE. La Costa d\u2019Avorio rappresenta un importante punto di partenza per la penetrazione nei paesi dell\u2019Africa Occidentale.<\/p>\n<p>Nel settembre 2022, in occasione della visita del Presidente Ouattara in Italia, \u00e8 stato realizzato un forum economico della Costa d\u2019Avorio a Roma che ha visto numerosi contatti tra le imprese dei due Paesi.<\/p>\n<p>Per maggiori informazioni consultare <a href=\"http:\/\/www.infomercatiesteri.it\/\"><strong>www.infomercatiesteri.it<\/strong><\/a><\/p>\n<p>Per richieste di assistenza da parte di aziende italiane alla sezione economico-commerciale di questa Sede, compilare apposito formulario on-line, <a href=\"https:\/\/nexus.esteri.it\/?sede=127\"><em><strong>cliccando qui<\/strong><\/em><\/a>.<\/p>\n","protected":false},"excerpt":{"rendered":"Negli ultimi anni la Costa d\u2019Avorio ha registrato una crescita tra le pi\u00f9 sostenute al mondo nonostante la pandemia ne abbia\u00a0 determinato una battuta di arresto riducendo a solo +1,8% il tasso di espansione del PIL nel 2020. Tra i settori economici del Paese pi\u00f9 duramente colpiti si annoverano quello minerario, del legname e degli [&hellip;]","protected":false},"author":1,"featured_media":0,"parent":14,"menu_order":0,"comment_status":"closed","ping_status":"closed","template":"","meta":{"footnotes":""},"class_list":["post-43","page","type-page","status-publish","hentry"],"_links":{"self":[{"href":"https:\/\/ambabidjan.esteri.it\/it\/wp-json\/wp\/v2\/pages\/43","targetHints":{"allow":["GET"]}}],"collection":[{"href":"https:\/\/ambabidjan.esteri.it\/it\/wp-json\/wp\/v2\/pages"}],"about":[{"href":"https:\/\/ambabidjan.esteri.it\/it\/wp-json\/wp\/v2\/types\/page"}],"author":[{"embeddable":true,"href":"https:\/\/ambabidjan.esteri.it\/it\/wp-json\/wp\/v2\/users\/1"}],"replies":[{"embeddable":true,"href":"https:\/\/ambabidjan.esteri.it\/it\/wp-json\/wp\/v2\/comments?post=43"}],"version-history":[{"count":4,"href":"https:\/\/ambabidjan.esteri.it\/it\/wp-json\/wp\/v2\/pages\/43\/revisions"}],"predecessor-version":[{"id":1987,"href":"https:\/\/ambabidjan.esteri.it\/it\/wp-json\/wp\/v2\/pages\/43\/revisions\/1987"}],"up":[{"embeddable":true,"href":"https:\/\/ambabidjan.esteri.it\/it\/wp-json\/wp\/v2\/pages\/14"}],"wp:attachment":[{"href":"https:\/\/ambabidjan.esteri.it\/it\/wp-json\/wp\/v2\/media?parent=43"}],"curies":[{"name":"wp","href":"https:\/\/api.w.org\/{rel}","templated":true}]}}