{"id":428,"date":"2023-10-27T16:44:58","date_gmt":"2023-10-27T14:44:58","guid":{"rendered":"https:\/\/ambabidjan.esteri.it\/?page_id=428"},"modified":"2023-10-27T16:44:58","modified_gmt":"2023-10-27T14:44:58","slug":"passaporti","status":"publish","type":"page","link":"https:\/\/ambabidjan.esteri.it\/it\/servizi-consolari-e-visti\/servizi-per-il-cittadino-italiano\/passaporti-e-carte-didentita\/servizi-consolari\/passaporti\/","title":{"rendered":"Passaporti"},"content":{"rendered":"<h2>PASSAPORTI<\/h2>\n<p align=\"center\">\n<p>Il passaporto \u00e8 un documento di viaggio e riconoscimento. Il suo rilascio\/estensione \u00e8 di competenza dell\u2019Ufficio Passaporti della Circoscrizione Consolare in cui il cittadino italiano \u00e8 residente.<br \/>\nIn realt\u00e0, per risiedere e viaggiare nei Paesi dell&#8217;Unione Europea \u00e8 sufficiente la carta d&#8217;identit\u00e0 valida per l&#8217;espatrio, rilasciata dal Comune di iscrizione AIRE in Italia. E&#8217; tuttavia sempre consigliabile avere un passaporto oltre a una carta d&#8217;identit\u00e0 valida.<\/p>\n<p>&nbsp;<\/p>\n<p><strong>RILASCIO DEL PASSAPORTO<\/strong><\/p>\n<p>Per il rilascio del passaporto occorre presentarsi all\u2019Ufficio Passaporti della Circoscrizione Consolare in cui il cittadino \u00e8 residente con la seguente documentazione:<\/p>\n<ul>\n<li><a href=\"https:\/\/ambabidjan.esteri.it\/ambasciata_abidjan\/resource\/doc\/2018\/01\/domanda_di_rilascio_del_passaporto.pdf\"><em><strong>formulario<\/strong><\/em> <\/a>di richiesta del passaporto firmato dall&#8217;interessato;<\/li>\n<li>carta d&#8217;identit\u00e0;<\/li>\n<li>due fotografie recenti (uguali, frontali, a colori);<\/li>\n<li>permesso di soggiorno o un giustificativo dell\u2019effettivo domicilio nella Circoscrizione.<\/li>\n<\/ul>\n<p>(N.B. Perch\u00e9 un italiano residente all\u2019estero ottenga il passaporto, \u00e8 necessario che sia iscritto all\u2019A.I.R.E. di un Comune italiano).<\/p>\n<p align=\"justify\">\n<p>Un cittadino italiano all\u2019estero pu\u00f2 richiedere il rilascio\/estensione del passaporto presso una circoscrizione consolare in cui non \u00e8 residente, ma in tal caso occorre attendere il &#8220;NULLA OSTA&#8221; dell&#8217;Ufficio (Questura o Consolato Italiano) competente per il territorio di residenza.<\/p>\n<p>&nbsp;<\/p>\n<p><strong>VALIDITA&#8217; DEI PASSAPORTI<\/strong><\/p>\n<p>Secondo la nuova normativa, i passaporti rilasciati a partire dal 4 febbraio 2003 hanno una validit\u00e0 di dieci anni (e non pi\u00f9 di cinque come avveniva prima) e non potranno essere rinnovati alla scadenza.<br \/>\nI passaporti ordinari con validit\u00e0 di cinque anni rilasciati prima del 4 febbraio e tuttora in corso di validit\u00e0 potranno invece essere estesi, per un periodo complessivamente non superiore a dieci anni a decorrere dalla data del rilascio.<\/p>\n<p>Per l\u2019estensione del passaporto occorre presentarsi all\u2019Ufficio Passaporti della Circoscrizione Consolare in cui il cittadino \u00e8 residente con la seguente documentazione:<\/p>\n<ul>\n<li>formulario di richiesta di estensione del passaporto firmato dall&#8217;interessato;<\/li>\n<li>passaporto scaduto;<\/li>\n<li>permesso di soggiorno o un giustificativo dell\u2019effettivo domicilio nella Circoscrizione.<\/li>\n<\/ul>\n<p>&nbsp;<\/p>\n<p><strong>MINORI<\/strong><\/p>\n<p>A partire dal 2009 anche i minori hanno diritto al passaporto individuale, valido per tre anni fino ai tre anni di et\u00e0, valido per 5 anni dai tre ai diciotto anni di et\u00e0 (decreto legge 135\/2009). Il minore non pu\u00f2 pi\u00f9 essere incluso nel passaporto dei genitori.<\/p>\n<p>Per il rilascio del passaporto al minore \u00e8 necessario portare all\u2019Ufficio Consolare la seguente documentazione:<\/p>\n<ul>\n<li><a href=\"https:\/\/ambabidjan.esteri.it\/ambasciata_abidjan\/resource\/doc\/2018\/01\/passaporto_minori_modulo.pdf\"><em><strong>Domanda<\/strong> <\/em><em><strong>di<\/strong> <\/em><em><strong>rilascio<\/strong> <\/em><em><strong>del<\/strong> <\/em><em><strong>passaporto<\/strong> <\/em><em><strong>a<\/strong> <\/em><em><strong>minorenne<\/strong> <\/em><\/a>firmata da entrambi i genitori o da uno di essi con <a href=\"https:\/\/ambabidjan.esteri.it\/ambasciata_abidjan\/resource\/doc\/2018\/01\/assenso_passaporto_minore.pdf\"><em><strong>atto<\/strong> <\/em><em><strong>di<\/strong> <\/em><em><strong>assenso<\/strong> <\/em><\/a>dell&#8217;altro genitore;<\/li>\n<li>due foto (uguali, frontali, a colori) del minore.<\/li>\n<li>Se il genitore del minore \u00e9 cittadino di stato non appartenente all&#8217;UE e non regolarmente soggiornante in Italia, deve compilare e firmare il seguente modulo per <a href=\"https:\/\/ambabidjan.esteri.it\/ambasciata_abidjan\/resource\/doc\/2018\/01\/assenso_pass_minore.pdf\"><strong>l&#8217;atto di assenso<\/strong><\/a>.<\/li>\n<\/ul>\n<p>(N.B. Se il minore \u00e8 nato all&#8217;estero, perch\u00e9 ottenga il passaporto \u00e8 necessario il suo atto di nascita, su formulario plurilingue od eventualmente tradotto in italiano e munito di postilla al Consolato).<\/p>\n<p>In caso uno dei genitori si rifiuti di firmare l\u2019atto di assenso per il rilascio del passaporto al figlio minorenne, occorre che il genitore consenziente si presenti all\u2019Ufficio Passaporti munito di una lettera sottoscritta nella quale spieghi i motivi per i quali l&#8217;altro genitore rifiuta di presentarsi congiuntamente a firmare l&#8217;atto di assenso. In tale lettera devono essere indicati l&#8217;indirizzo completo ed eventuali numeri di telefono del genitore non consenziente.<br \/>\nNel caso si riscontrasse che le motivazioni del dissenso non sono giustificate, il Console Generale, con apposito decreto, pu\u00f2 autorizzare d&#8217;ufficio il rilascio\/estensione del passaporto al minorenne o la sua iscrizione sul passaporto del genitore.<\/p>\n<p>Per il rilascio del passaporto al genitore di figlio minorenne \u00e9 necessario ottenere <a href=\"https:\/\/ambabidjan.esteri.it\/ambasciata_abidjan\/resource\/doc\/2018\/01\/assenso_rilascio_passpt_genitore.pdf\"><strong>l&#8217;atto di assenso<\/strong> <\/a>dell&#8217;altro genitore.<\/p>\n<p>Nel caso in cui\u00a0il genitore sia cittadino di stato non appartenente all&#8217;UE e non regolarmente soggiornante in Italia, bisogna compilare il seguente modulo per <a href=\"https:\/\/ambabidjan.esteri.it\/ambasciata_abidjan\/resource\/doc\/2018\/01\/genitore_assenso_minore.pdf\"><strong>l&#8217;atto di assenso<\/strong><\/a>.<\/p>\n<p>&nbsp;<\/p>\n<p><strong>FURTO O SMARRIMENTO DEL PASSAPORTO (RESIDENTI ALL&#8217;ESTERO)<\/strong><\/p>\n<p>Occorre che il cittadino si presenti all\u2019Ufficio Passaporti del Consolato con la seguente documentazione:<\/p>\n<ul>\n<li>denuncia di furto o smarrimento del passaporto effettuato presso la locale competente Autorit\u00e0 di Polizia;<\/li>\n<li>documento di riconoscimento valido con fotografia;<\/li>\n<li>permesso di soggiorno o un giustificativo dell\u2019effettivo domicilio nella Circoscrizione.<\/li>\n<\/ul>\n<p>&nbsp;<\/p>\n<p><strong>FURTO O SMARRIMENTO DEL PASSAPORTO (NON RESIDENTI ALL&#8217;ESTERO)<\/strong><\/p>\n<p>Qualora il cittadino italiano si trovi in una situazione di emergenza (ad esempio un turista in transito che deve partire tempestivamente e perde o viene derubato del proprio passaporto) e non si faccia in tempo a richiedere alla Questura o al Consolato che ha rilasciato il documento smarrito il NULLA OSTA all\u2019emissione di un nuovo libretto, il Consolato Generale rilascia un documento chiamato &#8220;Documento di Viaggio&#8221; con validit\u00e0 per il solo viaggio di rientro in Italia. Per ottenerlo, bisogna presentarsi in Consolato con la seguente documentazione:<\/p>\n<ul>\n<li>denuncia di furto o smarrimento del passaporto effettuato presso la locale competente Autorit\u00e0 di Polizia;<\/li>\n<li>2 fotografie (uguali, frontali, a colori);<\/li>\n<li>biglietto aereo originale, con la data di partenza confermata.<\/li>\n<\/ul>\n<p>&nbsp;<\/p>\n<p><strong>TUTTA LA DOCUMENTAZIONE RELATIVA AI PASSAPORTI E&#8217; DISPONIBILE NELLA SEZIONE <a href=\"http:\/\/www.ambabidjan.esteri.it\/ambasciata_abidjan\/it\/in_linea_con_utente\/modulistica\"><em>MODULISTICA<\/em> <\/a>DI QUESTO SITO.<\/strong><\/p>\n","protected":false},"excerpt":{"rendered":"PASSAPORTI Il passaporto \u00e8 un documento di viaggio e riconoscimento. Il suo rilascio\/estensione \u00e8 di competenza dell\u2019Ufficio Passaporti della Circoscrizione Consolare in cui il cittadino italiano \u00e8 residente. In realt\u00e0, per risiedere e viaggiare nei Paesi dell&#8217;Unione Europea \u00e8 sufficiente la carta d&#8217;identit\u00e0 valida per l&#8217;espatrio, rilasciata dal Comune di iscrizione AIRE in Italia. E&#8217; [&hellip;]","protected":false},"author":4,"featured_media":0,"parent":417,"menu_order":7,"comment_status":"closed","ping_status":"closed","template":"","meta":{"footnotes":""},"class_list":["post-428","page","type-page","status-publish","hentry"],"_links":{"self":[{"href":"https:\/\/ambabidjan.esteri.it\/it\/wp-json\/wp\/v2\/pages\/428","targetHints":{"allow":["GET"]}}],"collection":[{"href":"https:\/\/ambabidjan.esteri.it\/it\/wp-json\/wp\/v2\/pages"}],"about":[{"href":"https:\/\/ambabidjan.esteri.it\/it\/wp-json\/wp\/v2\/types\/page"}],"author":[{"embeddable":true,"href":"https:\/\/ambabidjan.esteri.it\/it\/wp-json\/wp\/v2\/users\/4"}],"replies":[{"embeddable":true,"href":"https:\/\/ambabidjan.esteri.it\/it\/wp-json\/wp\/v2\/comments?post=428"}],"version-history":[{"count":1,"href":"https:\/\/ambabidjan.esteri.it\/it\/wp-json\/wp\/v2\/pages\/428\/revisions"}],"predecessor-version":[{"id":429,"href":"https:\/\/ambabidjan.esteri.it\/it\/wp-json\/wp\/v2\/pages\/428\/revisions\/429"}],"up":[{"embeddable":true,"href":"https:\/\/ambabidjan.esteri.it\/it\/wp-json\/wp\/v2\/pages\/417"}],"wp:attachment":[{"href":"https:\/\/ambabidjan.esteri.it\/it\/wp-json\/wp\/v2\/media?parent=428"}],"curies":[{"name":"wp","href":"https:\/\/api.w.org\/{rel}","templated":true}]}}