{"id":424,"date":"2023-10-26T18:54:32","date_gmt":"2023-10-26T16:54:32","guid":{"rendered":"https:\/\/ambabidjan.esteri.it\/?page_id=424"},"modified":"2023-10-26T18:54:32","modified_gmt":"2023-10-26T16:54:32","slug":"notarile","status":"publish","type":"page","link":"https:\/\/ambabidjan.esteri.it\/it\/servizi-consolari-e-visti\/servizi-per-il-cittadino-italiano\/passaporti-e-carte-didentita\/servizi-consolari\/notarile\/","title":{"rendered":"Notarile"},"content":{"rendered":"<p><strong>Notarile<\/strong><\/p>\n<p>L\u2019ufficio consolare esercita &#8211; esclusivamente nei confronti di cittadini italiani che si trovano all&#8217;estero in via permanente o temporanea \u2013 alcune funzioni notarili, quali:<\/p>\n<p>-Procure<\/p>\n<p>-Testamenti<\/p>\n<p>-Atti pubblici<\/p>\n<p>-Attivit\u00e0 di autenticazione<\/p>\n<p>&nbsp;<\/p>\n<p><strong>Procure<\/strong><\/p>\n<p>La procura \u00e8 un atto con il quale si d\u00e0 la facolt\u00e0 ad un\u2019altra persona di agire in propria vece e rappresentanza ed a compiere gli atti necessari per raggiungere un determinato scopo (es. vendere, acquistare, amministrare, fare donazione, accettare donazione, costituire o sciogliere societ\u00e0, richiedere pubblicazioni di matrimonio, ecc.).<\/p>\n<p>Le procure si dividono in due categorie:<\/p>\n<p><strong>procure generali<\/strong>: con questi atti l&#8217;interessato affida al rappresentante la gestione di tutti i suoi affari, sia presenti sia futuri. La procura generale \u00e8 rilasciata a tempo indeterminato.<\/p>\n<p><strong>procure speciali<\/strong>: con questi atti l&#8217;interessato affida al rappresentante la gestione di una parte dei suoi affari. La procura speciale cessa di avere efficacia nel momento in cui l\u2019incarico particolare per il quale \u00e8 stata rilasciata si conclude.<\/p>\n<p>Qualora il mandante sia cittadino straniero, l\u2019Ufficio consolare non puo\u2019 ricevere la procura ma essa dovr\u00e0 essere predisposta da un notaio locale, legalizzata presso il Ministero degli Affari Esteri, tradotta in lingua italiana e, successivamente, presentata all\u2019Ambasciata per la legalizzazione e la certificazione di conformit\u00e0 della traduzione.<\/p>\n<p>Per conferire una procura occorre presentarsi di persona all&#8217;Ufficio Notarile del Consolato, previo appuntamento, con i seguenti documenti:<\/p>\n<p>-un documento di riconoscimento;<\/p>\n<p>-il proprio codice fiscale;<\/p>\n<p>-le generalit\u00e0 complete della persona cui si intende conferire la procura generale.<\/p>\n<p><a href=\"http:\/\/www.esteri.it\/mae\/it\/servizi\/italiani-all-estero\/attinotarili\/procura.html\">Per maggiori informazioni \u00e9 possibile visitare il sito del MAE<\/a><\/p>\n<p>&nbsp;<\/p>\n<p><strong>Testamenti<\/strong><\/p>\n<p>Tra le attivit\u00e0 proprie dell&#8217;Ufficio notarile presso un Consolato rientra la redazione di alcuni atti concernenti le dichiarazioni di ultima volont\u00e0 di soggetti che si trovano all&#8217;estero.<\/p>\n<p>Il testamento pubblico \u00e8 la dichiarazione di volont\u00e0 del testatore resa ad un funzionario delegato alle funzioni notarili in presenza di due testimoni e redatta in forma scritta.<\/p>\n<p>Nel testamento segreto, invece, le funzioni dell\u2019Ufficio notarile si limitano al ricevimento formale dell&#8217;atto (il cui contenuto rimane segreto) ed al suo deposito nell&#8217;Ufficio.<\/p>\n<p>Il testamento olografo, infine, non necessita della stesura da parte di un funzionario dell&#8217;Ufficio notarile e pu\u00f2 essere depositato in ogni luogo e presso chiunque. Solitamente esso viene depositato presso l&#8217;Ufficio notarile al fine di evitare la possibilit\u00e0 di un suo smarrimento e per assicurarne l&#8217;immediata pubblicazione alla morte del testatore.<\/p>\n<p>&nbsp;<\/p>\n<p><strong>Atti pubblici<\/strong><\/p>\n<p>Si tratta di una tipologia di atti giuridici (come ad esempio l\u2019atto di donazione) per i quali la legge prevede la forma dell&#8217;atto pubblico. Per atto pubblico si intende il documento che fa prova legale di fatti o atti giuridici in quanto redatto, con le prescritte formalit\u00e0, da un pubblico ufficiale al quale l&#8217;ordinamento ha attribuito la relativa potest\u00e0.<\/p>\n<p>&nbsp;<\/p>\n<p><strong>Attivit\u00e0 di autenticazione<\/strong><\/p>\n<p>L&#8217;attivit\u00e0 di autenticazione \u00e8 normalmente svolta da un pubblico funzionario del Consolato ma pu\u00f2 anche essere svolta da un funzionario delegato alle funzioni notarili. Trattasi in particolare di:<\/p>\n<p>AUTENTICA DI FIRMA: consiste nell&#8217;attestazione da parte del pubblico funzionario della provenienza di un atto da parte del soggetto che lo ha firmato.<br \/>\nPer procedere all&#8217;autenticazione della firma, \u00e8 necessario presentarsi personalmente presso l\u2019Ufficio Notarile con un documento di riconoscimento ed il proprio codice fiscale;<\/p>\n<p>AUTENTICA DI FOTOGRAFIA: a tal fine \u00e8 necessario presentarsi personalmente presso l\u2019Ufficio Notarile con un documento di riconoscimento e tre fotografie uguali.<\/p>\n<p><a href=\"http:\/\/www.esteri.it\/mae\/it\/servizi\/italiani-all-estero\/attinotarili\/attivita-di-autenticazione.html\">Per maggiori informazioni sulle attivit\u00e0 di autenticazione \u00e9 possibile visitare il sito del MAE.<\/a><\/p>\n","protected":false},"excerpt":{"rendered":"Notarile L\u2019ufficio consolare esercita &#8211; esclusivamente nei confronti di cittadini italiani che si trovano all&#8217;estero in via permanente o temporanea \u2013 alcune funzioni notarili, quali: -Procure -Testamenti -Atti pubblici -Attivit\u00e0 di autenticazione &nbsp; Procure La procura \u00e8 un atto con il quale si d\u00e0 la facolt\u00e0 ad un\u2019altra persona di agire in propria vece e [&hellip;]","protected":false},"author":4,"featured_media":0,"parent":417,"menu_order":5,"comment_status":"closed","ping_status":"closed","template":"","meta":{"footnotes":""},"class_list":["post-424","page","type-page","status-publish","hentry"],"_links":{"self":[{"href":"https:\/\/ambabidjan.esteri.it\/it\/wp-json\/wp\/v2\/pages\/424","targetHints":{"allow":["GET"]}}],"collection":[{"href":"https:\/\/ambabidjan.esteri.it\/it\/wp-json\/wp\/v2\/pages"}],"about":[{"href":"https:\/\/ambabidjan.esteri.it\/it\/wp-json\/wp\/v2\/types\/page"}],"author":[{"embeddable":true,"href":"https:\/\/ambabidjan.esteri.it\/it\/wp-json\/wp\/v2\/users\/4"}],"replies":[{"embeddable":true,"href":"https:\/\/ambabidjan.esteri.it\/it\/wp-json\/wp\/v2\/comments?post=424"}],"version-history":[{"count":1,"href":"https:\/\/ambabidjan.esteri.it\/it\/wp-json\/wp\/v2\/pages\/424\/revisions"}],"predecessor-version":[{"id":425,"href":"https:\/\/ambabidjan.esteri.it\/it\/wp-json\/wp\/v2\/pages\/424\/revisions\/425"}],"up":[{"embeddable":true,"href":"https:\/\/ambabidjan.esteri.it\/it\/wp-json\/wp\/v2\/pages\/417"}],"wp:attachment":[{"href":"https:\/\/ambabidjan.esteri.it\/it\/wp-json\/wp\/v2\/media?parent=424"}],"curies":[{"name":"wp","href":"https:\/\/api.w.org\/{rel}","templated":true}]}}