{"id":417,"date":"2023-10-26T18:35:54","date_gmt":"2023-10-26T16:35:54","guid":{"rendered":"https:\/\/ambabidjan.esteri.it\/?page_id=417"},"modified":"2023-10-30T15:32:42","modified_gmt":"2023-10-30T14:32:42","slug":"servizi-consolari","status":"publish","type":"page","link":"https:\/\/ambabidjan.esteri.it\/it\/servizi-consolari-e-visti\/servizi-per-il-cittadino-italiano\/passaporti-e-carte-didentita\/servizi-consolari\/","title":{"rendered":"Servizi consolari"},"content":{"rendered":"<p><strong><em>Per\u00a0ulteriori informazioni, fare riferimento al sottostante link:<br \/>\n<\/em><br \/>\n<\/strong><\/p>\n<p>http:\/\/www.esteri.it\/mae\/it\/servizi\/italiani-all-estero<\/p>\n<p><a title=\"RIMPATRIO ISCRITTI AIRE\" href=\"https:\/\/ambabidjan.esteri.it\/ambasciata_abidjan\/resource\/doc\/2021\/04\/rimpatrio_aire.docx\">RIMPATRIO ISCRITTI AIRE<\/a><\/p>\n<p>ATTENZIONE<\/p>\n<p>L\u2019Ambasciata d\u2019Italia informa che \u00e8 attivo un servizio di outsourcing per il deposito di atti da legalizzare, gestito dalla societ\u00e0 VFS.<br \/>\nL&#8217;agenzia \u00e8 ubicata a Abidjan , Rue des Carrossier, Zone 3 Treichville, centro commerciale HLM I piano.<br \/>\nPer informazioni sul servizio, sulle modalit\u00e0 di prenotazione delle domande e per gli appuntamenti si prega di contattare il numero 00225 2520004874, di inviare una mail a info.itci@vfshelpline.com o di consultare il sito www.vfsglobal.com\/italy\/Republic_Of_CoteDivoire<\/p>\n","protected":false},"excerpt":{"rendered":"Per\u00a0ulteriori informazioni, fare riferimento al sottostante link: http:\/\/www.esteri.it\/mae\/it\/servizi\/italiani-all-estero RIMPATRIO ISCRITTI AIRE ATTENZIONE L\u2019Ambasciata d\u2019Italia informa che \u00e8 attivo un servizio di outsourcing per il deposito di atti da legalizzare, gestito dalla societ\u00e0 VFS. L&#8217;agenzia \u00e8 ubicata a Abidjan , Rue des Carrossier, Zone 3 Treichville, centro commerciale HLM I piano. Per informazioni sul servizio, sulle [&hellip;]","protected":false},"author":4,"featured_media":0,"parent":49,"menu_order":1,"comment_status":"closed","ping_status":"closed","template":"","meta":{"footnotes":""},"class_list":["post-417","page","type-page","status-publish","hentry"],"_links":{"self":[{"href":"https:\/\/ambabidjan.esteri.it\/it\/wp-json\/wp\/v2\/pages\/417","targetHints":{"allow":["GET"]}}],"collection":[{"href":"https:\/\/ambabidjan.esteri.it\/it\/wp-json\/wp\/v2\/pages"}],"about":[{"href":"https:\/\/ambabidjan.esteri.it\/it\/wp-json\/wp\/v2\/types\/page"}],"author":[{"embeddable":true,"href":"https:\/\/ambabidjan.esteri.it\/it\/wp-json\/wp\/v2\/users\/4"}],"replies":[{"embeddable":true,"href":"https:\/\/ambabidjan.esteri.it\/it\/wp-json\/wp\/v2\/comments?post=417"}],"version-history":[{"count":1,"href":"https:\/\/ambabidjan.esteri.it\/it\/wp-json\/wp\/v2\/pages\/417\/revisions"}],"predecessor-version":[{"id":418,"href":"https:\/\/ambabidjan.esteri.it\/it\/wp-json\/wp\/v2\/pages\/417\/revisions\/418"}],"up":[{"embeddable":true,"href":"https:\/\/ambabidjan.esteri.it\/it\/wp-json\/wp\/v2\/pages\/49"}],"wp:attachment":[{"href":"https:\/\/ambabidjan.esteri.it\/it\/wp-json\/wp\/v2\/media?parent=417"}],"curies":[{"name":"wp","href":"https:\/\/api.w.org\/{rel}","templated":true}]}}