{"id":2255,"date":"2026-01-11T18:38:36","date_gmt":"2026-01-11T17:38:36","guid":{"rendered":"https:\/\/ambabidjan.esteri.it\/?page_id=2255"},"modified":"2026-01-12T15:31:27","modified_gmt":"2026-01-12T14:31:27","slug":"visto-per-lavoro-autonomo","status":"publish","type":"page","link":"https:\/\/ambabidjan.esteri.it\/it\/servizi-consolari-e-visti\/servizi-per-il-cittadino-straniero\/visti\/visti-schengen-uniformi-vsu-tipo-c\/visto-per-lavoro-autonomo\/","title":{"rendered":"Visto per lavoro autonomo"},"content":{"rendered":"<p><strong><a href=\"https:\/\/ambabidjan.esteri.it\/wp-content\/uploads\/2026\/01\/Tabella-dei-diritti-percepiti-per-i-visti-gennaio-2026-1.pdf\" target=\"_blank\" rel=\"noopener\">COSTO DEL VISTO:<\/a><\/strong>\u00a0<strong>F CFA 60.000<\/strong><\/p>\n<p style=\"text-align: justify;\">Il <strong>visto per lavoro autonomo<\/strong> \u00e8 il titolo d\u2019ingresso che consente a cittadini di Paesi terzi di esercitare in Italia un\u2019<strong>attivit\u00e0 economica organizzata in forma autonoma<\/strong>, ossia senza vincolo di subordinazione: <strong>attivit\u00e0 d\u2019impresa<\/strong> (in forma individuale o societaria), <strong>attivit\u00e0 libero<\/strong><strong>\u2011<\/strong><strong>professionali<\/strong> regolamentate o non regolamentate, <strong>attivit<\/strong><strong>\u00e0<\/strong><strong> artigianali o commerciali<\/strong>, nonch\u00e9 alcune figure particolari individuate dall\u2019art. 27 T.U. (artisti di chiara fama, sportivi, figure ad alta qualificazione, ecc.), quando operano in regime di lavoro autonomo. Esso consente sia <strong>soggiorni di breve durata<\/strong> (ad es. per avvio, contrattualizzazioni, adempimenti preliminari) sia <strong>soggiorni di lunga durata<\/strong> a tempo determinato o indeterminato, finalizzati a un insediamento economico stabile in Italia.<\/p>\n<p style=\"text-align: justify;\">L\u2019ingresso per lavoro autonomo \u00e8, in via generale, <strong>subordinato alle quote<\/strong> stabilite annualmente dal <strong><a href=\"https:\/\/ambabidjan.esteri.it\/it\/servizi-consolari-e-visti\/servizi-per-il-cittadino-straniero\/il-visto-per-litalia\/il-decreto-flussi\/\" target=\"_blank\" rel=\"noopener\">Decreto Flussi<\/a><\/strong>, adottato con D.P.C.M., di cui si invita a prendere attenta visione.<\/p>\n<p>&nbsp;<\/p>\n<p style=\"text-align: justify;\"><strong>INGRESSI <\/strong><strong>\u201cNELL\u2019AMBITO DELLE QUOTE\u201d<\/strong><\/p>\n<p style=\"text-align: justify;\">Gli ingressi per lavoro autonomo nell\u2019ambito delle quote sono ammessi <strong>solo ed esclusivamente a favore di determinate categorie<\/strong>, espressamente indicate nel decreto flussi in vigore:<\/p>\n<ol style=\"text-align: justify;\">\n<li><strong>Imprenditori<\/strong> che svolgono <strong>attivit\u00e0 di interesse per l\u2019economia italiana<\/strong>, da dimostrare attraverso la presentazione di un <em>business plan <\/em>da cui emerga chiaramente la <strong>disponibilit\u00e0<\/strong>, per i propri progetti di investimento, <strong>di risorse proprie \u2013 provenienti da fonti lecite \u2013 non inferiori a \u20ac500.000,00 <\/strong>(cinquecentomila euro) e la prospettiva di <strong>creare almeno tre (3) nuovi posti di lavoro<\/strong>;<\/li>\n<li><strong>Liberi professionisti<\/strong>, esercenti <strong>professioni regolamentate o vigilate<\/strong> (avvocati, medici, ingegneri, ecc.): in tal caso l\u2019<strong>ordine professionale competente<\/strong> verifica il possesso dei titoli e rilascia l\u2019attestazione richiesta, eventualmente previa procedura di riconoscimento del titolo estero ai sensi della normativa di settore; ovvero <strong>professioni non regolamentate<\/strong>, purch\u00e9 rappresentate da <strong>associazioni nazionali iscritte in elenchi tenuti da pubbliche amministrazioni <\/strong>e che rilasciano attestati di qualit\u00e0 e qualificazione professionale.<\/li>\n<li><strong>Cariche<\/strong><strong> di <\/strong><strong>amministrazione o controllo di <\/strong><strong>societ\u00e0 <\/strong><strong>italiane non cooperative <\/strong>(societ\u00e0 per azioni, societ\u00e0 a responsabilit\u00e0 limitata e societ\u00e0 in accomandita per azioni) tassativamente indicate nel Decreto Interministeriale 850\/2011: <strong>Presidente, <\/strong><strong>membro del Consiglio di amministrazione, Amministratore delegato <\/strong>e <strong>revisore dei conti<\/strong>. In tal caso, l\u2019attestazione dei parametri di riferimento riguardante le risorse finanziaria andr\u00e0 sostituita dal <strong>certificato di iscrizione della societ\u00e0 nel registro delle imprese<\/strong> e copia di una <strong>formale dichiarazione <\/strong>del rappresentante legale della societ\u00e0 <strong>alla Direzione territoriale del lavoro <\/strong>che attesti che con il richiedente <strong>non<\/strong> verr\u00e0 instaurato alcun rapporto di lavoro subordinato.<\/li>\n<li><strong>Artisti di chiara fama o di alta qualificazione professionale<\/strong>, i quali dovranno produrre <strong>copia dell\u2019atto contrattuale di lavoro autonomo<\/strong> (che garantisca un compenso superiore a quello previsto dai contratti nazionali per le categorie di lavoratori subordinati con qualifiche simili); <strong>copia di una formale dichiarazione <\/strong>del rappresentante legale dell\u2019Ente <strong>alla <\/strong><strong>Direzione<\/strong><strong> territoriale del lavoro <\/strong>che attesti che con il richiedente <strong>non<\/strong> verr\u00e0 instaurato alcun rapporto di lavoro subordinato; <strong>nulla osta della Questura <\/strong>competente per il luogo in cui si svolger\u00e0 l\u2019attivit\u00e0 autonoma; <strong>disponibilit\u00e0 di un alloggio<\/strong> (prenotazione alberghiera o dichiarazione del committente di aver messo a disposizione del richiedente un idoneo alloggio).<\/li>\n<\/ol>\n<p style=\"text-align: justify;\">I visti per lavoro autonomo\/spettacolo di <strong>breve durata<\/strong> sono <strong>rilasciati al di fuori delle quote<\/strong>, con la <strong>sola esibizione di copia dell\u2019atto contrattuale<\/strong>.<\/p>\n<ol style=\"text-align: justify;\" start=\"5\">\n<li>Cittadini stranieri che intendono <strong>avviare in Italia una <\/strong><strong><em>start-up <\/em><\/strong><strong>innovativa<\/strong>, come definita all\u2019art. 25, co. 2 della Legge 221\/2012. In tal caso, andranno prodotti: <strong>nulla osta del Comitato tecnico \u201cItalia <\/strong><strong><em>Start-up Visa<\/em><\/strong><strong>\u201d<\/strong>, istituito presso il Ministero dello Sviluppo Economico (<a href=\"https:\/\/italiastartupvisa.mise.gov.it\/\"><i><span style=\"font-weight: normal !msorm;\">https:\/\/italiastartupvisa.mise.gov.it\/<\/span><\/i><\/a>); documentazione attestante la <strong>disponibilit\u00e0 di risorse finanziarie<\/strong>, dedicate alla <em>start-up <\/em>innovativa, provenienti da fonti lecite, <strong>non inferiori a \u20ac50.000,00 <\/strong>(cinquantamila euro); dimostrazione di disporre di <strong>idonea sistemazione alloggiativa <\/strong>(prenotazione alberghiera, contratto d\u2019affitto, dichiarazione di terzi di aver messo a disposizione del richiedente un alloggio idoneo); dimostrazione di aver disposto nell\u2019ultimo anno nel Paese di origine di un reddito, proveniente da fonti lecite, di importo superiore al livello minimo previsto per legge per l\u2019<strong>esenzione dalla partecipazione alla spesa sanitaria<\/strong>.<\/li>\n<\/ol>\n<p style=\"text-align: justify;\">Agli <strong>sportivi stranieri<\/strong> chiamati in Italia per svolgere <strong>prestazioni di lavoro autonomo<\/strong> potr\u00e0 essere rilasciato il visto d\u2019ingresso solo previa esibizione della <strong>dichiarazione di assenso nominativa <\/strong>da parte del <strong>CONI<\/strong>, corredata di <strong>nulla osta <\/strong>della competente <strong>Questura<\/strong>, nella quale venga espressamente indicato che l\u2019attivit\u00e0 professionale rientra nel lavoro autonomo. In questo caso, gli ingressi sono <strong>fuori quota<\/strong>.<\/p>\n<p style=\"text-align: justify;\"><strong>Non sono comprese<\/strong> nelle categorie delle quote quelle <strong>forme di contrattazione \u201cautonoma\u201d<\/strong> (es. CO.CO.CO.) che prevedano caratteristiche e condizioni di lavoro <strong>riconducibile ad un rapporto di lavoro subordinato<\/strong>, quali, ad esempio, la <strong>retribuzione periodica prestabilita<\/strong>, il <strong>luogo della prestazione di lavoro<\/strong>, la sua <strong>organizzazione <\/strong>la sua <strong>durata nel tempo<\/strong>.<\/p>\n<p>&nbsp;<\/p>\n<h5 style=\"text-align: justify;\"><strong>Qual \u00e8 la documentazione necessaria?<\/strong><\/h5>\n<p style=\"text-align: justify;\">Per ottenere il visto, il richiedente deve presentare, oltre al formulario di domanda debitamente compilato e sottoscritto, al documento di viaggio in corso di validit\u00e0 e alle fototessere:<\/p>\n<ul style=\"text-align: justify;\">\n<li><strong>Dichiarazione di non sussistenza di motivi ostativi<\/strong>, rilasciata dalla competente Autorit\u00e0 amministrativa italiana, nel caso in cui sia richiesto il possesso di autorizzazioni o licenze, denunce di attivit\u00e0 o iscrizioni in appositi registri o albi;<\/li>\n<li><strong>Attestazione dei parametri di riferimento riguardante le risorse finanziarie occorrenti per l\u2019esercizio dell\u2019attivit\u00e0 lavorativa<\/strong>, anche per le attivit\u00e0 che non richiedono abilitazioni od autorizzazioni, <strong>rilasciata dalla CCIAA<\/strong> (Camera di commercio, industria, artigianato e agricoltura) competente per il luogo in cui si svolger\u00e0 l\u2019attivit\u00e0 autonoma <strong>o dai competenti ordini professionali<\/strong>;<\/li>\n<li><strong>Nulla osta <\/strong><strong>provvisorio <\/strong><strong>della Questura<\/strong> competente per il luogo in cui si svolger\u00e0 l\u2019attivit\u00e0 autonoma, da usarsi <strong>entro e non oltre<\/strong><strong> tre mesi<\/strong> dalla data del rilascio;<\/li>\n<li><strong>Dimostrazione del possesso di idonea sistemazione alloggiativa<\/strong> (contratto di propriet\u00e0 o locazione, prenotazione alberghiera o dichiarazione da parte della controparte contrattuale di aver messo a disposizione del richiedente un alloggio idoneo);<\/li>\n<li><strong>Dimostrazione di un reddito annuo<\/strong>, proveniente da fonti lecite, <strong>di importo superiore al livello minimo per l\u2019esenzione dalla partecipazione alla spesa sanitaria<\/strong>. Tale reddito non pu\u00f2 essere dimostrato mediante il ricorso a fidejussione bancaria o polizza assicurativa.<\/li>\n<\/ul>\n<p>&nbsp;<\/p>\n<p style=\"text-align: justify;\"><strong>INGRESSI \u201cFUORI DALLE QUOTE\u201d <\/strong><\/p>\n<p style=\"text-align: justify;\">Gli ingressi per <strong>lavoro autonomo fuori quota <\/strong>sono ammessi <strong>a favore delle <\/strong><strong>seguenti <\/strong><strong>categorie<\/strong>, tassativamente elencate all\u2019art. 27, comma 1, lettere a, b, c, d, del D.lgs. 286\/1998:<\/p>\n<ol style=\"text-align: justify;\">\n<li><strong>Dirigenti o personale altamente specializzato di societ\u00e0 estere o italiane<\/strong> aventi sede, filiali o uffici di rappresentanza in Italia. Devono essere impiegati <strong>da almeno sei mesi nello stesso settore<\/strong> prima del trasferimento in Italia;<\/li>\n<li><strong>L<\/strong><strong>ettori universitari <\/strong>che svolgono attivit\u00e0 accademica presso universit\u00e0 italiane nell\u2019ambito di <strong>programmi di scambio o insegnamento linguistico<\/strong>;<\/li>\n<\/ol>\n<ol style=\"text-align: justify;\" start=\"3\">\n<li><strong>Professori universitari<\/strong>, destinati a svolgere un incarico accademico presso<strong> universit\u00e0 italian<\/strong><strong>e<\/strong>;<\/li>\n<\/ol>\n<ol style=\"text-align: justify;\" start=\"4\">\n<li><strong>Traduttori e interpreti professionisti<\/strong>.<\/li>\n<\/ol>\n<p>&nbsp;<\/p>\n<h5><strong>Qual \u00e8 la documentazione necessaria?<\/strong><\/h5>\n<p style=\"text-align: justify;\">Per ottenere il visto, il richiedente deve presentare, oltre al formulario di domanda debitamente compilato e sottoscritto, al documento di viaggio in corso di validit\u00e0 e alle fototessere:<\/p>\n<ul>\n<li style=\"text-align: justify;\"><strong>Certificazione della Direzione Territoriale del Lavoro <\/strong>del luogo di prevista esecuzione del contratto, che attesta che lo schema del contratto d\u2019opera professionale non configura un rapporto di lavoro subordinato;<\/li>\n<li style=\"text-align: justify;\"><strong>Copia del contratto d\u2019opera<\/strong>;<\/li>\n<li style=\"text-align: justify;\"><strong>Nulla osta provvisorio della Questura<\/strong> competente per il luogo in cui si svolger\u00e0 l\u2019attivit\u00e0 autonoma, da usarsi <strong>entro e non oltre tre mesi <\/strong>dalla data del rilascio;<\/li>\n<li style=\"text-align: justify;\"><strong>Dimostrazione del possesso di idonea sistemazione alloggiativa <\/strong>(contratto di propriet\u00e0 o locazione, prenotazione alberghiera o dichiarazione da parte della controparte contrattuale di aver messo a disposizione del richiedente un alloggio idoneo);<\/li>\n<li style=\"text-align: justify;\"><strong>Dimostrazione di un reddito annuo<\/strong>, proveniente da fonti lecite, <strong>di importo superiore al livello minimo per l\u2019esenzione dalla partecipazione alla spesa sanitaria<\/strong>. Tale reddito non pu\u00f2 essere dimostrato mediante il ricorso a fidejussione bancaria o polizza assicurativa.<\/li>\n<\/ul>\n","protected":false},"excerpt":{"rendered":"COSTO DEL VISTO:\u00a0F CFA 60.000 Il visto per lavoro autonomo \u00e8 il titolo d\u2019ingresso che consente a cittadini di Paesi terzi di esercitare in Italia un\u2019attivit\u00e0 economica organizzata in forma autonoma, ossia senza vincolo di subordinazione: attivit\u00e0 d\u2019impresa (in forma individuale o societaria), attivit\u00e0 libero\u2011professionali regolamentate o non regolamentate, attivit\u00e0 artigianali o commerciali, nonch\u00e9 alcune [&hellip;]","protected":false},"author":4,"featured_media":0,"parent":2177,"menu_order":6,"comment_status":"closed","ping_status":"closed","template":"","meta":{"footnotes":""},"class_list":["post-2255","page","type-page","status-publish","hentry"],"_links":{"self":[{"href":"https:\/\/ambabidjan.esteri.it\/it\/wp-json\/wp\/v2\/pages\/2255","targetHints":{"allow":["GET"]}}],"collection":[{"href":"https:\/\/ambabidjan.esteri.it\/it\/wp-json\/wp\/v2\/pages"}],"about":[{"href":"https:\/\/ambabidjan.esteri.it\/it\/wp-json\/wp\/v2\/types\/page"}],"author":[{"embeddable":true,"href":"https:\/\/ambabidjan.esteri.it\/it\/wp-json\/wp\/v2\/users\/4"}],"replies":[{"embeddable":true,"href":"https:\/\/ambabidjan.esteri.it\/it\/wp-json\/wp\/v2\/comments?post=2255"}],"version-history":[{"count":6,"href":"https:\/\/ambabidjan.esteri.it\/it\/wp-json\/wp\/v2\/pages\/2255\/revisions"}],"predecessor-version":[{"id":2731,"href":"https:\/\/ambabidjan.esteri.it\/it\/wp-json\/wp\/v2\/pages\/2255\/revisions\/2731"}],"up":[{"embeddable":true,"href":"https:\/\/ambabidjan.esteri.it\/it\/wp-json\/wp\/v2\/pages\/2177"}],"wp:attachment":[{"href":"https:\/\/ambabidjan.esteri.it\/it\/wp-json\/wp\/v2\/media?parent=2255"}],"curies":[{"name":"wp","href":"https:\/\/api.w.org\/{rel}","templated":true}]}}