{"id":2249,"date":"2026-01-11T18:33:44","date_gmt":"2026-01-11T17:33:44","guid":{"rendered":"https:\/\/ambabidjan.esteri.it\/?page_id=2249"},"modified":"2026-01-12T15:31:00","modified_gmt":"2026-01-12T14:31:00","slug":"visto-per-invito","status":"publish","type":"page","link":"https:\/\/ambabidjan.esteri.it\/it\/servizi-consolari-e-visti\/servizi-per-il-cittadino-straniero\/visti\/visti-schengen-uniformi-vsu-tipo-c\/visto-per-invito\/","title":{"rendered":"Visto per invito"},"content":{"rendered":"<p><strong><a href=\"https:\/\/ambabidjan.esteri.it\/wp-content\/uploads\/2026\/01\/Tabella-dei-diritti-percepiti-per-i-visti-gennaio-2026-1.pdf\" target=\"_blank\" rel=\"noopener\">COSTO DEL VISTO:<\/a><\/strong>\u00a0<strong>F CFA 60.000 (maggiori di 13 anni) \/ F CFA 30.000 (da 7 a 12 anni) \/ GRATUITO (da 0 a 6 anni)\u00a0<\/strong><\/p>\n<p style=\"text-align: justify;\">Il <strong>visto per invito<\/strong> consente l\u2019ingresso in Italia, per un <strong>soggiorno di breve durata<\/strong>, a cittadini stranieri <strong>invitati da enti, istituzioni, organizzazioni pubbliche o private<\/strong> di comprovata notoriet\u00e0 per <strong>partecipare a eventi, incontri o manifestazioni di carattere politico, scientifico, culturale o istituzionale<\/strong>. Si tratta di un visto destinato a ospiti ufficiali o qualificati, la cui presenza in Italia \u00e8 legata a iniziative specifiche e formalmente riconosciute.<\/p>\n<p style=\"text-align: justify;\">Se lo scopo del soggiorno \u00e8 svolgere attivit\u00e0 di natura economico-commerciale andr\u00e0 invece richiesto un <strong>visto per affari<\/strong>.<\/p>\n<p style=\"text-align: justify;\">L\u2019art. 17 del Testo Unico Immigrazione (D.lgs. 286\/1998) prevede inoltre che il <strong>Questore<\/strong> possa rilasciare un\u2019<strong>autorizzazione all\u2019ingresso <\/strong>per consentire allo straniero di <strong>partecipare a procedimenti giudiziari<\/strong> che lo riguardano ed esercitare in tal modo il proprio diritto alla difesa. Ad eventuali consulenti legali o avvocati di fiducia del richiedente potr\u00e0 essere rilasciato, ove ne ricorrano le condizioni e i requisiti previsti per legge, un visto per affari.<\/p>\n<p>&nbsp;<\/p>\n<h5><strong>Qual \u00e8 la documentazione necessaria?<\/strong><\/h5>\n<p style=\"text-align: justify;\">Per ottenere il visto, il richiedente deve presentare, oltre al formulario di domanda debitamente compilato e sottoscritto, al documento di viaggio in corso di validit\u00e0 e alle fototessere:<\/p>\n<ul style=\"text-align: justify;\">\n<li><strong>Lettera di invito <\/strong>da parte di enti, istituzioni, organizzazioni pubbliche o private notorie che specifichi la natura dell\u2019evento, la durata del soggiorno e le ragioni dell\u2019invito, assumendo \u2013 se previsto \u2013 l\u2019onere delle spese di viaggio e permanenza;<\/li>\n<li><strong>Titolo di viaggio a\/r <\/strong>(o <strong>prenotazione<\/strong>);<\/li>\n<li>Prova della <strong>disponibilit\u00e0 di un alloggio<\/strong> (prenotazione alberghiera, dichiarazione di ospitalit\u00e0, dichiarazione di assunzione delle spese di alloggio da parte dell\u2019Ente invitante);<\/li>\n<li><strong>Assicurazione sanitaria valida per l\u2019intera Area Schengen<\/strong>, con copertura minima di 30.000 euro per spese mediche e rimpatrio, conformemente all\u2019art. 15 del Codice Visti (Reg. (CE) 810\/2009);<\/li>\n<li>Prova del possesso di <strong>mezzi economici di sostentamento adeguati<\/strong> in relazione al periodo di soggiorno richiesto, non inferiori ai parametri stabiliti dalla \u201c<strong>Tabella A<\/strong>\u201d della <strong>Direttiva del Ministero dell\u2019Interno del 1\u00b0 marzo 2000<\/strong><strong>, laddove le spese non siano a carico dell\u2019Ente invitante<\/strong>. A tal fine andranno esibiti gli <strong>estratti conto bancari <\/strong>e le <strong>buste paga dei 6 mesi<\/strong> <strong>precedenti<\/strong> alla data di presentazione della domanda di visto. In caso di possesso di pi\u00f9 conti bancari, si prega di voler inserire <em>anche <\/em>quello sul quale viene accreditato lo stipendio.<\/li>\n<\/ul>\n<p>&nbsp;<\/p>\n<p style=\"text-align: justify;\"><strong>N.B. <\/strong><strong>Sar\u00e0<\/strong><strong> necessario altres\u00ec illustrare in maniera dettagliata l\u2019itinerario del viaggio, per dimostrare come l\u2019Italia sia il Paese di principale ovvero unica destinazione. Ad esempio, il biglietto aereo deve riportare anche un aeroporto italiano ovvero essere corredato da prove di altri mezzi di trasporto tra l\u2019aeroporto di arrivo e il luogo di destinazione; la prenotazione alberghiera deve essere <span style=\"text-decoration: underline;\">valida e confermata<\/span>.<\/strong><strong>\u00a0<\/strong><strong>\u00a0<\/strong><\/p>\n","protected":false},"excerpt":{"rendered":"COSTO DEL VISTO:\u00a0F CFA 60.000 (maggiori di 13 anni) \/ F CFA 30.000 (da 7 a 12 anni) \/ GRATUITO (da 0 a 6 anni)\u00a0 Il visto per invito consente l\u2019ingresso in Italia, per un soggiorno di breve durata, a cittadini stranieri invitati da enti, istituzioni, organizzazioni pubbliche o private di comprovata notoriet\u00e0 per partecipare [&hellip;]","protected":false},"author":4,"featured_media":0,"parent":2177,"menu_order":5,"comment_status":"closed","ping_status":"closed","template":"","meta":{"footnotes":""},"class_list":["post-2249","page","type-page","status-publish","hentry"],"_links":{"self":[{"href":"https:\/\/ambabidjan.esteri.it\/it\/wp-json\/wp\/v2\/pages\/2249","targetHints":{"allow":["GET"]}}],"collection":[{"href":"https:\/\/ambabidjan.esteri.it\/it\/wp-json\/wp\/v2\/pages"}],"about":[{"href":"https:\/\/ambabidjan.esteri.it\/it\/wp-json\/wp\/v2\/types\/page"}],"author":[{"embeddable":true,"href":"https:\/\/ambabidjan.esteri.it\/it\/wp-json\/wp\/v2\/users\/4"}],"replies":[{"embeddable":true,"href":"https:\/\/ambabidjan.esteri.it\/it\/wp-json\/wp\/v2\/comments?post=2249"}],"version-history":[{"count":5,"href":"https:\/\/ambabidjan.esteri.it\/it\/wp-json\/wp\/v2\/pages\/2249\/revisions"}],"predecessor-version":[{"id":2728,"href":"https:\/\/ambabidjan.esteri.it\/it\/wp-json\/wp\/v2\/pages\/2249\/revisions\/2728"}],"up":[{"embeddable":true,"href":"https:\/\/ambabidjan.esteri.it\/it\/wp-json\/wp\/v2\/pages\/2177"}],"wp:attachment":[{"href":"https:\/\/ambabidjan.esteri.it\/it\/wp-json\/wp\/v2\/media?parent=2249"}],"curies":[{"name":"wp","href":"https:\/\/api.w.org\/{rel}","templated":true}]}}