{"id":2204,"date":"2026-01-11T18:18:02","date_gmt":"2026-01-11T17:18:02","guid":{"rendered":"https:\/\/ambabidjan.esteri.it\/?page_id=2204"},"modified":"2026-01-12T15:30:14","modified_gmt":"2026-01-12T14:30:14","slug":"visto-per-cure-mediche","status":"publish","type":"page","link":"https:\/\/ambabidjan.esteri.it\/it\/servizi-consolari-e-visti\/servizi-per-il-cittadino-straniero\/visti\/visti-schengen-uniformi-vsu-tipo-c\/visto-per-cure-mediche\/","title":{"rendered":"Visto per cure mediche"},"content":{"rendered":"<p style=\"text-align: justify;\"><strong><a href=\"https:\/\/ambabidjan.esteri.it\/wp-content\/uploads\/2026\/01\/Tabella-dei-diritti-percepiti-per-i-visti-gennaio-2026-1.pdf\" target=\"_blank\" rel=\"noopener\">COSTO DEL VISTO:<\/a><\/strong>\u00a0<strong>F CFA 60.000 (maggiori di 13 anni) \/ F CFA 30.000 (da 7 a 12 anni) \/ GRATUITO (da 0 a 6 anni)\u00a0<\/strong><\/p>\n<p style=\"text-align: justify;\">Il <strong>visto per cure mediche<\/strong> consente l\u2019ingresso in Italia, per un <strong>soggiorno di breve o lunga durata<\/strong> ma sempre <strong>a tempo determinato<\/strong>, allo straniero che debba <strong>sottoporsi a trattamenti sanitari presso strutture italiane pubbliche o private accreditate<\/strong>. La disciplina di riferimento \u00e8 contenuta nell\u2019art. 36 del D.lgs. 286\/1998 e nell\u2019art. 44 del D.P.R. 394\/1999, che definiscono requisiti, condizioni e documentazione necessari.<\/p>\n<p style=\"text-align: justify;\">La domanda pu\u00f2 essere presentata anche da un familiare o da un soggetto che vi abbia interesse. Il visto pu\u00f2 essere rilasciato <strong>anche a un accompagnatore<\/strong>, purch\u00e9 disponga di mezzi economici adeguati al periodo di soggiorno.<\/p>\n<p style=\"text-align: justify;\">Il <strong>permesso di soggiorno per cure mediche<\/strong> ha una <strong>durata pari a quella del trattamento terapeutico<\/strong>, \u00e8 <strong>rinnovabile<\/strong> finch\u00e9 persistono documentate necessit\u00e0 cliniche e <strong>consente lo svolgimento di attivit\u00e0 lavorativa<\/strong>.<\/p>\n<p style=\"text-align: justify;\">Nel caso di semplici <strong>visite mediche<\/strong>, potr\u00e0 essere rilasciato un <strong>visto per turismo<\/strong>, ove ne ricorrano le condizioni e in presenza dei requisiti prescritti per legge. L\u2019Ambasciata d\u2019Italia potr\u00e0 richiedere la produzione di una attestazione redatta da un medico di sua fiducia, che attesti che le <strong>cure<\/strong> ritenute necessarie <strong>non sono disponibili<\/strong> nel Paese di residenza.<\/p>\n<p>&nbsp;<\/p>\n<h5><strong>Qual \u00e8 la documentazione necessaria?<\/strong><\/h5>\n<p style=\"text-align: justify;\">Per ottenere il visto il richiedente deve presentare, oltre al formulario di domanda debitamente compilato e sottoscritto, al documento di viaggio in corso di validit\u00e0 e alle fototessere:<\/p>\n<ul>\n<li style=\"text-align: justify;\">Una <strong>certificazione sanitaria che attesti la patologia<\/strong>, rilasciata da una struttura italiana o da un ente sanitario straniero ritenuto idoneo dall\u2019Ambasciata, con traduzione in lingua italiana;<\/li>\n<li style=\"text-align: justify;\">Una <strong>dichiarazione della struttura sanitaria<\/strong><strong> di destinazione in Italia<\/strong> (pubblica o privata accreditata) prescelta che indichi il tipo di cura, la data di inizio, la durata presunta del trattamento e l\u2019eventuale periodo di degenza;<\/li>\n<li style=\"text-align: justify;\"><strong>Attestazione della struttura sanitaria italiana<\/strong> prescelta dell\u2019avvenuto <strong>deposit<\/strong><strong>o cauzionale<\/strong> pari al <strong>30% del costo complessivo stimato<\/strong> delle prestazioni sanitarie richieste;<\/li>\n<li style=\"text-align: justify;\">Documentazione comprovante la <strong>disponibilit\u00e0 <\/strong><strong>in Italia <\/strong><strong>di risorse<\/strong><strong> economiche<\/strong><strong> sufficienti<\/strong> per coprire integralmente le spese sanitarie, il vitto e l\u2019alloggio fuori dalla struttura e il rimpatrio dell\u2019interessato e dell\u2019eventuale accompagnatore;<\/li>\n<li style=\"text-align: justify;\"><strong>Titolo di viaggio a\/r <\/strong>(o <strong>prenotazione<\/strong>) anche per l\u2019eventuale accompagnatore.<\/li>\n<\/ul>\n","protected":false},"excerpt":{"rendered":"COSTO DEL VISTO:\u00a0F CFA 60.000 (maggiori di 13 anni) \/ F CFA 30.000 (da 7 a 12 anni) \/ GRATUITO (da 0 a 6 anni)\u00a0 Il visto per cure mediche consente l\u2019ingresso in Italia, per un soggiorno di breve o lunga durata ma sempre a tempo determinato, allo straniero che debba sottoporsi a trattamenti sanitari [&hellip;]","protected":false},"author":4,"featured_media":0,"parent":2177,"menu_order":2,"comment_status":"closed","ping_status":"closed","template":"","meta":{"footnotes":""},"class_list":["post-2204","page","type-page","status-publish","hentry"],"_links":{"self":[{"href":"https:\/\/ambabidjan.esteri.it\/it\/wp-json\/wp\/v2\/pages\/2204","targetHints":{"allow":["GET"]}}],"collection":[{"href":"https:\/\/ambabidjan.esteri.it\/it\/wp-json\/wp\/v2\/pages"}],"about":[{"href":"https:\/\/ambabidjan.esteri.it\/it\/wp-json\/wp\/v2\/types\/page"}],"author":[{"embeddable":true,"href":"https:\/\/ambabidjan.esteri.it\/it\/wp-json\/wp\/v2\/users\/4"}],"replies":[{"embeddable":true,"href":"https:\/\/ambabidjan.esteri.it\/it\/wp-json\/wp\/v2\/comments?post=2204"}],"version-history":[{"count":5,"href":"https:\/\/ambabidjan.esteri.it\/it\/wp-json\/wp\/v2\/pages\/2204\/revisions"}],"predecessor-version":[{"id":2722,"href":"https:\/\/ambabidjan.esteri.it\/it\/wp-json\/wp\/v2\/pages\/2204\/revisions\/2722"}],"up":[{"embeddable":true,"href":"https:\/\/ambabidjan.esteri.it\/it\/wp-json\/wp\/v2\/pages\/2177"}],"wp:attachment":[{"href":"https:\/\/ambabidjan.esteri.it\/it\/wp-json\/wp\/v2\/media?parent=2204"}],"curies":[{"name":"wp","href":"https:\/\/api.w.org\/{rel}","templated":true}]}}