{"id":2177,"date":"2026-01-11T13:48:01","date_gmt":"2026-01-11T12:48:01","guid":{"rendered":"https:\/\/ambabidjan.esteri.it\/?page_id=2177"},"modified":"2026-04-21T18:08:50","modified_gmt":"2026-04-21T16:08:50","slug":"visti-schengen-uniformi-vsu-tipo-c","status":"publish","type":"page","link":"https:\/\/ambabidjan.esteri.it\/it\/servizi-consolari-e-visti\/servizi-per-il-cittadino-straniero\/visti\/visti-schengen-uniformi-vsu-tipo-c\/","title":{"rendered":"Visti Schengen Uniformi (VSU \u2013 Tipo C)"},"content":{"rendered":"<p style=\"text-align: justify;\">I <strong>Visti Schengen Uniformi (tipo C)<\/strong> consentono <strong>soggiorni di breve durata<\/strong> fino a <strong>90 giorni complessivi su un periodo di 180 giorni<\/strong>. \u00c8 fondamentale distinguere tra <strong>durata del soggiorno<\/strong>, cio\u00e8 il numero di giorni effettivi di permanenza autorizzati, e <strong>validit\u00e0 del visto<\/strong>, ossia l\u2019arco di tempo entro il quale tali giorni possono essere utilizzati.<\/p>\n<p style=\"text-align: justify;\">Il visto di tipo C pu\u00f2 essere rilasciato per <strong>ingresso singolo<\/strong> o per <strong>ingressi multipli<\/strong> e con validit\u00e0 temporale <strong>pluriennale<\/strong>, distinguendo tra <strong>C1<\/strong> (validit\u00e0 fino a 1 anno), <strong>C2<\/strong> (fino a 2 anni), <strong>C3<\/strong> (fino a 3 anni) e <strong>C5<\/strong> (fino a 5 anni), fermo restando che il limite di 90 giorni ogni 180 non pu\u00f2 essere superato.\u00a0 Es: un visto C2 a ingresso multiplo rilasciato il 14 febbraio 2026 permette di soggiornare per massimo 90 giorni su 180 (<em>anche<\/em> in periodi non continuativi)\u00a0nell\u2019Area Schengen fino al 14 febbraio 2028.<\/p>\n<p style=\"text-align: justify;\"><strong><span style=\"text-decoration: underline;\">ATTENZIONE<\/span>: La durata e la validit\u00e0 del visto sono determinate dall\u2019Ambasciata d\u2019Italia sulla base del programma di viaggio e del corretto utilizzo dei precedenti visti Schengen da parte del richiedente.<\/strong><\/p>\n<p style=\"text-align: justify;\">La domanda di visto deve essere presentata <strong>non pi\u00f9 di sei mesi prima<\/strong> e <strong>al pi\u00f9 tardi 15 giorni di calendario prima<\/strong> dell\u2019inizio del viaggio previsto.<\/p>\n<p style=\"text-align: justify;\">I cittadini dei Paesi elencati <strong><a href=\"https:\/\/ambabidjan.esteri.it\/wp-content\/uploads\/2026\/01\/Annex-16_Prior-consultation_EN.01-11-2024.docx\" target=\"_blank\" rel=\"noopener\">in questa lista<\/a><\/strong> sono soggetti a procedure di <strong>consultazione preliminare<\/strong> con gli altri Paesi dell\u2019Area Schengen, che possono durare fino a un massimo di <strong>7 giorni<\/strong>. Devono quindi presentare la propria domanda di visto <strong>tenendo bene in conto questa ulteriore tempistica<\/strong>. Le domande che non rispettano tali termini legali saranno dichiarate <em>ipso facto<\/em> <strong>irricevibili<\/strong> ai sensi dell\u2019<strong>art. 19 del Codice Visti<\/strong>.<\/p>\n<p style=\"text-align: justify;\">La <strong>decisione <\/strong><strong>finale<\/strong> relativa a una istanza di visto Schengen va presa <strong>entro 15 giorni di calendario dalla presentazione della richiesta<\/strong>, eventualmente <strong>prorogabili <\/strong>fino a un <strong>massimo di 45 giorni <\/strong>in singoli casi, quando sia necessario un ulteriore esame della domanda.<\/p>\n<p style=\"text-align: justify;\">L\u2019<strong>assicurazione sanitaria di viaggio<\/strong> costituisce un requisito essenziale per il rilascio dei visti Schengen uniformi. I richiedenti un visto per <strong>uno o due ingressi<\/strong> devono dimostrare di essere coperti da una polizza valida che includa le spese per il rimpatrio per motivi di salute, le cure mediche urgenti, l\u2019eventuale ricovero ospedaliero d\u2019emergenza e, se necessario, il rimpatrio della salma. Per i visti a <strong>ingressi multipli<\/strong>, \u00e8 sufficiente che l\u2019assicurazione copra il <strong>primo viaggio previsto<\/strong>, fermo restando l\u2019obbligo, dichiarato nel modulo di domanda, di munirsi di adeguata copertura anche per i soggiorni successivi. L\u2019assicurazione deve essere valida per <strong>tutto il territorio degli Stati membri<\/strong> <strong>dell\u2019Area Schengen<\/strong> e per l\u2019intero periodo di soggiorno o transito indicato nella domanda, con una <strong>copertura minima di 30.000 euro<\/strong>. Sono <strong>esentati<\/strong> da tale obbligo esclusivamente i <strong>titolari di passaporti diplomatici<\/strong> e i<strong> familiari di cittadini dell\u2019Unione europea<\/strong>.<\/p>\n<p style=\"text-align: justify;\"><span style=\"text-decoration: underline;\"><strong>ATTENZIONE: Si invitano i richiedenti a indicare nella domanda di visto recapiti telefonici e\/o mail validi e costantemente monitorati<\/strong><\/span>, cos\u00ec da per poter essere contattati in caso di necessit\u00e0 e per ricevere in tempo utile informazioni sull\u2019esito della propria domanda.<\/p>\n","protected":false},"excerpt":{"rendered":"I Visti Schengen Uniformi (tipo C) consentono soggiorni di breve durata fino a 90 giorni complessivi su un periodo di 180 giorni. \u00c8 fondamentale distinguere tra durata del soggiorno, cio\u00e8 il numero di giorni effettivi di permanenza autorizzati, e validit\u00e0 del visto, ossia l\u2019arco di tempo entro il quale tali giorni possono essere utilizzati. Il [&hellip;]","protected":false},"author":4,"featured_media":0,"parent":89,"menu_order":3,"comment_status":"closed","ping_status":"closed","template":"","meta":{"footnotes":""},"class_list":["post-2177","page","type-page","status-publish","hentry"],"_links":{"self":[{"href":"https:\/\/ambabidjan.esteri.it\/it\/wp-json\/wp\/v2\/pages\/2177","targetHints":{"allow":["GET"]}}],"collection":[{"href":"https:\/\/ambabidjan.esteri.it\/it\/wp-json\/wp\/v2\/pages"}],"about":[{"href":"https:\/\/ambabidjan.esteri.it\/it\/wp-json\/wp\/v2\/types\/page"}],"author":[{"embeddable":true,"href":"https:\/\/ambabidjan.esteri.it\/it\/wp-json\/wp\/v2\/users\/4"}],"replies":[{"embeddable":true,"href":"https:\/\/ambabidjan.esteri.it\/it\/wp-json\/wp\/v2\/comments?post=2177"}],"version-history":[{"count":7,"href":"https:\/\/ambabidjan.esteri.it\/it\/wp-json\/wp\/v2\/pages\/2177\/revisions"}],"predecessor-version":[{"id":3124,"href":"https:\/\/ambabidjan.esteri.it\/it\/wp-json\/wp\/v2\/pages\/2177\/revisions\/3124"}],"up":[{"embeddable":true,"href":"https:\/\/ambabidjan.esteri.it\/it\/wp-json\/wp\/v2\/pages\/89"}],"wp:attachment":[{"href":"https:\/\/ambabidjan.esteri.it\/it\/wp-json\/wp\/v2\/media?parent=2177"}],"curies":[{"name":"wp","href":"https:\/\/api.w.org\/{rel}","templated":true}]}}