{"id":1636,"date":"2025-06-30T20:49:56","date_gmt":"2025-06-30T18:49:56","guid":{"rendered":"https:\/\/ambabidjan.esteri.it\/?page_id=1636"},"modified":"2025-08-02T19:53:32","modified_gmt":"2025-08-02T17:53:32","slug":"cittadinanza-per-matrimonio-e-unione-civile","status":"publish","type":"page","link":"https:\/\/ambabidjan.esteri.it\/it\/servizi-consolari-e-visti\/servizi-per-il-cittadino-italiano\/passaporti-e-carte-didentita\/servizi-consolari\/cittadinanza\/cittadinanza-per-matrimonio-e-unione-civile\/","title":{"rendered":"Cittadinanza per matrimonio e unione civile"},"content":{"rendered":"<header class=\"entry-header\">L\u2019acquisto della cittadinanza da parte del coniuge straniero o apolide di cittadino italiano \u00e8 disciplinato dagli artt. 5, 6, 7 e 8 della legge 91\/92 e successive modifiche.Il coniuge straniero pu\u00f2 acquistare la cittadinanza italiana su domanda, in presenza dei seguenti requisiti:<\/p>\n<ul>\n<li>in Italia: due anni di residenza legale dopo il matrimonio\/unione civile o dalla data di acquisizione della cittadinanza italiana per naturalizzazione da parte del coniuge; all\u2019estero: tre anni dopo il matrimonio\/unione civile o dalla data di acquisizione della cittadinanza italiana per naturalizzazione da parte del coniuge. Tali termini sono ridotti della met\u00e0 in presenza di figli nati o adottati dai coniugi;<\/li>\n<li>validit\u00e0 del matrimonio\/unione civile per l\u2019ordinamento italiano e\u00a0trascrizione dell\u2019atto di matrimonio\/unione civile presso il competente Comune italiano, nonch\u00e9 permanenza del vincolo coniugale fino all\u2019adozione del decreto;<\/li>\n<li>assenza di sentenze di condanna per reati per i quali sia prevista una pena edittale non inferiore nel massimo a tre anni di reclusione o di sentenze di condanna da parte di un\u2019Autorit\u00e0 giudiziaria straniera ad una pena superiore ad un anno per reati non politici, quando la sentenza sia stata trascritta in Italia;<\/li>\n<li>assenza di condanne per uno dei delitti previsti nel libro secondo, titolo I, capi I, II e III del codice penale (delitti contro la personalit\u00e0 dello Stato);<\/li>\n<li>assenza di motivi ostativi per la sicurezza della Repubblica;<\/li>\n<li>conoscenza certificata della lingua italiana ad un livello non inferiore al B1 del \u201c<strong>Quadro comune di riferimento per la conoscenza delle lingue\u201d (norma in vigore per le istanze presentate a decorrere dal 4.12.2018).<\/strong><\/li>\n<\/ul>\n<p>I soggetti residenti all\u2019estero devono presentare la domanda di acquisto della cittadinanza italiana per via telematica secondo la procedura stabilita dal competente Ministero dell\u2019Interno.<\/p>\n<p>Il richiedente deve registrarsi sul portale dedicato al seguente url:\u00a0<a href=\"https:\/\/www.interno.gov.it\/it\/servizi\/servizi-line\">https:\/\/www.interno.gov.it\/servizi\/servizi-line<\/a>\u00a0e, effettuato il login, avr\u00e0 accesso alla procedura telematica per la presentazione della domanda di cittadinanza.<\/p>\n<p>Al fine di facilitare l\u2019individuazione della Rappresentanza diplomatico-consolare competente territorialmente a ricevere l\u2019istanza, all\u2019indirizzo internet sopra indicato \u00e8 presente un link di collegamento che consente all\u2019utente \u2013 dopo aver selezionato lo Stato di residenza \u2013 di scegliere, tramite un menu a tendina, la Rappresentanza competente accedendo ad un elenco che comprende l\u2019intera Rete diplomatico-consolare del Paese selezionato.<\/p>\n<p>L\u2019utente deve compilare tutti i campi previsti dal modulo ed inserire i seguenti documenti obbligatori indicati dal Ministero dell\u2019Interno per effettuare la richiesta di cittadinanza (si ricorda che il regolamento U.E n. 2016\/1191, entrato in vigore il 16 febbraio 2019, prevede l\u2019esenzione della legalizzazione a condizione che i documenti pubblici siano rilasciati a un cittadino dell\u2019Unione dalle Autorit\u00e0 del suo Stato membro di cittadinanza):<\/p>\n<ol>\n<li><strong>estratto di nascita del paese di origine\u00a0<\/strong>(in regola con gli obblighi prescritti dalla vigente legislazione in materia di legalizzazione\/<em>apostille\u00a0<\/em>e traduzione) completo di tutte le generalit\u00e0, ovvero, in caso di documentata impossibilit\u00e0, attestazione rilasciata dall\u2019Autorit\u00e0 diplomatico-consolare del Paese di origine nella quale si indicano le esatte\u00a0generalit\u00e0 (nome, cognome, data e luogo di nascita), nonch\u00e9 paternit\u00e0 e maternit\u00e0 dell\u2019istante.<\/li>\n<li><strong>certificato penale del paese di origine,\u00a0e\u00a0di eventuali Paesi terzi di residenza e dei Paesi di cui detiene la cittadinanza\u00a0<\/strong>(in regola con gli obblighi prescritti dalla vigente legislazione in materia di legalizzazione\/<em>apostille\u00a0<\/em>e traduzione).<\/li>\n<li><strong>ricevuta del versamento di 250 euro.<\/strong><\/li>\n<li><strong>documento di identit\u00e0:<\/strong>\u00a0fotocopia del passaporto in corso di validit\u00e0 (pagine con i dati personali, fotografia, date di rilascio e scadenza) oppure carta di identit\u00e0.<\/li>\n<li><strong>certificato di conoscenza della lingua italiana<\/strong>\u00a0non inferiore al livello B1 del Quadro Comune Europeo di Riferimento (QCER) o titolo di studio rilasciato da un istituto di istruzione pubblico o paritario riconosciuto dal Ministero dell\u2019Istruzione, dell\u2019Universit\u00e0 e della Ricerca e dal Ministero degli Affari Esteri e della Cooperazione internazionale.<\/li>\n<\/ol>\n<p>Gli enti le cui certificazioni sono ammesse sono esclusivamente\u00a0<strong>l\u2019Universit\u00e0 per stranieri di Siena (CILS), l\u2019Universit\u00e0 per stranieri di Perugia (CELI), l\u2019Universit\u00e0 Roma Tre (Cert.It), l\u2019Universit\u00e0 per Stranieri \u201cDante Alighieri\u201d di Reggio Calabria (Ce.Co.L.) e la Societ\u00e0 Dante Alighieri (PLIDA)<\/strong>.<\/p>\n<p>Non sono tenuti alla presentazione del titolo di conoscenza della lingua italiana:<\/p>\n<ol>\n<li>Gli stranieri (anche se residenti all\u2019estero) che abbiano sottoscritto l\u2019accordo di integrazione di cui all\u2019art. 4 bis del d.lgs. n. 286\/1998 Testo Unico Immigrazione;<\/li>\n<li>I titolari di permesso di soggiorno UE (o CE) per soggiornanti di lungo periodo di cui all\u2019articolo 9 del medesimo testo unico.<\/li>\n<\/ol>\n<ol start=\"3\">\n<li>Coloro che hanno conseguito un titolo di studio emesso da un istituto di istruzione pubblico o paritario riconosciuto dal Ministero dell\u2019Istruzione, dell\u2019Universit\u00e0 e della Ricerca e\/o dal Ministero degli Affari Esteri e della Cooperazione Internazionale.<\/li>\n<li>Non sono, altres\u00ec, tenuti alla presentazione del predetto certificato di conoscenza della lingua italiana i soggetti affetti da \u00abgravi limitazioni alla capacit\u00e0 di apprendimento linguistico derivanti dall\u2019et\u00e0, da patologie o disabilit\u00e0, attestate mediante certificazione rilasciata dalla struttura sanitaria pubblica\u00bb, per effetto della Sentenza della Corte Costituzionale n. 25\/2025.<\/li>\n<\/ol>\n<p>Dopo la presentazione della domanda per via telematica l\u2019utente verr\u00e0 convocato dalla Rappresentanza diplomatico-consolare che ha ricevuto l\u2019istanza per l\u2019identificazione e gli altri adempimenti necessari al perfezionamento della domanda, compresa l\u2019acquisizione in originale della documentazione allegata all\u2019istanza presentata on-line e di ogni altro documento utile per l\u2019istruttoria della stessa. A tal proposito si precisa che l\u2019estratto dell\u2019atto di matrimonio, il certificato di stato di famiglia, e il certificato di cittadinanza italiana del coniuge sono sostituiti, qualora il richiedente sia cittadino UE, da autocertificazione ai sensi del D.P.R. 445\/2000 e da ultimo dalla legge 183\/2011.<\/p>\n<p>Il richiedente cittadino di un Paese non aderente all\u2019Unione Europea pu\u00f2 essere esonerato dalla presentazione dell\u2019estratto dell\u2019atto di matrimonio\/unione civile, del certificato di stato di famiglia e del certificato di cittadinanza italiana del coniuge, solo qualora tali atti siano gi\u00e0 in possesso della Rappresentanza diplomatico-consolare.<\/p>\n<p>In base all\u2019art. 4, comma 5 del D.P.R. n. 572\/93 \u00e8 facolt\u00e0 del Ministero dell\u2019Interno di richiedere, a seconda dei casi, altri documenti.<\/p>\n<p>Si ricorda che, ai sensi della direttiva del Ministro dell\u2019Interno del 7 marzo 2012, a partire dal 1\u00b0 giugno 2012 la competenza ad emanare i decreti di concessione della cittadinanza spetta:<\/p>\n<ul>\n<li>al Prefetto per le domande presentate dallo straniero legalmente residente in Italia;<\/li>\n<li>al Capo del dipartimento per le Libert\u00e0 Civili e l\u2019Immigrazione, qualora il coniuge straniero abbia la residenza all\u2019estero;<\/li>\n<li>al Ministro dell\u2019Interno nel caso sussistano ragioni inerenti alla sicurezza della Repubblica.<\/li>\n<\/ul>\n<\/header>\n","protected":false},"excerpt":{"rendered":"L\u2019acquisto della cittadinanza da parte del coniuge straniero o apolide di cittadino italiano \u00e8 disciplinato dagli artt. 5, 6, 7 e 8 della legge 91\/92 e successive modifiche.Il coniuge straniero pu\u00f2 acquistare la cittadinanza italiana su domanda, in presenza dei seguenti requisiti: in Italia: due anni di residenza legale dopo il matrimonio\/unione civile o dalla [&hellip;]","protected":false},"author":4,"featured_media":0,"parent":90,"menu_order":1,"comment_status":"closed","ping_status":"closed","template":"","meta":{"footnotes":""},"class_list":["post-1636","page","type-page","status-publish","hentry"],"_links":{"self":[{"href":"https:\/\/ambabidjan.esteri.it\/it\/wp-json\/wp\/v2\/pages\/1636","targetHints":{"allow":["GET"]}}],"collection":[{"href":"https:\/\/ambabidjan.esteri.it\/it\/wp-json\/wp\/v2\/pages"}],"about":[{"href":"https:\/\/ambabidjan.esteri.it\/it\/wp-json\/wp\/v2\/types\/page"}],"author":[{"embeddable":true,"href":"https:\/\/ambabidjan.esteri.it\/it\/wp-json\/wp\/v2\/users\/4"}],"replies":[{"embeddable":true,"href":"https:\/\/ambabidjan.esteri.it\/it\/wp-json\/wp\/v2\/comments?post=1636"}],"version-history":[{"count":6,"href":"https:\/\/ambabidjan.esteri.it\/it\/wp-json\/wp\/v2\/pages\/1636\/revisions"}],"predecessor-version":[{"id":1846,"href":"https:\/\/ambabidjan.esteri.it\/it\/wp-json\/wp\/v2\/pages\/1636\/revisions\/1846"}],"up":[{"embeddable":true,"href":"https:\/\/ambabidjan.esteri.it\/it\/wp-json\/wp\/v2\/pages\/90"}],"wp:attachment":[{"href":"https:\/\/ambabidjan.esteri.it\/it\/wp-json\/wp\/v2\/media?parent=1636"}],"curies":[{"name":"wp","href":"https:\/\/api.w.org\/{rel}","templated":true}]}}