{"id":130,"date":"2023-09-25T15:27:52","date_gmt":"2023-09-25T13:27:52","guid":{"rendered":"https:\/\/ambasciatatirana.esteri.it\/?page_id=130"},"modified":"2025-12-30T09:37:50","modified_gmt":"2025-12-30T08:37:50","slug":"bandi-di-concorso","status":"publish","type":"page","link":"https:\/\/ambabidjan.esteri.it\/it\/amministrazione-trasparente\/bandi-di-concorso\/","title":{"rendered":"Bandi di concorso"},"content":{"rendered":"<p align=\"center\"><em>[ultimo aggiornamento: 29 dicembre<\/em><em>\u00a02025]<\/em><\/p>\n<h1 align=\"center\">BANDI DI CONCORSO<\/h1>\n<p>&nbsp;<\/p>\n<h3 style=\"text-align: center;\">2025<\/h3>\n<p>&nbsp;<\/p>\n<ul>\n<li>Pubblicazione 17.07.2025<\/li>\n<\/ul>\n<p style=\"text-align: center;\">CONCORSO PER L&#8217;ASSUNZIONE DI N. 2 IMPIEGATI A CONTRATTO A LEGGE LOCALE (A TEMPO INDETERMINATO) DA ADIBIRE AI SERVIZI DI ASSISTENTE AMMINISTRATIVO (SCADENZA:\u00a0 18 AGOSTO 2025)<\/p>\n<p style=\"text-align: left;\">L\u2019Ambasciata d\u2019Italia ad Abidjan informa che \u00e8 indetta una selezione per l\u2019assunzione a tempo indeterminato di due impiegati a contratto a legge locale da adibire ai servizi di Assistente amministrativo.<\/p>\n<p>Le domande di partecipazione devono essere inviate <strong>entro e non oltre le ore 23:59<\/strong> (ore locali) <strong>del 18 agosto 2025<\/strong> all\u2019indirizzo e-mail: <strong><a href=\"mailto:ambasciata.abidjan@esteri.it\">ambasciata.abidjan@esteri.it<\/a><\/strong><\/p>\n<ol>\n<li style=\"list-style-type: none;\">\n<ol>\n<li><a href=\"https:\/\/ambabidjan.esteri.it\/wp-content\/uploads\/2025\/07\/avviso-assunzione-2025.pdf\" target=\"_blank\" rel=\"noopener\">Avviso di assunzione<\/a><\/li>\n<li><a href=\"https:\/\/ambabidjan.esteri.it\/wp-content\/uploads\/2025\/07\/2.-Domanda.doc\">Fac-simile domanda di partecipazione<\/a><\/li>\n<li><a href=\"https:\/\/ambabidjan.esteri.it\/wp-content\/uploads\/2025\/08\/Atto-di-delega-del-presidente.pdf\" target=\"_blank\" rel=\"noopener\">Atto di delega del presidente<\/a><\/li>\n<li><a href=\"https:\/\/ambabidjan.esteri.it\/wp-content\/uploads\/2025\/08\/atto-di-nomina-dei-membri-della-commissione.pdf\" target=\"_blank\" rel=\"noopener\">Atto di nomina dei membri della commissione<\/a><\/li>\n<li><a href=\"https:\/\/ambabidjan.esteri.it\/wp-content\/uploads\/2025\/08\/5.-Dichiarazione-assenza-cause-incompatibilita.pdf\" target=\"_blank\" rel=\"noopener\">Dichiarazione di assenza cause incompatibilit\u00e0<\/a><\/li>\n<li><a href=\"https:\/\/ambabidjan.esteri.it\/wp-content\/uploads\/2025\/09\/9.-Bozza-tracce-scritti.docx\" target=\"_blank\" rel=\"noopener\">Tracce della prova scritta<\/a><\/li>\n<li><a href=\"https:\/\/ambabidjan.esteri.it\/wp-content\/uploads\/2025\/10\/13.-Graduatoria-finale.pdf\" target=\"_blank\" rel=\"noopener\">Graduatoria finale degli idonei &#8211; 15\/10\/2025<\/a><\/li>\n<li><a href=\"https:\/\/ambabidjan.esteri.it\/wp-content\/uploads\/2025\/12\/13-bis.-Graduatoria-finale-bis.pdf\" target=\"_blank\" rel=\"noopener\">Graduatoria finale degli idonei \u2013 annulla e sostituisce la graduatoria del 15\/10\/2025<\/a><\/li>\n<\/ol>\n<\/li>\n<\/ol>\n<p>&nbsp;<\/p>\n<h3 style=\"text-align: center;\">2024<\/h3>\n<ul>\n<li>Non sono stati pubblicati bandi di concorso nel 2024.<\/li>\n<\/ul>\n<h3><\/h3>\n<p>&nbsp;<\/p>\n<h3 style=\"text-align: center;\">2023<\/h3>\n<ul>\n<li>Non sono stati pubblicati bandi di concorso nel 2023.<\/li>\n<\/ul>\n<h3><\/h3>\n<p>&nbsp;<\/p>\n<h3 style=\"text-align: center;\">2022<\/h3>\n<ul>\n<li>Non sono stati pubblicati bandi di concorso nel 2022.<\/li>\n<\/ul>\n<h3><\/h3>\n<p>&nbsp;<\/p>\n<h3 style=\"text-align: center;\">2021<\/h3>\n<ul>\n<li>Pubblicazione 01.12.2021<\/li>\n<\/ul>\n<p>&nbsp;<\/p>\n<p style=\"text-align: center;\">CONCORSO PER L&#8217;ASSUNZIONE DI UN IMPIEGATO A CONTRATTO A LEGGE LOCALE (A TEMPO INDETERMINATO) DA ADIBIRE AI SERVIZI DI ASSISTENTE AMMINISTRATIVO (SCADENZA: 31 DICEMBRE 2021)<\/p>\n<p style=\"text-align: left;\">L\u2019Ambasciata d\u2019Italia ad Abidjan informa che \u00e8 indetta una selezione per l\u2019assunzione a tempo indeterminato di un impiegatgo a contratto a legge locale da adibire ai servizi di Assistente amministrativo.<\/p>\n<p>Le domande di partecipazione devono essere inviate entro e non oltre il 31 dicembre 2021 all\u2019indirizzo ambasciata.abidjan@esteri.it<\/p>\n<ol>\n<li><a href=\"https:\/\/ambabidjan.esteri.it\/wp-content\/uploads\/2025\/06\/Avviso-di-assunzione.pdf\">Avviso di assunzione<\/a><\/li>\n<li><a href=\"https:\/\/ambabidjan.esteri.it\/wp-content\/uploads\/2025\/06\/Atto-di-Nomina-Membri-della-Commissione.pdf\">Atto di Nomina Membri della Commissione<\/a><\/li>\n<li><a href=\"https:\/\/ambabidjan.esteri.it\/wp-content\/uploads\/2025\/06\/Atto-di-delega-del-Presidente-della-Commissione.pdf\">Atto di delega del Presidente della Commissione<\/a><\/li>\n<li><a href=\"https:\/\/ambabidjan.esteri.it\/wp-content\/uploads\/2025\/06\/Graduatoria-finale.pdf\">Graduatoria finale<\/a><\/li>\n<\/ol>\n<p>&nbsp;<\/p>\n<h3 style=\"text-align: center;\">2020<\/h3>\n<ul>\n<li>Non sono stati pubblicati bandi di concorso nel 2020.<\/li>\n<\/ul>\n<p>&nbsp;<\/p>\n<h3 style=\"text-align: center;\">2019<\/h3>\n<ul>\n<li>Non sono stati pubblicati bandi di concorso nel 2019.<\/li>\n<\/ul>\n<p>&nbsp;<\/p>\n<p>&nbsp;<\/p>\n<h3 style=\"text-align: center;\">2018<\/h3>\n<ul>\n<li>Pubblicazione 28.02.2018<\/li>\n<\/ul>\n<p align=\"center\">CONCORSO PER L\u2019ASSUNZIONE A TEMPO INDETERMINATO DI UN ASSISTENTE AMMINISTRATIVO (CONTRATTO A LEGGE LOCALE ) DA IMPIEGARE NEL SETTORE CONSOLARE-VISTI (SCADENZA: 30 MARZO 2018)<\/p>\n<p align=\"center\">L\u2019Ambasciata d\u2019Italia a Abidjan informa che \u00e8 indetta una selezione per l\u2019assunzione a tempo indeterminato di un Assistente Amministrativo (contratto a legge locale) da impiegare nel settore consolare-visti.<\/p>\n<p>Le domande di partecipazione devono essere inviate entro e non oltre il 30 marzo 2018 all\u2019indirizzo ambasciata.abidjan@esteri.it<\/p>\n<p>L\u2019avviso completo di selezione e il formulario di domanda possono essere scaricati dai links di seguito indicati.<\/p>\n<p><a href=\"https:\/\/ambabidjan.esteri.it\/wp-content\/uploads\/2023\/11\/avviso_assunzione_imp_contr_l.locale-1.pdf\"><strong>AVVISO<\/strong><\/a><\/p>\n<p><a href=\"https:\/\/ambabidjan.esteri.it\/wp-content\/uploads\/2023\/11\/domandapartecipazione-2.doc\"><strong>FORMULARIO<\/strong><\/a><\/p>\n<p>&nbsp;<\/p>\n<ul>\n<li>Pubblicazione 14.02.2018<\/li>\n<\/ul>\n<p align=\"center\">BURKINA FASO. AVVISO DI SELEZIONE DI ONG PER LA REALIZZAZIONE DI ATTIVITA&#8217; NELL&#8217;AMBITO DEL PROGETTO DI COOPERAZIONE DELEGATA &#8220;INSERTION ET STABILISATION SOCIO-ECONOMIQUE DES JEUNES ET FEMMES DANS LA PROVINCE DU SENO-REGION DU SAHEL&#8221; (SCADENZA: 16 MARZO 2018).<\/p>\n<p align=\"center\">L&#8217;Ambasciata d&#8217;Italia a Abidjan lancia un bando di selezione di ONG di livello internazionale per la realizzazione in Burkina Faso di attivit\u00e0 nell&#8217;ambito del progetto di cooperazione &#8220;Insertion et stabilisation socio-\u00e9conomique des jeunes et femmes dans la Province du Seno-R\u00e9gion du Sahel&#8221; finanziato dall&#8217;Unione Europea.<\/p>\n<p>Le domande devono essere inviate direttamente all&#8217;Ambasciata d&#8217;Italia a Abidjan entro le h.16 (locali) del 16 marzo 2018 secondo le modalit\u00e0 indicate nelle linee direttrici.<\/p>\n<p>Le linee direttrici e l&#8217;annessa documentazione possono essere scaricate dai seguenti links:<\/p>\n<p>&#8211;<a href=\"https:\/\/ambabidjan.esteri.it\/wp-content\/uploads\/2023\/11\/lignes_directrices_appel__proposition_ong_projet_sno_amba_ita_coop_ita-3.pdf\"><strong>Linee direttrici<\/strong><\/a><\/p>\n<p>Documentazione da compilare a cura del partecipante:<\/p>\n<p>&#8211;<a href=\"https:\/\/ambabidjan.esteri.it\/wp-content\/uploads\/2023\/11\/annexe_a_partie_a_et_b.doc\"><strong>ANNESSO A<\/strong><\/a><\/p>\n<p>&#8211;<a href=\"https:\/\/ambabidjan.esteri.it\/wp-content\/uploads\/2023\/11\/annexe_b_budget-5.xls\"><strong>ANNESSO B<\/strong><\/a><\/p>\n<p>&#8211;<a href=\"https:\/\/ambabidjan.esteri.it\/wp-content\/uploads\/2023\/11\/annexe_c_cadre_logique-6.doc\"><strong>ANNESSO C<\/strong><\/a><\/p>\n<p>&#8211;<a href=\"https:\/\/ambabidjan.esteri.it\/wp-content\/uploads\/2023\/11\/annexe_d_entite_juridique-7.pdf\"><strong>ANNESSO D<\/strong><\/a><\/p>\n<p>&#8211;<a href=\"https:\/\/ambabidjan.esteri.it\/wp-content\/uploads\/2023\/11\/annexe_e_identification_financiere-8.pdf\"><strong>ANNESSO E<\/strong><\/a><\/p>\n<p>Documentazione pubblicata per informazione<\/p>\n<p>&#8211;<a href=\"https:\/\/ambabidjan.esteri.it\/wp-content\/uploads\/2023\/11\/annexe_g-9.doc\"><strong>ANNESSO G<\/strong><\/a>&#8211;<\/p>\n<p>&#8211;<a href=\"https:\/\/ambabidjan.esteri.it\/wp-content\/uploads\/2023\/11\/annexe__ii-10.pdf\"><strong>ANNESSO II<\/strong><\/a><\/p>\n<p>&#8211;<a href=\"https:\/\/ambabidjan.esteri.it\/wp-content\/uploads\/2023\/11\/annexe_iv-11.doc\"><strong>ANNESSO IV<\/strong><\/a><\/p>\n<p>&#8211;<a href=\"https:\/\/ambabidjan.esteri.it\/wp-content\/uploads\/2023\/11\/annexe_v_modele_demande_de_paiement-12.doc\"><strong>ANNESSO V<\/strong><\/a><\/p>\n<p>&#8211;<a href=\"https:\/\/ambabidjan.esteri.it\/wp-content\/uploads\/2023\/11\/annexe_vi_rapport_finanicer-13.xls\"><strong>ANNESSO VI- rapport financier<\/strong><\/a><\/p>\n<p>&#8211;<a href=\"https:\/\/ambabidjan.esteri.it\/wp-content\/uploads\/2023\/11\/annexe_vi_rapport_narratif_final-14.doc\"><strong>ANNESSO VI- rapport narratif final<\/strong><\/a><\/p>\n<p>&#8211;<a href=\"https:\/\/ambabidjan.esteri.it\/wp-content\/uploads\/2023\/11\/annexe_vi_rapport_narratif_intermediaire-15.doc\"><strong>ANNESSO VI-rapport narratif interm\u00e9diaire<\/strong><\/a><\/p>\n<p>&#8211;<a href=\"https:\/\/ambabidjan.esteri.it\/wp-content\/uploads\/2023\/11\/annexe_vii-16.doc\"><strong>ANNESSO VII<\/strong><\/a><\/p>\n<p>&#8211;<a href=\"https:\/\/ambabidjan.esteri.it\/wp-content\/uploads\/2023\/11\/annexe_viii_garantie_financiere-17.doc\"><strong>ANNESSO VIII<\/strong><\/a><\/p>\n<p>&#8211;<a href=\"https:\/\/ambabidjan.esteri.it\/wp-content\/uploads\/2023\/11\/annexe_ix_transfert_de_propriete_des_actif-18.doc\"><strong>ANNESSO IX<\/strong><\/a><\/p>\n<p>&#8211;<a href=\"https:\/\/ambabidjan.esteri.it\/wp-content\/uploads\/2023\/11\/annexe_k-19.doc\"><strong>ANNESSO K<\/strong><\/a><\/p>\n<p>Una sessione di informazione sulla selezione si terr\u00e0 a Ouagadougou (Burkina Faso) il 16 febbraio 2018 dalle ore 9 alle ore 11 (locali) presso la sala riunioni del locale ufficio dell&#8217;Agenzia Italiana di Cooperazione allo Sviluppo.<\/p>\n<p>DOMANDE FREQUENTI: <a href=\"https:\/\/ambabidjan.esteri.it\/wp-content\/uploads\/2023\/11\/domande_frequenti_aggiornato-20.docx\"><strong>FAQ<\/strong><\/a><\/p>\n<p>&nbsp;<\/p>\n<p><a href=\"https:\/\/ambabidjan.esteri.it\/wp-content\/uploads\/2023\/11\/subventions_accordees-21.doc\">SOVVENZIONI ASSEGNATE<\/a><\/p>\n<ul>\n<li>13.04.2017E&#8217; indetta una selezione l&#8217;assunzione presso questa Ambasciata di n. 1 impiegato a contratto a tempo determinato (sei mesi) da adibire alle mansioni di autista\/commesso\/centralinista.Le domande devono essere inviate all&#8217;indirizzo mail ambasciata.abidjan@esteri.it entro e non oltre le ore 12,00 (ora locale) del 21 aprile 2017.Si riportano di seguito i link relativi al bando ed al fac-simile di domanda.<a href=\"https:\/\/ambabidjan.esteri.it\/wp-content\/uploads\/2023\/11\/bando_autista_centralinista_commesso_temporaneo-22.pdf\">bando<\/a><a href=\"https:\/\/ambabidjan.esteri.it\/wp-content\/uploads\/2023\/11\/domanda_autista_temporaneo-23.pdf\">fac-simile domanda<\/a><\/li>\n<li>08.03.2017<\/li>\n<\/ul>\n<p>E&#8217; indetta una selezione per un posto da &#8220;Esperto in Ingegneria idraulica, costruzioni idrauliche e idrologia&#8221; nell&#8217;ambito del progetto &#8220;Dragaggio, risanamento e sviluppo del Bacino di Dori (AID 10073)&#8221;, finanziato dal Governo Italiano. Scadenza per la presentazione delle domande: 26 marzo 2017.<\/p>\n<p><a href=\"https:\/\/ambabidjan.esteri.it\/wp-content\/uploads\/2023\/11\/burkina_faso_-_dori_-_avviso_selezione_ingegnere-24.doc\">bando<\/a><\/p>\n<p><a href=\"https:\/\/ambabidjan.esteri.it\/wp-content\/uploads\/2023\/11\/modello_cv-25.doc\">modello curriculum vitae<\/a><\/p>\n<p><a href=\"https:\/\/ambabidjan.esteri.it\/wp-content\/uploads\/2023\/11\/dichiarazione_sostitutiva_certificazione_ai_sensi_dpr_445-2000_rev._13-2-17-26.doc\">dichiarazione sostitutiva di certificazione<\/a><\/p>\n<ul>\n<li>03.02.2017<\/li>\n<\/ul>\n<p>E&#8217; indetta una selezione per un posto da &#8220;Agent d&#8217;Approvvisionnement et Administratif&#8221; nell&#8217;ambito del progetto &#8220;Insertion et stabilisation socio-\u00e9conomique des jeunes et des femmes dans la province du Seno (R\u00e9gion du Sahel)&#8221;, finanziato dall&#8217;Unione Europea e realizzato dal Ministero degli Affari Esteri e della Cooperazione Internazionale. Scadenza per la presentazione delle domande: 5 marzo 2017.<\/p>\n<p>Per visualizzare il <a href=\"https:\/\/ambabidjan.esteri.it\/wp-content\/uploads\/2023\/11\/bando_agent_dapprovvisionnement_et_administratif-27.pdf\">bando<\/a> cliccare qui.<\/p>\n<p>A seguito della selezione per l&#8217;assunzione di n. 1 Agent d&#8217;Approvvisionnement ed Administratif, per il progetto sopracitato, \u00e8 pubblicata la graduatorio finale degli idonei.<\/p>\n<p><a href=\"https:\/\/ambabidjan.esteri.it\/wp-content\/uploads\/2023\/11\/graduatoria_idonei_agent-28.pdf\">graduatoria<\/a><\/p>\n<p><a href=\"https:\/\/ambabidjan.esteri.it\/wp-content\/uploads\/2023\/11\/commissione_chef_dequipe-29.pdf\">Commissione valutazione<\/a><\/p>\n<ul>\n<li>03.02.2017<\/li>\n<\/ul>\n<p>E&#8217; indetta una selezione per un posto da &#8220;Capo Progetto&#8221; nell&#8217;ambito del progetto &#8220;Insertion et stabilisation socio-\u00e9conomique des jeunes et des femmes dans la province du Seno (R\u00e9gion du Sahel)&#8221;, finanziato dall&#8217;Unione Europea e realizzato dal Ministero degli Affari Esteri e della Cooperazione Internazionale. Scadenza per la presentazione delle domande: 5 marzo 2017.<\/p>\n<p>Per visualizzare il <a href=\"https:\/\/ambabidjan.esteri.it\/wp-content\/uploads\/2023\/11\/bando_capo_programma_-30.pdf\">bando<\/a> cliccare qui.<\/p>\n<p>A seguito della selezione per l&#8217;assunzione di n. 1 Chef d&#8217;Equipe (Coordonnateur de Projet), per il progetto sopracitato, \u00e8 pubblicata la graduatorio finale degli idonei.<\/p>\n<p><a href=\"https:\/\/ambabidjan.esteri.it\/wp-content\/uploads\/2023\/11\/graduatoria_idonei_chef_dequipe31.pdf\">Graduatoria<\/a><\/p>\n<p><a href=\"https:\/\/ambabidjan.esteri.it\/wp-content\/uploads\/2023\/11\/commissione_chef_dequipe-32.pdf\">Commissione valutazione<\/a><\/p>\n<ul>\n<li>05.09.2016<\/li>\n<\/ul>\n<p>E&#8217; indetta una procedura di assunzione di personale con contratto a tempo indeterminato presso la sezione estero di Ouagadougou dell&#8217;Agenzia Italiana per la Cooperazione allo Sviluppo, per 1 collaboratore amministrativo; 1 segretario di direzione e 1 autista.<\/p>\n<p>Scadenza bando: 30 settembre 2016<\/p>\n<p><a href=\"https:\/\/ambabidjan.esteri.it\/wp-content\/uploads\/2023\/11\/avviso_amministr-33.pdf\">Bando collaboratore amministrativo<\/a><\/p>\n<p><a href=\"https:\/\/ambabidjan.esteri.it\/wp-content\/uploads\/2023\/11\/avviso_segretario_2-34.pdf\">Bando segretario di direzione<\/a><\/p>\n<p><a href=\"https:\/\/ambabidjan.esteri.it\/wp-content\/uploads\/2023\/11\/avviso_autista-35.pdf\">Bando autista<\/a><\/p>\n<p><a href=\"https:\/\/ambabidjan.esteri.it\/wp-content\/uploads\/2023\/11\/02_-_domanda_di_partecipazione_ita-36.doc\">modello domanda<\/a><\/p>\n<p><a href=\"https:\/\/ambabidjan.esteri.it\/wp-content\/uploads\/2023\/11\/01b_-_europass_ita-37.doc\">europass<\/a><\/p>\n<p>&nbsp;<\/p>\n<ul>\n<li>25.07.2016<\/li>\n<\/ul>\n<p>E&#8217; indetta una procedura di selezione per l&#8217;assunzione di 1 impiegato a contratto da adibire ai servizi di assistente amministrativo nel settore segreteria-archivio-contabilit\u00e0.<\/p>\n<p>Scadenza bando 9 agosto 2016 alle ore 15,00 (ora locale)<\/p>\n<p><a href=\"https:\/\/ambabidjan.esteri.it\/wp-content\/uploads\/2023\/11\/avviso_assunzione_impiegati_a_contratto-38.pdf\">bando<\/a><\/p>\n<p><a href=\"https:\/\/ambabidjan.esteri.it\/wp-content\/uploads\/2023\/11\/02domandapartecipazione-39.doc\">modello domanda<\/a><\/p>\n<p>&nbsp;<\/p>\n<ul>\n<li>\u00c8 indetta una procedura di selezione per l\u2019assunzione di n\u00b0 1 impiegato a contratto da adibire ai servizi di AUTISTA-COMMESSO-CENTRALINISTA.Scadenza presentazione domande 17 febbraio 2016 ore 15.00<\/li>\n<\/ul>\n<p>&nbsp;<\/p>\n<ul>\n<li>02\/07\/2015<br \/>\nprocedura di selezione per l&#8217;assunzione temporanea della durata di sei mesi di n\u00b0 2 (due) impiegati a contratto da adibire ai servizi di assistente amministrativo.<br \/>\nTesto avviso di selezione<\/li>\n<li>Pubblicazione: 28\/04\/2015.<br \/>\nProcedura di selezione per l&#8217;assunzione temporanea della durata di sei mesi di n\u00b01 (un) impiegato a contratto da aadibire ai servizi di assistente amministrativo.<br \/>\nTesto avviso di selezione<\/li>\n<li>Selezione di un Assistente Amministrativo a contratto locale a tempo determinato per una durata di 12 mesi per fornire assistenza all&#8217;Ufficio di Cooperazione di Ouagadougou nella realizzazione del &#8220;Progetto di sostegno alle politiche di coordinamento sull&#8217;efficacia dell&#8217;aiuto pubblico allo sviluppo per il Burkina Faso e il Niger&#8221; (Aid 10550).<br \/>\nMaggiori informazioni.<\/li>\n<li>Pubblicazione 11\/03\/2015.<br \/>\nSelezione di un Coordinatore Amministrativo-Logista a contratto locale a tempo determinato per una durata di 11 mesi per fornire assistenza alle iniziative di emergenza per il controllo dell&#8217;Ebola in corso di svolgimento presso l&#8217;Ufficio Programma di Freetown.<br \/>\nMaggiori informazioni.<\/li>\n<li>\n<div align=\"left\">Pubblicazione: 11\/02\/2015 (ANNULLATO)<br \/>\nSelezione di un Assistente Capo Programma &#8211; Coordinatore Amministrativo a contratto locale a tempo determinato per una durata di 12 mesi per fornire assistenza all&#8217;Ufficio di Cooperazione di Ougadougou nella realizzazione di un Programma di Emergenza (Aid 10463).<br \/>\n<a href=\"http:\/\/www.cooperazioneallosviluppo.esteri.it\/pDGCS\/index.php?option=com_content&amp;view=article&amp;id=12141:sierra-leone-assistente-capo-programma&amp;catid=72&amp;Itemid=498\">Maggiori informazioni<\/a>.<\/div>\n<\/li>\n<\/ul>\n<p>L&#8217;Ambasciata d&#8217;Italia in Costa d&#8217;Avorio ANNULLA per ragioni di opportunit\u00e0, l&#8217;avviso di incarico pubblicato in data 29\/01\/2015 sul portale del DGCS &#8211; MAECI, Roma e sul sito web dell&#8217;Ambasciata d&#8217;Italia in Costa d&#8217;Avorio.<br \/>\n<a href=\"https:\/\/ambabidjan.esteri.it\/ambasciata_abidjan\/asciata_Abidjan\/Archivio_News\/Decreto di annullamento Avviso di Selezione.html\">Maggiori informazioni<\/a>.<\/p>\n","protected":false},"excerpt":{"rendered":"[ultimo aggiornamento: 29 dicembre\u00a02025] BANDI DI CONCORSO &nbsp; 2025 &nbsp; Pubblicazione 17.07.2025 CONCORSO PER L&#8217;ASSUNZIONE DI N. 2 IMPIEGATI A CONTRATTO A LEGGE LOCALE (A TEMPO INDETERMINATO) DA ADIBIRE AI SERVIZI DI ASSISTENTE AMMINISTRATIVO (SCADENZA:\u00a0 18 AGOSTO 2025) L\u2019Ambasciata d\u2019Italia ad Abidjan informa che \u00e8 indetta una selezione per l\u2019assunzione a tempo indeterminato di due [&hellip;]","protected":false},"author":1,"featured_media":0,"parent":35,"menu_order":2,"comment_status":"closed","ping_status":"closed","template":"","meta":{"footnotes":""},"class_list":["post-130","page","type-page","status-publish","hentry"],"_links":{"self":[{"href":"https:\/\/ambabidjan.esteri.it\/it\/wp-json\/wp\/v2\/pages\/130","targetHints":{"allow":["GET"]}}],"collection":[{"href":"https:\/\/ambabidjan.esteri.it\/it\/wp-json\/wp\/v2\/pages"}],"about":[{"href":"https:\/\/ambabidjan.esteri.it\/it\/wp-json\/wp\/v2\/types\/page"}],"author":[{"embeddable":true,"href":"https:\/\/ambabidjan.esteri.it\/it\/wp-json\/wp\/v2\/users\/1"}],"replies":[{"embeddable":true,"href":"https:\/\/ambabidjan.esteri.it\/it\/wp-json\/wp\/v2\/comments?post=130"}],"version-history":[{"count":7,"href":"https:\/\/ambabidjan.esteri.it\/it\/wp-json\/wp\/v2\/pages\/130\/revisions"}],"predecessor-version":[{"id":2018,"href":"https:\/\/ambabidjan.esteri.it\/it\/wp-json\/wp\/v2\/pages\/130\/revisions\/2018"}],"up":[{"embeddable":true,"href":"https:\/\/ambabidjan.esteri.it\/it\/wp-json\/wp\/v2\/pages\/35"}],"wp:attachment":[{"href":"https:\/\/ambabidjan.esteri.it\/it\/wp-json\/wp\/v2\/media?parent=130"}],"curies":[{"name":"wp","href":"https:\/\/api.w.org\/{rel}","templated":true}]}}