{"id":2660,"date":"2026-01-11T19:16:07","date_gmt":"2026-01-11T18:16:07","guid":{"rendered":"https:\/\/ambabidjan.esteri.it\/?page_id=2660"},"modified":"2026-01-12T15:19:32","modified_gmt":"2026-01-12T14:19:32","slug":"visa-pour-motifs-familiaux-ou-regroupement-familial-avec-nulla-osta-du-sui","status":"publish","type":"page","link":"https:\/\/ambabidjan.esteri.it\/fr\/servizi-consolari-e-visti\/servizi-per-il-cittadino-straniero\/visti\/visas-nationaux-type-d\/visa-pour-motifs-familiaux-ou-regroupement-familial-avec-nulla-osta-du-sui\/","title":{"rendered":"Visa pour motifs familiaux (ou regroupement familial) avec Nulla Osta du SUI"},"content":{"rendered":"<p style=\"text-align: justify;\"><strong><a href=\"https:\/\/ambabidjan.esteri.it\/wp-content\/uploads\/2026\/01\/Tabella-dei-diritti-percepiti-per-i-visti-gennaio-2026-1.pdf\" target=\"_blank\" rel=\"noopener\">CO\u00dbT DU VISA<\/a> : 77000 F CFA\u00a0<\/strong><\/p>\n<p style=\"text-align: justify;\">Le <strong>visa pour motifs familiaux<\/strong> permet l\u2019entr\u00e9e en Italie, en vue d\u2019un <strong>s\u00e9jour de longue dur\u00e9e<\/strong>, aux membres de la famille d\u2019un citoyen \u00e9tranger r\u00e9sidant r\u00e9guli\u00e8rement sur le territoire italien, qui a obtenu le <strong>Nulla Osta<\/strong> aupr\u00e8s du <strong>Guichet Unique pour l\u2019Immigration (Sportello Unico per l\u2019Immigrazione \u2013 SUI)<\/strong> territorialement comp\u00e9tent et qui souhaite exercer son droit \u00e0 l\u2019unit\u00e9 familiale.<\/p>\n<p style=\"text-align: justify;\"><strong>Le Nulla Osta doit \u00eatre utilis\u00e9 dans les six (6) mois suivant sa d\u00e9livrance<\/strong>. Pour en calculer la validit\u00e9, il faut consid\u00e9rer la date \u00e0 laquelle le demandeur <strong>prend rendez\u2011vous<\/strong> aupr\u00e8s de VFS, et non la date de d\u00e9p\u00f4t effectif de la demande. (Exemple : je prends en avril un rendez\u2011vous pour ao\u00fbt, et mon Nulla Osta expire en juillet \u2192 la demande est recevable car j\u2019ai agi dans les d\u00e9lais.)<\/p>\n<p style=\"text-align: justify;\">Les <strong>membres de la famille<\/strong> inclus dans le Nulla Osta doivent appartenir \u00e0 l\u2019une des cat\u00e9gories <strong>strictement pr\u00e9vues par l\u2019art. 29 du D.lgs. 286\/1998<\/strong>, \u00e0 savoir :<\/p>\n<ul style=\"text-align: justify;\">\n<li><strong>Conjoint<\/strong> <strong>(ou partenaire d\u2019une union civile)<\/strong>, non s\u00e9par\u00e9 l\u00e9galement et \u00e2g\u00e9 d\u2019au moins 18 ans ;<\/li>\n<li><strong>Enfants mineurs<\/strong>, y compris ceux du conjoint ou n\u00e9s hors mariage, non mari\u00e9s, avec l\u2019assentiment de l\u2019autre parent, s\u2019il existe. Est consid\u00e9r\u00e9 comme mineur l\u2019enfant n\u2019ayant pas encore 18 ans au moment de la demande de Nulla Osta. Sont assimil\u00e9s les <strong>mineurs adopt\u00e9s, confi\u00e9s ou plac\u00e9s sous tutelle<\/strong>, si les d\u00e9cisions ont \u00e9t\u00e9 \u00e9mises par l\u2019autorit\u00e9 comp\u00e9tente selon la l\u00e9gislation locale et sont conformes \u00e0 l\u2019ordre public italien ;<\/li>\n<li><strong>Enfants majeurs \u00e0 charge<\/strong>, lorsqu\u2019ils ne peuvent subvenir \u00e0 leurs besoins essentiels en raison d\u2019un \u00e9tat de sant\u00e9 entra\u00eenant une invalidit\u00e9 totale ;<\/li>\n<li><strong>Parents \u00e0 charge<\/strong>, s\u2019ils n\u2019ont pas d\u2019autres enfants dans le pays d\u2019origine ou de provenance ;<\/li>\n<li><strong>Parents de plus de 65 ans<\/strong>, lorsque les autres enfants pr\u00e9sents dans le pays d\u2019origine ou de provenance ne peuvent subvenir \u00e0 leur entretien pour des raisons de sant\u00e9 graves et d\u00fbment document\u00e9es.<\/li>\n<\/ul>\n<p style=\"text-align: justify;\">En cas de <strong>mariage<\/strong> c\u00e9l\u00e9br\u00e9 dans un <strong>r\u00e9gime polygame<\/strong>, institution contraire \u00e0 l\u2019ordre public italien, il faudra d\u00e9montrer que le r\u00e9sident \u00e9tranger en Italie <strong>ne cohabite pas d\u00e9j\u00e0 avec un autre conjoint<\/strong>, au moyen d\u2019un certificat de composition familiale complet indiquant clairement les liens de parent\u00e9.<\/p>\n<p style=\"text-align: justify;\">Le <strong>mariage<\/strong> ou la <strong>naissance des enfants<\/strong> doit \u00eatre <strong>ant\u00e9rieur<\/strong> \u00e0 la <strong>demande de Nulla Osta<\/strong>. Dans le cas contraire, le visa sera refus\u00e9 et le SUI en sera inform\u00e9 pour les suites l\u00e9gales relevant de sa comp\u00e9tence.<\/p>\n<p style=\"text-align: justify;\"><strong>En pr\u00e9sence de doutes fond\u00e9s<\/strong>, l\u2019Ambassade doit <strong>v\u00e9rifier l\u2019authenticit\u00e9 des actes d\u2019\u00e9tat civil et des autres documents pr\u00e9sent\u00e9s<\/strong> pour prouver le mariage, la parent\u00e9, la minorit\u00e9, l\u2019\u00e9tat de sant\u00e9 ou la condition de personne \u00e0 charge.<\/p>\n<p style=\"text-align: justify;\"><strong>Il appartient aux demandeurs<\/strong> <strong>de documenter l\u2019absence d\u2019autres enfants dans le pays d\u2019origine, les \u00e9tats de sant\u00e9 et la condition de d\u00e9pendance,<\/strong>\u00a0\u00a0qui peut \u00eatre d\u00e9montr\u00e9e par tout moyen de preuve (transferts d\u2019argent, re\u00e7us, mise \u00e0 disposition d\u2019un logement, paiement de loyers, documents attestant l\u2019absence de revenus suffisants, etc.).<\/p>\n<p>&nbsp;<\/p>\n<h5 style=\"text-align: justify;\"><strong>Quelle est la documentation requise ?<\/strong><\/h5>\n<p style=\"text-align: justify;\">Pour obtenir le visa, le demandeur doit pr\u00e9senter, en plus du formulaire de demande d\u00fbment rempli et sign\u00e9, du document de voyage en cours de validit\u00e9 et des photos d\u2019identit\u00e9 :<\/p>\n<ul style=\"text-align: justify;\">\n<li><strong>Nulla Osta<\/strong> d\u00e9livr\u00e9 par le <strong>Guichet Unique pour l\u2019Immigration (SUI)<\/strong>\u00a0comp\u00e9tent ;<\/li>\n<li>Documentation appropri\u00e9e attestant le lien de parent\u00e9 ou de mariage avec le citoyen \u00e9tranger r\u00e9sidant l\u00e9galement en Italie. \u00c0 titre d\u2019exemple :<\/li>\n<\/ul>\n<ul>\n<li style=\"list-style-type: none;\">\n<ul style=\"text-align: justify;\">\n<li><strong>Certificat de mariage<\/strong> et <strong>certificat de non\u2011divorce et non\u2011s\u00e9paration<\/strong> pour le conjoint\/partenaire d\u2019union civile ;<\/li>\n<li><strong>Copie int\u00e9grale de l\u2019acte de naissance \/ jugement d\u2019adoption \/ d\u00e9cision de placement ou de tutelle<\/strong>, ainsi que l\u2019autorisation de sortie du territoire du parent non accompagnant, pour les enfants mineurs. Pour les enfants <strong>majeurs de 18 ans<\/strong>, il faut \u00e9galement fournir la <strong>preuve de la d\u00e9pendance<\/strong> (re\u00e7us de transferts d\u2019argent des deux ann\u00e9es pr\u00e9c\u00e9dant la demande et de l\u2019ann\u00e9e en cours, <span style=\"text-decoration: underline;\"><strong>complets et class\u00e9s par mois<\/strong><\/span>) et la <strong>preuve de l\u2019incapacit\u00e9 \u00e0 subvenir \u00e0 leurs besoins en raison d\u2019une invalidit\u00e9 totale<\/strong> (certificat m\u00e9dical appropri\u00e9) ;<\/li>\n<li><strong>Copie int\u00e9grale de l\u2019acte de naissance<\/strong> du r\u00e9sident l\u00e9gal en Italie et du demandeur de visa, ainsi que le <strong>certificat de composition familiale<\/strong> du demandeur d\u00e9montrant clairement l\u2019absence d\u2019autres enfants dans le pays d\u2019origine, ou \u2014 <strong>pour les parents de plus de 65 ans<\/strong> \u2014 un certificat m\u00e9dical attestant que les autres enfants <strong>ne<\/strong> peuvent s\u2019occuper d\u2019eux pour raisons de sant\u00e9 graves, et la preuve de la d\u00e9pendance (re\u00e7us de transferts d\u2019argent des deux ann\u00e9es pr\u00e9c\u00e9dentes et de l\u2019ann\u00e9e en cours), pour les <strong>parents \u00e0 charge<\/strong>.<\/li>\n<\/ul>\n<\/li>\n<\/ul>\n<p>&nbsp;<\/p>\n<p style=\"text-align: justify;\"><span style=\"text-decoration: underline;\"><strong>ATTENTION\u00a0<\/strong><\/span>: Les actes d\u2019\u00e9tat civil doivent \u00eatre <strong>pr\u00e9alablement l\u00e9galis\u00e9s<\/strong> aupr\u00e8s de la Section consulaire de l\u2019Ambassade et accompagn\u00e9s d\u2019une <strong>traduction en italien certifi\u00e9e conforme<\/strong> par ce m\u00eame bureau. Ces services sont fournis via VFS, o\u00f9 il convient de prendre rendez\u2011vous.<\/p>\n<p>&nbsp;<\/p>\n<p style=\"text-align: justify;\"><strong><span style=\"text-decoration: underline;\">ATTENTION\u00a0<\/span>: Il faut \u00e9galement joindre tous les actes et d\u00e9cisions mentionn\u00e9s dans les mentions marginales des actes d\u2019\u00e9tat civil (ces documents ne n\u00e9cessitent pas de l\u00e9galisation pr\u00e9alable). <\/strong><strong>Toute correction n\u00e9cessaire (ex. divergences dans les dates de naissance ou de mariage) doit \u00eatre effectu\u00e9e selon la l\u00e9gislation nationale en vigueur et appara\u00eetre dans les mentions marginales, ou \u00eatre accompagn\u00e9e d\u2019une copie du registre d\u2019\u00e9tat civil contenant l\u2019acte original.<\/strong><\/p>\n<p>&nbsp;<\/p>\n<p style=\"text-align: justify;\"><strong><span style=\"text-decoration: underline;\">ATTENTION\u00a0<\/span>: La pr\u00e9sentation de documents faux ou falsifi\u00e9s constitue un d\u00e9lit p\u00e9nal et entra\u00eene non seulement le refus du visa, mais aussi la transmission d\u2019un signalement au Parquet italien comp\u00e9tent.<\/strong><\/p>\n","protected":false},"excerpt":{"rendered":"CO\u00dbT DU VISA : 77000 F CFA\u00a0 Le visa pour motifs familiaux permet l\u2019entr\u00e9e en Italie, en vue d\u2019un s\u00e9jour de longue dur\u00e9e, aux membres de la famille d\u2019un citoyen \u00e9tranger r\u00e9sidant r\u00e9guli\u00e8rement sur le territoire italien, qui a obtenu le Nulla Osta aupr\u00e8s du Guichet Unique pour l\u2019Immigration (Sportello Unico per l\u2019Immigrazione \u2013 SUI) [&hellip;]","protected":false},"author":4,"featured_media":0,"parent":2486,"menu_order":8,"comment_status":"closed","ping_status":"closed","template":"","meta":{"footnotes":""},"class_list":["post-2660","page","type-page","status-publish","hentry"],"_links":{"self":[{"href":"https:\/\/ambabidjan.esteri.it\/fr\/wp-json\/wp\/v2\/pages\/2660","targetHints":{"allow":["GET"]}}],"collection":[{"href":"https:\/\/ambabidjan.esteri.it\/fr\/wp-json\/wp\/v2\/pages"}],"about":[{"href":"https:\/\/ambabidjan.esteri.it\/fr\/wp-json\/wp\/v2\/types\/page"}],"author":[{"embeddable":true,"href":"https:\/\/ambabidjan.esteri.it\/fr\/wp-json\/wp\/v2\/users\/4"}],"replies":[{"embeddable":true,"href":"https:\/\/ambabidjan.esteri.it\/fr\/wp-json\/wp\/v2\/comments?post=2660"}],"version-history":[{"count":4,"href":"https:\/\/ambabidjan.esteri.it\/fr\/wp-json\/wp\/v2\/pages\/2660\/revisions"}],"predecessor-version":[{"id":2689,"href":"https:\/\/ambabidjan.esteri.it\/fr\/wp-json\/wp\/v2\/pages\/2660\/revisions\/2689"}],"up":[{"embeddable":true,"href":"https:\/\/ambabidjan.esteri.it\/fr\/wp-json\/wp\/v2\/pages\/2486"}],"wp:attachment":[{"href":"https:\/\/ambabidjan.esteri.it\/fr\/wp-json\/wp\/v2\/media?parent=2660"}],"curies":[{"name":"wp","href":"https:\/\/api.w.org\/{rel}","templated":true}]}}