{"id":2643,"date":"2026-01-11T19:30:58","date_gmt":"2026-01-11T18:30:58","guid":{"rendered":"https:\/\/ambabidjan.esteri.it\/?page_id=2643"},"modified":"2026-01-12T15:22:08","modified_gmt":"2026-01-12T14:22:08","slug":"visa-pour-etudes-inscription-universitaire","status":"publish","type":"page","link":"https:\/\/ambabidjan.esteri.it\/fr\/servizi-consolari-e-visti\/servizi-per-il-cittadino-straniero\/visti\/visas-nationaux-type-d\/visa-pour-etudes-inscription-universitaire\/","title":{"rendered":"Visa pour \u00e9tudes \u2013 inscription universitaire"},"content":{"rendered":"<p style=\"text-align: justify;\"><strong><a href=\"https:\/\/ambabidjan.esteri.it\/wp-content\/uploads\/2026\/01\/Tabella-dei-diritti-percepiti-per-i-visti-gennaio-2026-1.pdf\" target=\"_blank\" rel=\"noopener\">CO\u00dbT DU VISA<\/a> : 33 000 F CFA\u00a0<\/strong><\/p>\n<p style=\"text-align: justify;\">Le <strong>visa pour \u00ab \u00e9tudes \u2013 inscription \u00e0 l\u2019Universit\u00e9 \u00bb<\/strong> permet aux <strong>\u00e9tudiants \u00e9trangers<\/strong> de se rendre en Italie afin de s\u2019inscrire \u00e0 un <strong>cursus universitaire aupr\u00e8s d\u2019une Universit\u00e9 ou d\u2019un Institut d\u2019Enseignement Sup\u00e9rieur Artistique et Musical<\/strong> (AFAM), publics ou priv\u00e9s, <strong>italiens<\/strong>. La proc\u00e9dure est r\u00e9gie par le D\u00e9cret l\u00e9gislatif 286\/1998, le DPR 394\/1999, ainsi que par les lignes directrices annuelles publi\u00e9es par le Minist\u00e8re de l\u2019Universit\u00e9 et de la Recherche (MUR).<\/p>\n<p style=\"text-align: justify;\">La premi\u00e8re \u00e9tape consiste en la <strong>pr\u00e9\u2011inscription sur le portail <a href=\"https:\/\/www.universitaly.it\/orientamento-universitario\" target=\"_blank\" rel=\"noopener\">Universitaly<\/a><\/strong>, unique canal officiel permettant aux \u00e9tudiants internationaux de candidater aux cursus universitaires italiens. La proc\u00e9dure s\u2019ouvre g\u00e9n\u00e9ralement entre avril et juillet de chaque ann\u00e9e, bien que les dates puissent varier selon les indications du MUR. Via le portail, l\u2019\u00e9tudiant choisit le cursus et l\u2019universit\u00e9, t\u00e9l\u00e9charge les documents requis et attend qu\u2019une premi\u00e8re validation soit \u00e9mise par l\u2019universit\u00e9.<\/p>\n<p style=\"text-align: justify;\">Parmi les documents \u00e0 t\u00e9l\u00e9verser sur <em>Universitaly<\/em>, une importance particuli\u00e8re est accord\u00e9e \u00e0 la <strong>D\u00e9claration de Valeur<\/strong>, d\u00e9livr\u00e9e par l\u2019Ambassade d\u2019Italie du pays o\u00f9 le dipl\u00f4me a \u00e9t\u00e9 obtenu, ou aux <strong>Attestations de comparabilit\u00e9 et de v\u00e9rification du <a href=\"https:\/\/cimea-diplome.it\/\" target=\"_blank\" rel=\"noopener\">CIMEA<\/a><\/strong>. La D\u00e9claration de Valeur certifie la nature du dipl\u00f4me, la dur\u00e9e du parcours scolaire et la valeur l\u00e9gale du titre dans le syst\u00e8me \u00e9ducatif local. Sans ce document, l\u2019universit\u00e9 ne peut pas finaliser l\u2019\u00e9valuation de la candidature.<br \/>\nPour l\u2019obtenir, l\u2019\u00e9tudiant doit pr\u00e9senter son dipl\u00f4me original, les relev\u00e9s de notes, d\u2019\u00e9ventuelles attestations compl\u00e9mentaires et une traduction officielle en italien. Une fois d\u00e9livr\u00e9e, la D\u00e9claration de Valeur doit \u00eatre t\u00e9l\u00e9vers\u00e9e sur Universitaly afin que l\u2019universit\u00e9 puisse lever la r\u00e9serve et confirmer l\u2019admission.<\/p>\n<p style=\"text-align: justify;\">Ce n\u2019est qu\u2019<strong>apr\u00e8s la lev\u00e9e de la r\u00e9serve par l\u2019universit\u00e9 et l\u2019approbation de la candidature<\/strong> que l\u2019\u00e9tudiant peut <strong>d\u00e9poser sa demande de visa<\/strong> aupr\u00e8s de l\u2019Ambassade d\u2019Italie \u00e0 Abidjan. Il est conseill\u00e9 de le faire <strong>suffisamment t\u00f4t<\/strong> \u2014 id\u00e9alement entre juillet et septembre \u2014 afin de permettre \u00e0 la section consulaire d\u2019examiner la documentation avant le d\u00e9but de l\u2019ann\u00e9e acad\u00e9mique.<\/p>\n<p style=\"text-align: justify;\">Pour obtenir un visa d\u2019\u00e9tudes pour inscription universitaire en Italie, l\u2019\u00e9tudiant international doit d\u00e9montrer qu\u2019il dispose de <strong>moyens \u00e9conomiques suffisants<\/strong> pour subvenir \u00e0 ses besoins pendant toute la dur\u00e9e de l\u2019ann\u00e9e acad\u00e9mique. La r\u00e9glementation exige un minimum de <strong>534,41 euros par mois<\/strong>, soit un total annuel de <strong>6 947,33 euros<\/strong>, calcul\u00e9 sur treize mensualit\u00e9s. Cette somme peut \u00eatre d\u00e9montr\u00e9e au moyen de ressources personnelles, du soutien financier des parents ou de proches, du soutien de citoyens italiens ou \u00e9trangers r\u00e9sidant r\u00e9guli\u00e8rement en Italie (par exemple via un cr\u00e9dit rotatif en faveur de l\u2019\u00e9tudiant), ou encore via des <a href=\"https:\/\/www.universitaly.it\/borse-studio\" target=\"_blank\" rel=\"noopener\"><strong>bourses d\u2019\u00e9tudes<\/strong><\/a> accord\u00e9es par des universit\u00e9s, institutions ou organismes publics\/priv\u00e9s jug\u00e9s fiables par le poste consulaire (y compris les bourses du <a href=\"https:\/\/studyinitaly.esteri.it\/\" target=\"_blank\" rel=\"noopener\"><strong>Minist\u00e8re italien des Affaires \u00e9trang\u00e8res<\/strong><\/a>). L\u2019\u00e9tudiant doit \u00e9galement prouver qu\u2019il peut couvrir les frais de retour dans son pays d\u2019origine (par exemple en pr\u00e9sentant un billet retour) et qu\u2019il dispose d\u2019un <strong>logement ad\u00e9quat<\/strong> en Italie. \u00c0 cela s\u2019ajoute l\u2019obligation de souscrire une <strong>assurance maladie<\/strong> valable en Italie, sans limitations pour d\u2019\u00e9ventuelles hospitalisations urgentes.<\/p>\n<p style=\"text-align: justify;\">Un autre \u00e9l\u00e9ment essentiel est la <strong>connaissance de la langue italienne<\/strong>, au moins au niveau <strong>B2 du <a href=\"https:\/\/rm.coe.int\/CoERMPublicCommonSearchServices\/DisplayDCTMContent?documentId=090000168045bc7c\">CECR<\/a><\/strong>, lorsque le <strong>cursus est dispens\u00e9 en italien<\/strong>. En g\u00e9n\u00e9ral, les universit\u00e9s italiennes v\u00e9rifient ce niveau linguistique via un test organis\u00e9 par l\u2019\u00e9tablissement \u2014 de pr\u00e9f\u00e9rence \u00e0 distance \u2014 avant la demande de visa. Sinon, une <strong>certification linguistique<\/strong> d\u00e9livr\u00e9e par un <strong>organisme accr\u00e9dit\u00e9<\/strong> peut \u00eatre fournie.<\/p>\n<p>&nbsp;<\/p>\n<h5 style=\"text-align: justify;\"><strong>Quelle est la documentation requise ?<\/strong><\/h5>\n<p style=\"text-align: justify;\">Pour obtenir le visa, le demandeur doit pr\u00e9senter, en plus du formulaire de demande d\u00fbment rempli et sign\u00e9, du document de voyage en cours de validit\u00e9 et des photos d\u2019identit\u00e9 :<\/p>\n<ul>\n<li style=\"text-align: justify;\"><strong>Lettre de pr\u00e9\u2011admission<\/strong> d\u00e9livr\u00e9e par l\u2019Universit\u00e9 via Universitaly, indiquant que \u00ab<strong> l\u2019\u00e9tudiant est admis au cursus<\/strong> \u00bb ;<\/li>\n<li style=\"text-align: justify;\"><strong>D\u00e9claration de Valeur<\/strong> ou <strong>Attestation CIMEA<\/strong> ;<\/li>\n<li style=\"text-align: justify;\"><strong>Billet d\u2019avion aller\u2011retour<\/strong> (ou <strong>r\u00e9servation<\/strong>) ;<\/li>\n<li style=\"text-align: justify;\"><strong>Preuve de moyens \u00e9conomiques suffisants<\/strong> pour la p\u00e9riode de s\u00e9jour demand\u00e9e, selon les param\u00e8tres fix\u00e9s annuellement par le MUR (pour l\u2019ann\u00e9e acad\u00e9mique 2025\u20112026 : <strong>534,41 euros par mois<\/strong>, soit un <strong>total annuel<\/strong> de <strong>6 947,33 euros<\/strong>, calcul\u00e9 sur treize mensualit\u00e9s), au moyen de <strong>relev\u00e9s bancaires personnels<\/strong>, de ceux <strong>des parents<\/strong> <strong>ou de proches<\/strong> (accompagn\u00e9s d\u2019une d\u00e9claration formelle de prise en charge), ou via des <strong>bourses d\u2019\u00e9tudes<\/strong> ;<\/li>\n<li style=\"text-align: justify;\"><strong>Assurance maladie<\/strong> valable en Italie pour les soins m\u00e9dicaux et les hospitalisations, sans limitations ni exclusions ;<\/li>\n<li style=\"text-align: justify;\"><strong>Preuve de la disponibilit\u00e9 d\u2019un logement ad\u00e9quat<\/strong> (r\u00e9servation d\u2019h\u00f4tel d\u2019au moins un mois, <span style=\"text-decoration: underline;\"><strong>valide et confirm\u00e9e<\/strong><\/span>, contrat de location, d\u00e9claration d\u2019h\u00e9bergement).<\/li>\n<\/ul>\n","protected":false},"excerpt":{"rendered":"CO\u00dbT DU VISA : 33 000 F CFA\u00a0 Le visa pour \u00ab \u00e9tudes \u2013 inscription \u00e0 l\u2019Universit\u00e9 \u00bb permet aux \u00e9tudiants \u00e9trangers de se rendre en Italie afin de s\u2019inscrire \u00e0 un cursus universitaire aupr\u00e8s d\u2019une Universit\u00e9 ou d\u2019un Institut d\u2019Enseignement Sup\u00e9rieur Artistique et Musical (AFAM), publics ou priv\u00e9s, italiens. La proc\u00e9dure est r\u00e9gie par [&hellip;]","protected":false},"author":4,"featured_media":0,"parent":2486,"menu_order":11,"comment_status":"closed","ping_status":"closed","template":"","meta":{"footnotes":""},"class_list":["post-2643","page","type-page","status-publish","hentry"],"_links":{"self":[{"href":"https:\/\/ambabidjan.esteri.it\/fr\/wp-json\/wp\/v2\/pages\/2643","targetHints":{"allow":["GET"]}}],"collection":[{"href":"https:\/\/ambabidjan.esteri.it\/fr\/wp-json\/wp\/v2\/pages"}],"about":[{"href":"https:\/\/ambabidjan.esteri.it\/fr\/wp-json\/wp\/v2\/types\/page"}],"author":[{"embeddable":true,"href":"https:\/\/ambabidjan.esteri.it\/fr\/wp-json\/wp\/v2\/users\/4"}],"replies":[{"embeddable":true,"href":"https:\/\/ambabidjan.esteri.it\/fr\/wp-json\/wp\/v2\/comments?post=2643"}],"version-history":[{"count":3,"href":"https:\/\/ambabidjan.esteri.it\/fr\/wp-json\/wp\/v2\/pages\/2643\/revisions"}],"predecessor-version":[{"id":2695,"href":"https:\/\/ambabidjan.esteri.it\/fr\/wp-json\/wp\/v2\/pages\/2643\/revisions\/2695"}],"up":[{"embeddable":true,"href":"https:\/\/ambabidjan.esteri.it\/fr\/wp-json\/wp\/v2\/pages\/2486"}],"wp:attachment":[{"href":"https:\/\/ambabidjan.esteri.it\/fr\/wp-json\/wp\/v2\/media?parent=2643"}],"curies":[{"name":"wp","href":"https:\/\/api.w.org\/{rel}","templated":true}]}}