{"id":2638,"date":"2026-01-11T19:28:32","date_gmt":"2026-01-11T18:28:32","guid":{"rendered":"https:\/\/ambabidjan.esteri.it\/?page_id=2638"},"modified":"2026-01-12T15:21:35","modified_gmt":"2026-01-12T14:21:35","slug":"visa-de-readmission","status":"publish","type":"page","link":"https:\/\/ambabidjan.esteri.it\/fr\/servizi-consolari-e-visti\/servizi-per-il-cittadino-straniero\/visti\/visas-nationaux-type-d\/visa-de-readmission\/","title":{"rendered":"Visa de r\u00e9admission"},"content":{"rendered":"<p style=\"text-align: justify;\"><strong><a href=\"https:\/\/ambabidjan.esteri.it\/wp-content\/uploads\/2026\/01\/Tabella-dei-diritti-percepiti-per-i-visti-gennaio-2026-1.pdf\" target=\"_blank\" rel=\"noopener\">CO\u00dbT DU VISA<\/a> : 77 000 F CFA<\/strong><\/p>\n<p style=\"text-align: justify;\">Le <strong>visa de r\u00e9admission<\/strong> permet aux r<strong>essortissants \u00e9trangers d\u00e9j\u00e0 titulaires d\u2019un permis de s\u00e9jour italien<\/strong> de retourner en Italie lorsqu\u2019ils se trouvent \u00e0 l\u2019\u00e9tranger et ne peuvent plus pr\u00e9senter un titre de s\u00e9jour valide en raison de <strong>l\u2019expiration<\/strong>, de la <strong>perte<\/strong>, du <strong>vol<\/strong> ou de la <strong>destruction<\/strong> de leur permis.<\/p>\n<p>&nbsp;<\/p>\n<h5 style=\"text-align: justify;\"><strong>Quelle est la documentation requise ?<\/strong><\/h5>\n<p style=\"text-align: justify;\">Pour obtenir le visa, le demandeur doit pr\u00e9senter, en plus du formulaire de demande d\u00fbment rempli et sign\u00e9, du document de voyage en cours de validit\u00e9 et des photos d\u2019identit\u00e9 :<\/p>\n<ul style=\"text-align: justify;\">\n<li><strong>Copie du titre de s\u00e9jour expir\u00e9, perdu, vol\u00e9 ou d\u00e9truit<\/strong> ;<\/li>\n<li><strong>Copie de la demande de renouvellement<\/strong> du titre de s\u00e9jour expir\u00e9, <strong>ou d\u00e9claration de perte\/vol<\/strong> d\u00e9pos\u00e9e aupr\u00e8s des autorit\u00e9s comp\u00e9tentes du lieu de s\u00e9jour.<\/li>\n<\/ul>\n<p style=\"text-align: justify;\"><strong><span style=\"text-decoration: underline;\">ATTENTION<\/span> :<\/strong> Le visa sera d\u00e9livr\u00e9 uniquement apr\u00e8s v\u00e9rification, par la <strong>Questura<\/strong> ayant \u00e9mis le titre de s\u00e9jour, de la validit\u00e9 de celui\u2011ci dans les cas de permis de s\u00e9jour encore valide, ou expir\u00e9 depuis <strong>moins de 60 jours<\/strong> (prolongeables jusqu\u2019\u00e0 <strong>6 mois<\/strong> en pr\u00e9sence d\u2019un certificat m\u00e9dical appropri\u00e9 attestant de graves raisons de sant\u00e9 du ressortissant \u00e9tranger ou de ses proches), <strong>et<\/strong> dont le renouvellement a \u00e9t\u00e9 demand\u00e9 dans les d\u00e9lais l\u00e9gaux ; ou bien uniquement apr\u00e8s l\u2019\u00e9mission d\u2019un <strong>Nulla Osta<\/strong> par la Questura comp\u00e9tente, dans tous les autres cas.<\/p>\n","protected":false},"excerpt":{"rendered":"CO\u00dbT DU VISA : 77 000 F CFA Le visa de r\u00e9admission permet aux ressortissants \u00e9trangers d\u00e9j\u00e0 titulaires d\u2019un permis de s\u00e9jour italien de retourner en Italie lorsqu\u2019ils se trouvent \u00e0 l\u2019\u00e9tranger et ne peuvent plus pr\u00e9senter un titre de s\u00e9jour valide en raison de l\u2019expiration, de la perte, du vol ou de la destruction [&hellip;]","protected":false},"author":4,"featured_media":0,"parent":2486,"menu_order":10,"comment_status":"closed","ping_status":"closed","template":"","meta":{"footnotes":""},"class_list":["post-2638","page","type-page","status-publish","hentry"],"_links":{"self":[{"href":"https:\/\/ambabidjan.esteri.it\/fr\/wp-json\/wp\/v2\/pages\/2638","targetHints":{"allow":["GET"]}}],"collection":[{"href":"https:\/\/ambabidjan.esteri.it\/fr\/wp-json\/wp\/v2\/pages"}],"about":[{"href":"https:\/\/ambabidjan.esteri.it\/fr\/wp-json\/wp\/v2\/types\/page"}],"author":[{"embeddable":true,"href":"https:\/\/ambabidjan.esteri.it\/fr\/wp-json\/wp\/v2\/users\/4"}],"replies":[{"embeddable":true,"href":"https:\/\/ambabidjan.esteri.it\/fr\/wp-json\/wp\/v2\/comments?post=2638"}],"version-history":[{"count":2,"href":"https:\/\/ambabidjan.esteri.it\/fr\/wp-json\/wp\/v2\/pages\/2638\/revisions"}],"predecessor-version":[{"id":2692,"href":"https:\/\/ambabidjan.esteri.it\/fr\/wp-json\/wp\/v2\/pages\/2638\/revisions\/2692"}],"up":[{"embeddable":true,"href":"https:\/\/ambabidjan.esteri.it\/fr\/wp-json\/wp\/v2\/pages\/2486"}],"wp:attachment":[{"href":"https:\/\/ambabidjan.esteri.it\/fr\/wp-json\/wp\/v2\/media?parent=2638"}],"curies":[{"name":"wp","href":"https:\/\/api.w.org\/{rel}","templated":true}]}}