{"id":2636,"date":"2026-01-11T19:41:09","date_gmt":"2026-01-11T18:41:09","guid":{"rendered":"https:\/\/ambabidjan.esteri.it\/?page_id=2636"},"modified":"2026-01-12T15:23:22","modified_gmt":"2026-01-12T14:23:22","slug":"visa-pour-etudes-cours-de-langue","status":"publish","type":"page","link":"https:\/\/ambabidjan.esteri.it\/fr\/servizi-consolari-e-visti\/servizi-per-il-cittadino-straniero\/visti\/visas-nationaux-type-d\/visa-pour-etudes-cours-de-langue\/","title":{"rendered":"Visa pour \u00e9tudes \u2013 cours de langue"},"content":{"rendered":"<p style=\"text-align: justify;\"><strong><a href=\"https:\/\/ambabidjan.esteri.it\/wp-content\/uploads\/2026\/01\/Tabella-dei-diritti-percepiti-per-i-visti-gennaio-2026-1.pdf\" target=\"_blank\" rel=\"noopener\">CO\u00dbT DU VISA<\/a> : 33 000 F CFA<\/strong><\/p>\n<p style=\"text-align: justify;\">Le <strong>visa pour \u00ab \u00e9tudes \u2013 cours de langue \u00bb<\/strong> est destin\u00e9 aux \u00e9tudiants \u00e9trangers souhaitant s\u00e9journer en Italie, pour des p\u00e9riodes courtes ou prolong\u00e9es, afin de suivre des cours d\u00e9di\u00e9s \u00e0 l\u2019apprentissage ou au perfectionnement de la langue et de la culture italiennes.<br \/>\nCes cours peuvent \u00eatre organis\u00e9s par des universit\u00e9s italiennes, des institutions publiques ou des organismes priv\u00e9s reconnus, \u00e0 condition que l\u2019offre de formation soit claire, structur\u00e9e et d\u00fbment document\u00e9e.<br \/>\nDans de nombreux cas, les \u00e9tablissements exigent une pr\u00e9\u2011inscription formelle (g\u00e9n\u00e9ralement via le portail <em><a href=\"https:\/\/www.universitaly.it\/orientamento-universitario\">Universitaly)<\/a><\/em>.<\/p>\n<p style=\"text-align: justify;\">L\u2019article 44\u2011bis, alin\u00e9a 2, lettre a) du DPR 394\/1999 reste applicable : le cours doit \u00eatre de <strong>niveau sup\u00e9rieur<\/strong>, \u00e0 <strong>temps plein<\/strong> et d\u2019une <strong>dur\u00e9e d\u00e9termin\u00e9e<\/strong>. Il convient \u00e9galement de v\u00e9rifier la <strong>coh\u00e9rence<\/strong> entre les cours suivis en Italie et la <strong>formation d\u00e9j\u00e0 acquise dans le pays d\u2019origine<\/strong>, ainsi que la <strong>disponibilit\u00e9 de moyens \u00e9conomiques suffisants<\/strong> pour subvenir aux besoins de l\u2019\u00e9tudiant pendant son s\u00e9jour.<\/p>\n<p>&nbsp;<\/p>\n<h5 style=\"text-align: justify;\"><strong>Quelle est la documentation requise ?<\/strong><\/h5>\n<p style=\"text-align: justify;\">Pour obtenir le visa, le demandeur doit pr\u00e9senter, en plus du formulaire de demande d\u00fbment rempli et sign\u00e9, du document de voyage en cours de validit\u00e9 et des photos d\u2019identit\u00e9 :<\/p>\n<ul>\n<li style=\"text-align: justify;\"><strong>Documentation d\u2019inscription au cours de langue<\/strong> que l\u2019on souhaite suivre (indiquant la dur\u00e9e, le programme, la certification obtenue, etc.) ;<\/li>\n<li style=\"text-align: justify;\"><strong>Documentation relative \u00e0 la formation acquise dans le pays d\u2019origine<\/strong> ;<\/li>\n<li style=\"text-align: justify;\"><strong>Billet d\u2019avion aller\u2011retour<\/strong> (ou <strong>r\u00e9servation<\/strong>) ;<\/li>\n<li style=\"text-align: justify;\"><strong>Preuve de moyens \u00e9conomiques suffisants<\/strong> pour la p\u00e9riode de s\u00e9jour demand\u00e9e, conform\u00e9ment aux param\u00e8tres de la \u00ab<strong> Table A<\/strong> \u00bb de la <strong>Directive du Minist\u00e8re de l\u2019Int\u00e9rieur du 1er mars 2000<\/strong>. \u00c0 cette fin, les <strong>relev\u00e9s bancaires<\/strong> et <strong>bulletins de salaire<\/strong> \u2014 personnels ou des parents \u2014 des <strong>six derniers mois<\/strong> doivent \u00eatre fournis. En cas de plusieurs comptes bancaires, il convient d\u2019inclure \u00e9galement celui sur lequel est vers\u00e9 le salaire ;<\/li>\n<li style=\"text-align: justify;\"><strong>Couverture sanitaire\/assurance valable en Italie<\/strong> pour les soins m\u00e9dicaux et les hospitalisations, sans limitations ni exclusions ;<\/li>\n<li style=\"text-align: justify;\"><strong>Preuve de la disponibilit\u00e9 d\u2019un logement ad\u00e9quat<\/strong> (r\u00e9servation d\u2019h\u00f4tel d\u2019au moins un mois, valide et confirm\u00e9e, contrat de location, d\u00e9claration d\u2019h\u00e9bergement).<\/li>\n<\/ul>\n","protected":false},"excerpt":{"rendered":"CO\u00dbT DU VISA : 33 000 F CFA Le visa pour \u00ab \u00e9tudes \u2013 cours de langue \u00bb est destin\u00e9 aux \u00e9tudiants \u00e9trangers souhaitant s\u00e9journer en Italie, pour des p\u00e9riodes courtes ou prolong\u00e9es, afin de suivre des cours d\u00e9di\u00e9s \u00e0 l\u2019apprentissage ou au perfectionnement de la langue et de la culture italiennes. Ces cours peuvent [&hellip;]","protected":false},"author":4,"featured_media":0,"parent":2486,"menu_order":13,"comment_status":"closed","ping_status":"closed","template":"","meta":{"footnotes":""},"class_list":["post-2636","page","type-page","status-publish","hentry"],"_links":{"self":[{"href":"https:\/\/ambabidjan.esteri.it\/fr\/wp-json\/wp\/v2\/pages\/2636","targetHints":{"allow":["GET"]}}],"collection":[{"href":"https:\/\/ambabidjan.esteri.it\/fr\/wp-json\/wp\/v2\/pages"}],"about":[{"href":"https:\/\/ambabidjan.esteri.it\/fr\/wp-json\/wp\/v2\/types\/page"}],"author":[{"embeddable":true,"href":"https:\/\/ambabidjan.esteri.it\/fr\/wp-json\/wp\/v2\/users\/4"}],"replies":[{"embeddable":true,"href":"https:\/\/ambabidjan.esteri.it\/fr\/wp-json\/wp\/v2\/comments?post=2636"}],"version-history":[{"count":2,"href":"https:\/\/ambabidjan.esteri.it\/fr\/wp-json\/wp\/v2\/pages\/2636\/revisions"}],"predecessor-version":[{"id":2699,"href":"https:\/\/ambabidjan.esteri.it\/fr\/wp-json\/wp\/v2\/pages\/2636\/revisions\/2699"}],"up":[{"embeddable":true,"href":"https:\/\/ambabidjan.esteri.it\/fr\/wp-json\/wp\/v2\/pages\/2486"}],"wp:attachment":[{"href":"https:\/\/ambabidjan.esteri.it\/fr\/wp-json\/wp\/v2\/media?parent=2636"}],"curies":[{"name":"wp","href":"https:\/\/api.w.org\/{rel}","templated":true}]}}