{"id":2631,"date":"2026-01-11T19:34:57","date_gmt":"2026-01-11T18:34:57","guid":{"rendered":"https:\/\/ambabidjan.esteri.it\/?page_id=2631"},"modified":"2026-01-12T15:22:38","modified_gmt":"2026-01-12T14:22:38","slug":"visa-pour-etudes-formation-professionnelle","status":"publish","type":"page","link":"https:\/\/ambabidjan.esteri.it\/fr\/servizi-consolari-e-visti\/servizi-per-il-cittadino-straniero\/visti\/visas-nationaux-type-d\/visa-pour-etudes-formation-professionnelle\/","title":{"rendered":"Visa pour \u00e9tudes \u2013 formation professionnelle"},"content":{"rendered":"<p style=\"text-align: justify;\"><strong><a href=\"https:\/\/ambabidjan.esteri.it\/wp-content\/uploads\/2026\/01\/Tabella-dei-diritti-percepiti-per-i-visti-gennaio-2026-1.pdf\" target=\"_blank\" rel=\"noopener\">CO\u00dbT DU VISA<\/a> : 33 000 F CFA<\/strong><\/p>\n<p style=\"text-align: justify;\">Le <strong>visa pour \u00ab \u00e9tudes \u2013 formation professionnelle \u00bb<\/strong> est destin\u00e9 aux \u00e9tudiants \u00e9trangers souhaitant suivre en Italie un <strong>parcours de formation<\/strong> visant l\u2019<strong>obtention d\u2019une qualification ou d\u2019une certification de comp\u00e9tences<\/strong>. Il s\u2019agit de cours <strong>d\u2019une dur\u00e9e inf\u00e9rieure \u00e0 vingt\u2011quatre (24) mois<\/strong>, organis\u00e9s <strong>exclusivement par des organismes de formation accr\u00e9dit\u00e9s<\/strong> conform\u00e9ment aux r\u00e9glementations r\u00e9gionales. L\u2019\u00e9tudiant doit \u00e9galement d\u00e9montrer que le cours choisi est <strong>coh\u00e9rent avec son parcours de formation ant\u00e9rieur<\/strong>.<\/p>\n<p style=\"text-align: justify;\">Une attention particuli\u00e8re est requise pour les formations dans le <strong>secteur m\u00e9dico\u2011sanitaire<\/strong>. Si le parcours pr\u00e9voit <strong>des activit\u00e9s impliquant un contact avec des patients ou l\u2019exercice d\u2019actes sanitaires<\/strong>, l\u2019\u00e9tudiant doit obtenir la <strong>reconnaissance pr\u00e9alable de son dipl\u00f4me par le Minist\u00e8re de la Sant\u00e9<\/strong>. Si le cours ne pr\u00e9voit pas d\u2019activit\u00e9s cliniques, la structure sanitaire doit fournir une d\u00e9claration formelle confirmant l\u2019absence de telles activit\u00e9s. Il existe toutefois une exception : les m\u00e9decins non\u2011communautaires participant \u00e0 des initiatives de mise \u00e0 jour ou de formation comportant des activit\u00e9s cliniques peuvent obtenir le visa sur la base du d\u00e9cret d\u2019autorisation temporaire d\u00e9livr\u00e9 par le Minist\u00e8re de la Sant\u00e9, conform\u00e9ment au d\u00e9cret du 10 avril 2018. Dans ce cas, la reconnaissance du dipl\u00f4me n\u2019est pas requise.<\/p>\n<p>&nbsp;<\/p>\n<h5 style=\"text-align: justify;\"><strong>Quelle est la documentation requise ?<\/strong><\/h5>\n<p style=\"text-align: justify;\">Pour obtenir le visa, le demandeur doit pr\u00e9senter, en plus du formulaire de demande d\u00fbment rempli et sign\u00e9, du document de voyage en cours de validit\u00e9 et des photos d\u2019identit\u00e9 :<\/p>\n<ul>\n<li style=\"text-align: justify;\"><strong>Documentation d\u2019inscription au cours de formation professionnelle<\/strong> que l\u2019on souhaite suivre (indiquant la dur\u00e9e, le programme, la qualification obtenue, etc.) ;<\/li>\n<li style=\"text-align: justify;\"><strong>Documentation relative \u00e0 la formation acquise dans le pays d\u2019origine<\/strong> ;<\/li>\n<li style=\"text-align: justify;\"><strong>D\u00e9claration de Valeur<\/strong>\u00a0ou<strong> Attestation CIMEA<\/strong> (si requis) ;<\/li>\n<li style=\"text-align: justify;\"><strong>Billet d\u2019avion aller\u2011retour<\/strong> (ou <strong>r\u00e9servation<\/strong>) ;<\/li>\n<li style=\"text-align: justify;\"><strong>Preuve de moyens \u00e9conomiques suffisants<\/strong> pour la p\u00e9riode de s\u00e9jour demand\u00e9e, conform\u00e9ment aux param\u00e8tres de la \u00ab <strong>Table A<\/strong> \u00bb de la <strong>Directive du Minist\u00e8re de l\u2019Int\u00e9rieur du 1er mars 2000<\/strong>. \u00c0 cette fin, les <strong>relev\u00e9s bancaires<\/strong> et <strong>bulletins de salaire<\/strong> \u2014 personnels ou des parents \u2014 des <strong>six derniers mois<\/strong> doivent \u00eatre fournis. En cas de plusieurs comptes bancaires, il convient d\u2019inclure \u00e9galement celui sur lequel est vers\u00e9 le salaire ;<\/li>\n<li style=\"text-align: justify;\"><strong>Couverture sanitaire\/assurance valable en Italie<\/strong> pour les soins m\u00e9dicaux et les hospitalisations, sans limitations ni exclusions ;<\/li>\n<li style=\"text-align: justify;\"><strong>Preuve de la disponibilit\u00e9 d\u2019un logement ad\u00e9quat<\/strong> (r\u00e9servation d\u2019h\u00f4tel d\u2019au moins un mois, valide et confirm\u00e9e, contrat de location, d\u00e9claration d\u2019h\u00e9bergement).<\/li>\n<\/ul>\n","protected":false},"excerpt":{"rendered":"CO\u00dbT DU VISA : 33 000 F CFA Le visa pour \u00ab \u00e9tudes \u2013 formation professionnelle \u00bb est destin\u00e9 aux \u00e9tudiants \u00e9trangers souhaitant suivre en Italie un parcours de formation visant l\u2019obtention d\u2019une qualification ou d\u2019une certification de comp\u00e9tences. Il s\u2019agit de cours d\u2019une dur\u00e9e inf\u00e9rieure \u00e0 vingt\u2011quatre (24) mois, organis\u00e9s exclusivement par des organismes [&hellip;]","protected":false},"author":4,"featured_media":0,"parent":2486,"menu_order":12,"comment_status":"closed","ping_status":"closed","template":"","meta":{"footnotes":""},"class_list":["post-2631","page","type-page","status-publish","hentry"],"_links":{"self":[{"href":"https:\/\/ambabidjan.esteri.it\/fr\/wp-json\/wp\/v2\/pages\/2631","targetHints":{"allow":["GET"]}}],"collection":[{"href":"https:\/\/ambabidjan.esteri.it\/fr\/wp-json\/wp\/v2\/pages"}],"about":[{"href":"https:\/\/ambabidjan.esteri.it\/fr\/wp-json\/wp\/v2\/types\/page"}],"author":[{"embeddable":true,"href":"https:\/\/ambabidjan.esteri.it\/fr\/wp-json\/wp\/v2\/users\/4"}],"replies":[{"embeddable":true,"href":"https:\/\/ambabidjan.esteri.it\/fr\/wp-json\/wp\/v2\/comments?post=2631"}],"version-history":[{"count":3,"href":"https:\/\/ambabidjan.esteri.it\/fr\/wp-json\/wp\/v2\/pages\/2631\/revisions"}],"predecessor-version":[{"id":2698,"href":"https:\/\/ambabidjan.esteri.it\/fr\/wp-json\/wp\/v2\/pages\/2631\/revisions\/2698"}],"up":[{"embeddable":true,"href":"https:\/\/ambabidjan.esteri.it\/fr\/wp-json\/wp\/v2\/pages\/2486"}],"wp:attachment":[{"href":"https:\/\/ambabidjan.esteri.it\/fr\/wp-json\/wp\/v2\/media?parent=2631"}],"curies":[{"name":"wp","href":"https:\/\/api.w.org\/{rel}","templated":true}]}}