{"id":2622,"date":"2026-01-11T19:02:10","date_gmt":"2026-01-11T18:02:10","guid":{"rendered":"https:\/\/ambabidjan.esteri.it\/?page_id=2622"},"modified":"2026-01-12T15:19:11","modified_gmt":"2026-01-12T14:19:11","slug":"visa-pour-mission","status":"publish","type":"page","link":"https:\/\/ambabidjan.esteri.it\/fr\/servizi-consolari-e-visti\/servizi-per-il-cittadino-straniero\/visti\/visas-nationaux-type-d\/visa-pour-mission\/","title":{"rendered":"Visa pour mission"},"content":{"rendered":"<p style=\"text-align: justify;\"><strong><a href=\"https:\/\/ambabidjan.esteri.it\/wp-content\/uploads\/2026\/01\/Tabella-dei-diritti-percepiti-per-i-visti-gennaio-2026-1.pdf\" target=\"_blank\" rel=\"noopener\">CO\u00dbT DU VISA<\/a> : 77 000 F CFA<\/strong><\/p>\n<p style=\"text-align: justify;\">Le <strong>visa pour mission<\/strong> permet l\u2019entr\u00e9e en Italie, pour des <strong>s\u00e9jours de courte ou de longue dur\u00e9e<\/strong>, \u00e0 des ressortissants \u00e9trangers devant se rendre sur le territoire national pour des <strong>raisons li\u00e9es \u00e0 leurs fonctions publiques ou \u00e0 des missions d\u2019utilit\u00e9 publique<\/strong>. Il est destin\u00e9 en premier lieu aux <strong>titulaires de charges gouvernementales<\/strong>, aux <strong>fonctionnaires et employ\u00e9s d\u2019administrations publiques, d\u2019organismes \u00e9tatiques ou d\u2019organisations internationales<\/strong> envoy\u00e9s en Italie pour l\u2019exercice de leurs fonctions institutionnelles. Il peut \u00e9galement \u00eatre d\u00e9livr\u00e9 \u00e0 <strong>des particuliers<\/strong> lorsque la nature du voyage ou l\u2019importance de l\u2019<strong>activit\u00e9 exerc\u00e9e pr\u00e9sente un int\u00e9r\u00eat public<\/strong> pour les relations entre leur \u00c9tat et l\u2019Italie.<\/p>\n<p style=\"text-align: justify;\">Les <strong>membres de la famille vivant sous le m\u00eame toit<\/strong> <strong>et accompagnant le titulaire<\/strong> peuvent obtenir un visa pour mission analogue, tandis que d\u2019autres accompagnateurs ne faisant pas partie du noyau familial restreint pourront obtenir un visa touristique, sous r\u00e9serve d\u2019en remplir les conditions.<\/p>\n<p style=\"text-align: justify;\">Le visa pour mission peut \u00e9galement \u00eatre d\u00e9livr\u00e9 \u00e0 des <strong>fonctionnaires diplomatiques \u00e9trangers effectuant de courts s\u00e9jours officiels<\/strong> ne n\u00e9cessitant ni accr\u00e9ditation ni notification formelle. Dans les cas o\u00f9 ces formalit\u00e9s sont requises, l\u2019autorisation du Protocole Diplomatique de la R\u00e9publique et la d\u00e9livrance d\u2019un visa diplomatique sont n\u00e9cessaires.<\/p>\n<p style=\"text-align: justify;\"><strong><span style=\"text-decoration: underline;\">ATTENTION<\/span> : Les Notes Verbales de demande de visa pour mission concernant la FAO, le FIDA\u2011IFAD, le PAM\u2011WFP, Bioversity International et l\u2019IDLO doivent transiter par la Repr\u00e9sentation Permanente de l\u2019Italie aupr\u00e8s des Organisations des Nations Unies \u00e0 Rome.<\/strong><\/p>\n<p>&nbsp;<\/p>\n<h5 style=\"text-align: justify;\"><strong>Quelle est la documentation requise ?<\/strong><\/h5>\n<p style=\"text-align: justify;\">Pour obtenir le visa, le demandeur doit pr\u00e9senter, en plus du formulaire de demande d\u00fbment rempli et sign\u00e9, du document de voyage en cours de validit\u00e9 et des photos d\u2019identit\u00e9 :<\/p>\n<ul>\n<li style=\"text-align: justify;\"><strong>Documentation appropri\u00e9e attestant<\/strong> le statut de fonctionnaire public ou de repr\u00e9sentant d\u2019une organisation internationale envoy\u00e9 en Italie pour l\u2019exercice de ses fonctions (ex. : Note Verbale, Ordre de Mission ou communications officielles des autorit\u00e9s comp\u00e9tentes confirmant le caract\u00e8re institutionnel de la mission) ;<\/li>\n<li style=\"text-align: justify;\"><strong>Billet d\u2019avion aller\u2011retour<\/strong> (ou <strong>r\u00e9servation<\/strong>) ;<\/li>\n<li style=\"text-align: justify;\"><strong>Assurance m\u00e9dicale<\/strong> valable pour l\u2019ensemble de l\u2019Espace Schengen, avec une couverture minimale de <strong>30 000 euros<\/strong> pour les frais m\u00e9dicaux et le rapatriement, conform\u00e9ment \u00e0 l\u2019article 15 du Code des visas (R\u00e8glement (CE) 810\/2009) ;<\/li>\n<li style=\"text-align: justify;\"><strong>Preuve de la disponibilit\u00e9 d\u2019un h\u00e9bergement<\/strong> (r\u00e9servation d\u2019h\u00f4tel ou d\u00e9claration de l\u2019organisme h\u00f4te mettant \u00e0 disposition un logement appropri\u00e9).<\/li>\n<\/ul>\n","protected":false},"excerpt":{"rendered":"CO\u00dbT DU VISA : 77 000 F CFA Le visa pour mission permet l\u2019entr\u00e9e en Italie, pour des s\u00e9jours de courte ou de longue dur\u00e9e, \u00e0 des ressortissants \u00e9trangers devant se rendre sur le territoire national pour des raisons li\u00e9es \u00e0 leurs fonctions publiques ou \u00e0 des missions d\u2019utilit\u00e9 publique. Il est destin\u00e9 en premier [&hellip;]","protected":false},"author":4,"featured_media":0,"parent":2486,"menu_order":7,"comment_status":"closed","ping_status":"closed","template":"","meta":{"footnotes":""},"class_list":["post-2622","page","type-page","status-publish","hentry"],"_links":{"self":[{"href":"https:\/\/ambabidjan.esteri.it\/fr\/wp-json\/wp\/v2\/pages\/2622","targetHints":{"allow":["GET"]}}],"collection":[{"href":"https:\/\/ambabidjan.esteri.it\/fr\/wp-json\/wp\/v2\/pages"}],"about":[{"href":"https:\/\/ambabidjan.esteri.it\/fr\/wp-json\/wp\/v2\/types\/page"}],"author":[{"embeddable":true,"href":"https:\/\/ambabidjan.esteri.it\/fr\/wp-json\/wp\/v2\/users\/4"}],"replies":[{"embeddable":true,"href":"https:\/\/ambabidjan.esteri.it\/fr\/wp-json\/wp\/v2\/comments?post=2622"}],"version-history":[{"count":2,"href":"https:\/\/ambabidjan.esteri.it\/fr\/wp-json\/wp\/v2\/pages\/2622\/revisions"}],"predecessor-version":[{"id":2686,"href":"https:\/\/ambabidjan.esteri.it\/fr\/wp-json\/wp\/v2\/pages\/2622\/revisions\/2686"}],"up":[{"embeddable":true,"href":"https:\/\/ambabidjan.esteri.it\/fr\/wp-json\/wp\/v2\/pages\/2486"}],"wp:attachment":[{"href":"https:\/\/ambabidjan.esteri.it\/fr\/wp-json\/wp\/v2\/media?parent=2622"}],"curies":[{"name":"wp","href":"https:\/\/api.w.org\/{rel}","templated":true}]}}