{"id":2615,"date":"2026-01-11T18:39:53","date_gmt":"2026-01-11T17:39:53","guid":{"rendered":"https:\/\/ambabidjan.esteri.it\/?page_id=2615"},"modified":"2026-01-12T15:18:11","modified_gmt":"2026-01-12T14:18:11","slug":"visa-pour-travail-independant","status":"publish","type":"page","link":"https:\/\/ambabidjan.esteri.it\/fr\/servizi-consolari-e-visti\/servizi-per-il-cittadino-straniero\/visti\/visas-nationaux-type-d\/visa-pour-travail-independant\/","title":{"rendered":"Visa pour travail ind\u00e9pendant"},"content":{"rendered":"<p style=\"text-align: justify;\"><strong><a href=\"https:\/\/ambabidjan.esteri.it\/wp-content\/uploads\/2026\/01\/Tabella-dei-diritti-percepiti-per-i-visti-gennaio-2026-1.pdf\" target=\"_blank\" rel=\"noopener\">CO\u00dbT DU VISA<\/a> : 77 000 F CFA<\/strong><\/p>\n<p style=\"text-align: justify;\">Le <strong>visa pour travail ind\u00e9pendant<\/strong> est le titre d\u2019entr\u00e9e qui permet aux ressortissants de pays tiers d\u2019exercer en Italie une <strong>activit\u00e9 \u00e9conomique organis\u00e9e de mani\u00e8re autonome<\/strong>, c\u2019est\u2011\u00e0\u2011dire sans lien de subordination. Il couvre les <strong>activit\u00e9s entrepreneuriales<\/strong> (individuelles ou soci\u00e9taires), les <strong>professions lib\u00e9rales<\/strong> r\u00e9glement\u00e9es ou non r\u00e9glement\u00e9es, les <strong>activit\u00e9s artisanales ou commerciales<\/strong>, ainsi que certaines cat\u00e9gories particuli\u00e8res pr\u00e9vues \u00e0 l\u2019art. 27 du T.U. (artistes de renomm\u00e9e, sportifs, professionnels hautement qualifi\u00e9s, etc.) lorsqu\u2019elles sont exerc\u00e9es en r\u00e9gime de travail ind\u00e9pendant. Il peut \u00eatre d\u00e9livr\u00e9 pour des <strong>s\u00e9jours de courte dur\u00e9e<\/strong> (par exemple pour le d\u00e9marrage d&rsquo;une activit\u00e9, la contractualisation ou les d\u00e9marches pr\u00e9liminaires) ou pour des <strong>s\u00e9jours de longue dur\u00e9e<\/strong>, \u00e0 dur\u00e9e d\u00e9termin\u00e9e ou ind\u00e9termin\u00e9e, visant \u00e0 un \u00e9tablissement \u00e9conomique stable en Italie.<\/p>\n<p style=\"text-align: justify;\">L\u2019entr\u00e9e pour travail ind\u00e9pendant est, en r\u00e8gle g\u00e9n\u00e9rale, soumise aux <strong>quotas annuels<\/strong> fix\u00e9s par le <a href=\"https:\/\/ambabidjan.esteri.it\/fr\/servizi-consolari-e-visti\/servizi-per-il-cittadino-straniero\/le-visa-pour-litalie\/le-decret-flux-decret-sur-les-quotas-dentree-pour-travailleurs-etrangers\/\" target=\"_blank\" rel=\"noopener\"><strong>D\u00e9cret Flux<\/strong><\/a>, adopt\u00e9 par D.P.C.M., dont il est vivement recommand\u00e9 de prendre connaissance.<\/p>\n<p>&nbsp;<\/p>\n<p style=\"text-align: justify;\"><strong>ENTR\u00c9ES \u00ab DANS LE CADRE DES QUOTAS \u00bb<\/strong><\/p>\n<p style=\"text-align: justify;\">Les entr\u00e9es pour travail ind\u00e9pendant dans le cadre des quotas sont admises <strong>uniquement<\/strong> <strong>pour les cat\u00e9gories express\u00e9ment indiqu\u00e9es<\/strong> dans le d\u00e9cret flux en vigueur, \u00e0 savoir :<\/p>\n<ol style=\"text-align: justify;\">\n<li style=\"text-align: justify;\"><strong>Entrepreneurs<\/strong>\u00a0exer\u00e7ant une <strong>activit\u00e9 d\u2019int\u00e9r\u00eat pour l\u2019\u00e9conomie italienne<\/strong>, \u00e0 d\u00e9montrer par la pr\u00e9sentation d\u2019un business plan attestant clairement la <strong>disponibilit\u00e9 de ressources propres<\/strong> \u2014 d\u2019origine licite \u2014 d\u2019un montant <strong>non inf\u00e9rieur \u00e0 500 000 \u20ac<\/strong>, destin\u00e9es au projet d\u2019investissement, ainsi que la perspective de cr\u00e9er au moins <strong>trois (3)<\/strong> nouveaux emplois.<\/li>\n<li style=\"text-align: justify;\"><strong>Professionnels lib\u00e9raux<\/strong>\u00a0exer\u00e7ant des<strong> professions r\u00e9glement\u00e9es ou supervis\u00e9es<\/strong> (avocats, m\u00e9decins, ing\u00e9nieurs, etc.) : dans ce cas, l\u2019<strong>ordre professionnel comp\u00e9tent<\/strong> v\u00e9rifie les qualifications et d\u00e9livre l\u2019attestation requise, \u00e9ventuellement apr\u00e8s reconnaissance du titre \u00e9tranger conform\u00e9ment \u00e0 la l\u00e9gislation sectorielle ; ou des <strong>professions non r\u00e9glement\u00e9es<\/strong>, \u00e0 condition qu\u2019elles soient <strong>repr\u00e9sent\u00e9es par des associations nationales inscrites dans des registres publics<\/strong> habilit\u00e9es \u00e0 d\u00e9livrer des attestations de qualit\u00e9 et de qualification professionnelle.<\/li>\n<li style=\"text-align: justify;\"><strong>Titres d\u2019administration ou de contr\u00f4le dans des soci\u00e9t\u00e9s italiennes<\/strong>\u00a0<strong>non coop\u00e9ratives<\/strong> (S.p.A., S.r.l., S.a.p.A.), strictement \u00e9num\u00e9r\u00e9es dans le D\u00e9cret Interminist\u00e9riel 850\/2011 : <strong>Pr\u00e9sident, membre du Conseil d\u2019administration, Administrateur d\u00e9l\u00e9gu\u00e9, Commissaire aux comptes<\/strong>. Dans ce cas, l\u2019attestation relative aux ressources financi\u00e8res est remplac\u00e9e par le <strong>certificat d\u2019immatriculation de la soci\u00e9t\u00e9 au registre des entreprises<\/strong> et par une <strong>d\u00e9claration formelle<\/strong> du repr\u00e9sentant l\u00e9gal <strong>\u00e0 la Direction territoriale du travail<\/strong> attestant qu\u2019aucun rapport de travail salari\u00e9 ne sera \u00e9tabli avec le demandeur.<\/li>\n<li style=\"text-align: justify;\"><strong>Artistes de renomm\u00e9e ou de haute qualification<\/strong>, lesquels devront fournir : copie du contrat de travail ind\u00e9pendant garantissant une r\u00e9mun\u00e9ration sup\u00e9rieure \u00e0 celle pr\u00e9vue par les conventions collectives nationales pour des qualifications similaires ; d\u00e9claration formelle du repr\u00e9sentant l\u00e9gal de l\u2019organisme h\u00f4te \u00e0 la Direction territoriale du travail attestant l\u2019absence de rapport de travail salari\u00e9 ; nulla osta de la Questura comp\u00e9tente ; preuve d\u2019un logement ad\u00e9quat (r\u00e9servation d\u2019h\u00f4tel ou d\u00e9claration du donneur d\u2019ordre mettant \u00e0 disposition un logement appropri\u00e9). Les visas pour travail ind\u00e9pendant \/ spectacle de <strong>courte dur\u00e9e<\/strong> sont d\u00e9livr\u00e9s <strong>hors quotas<\/strong>, sur simple pr\u00e9sentation du contrat.<\/li>\n<li><strong>Ressortissants \u00e9trangers souhaitant cr\u00e9er en Italie une start\u2011up innovante<\/strong> (art. 25, al. 2, Loi 221\/2012). Ils doivent fournir : <strong>nulla osta du Comit\u00e9 technique \u00ab <em>Italia Start\u2011up Visa<\/em> \u00bb <\/strong>(<a href=\"https:\/\/italiastartupvisa.mise.gov.it\/\"><i><span style=\"font-weight: normal !msorm;\">https:\/\/italiastartupvisa.mise.gov.it\/<\/span><\/i><\/a>); preuve de <strong>ressources financi\u00e8res<\/strong> d\u2019origine licite d\u2019<strong>au moins 50 000 \u20ac<\/strong> destin\u00e9es \u00e0 la start\u2011up ; preuve d\u2019un <strong>logement ad\u00e9quat<\/strong> (r\u00e9servation d\u2019h\u00f4tel, contrat de location, d\u00e9claration d\u2019un tiers) ; preuve d\u2019un revenu annuel, dans le pays d\u2019origine, sup\u00e9rieur au seuil d\u2019<strong>exon\u00e9ration de la participation aux frais de sant\u00e9<\/strong>.<\/li>\n<\/ol>\n<p style=\"text-align: justify;\">Les <strong>sportifs \u00e9trangers<\/strong> appel\u00e9s en Italie pour exercer une <strong>activit\u00e9 professionnelle ind\u00e9pendante<\/strong> ne peuvent obtenir un visa d\u2019entr\u00e9e qu\u2019apr\u00e8s pr\u00e9sentation d\u2019une <strong>d\u00e9claration nominative d\u2019assentiment<\/strong> d\u00e9livr\u00e9e par le <strong>CONI<\/strong>, accompagn\u00e9e du <strong>nulla osta<\/strong> de la <strong>Questura<\/strong> comp\u00e9tente, indiquant express\u00e9ment que l\u2019activit\u00e9 professionnelle rel\u00e8ve du travail ind\u00e9pendant. Dans ce cas, les entr\u00e9es ne sont <strong>pas soumises aux quotas<\/strong>.<\/p>\n<p style=\"text-align: justify;\"><strong>Ne sont pas comprises<\/strong> dans les cat\u00e9gories soumises aux quotas <strong>les formes de contractualisation dites \u00ab autonomes \u00bb<\/strong> (par ex. CO.CO.CO.) qui pr\u00e9sentent en r\u00e9alit\u00e9 des caract\u00e9ristiques et des conditions <strong>assimilables \u00e0 un rapport de travail salari\u00e9<\/strong>, telles que, par exemple, une <strong>r\u00e9mun\u00e9ration p\u00e9riodique pr\u00e9d\u00e9finie<\/strong>, le <strong>lieu de la prestation<\/strong>, son <strong>organisation<\/strong> ou sa <strong>dur\u00e9e dans le temps<\/strong>.<\/p>\n<p>&nbsp;<\/p>\n<h5 style=\"text-align: justify;\"><strong>Quelle est la documentation requise ?<\/strong><\/h5>\n<p style=\"text-align: justify;\">Le demandeur doit pr\u00e9senter, en plus du formulaire de demande d\u00fbment rempli et sign\u00e9, du document de voyage en cours de validit\u00e9 et des photos d\u2019identit\u00e9 :<\/p>\n<ul style=\"text-align: justify;\">\n<li><strong>D\u00e9claration de non\u2011existence de motifs d\u2019emp\u00eachement<\/strong>, d\u00e9livr\u00e9e par l\u2019autorit\u00e9 administrative italienne comp\u00e9tente, lorsque des autorisations, licences ou inscriptions dans des registres sont requises ;<\/li>\n<li><strong>Attestation des ressources financi\u00e8res n\u00e9cessaires \u00e0 l\u2019exercice de l\u2019activit\u00e9<\/strong>, d\u00e9livr\u00e9e par la Chambre de commerce (CCIAA) comp\u00e9tente ou par l\u2019ordre professionnel comp\u00e9tent ;<\/li>\n<li><strong>Nulla osta provisoire<\/strong> de la Questura comp\u00e9tente, valable trois mois maximum ;<\/li>\n<li><strong>Preuve de la disponibilit\u00e9 d\u2019un logement appropri\u00e9<\/strong> (contrat de propri\u00e9t\u00e9 ou de location, r\u00e9servation h\u00f4teli\u00e8re, ou d\u00e9claration de la partie contractante attestant qu\u2019un logement ad\u00e9quat a \u00e9t\u00e9 mis \u00e0 disposition du demandeur) ;<\/li>\n<li><strong>Preuve d\u2019un revenu annuel<\/strong>, d\u2019origine licite, <strong>sup\u00e9rieur au seuil d\u2019exon\u00e9ration de la participation aux frais de sant\u00e9<\/strong>. Ce revenu <strong>ne peut pas<\/strong> \u00eatre d\u00e9montr\u00e9 par une garantie bancaire ou une police d\u2019assurance.<\/li>\n<\/ul>\n<p>&nbsp;<\/p>\n<p style=\"text-align: justify;\"><strong>ENTR\u00c9ES \u00ab HORS QUOTAS \u00bb<\/strong><\/p>\n<p style=\"text-align: justify;\">Les entr\u00e9es pour <strong>travail ind\u00e9pendant hors quotas<\/strong> sont admises pour les <strong>cat\u00e9gories strictement \u00e9num\u00e9r\u00e9es<\/strong> \u00e0 l\u2019art. 27, al. 1, lettres a, b, c, d du D.lgs. 286\/1998 :<\/p>\n<ol style=\"text-align: justify;\">\n<li><strong>Dirigeants ou personnel hautement sp\u00e9cialis\u00e9 de soci\u00e9t\u00e9s \u00e9trang\u00e8res ou italiennes<\/strong> disposant de si\u00e8ges, filiales ou bureaux de repr\u00e9sentation en Italie, employ\u00e9s <strong>depuis au moins six mois<\/strong> dans le m\u00eame secteur avant le transfert ;<\/li>\n<li><strong>Lecteurs universitaires<\/strong> exer\u00e7ant dans le cadre de programmes d\u2019\u00e9change ou d\u2019enseignement linguistique ;<\/li>\n<li><strong>Professeurs universitaires<\/strong> appel\u00e9s \u00e0 exercer une fonction acad\u00e9mique en Italie ;<\/li>\n<li><strong>Traducteurs et interpr\u00e8tes professionnels<\/strong>.<\/li>\n<\/ol>\n<p>&nbsp;<\/p>\n<h5 style=\"text-align: justify;\"><strong>Quelle est la documentation requise ?<\/strong><\/h5>\n<p style=\"text-align: justify;\">Le demandeur doit pr\u00e9senter :<\/p>\n<ul>\n<li style=\"text-align: justify;\"><strong>Certification de la Direction territoriale du travail<\/strong> attestant que le contrat d\u2019\u0153uvre ne constitue pas un rapport de travail salari\u00e9 ;<\/li>\n<li style=\"text-align: justify;\"><strong>Copie du contrat d\u2019\u0153uvre<\/strong> ;<\/li>\n<li style=\"text-align: justify;\"><strong>Nulla osta provisoire<\/strong> de la Questura comp\u00e9tente, valable trois mois maximum ;<\/li>\n<li style=\"text-align: justify;\"><strong>Preuve de la disponibilit\u00e9 d\u2019un logement appropri\u00e9<\/strong> (contrat de propri\u00e9t\u00e9 ou de location, r\u00e9servation h\u00f4teli\u00e8re, ou d\u00e9claration de la partie contractante attestant qu\u2019un logement ad\u00e9quat a \u00e9t\u00e9 mis \u00e0 disposition du demandeur) ;<\/li>\n<li style=\"text-align: justify;\"><strong>Preuve d\u2019un revenu annuel<\/strong>, d\u2019origine licite, <strong>sup\u00e9rieur au seuil d\u2019exon\u00e9ration de la participation aux frais de sant\u00e9. <\/strong>Ce revenu <strong>ne peut pas<\/strong> \u00eatre d\u00e9montr\u00e9 par une garantie bancaire ou une police d\u2019assurance.<\/li>\n<\/ul>\n","protected":false},"excerpt":{"rendered":"CO\u00dbT DU VISA : 77 000 F CFA Le visa pour travail ind\u00e9pendant est le titre d\u2019entr\u00e9e qui permet aux ressortissants de pays tiers d\u2019exercer en Italie une activit\u00e9 \u00e9conomique organis\u00e9e de mani\u00e8re autonome, c\u2019est\u2011\u00e0\u2011dire sans lien de subordination. Il couvre les activit\u00e9s entrepreneuriales (individuelles ou soci\u00e9taires), les professions lib\u00e9rales r\u00e9glement\u00e9es ou non r\u00e9glement\u00e9es, les [&hellip;]","protected":false},"author":4,"featured_media":0,"parent":2486,"menu_order":4,"comment_status":"closed","ping_status":"closed","template":"","meta":{"footnotes":""},"class_list":["post-2615","page","type-page","status-publish","hentry"],"_links":{"self":[{"href":"https:\/\/ambabidjan.esteri.it\/fr\/wp-json\/wp\/v2\/pages\/2615","targetHints":{"allow":["GET"]}}],"collection":[{"href":"https:\/\/ambabidjan.esteri.it\/fr\/wp-json\/wp\/v2\/pages"}],"about":[{"href":"https:\/\/ambabidjan.esteri.it\/fr\/wp-json\/wp\/v2\/types\/page"}],"author":[{"embeddable":true,"href":"https:\/\/ambabidjan.esteri.it\/fr\/wp-json\/wp\/v2\/users\/4"}],"replies":[{"embeddable":true,"href":"https:\/\/ambabidjan.esteri.it\/fr\/wp-json\/wp\/v2\/comments?post=2615"}],"version-history":[{"count":2,"href":"https:\/\/ambabidjan.esteri.it\/fr\/wp-json\/wp\/v2\/pages\/2615\/revisions"}],"predecessor-version":[{"id":2680,"href":"https:\/\/ambabidjan.esteri.it\/fr\/wp-json\/wp\/v2\/pages\/2615\/revisions\/2680"}],"up":[{"embeddable":true,"href":"https:\/\/ambabidjan.esteri.it\/fr\/wp-json\/wp\/v2\/pages\/2486"}],"wp:attachment":[{"href":"https:\/\/ambabidjan.esteri.it\/fr\/wp-json\/wp\/v2\/media?parent=2615"}],"curies":[{"name":"wp","href":"https:\/\/api.w.org\/{rel}","templated":true}]}}