{"id":2606,"date":"2026-01-11T18:24:54","date_gmt":"2026-01-11T17:24:54","guid":{"rendered":"https:\/\/ambabidjan.esteri.it\/?page_id=2606"},"modified":"2026-01-12T14:24:09","modified_gmt":"2026-01-12T13:24:09","slug":"visa-diplomatique","status":"publish","type":"page","link":"https:\/\/ambabidjan.esteri.it\/fr\/servizi-consolari-e-visti\/servizi-per-il-cittadino-straniero\/visti\/visas-nationaux-type-d\/visa-diplomatique\/","title":{"rendered":"Visa diplomatique"},"content":{"rendered":"<p style=\"text-align: justify;\">Le <strong>visa diplomatique<\/strong> pour accr\u00e9ditation ou notification permet l\u2019entr\u00e9e et le s\u00e9jour en Italie, pour une p\u00e9riode de <strong>longue dur\u00e9e<\/strong> et <strong>\u00e0 caract\u00e8re ind\u00e9termin\u00e9<\/strong>, aux <strong>titulaires d\u2019un passeport diplomatique ou de service<\/strong> appel\u00e9s \u00e0 exercer leurs fonctions aupr\u00e8s des repr\u00e9sentations diplomatiques ou consulaires de leur pays en Italie ou aupr\u00e8s du Saint\u2011Si\u00e8ge.<\/p>\n<p style=\"text-align: justify;\">Le visa est \u00e9galement d\u00e9livr\u00e9 aux <strong>membres du<\/strong> <strong>noyau familial cohabitant<\/strong> du titulaire :<\/p>\n<ul style=\"text-align: justify;\">\n<li><strong>le conjoint ou le partenaire d\u2019une union civile<\/strong> entre personnes de m\u00eame sexe, \u00e2g\u00e9 d\u2019au moins 18 ans ;<\/li>\n<li>les <strong>enfants de moins de 21 ans<\/strong> (ou de moins de 25 ans lorsque la r\u00e9ciprocit\u00e9 internationale est garantie), <strong>y compris ceux du conjoint ou n\u00e9s hors mariage<\/strong>. Pour les <strong>mineurs<\/strong> enfants d\u2019un seul des demandeurs, il est n\u00e9cessaire de fournir l\u2019<strong>autorisation parentale<\/strong> de l\u2019autre parent biologique. Sont <strong>assimil\u00e9s<\/strong> les <strong>enfants adopt\u00e9s, confi\u00e9s ou plac\u00e9s sous tutelle<\/strong> conform\u00e9ment \u00e0 l\u2019art. 29, al. 2 du D.lgs. 286\/1998 ;<\/li>\n<li>les <strong>enfants en situation de handicap,<\/strong> quel que soit leur \u00e2ge ;<\/li>\n<li>les <strong>parents<\/strong> (y compris ceux du conjoint) <strong>cohabitants et \u00e0 charge<\/strong> du b\u00e9n\u00e9ficiaire principal, sous r\u00e9serve de r\u00e9ciprocit\u00e9 internationale.<\/li>\n<\/ul>\n<p style=\"text-align: justify;\">Les demandes de visa doivent \u00eatre pr\u00e9sent\u00e9es <strong>par voie diplomatique<\/strong>, au moyen d\u2019une <strong>Note Verbale<\/strong> \u00e9mise par le Minist\u00e8re des Affaires \u00e9trang\u00e8res ou par la Repr\u00e9sentation diplomatique\u2011consulaire comp\u00e9tente du pays concern\u00e9. La Note Verbale doit indiquer les <strong>donn\u00e9es personnelles compl\u00e8tes et exactes<\/strong> du b\u00e9n\u00e9ficiaire principal ainsi que de tous les membres de son noyau familial cohabitant pour lesquels le visa diplomatique est demand\u00e9.<\/p>\n<p style=\"text-align: justify;\">La Note Verbale doit pr\u00e9ciser explicitement si le diplomate pour lequel le visa est sollicit\u00e9 <strong>remplacera un pr\u00e9d\u00e9cesseur<\/strong> (dont les donn\u00e9es compl\u00e8tes doivent \u00eatre indiqu\u00e9es) ou s\u2019il s\u2019agit d\u2019un <strong>poste nouvellement cr\u00e9\u00e9<\/strong>.<\/p>\n<p style=\"text-align: justify;\">La d\u00e9livrance du visa est subordonn\u00e9e au <strong>Nulla Osta du Protocole Diplomatique de la R\u00e9publique<\/strong> du Minist\u00e8re des Affaires \u00e9trang\u00e8res et de la Coop\u00e9ration internationale. Une fois l\u2019entr\u00e9e autoris\u00e9e, le Protocole d\u00e9livre au titulaire et aux membres de sa famille cohabitants une <strong>carte d\u2019identit\u00e9 sp\u00e9ciale<\/strong>, qui remplace le permis de s\u00e9jour et atteste du statut diplomatique ou consulaire du b\u00e9n\u00e9ficiaire. La demande de carte d\u2019identit\u00e9 sp\u00e9ciale doit \u00eatre pr\u00e9sent\u00e9e <strong>dans les trente (30) jours<\/strong> suivant l\u2019entr\u00e9e sur le territoire italien.<\/p>\n<p>&nbsp;<\/p>\n<h5 style=\"text-align: justify;\"><strong>Puis\u2011je faire venir mon personnel domestique priv\u00e9 ?<\/strong><\/h5>\n<p style=\"text-align: justify;\">Les demandes de visa d\u2019entr\u00e9e pour <strong>travail salari\u00e9 hors quotas<\/strong> en faveur du <strong>personnel domestique priv\u00e9<\/strong> accompagnant les fonctionnaires diplomatiques, le personnel technique\u2011administratif, les fonctionnaires consulaires ou les fonctionnaires des Organisations internationales ayant leur si\u00e8ge en Italie doivent \u00e9galement \u00eatre <strong>pr\u00e9sent\u00e9es par Note Verbale<\/strong> du Minist\u00e8re des Affaires \u00e9trang\u00e8res local ou de la Repr\u00e9sentation diplomatique\u2011consulaire du pays concern\u00e9. La Note Verbale doit \u00eatre accompagn\u00e9e du <strong><a href=\"https:\/\/ambabidjan.esteri.it\/wp-content\/uploads\/2026\/01\/fac-simile-contratto-di-lavoro-per-lavoratori-domestici.pdf\" target=\"_blank\" rel=\"noopener\">contrat de travail<\/a><\/strong> conforme \u00e0 la r\u00e9glementation en vigueur et d\u2019une <strong>d\u00e9claration d\u2019engagement de l\u2019employeur<\/strong> \u00e0 assurer la couverture de s\u00e9curit\u00e9 sociale du travailleur, l\u2019assurance maladie, ainsi que la garantie du retour du travailleur \u00e0 l\u2019expiration du contrat. Dans ces cas \u00e9galement, la d\u00e9livrance du visa est subordonn\u00e9e au <strong>Nulla Osta du Protocole Diplomatique de la R\u00e9publique<\/strong> du Minist\u00e8re des Affaires \u00e9trang\u00e8res et de la Coop\u00e9ration internationale.<\/p>\n","protected":false},"excerpt":{"rendered":"Le visa diplomatique pour accr\u00e9ditation ou notification permet l\u2019entr\u00e9e et le s\u00e9jour en Italie, pour une p\u00e9riode de longue dur\u00e9e et \u00e0 caract\u00e8re ind\u00e9termin\u00e9, aux titulaires d\u2019un passeport diplomatique ou de service appel\u00e9s \u00e0 exercer leurs fonctions aupr\u00e8s des repr\u00e9sentations diplomatiques ou consulaires de leur pays en Italie ou aupr\u00e8s du Saint\u2011Si\u00e8ge. Le visa est [&hellip;]","protected":false},"author":4,"featured_media":0,"parent":2486,"menu_order":3,"comment_status":"closed","ping_status":"closed","template":"","meta":{"footnotes":""},"class_list":["post-2606","page","type-page","status-publish","hentry"],"_links":{"self":[{"href":"https:\/\/ambabidjan.esteri.it\/fr\/wp-json\/wp\/v2\/pages\/2606","targetHints":{"allow":["GET"]}}],"collection":[{"href":"https:\/\/ambabidjan.esteri.it\/fr\/wp-json\/wp\/v2\/pages"}],"about":[{"href":"https:\/\/ambabidjan.esteri.it\/fr\/wp-json\/wp\/v2\/types\/page"}],"author":[{"embeddable":true,"href":"https:\/\/ambabidjan.esteri.it\/fr\/wp-json\/wp\/v2\/users\/4"}],"replies":[{"embeddable":true,"href":"https:\/\/ambabidjan.esteri.it\/fr\/wp-json\/wp\/v2\/comments?post=2606"}],"version-history":[{"count":2,"href":"https:\/\/ambabidjan.esteri.it\/fr\/wp-json\/wp\/v2\/pages\/2606\/revisions"}],"predecessor-version":[{"id":2611,"href":"https:\/\/ambabidjan.esteri.it\/fr\/wp-json\/wp\/v2\/pages\/2606\/revisions\/2611"}],"up":[{"embeddable":true,"href":"https:\/\/ambabidjan.esteri.it\/fr\/wp-json\/wp\/v2\/pages\/2486"}],"wp:attachment":[{"href":"https:\/\/ambabidjan.esteri.it\/fr\/wp-json\/wp\/v2\/media?parent=2606"}],"curies":[{"name":"wp","href":"https:\/\/api.w.org\/{rel}","templated":true}]}}