{"id":2603,"date":"2026-01-11T18:19:41","date_gmt":"2026-01-11T17:19:41","guid":{"rendered":"https:\/\/ambabidjan.esteri.it\/?page_id=2603"},"modified":"2026-01-12T15:17:39","modified_gmt":"2026-01-12T14:17:39","slug":"visa-pour-soins-medicaux","status":"publish","type":"page","link":"https:\/\/ambabidjan.esteri.it\/fr\/servizi-consolari-e-visti\/servizi-per-il-cittadino-straniero\/visti\/visas-nationaux-type-d\/visa-pour-soins-medicaux\/","title":{"rendered":"Visa pour soins m\u00e9dicaux"},"content":{"rendered":"<p style=\"text-align: justify;\"><strong><a href=\"https:\/\/ambabidjan.esteri.it\/wp-content\/uploads\/2026\/01\/Tabella-dei-diritti-percepiti-per-i-visti-gennaio-2026-1.pdf\" target=\"_blank\" rel=\"noopener\">CO\u00dbT DU VISA<\/a> : 77 000 F CFA\u00a0<\/strong><\/p>\n<p style=\"text-align: justify;\">Le <strong>visa pour soins m\u00e9dicaux<\/strong> permet l\u2019entr\u00e9e en Italie, pour un <strong>s\u00e9jour de courte ou longue dur\u00e9e<\/strong> mais toujours <strong>\u00e0 caract\u00e8re temporaire<\/strong>, \u00e0 l\u2019\u00e9tranger devant suivre un <strong>traitement m\u00e9dical dans des \u00e9tablissements italiens publics ou priv\u00e9s agr\u00e9\u00e9s<\/strong>. Le cadre juridique de r\u00e9f\u00e9rence est d\u00e9fini \u00e0 l\u2019article 36 du d\u00e9cret l\u00e9gislatif 286\/1998 et \u00e0 l\u2019article 44 du D.P.R. 394\/1999, qui pr\u00e9cisent les conditions, exigences et documents n\u00e9cessaires.<\/p>\n<p style=\"text-align: justify;\">La demande peut \u00e9galement \u00eatre pr\u00e9sent\u00e9e par un membre de la famille ou par une personne ayant un int\u00e9r\u00eat l\u00e9gitime. Le visa peut <strong>aussi<\/strong> \u00eatre d\u00e9livr\u00e9 <strong>\u00e0 un accompagnateur<\/strong>, \u00e0 condition qu\u2019il dispose de moyens \u00e9conomiques suffisants pour la dur\u00e9e du s\u00e9jour.<\/p>\n<p style=\"text-align: justify;\">Le <strong>permis de s\u00e9jour pour soins m\u00e9dicaux<\/strong>\u00a0a une <strong>dur\u00e9e correspondant \u00e0 celle du traitement th\u00e9rapeutique<\/strong>, est <strong>renouvelable<\/strong> tant que des besoins cliniques document\u00e9s persistent et <strong>permet l\u2019exercice d\u2019une activit\u00e9 professionnelle<\/strong>.<\/p>\n<p style=\"text-align: justify;\">Dans le cas de <strong>simples visites m\u00e9dicales<\/strong>, un <strong>visa touristique<\/strong> peut \u00eatre d\u00e9livr\u00e9, lorsque les conditions l\u00e9gales sont remplies. L\u2019Ambassade d\u2019Italie peut demander la pr\u00e9sentation d\u2019un certificat \u00e9tabli par un m\u00e9decin de son choix attestant que <strong>les soins n\u00e9cessaires ne sont pas disponibles dans le pays de r\u00e9sidence<\/strong>.<\/p>\n<p>&nbsp;<\/p>\n<h5 style=\"text-align: justify;\"><strong>Quelle est la documentation requise ?<\/strong><\/h5>\n<p style=\"text-align: justify;\">Pour obtenir le visa, le demandeur doit pr\u00e9senter, en plus du formulaire de demande d\u00fbment rempli et sign\u00e9, du document de voyage en cours de validit\u00e9 et des photos d\u2019identit\u00e9 :<\/p>\n<ul>\n<li style=\"text-align: justify;\">Un <strong>certificat m\u00e9dical attestant la pathologie<\/strong>, d\u00e9livr\u00e9 par une structure italienne ou par un \u00e9tablissement sanitaire \u00e9tranger jug\u00e9 appropri\u00e9 par l\u2019Ambassade, avec traduction en italien ;<\/li>\n<li style=\"text-align: justify;\">Une <strong>d\u00e9claration de l\u2019\u00e9tablissement sanitaire italien choisi<\/strong> (public ou priv\u00e9 agr\u00e9\u00e9) indiquant le type de traitement, la date de d\u00e9but, la dur\u00e9e pr\u00e9vue du traitement et l\u2019\u00e9ventuelle p\u00e9riode d\u2019hospitalisation ;<\/li>\n<li style=\"text-align: justify;\">Une <strong>attestation de l\u2019\u00e9tablissement sanitaire italien confirmant le d\u00e9p\u00f4t d\u2019une caution \u00e9quivalente \u00e0 30 % du co\u00fbt total estim\u00e9<\/strong> des prestations m\u00e9dicales requises ;<\/li>\n<li style=\"text-align: justify;\">Une <strong>documentation prouvant la disponibilit\u00e9 en Italie de ressources \u00e9conomiques suffisantes<\/strong> pour couvrir int\u00e9gralement les frais m\u00e9dicaux, la nourriture et l\u2019h\u00e9bergement hors de la structure, ainsi que le rapatriement de l\u2019int\u00e9ress\u00e9 et de l\u2019\u00e9ventuel accompagnateur ;<\/li>\n<li style=\"text-align: justify;\">Un <strong>billet d\u2019avion aller\u2011retour<\/strong> (ou <strong>r\u00e9servation<\/strong>), \u00e9galement pour l\u2019accompagnateur \u00e9ventuel.<\/li>\n<\/ul>\n","protected":false},"excerpt":{"rendered":"CO\u00dbT DU VISA : 77 000 F CFA\u00a0 Le visa pour soins m\u00e9dicaux permet l\u2019entr\u00e9e en Italie, pour un s\u00e9jour de courte ou longue dur\u00e9e mais toujours \u00e0 caract\u00e8re temporaire, \u00e0 l\u2019\u00e9tranger devant suivre un traitement m\u00e9dical dans des \u00e9tablissements italiens publics ou priv\u00e9s agr\u00e9\u00e9s. Le cadre juridique de r\u00e9f\u00e9rence est d\u00e9fini \u00e0 l\u2019article 36 [&hellip;]","protected":false},"author":4,"featured_media":0,"parent":2486,"menu_order":2,"comment_status":"closed","ping_status":"closed","template":"","meta":{"footnotes":""},"class_list":["post-2603","page","type-page","status-publish","hentry"],"_links":{"self":[{"href":"https:\/\/ambabidjan.esteri.it\/fr\/wp-json\/wp\/v2\/pages\/2603","targetHints":{"allow":["GET"]}}],"collection":[{"href":"https:\/\/ambabidjan.esteri.it\/fr\/wp-json\/wp\/v2\/pages"}],"about":[{"href":"https:\/\/ambabidjan.esteri.it\/fr\/wp-json\/wp\/v2\/types\/page"}],"author":[{"embeddable":true,"href":"https:\/\/ambabidjan.esteri.it\/fr\/wp-json\/wp\/v2\/users\/4"}],"replies":[{"embeddable":true,"href":"https:\/\/ambabidjan.esteri.it\/fr\/wp-json\/wp\/v2\/comments?post=2603"}],"version-history":[{"count":2,"href":"https:\/\/ambabidjan.esteri.it\/fr\/wp-json\/wp\/v2\/pages\/2603\/revisions"}],"predecessor-version":[{"id":2678,"href":"https:\/\/ambabidjan.esteri.it\/fr\/wp-json\/wp\/v2\/pages\/2603\/revisions\/2678"}],"up":[{"embeddable":true,"href":"https:\/\/ambabidjan.esteri.it\/fr\/wp-json\/wp\/v2\/pages\/2486"}],"wp:attachment":[{"href":"https:\/\/ambabidjan.esteri.it\/fr\/wp-json\/wp\/v2\/media?parent=2603"}],"curies":[{"name":"wp","href":"https:\/\/api.w.org\/{rel}","templated":true}]}}