{"id":2599,"date":"2026-01-11T17:11:41","date_gmt":"2026-01-11T16:11:41","guid":{"rendered":"https:\/\/ambabidjan.esteri.it\/?page_id=2599"},"modified":"2026-01-12T15:16:58","modified_gmt":"2026-01-12T14:16:58","slug":"2599-2","status":"publish","type":"page","link":"https:\/\/ambabidjan.esteri.it\/fr\/servizi-consolari-e-visti\/servizi-per-il-cittadino-straniero\/visti\/visas-nationaux-type-d\/2599-2\/","title":{"rendered":"Visa pour adoption"},"content":{"rendered":"<p style=\"text-align: justify;\"><strong><a href=\"https:\/\/ambabidjan.esteri.it\/wp-content\/uploads\/2026\/01\/Tabella-dei-diritti-percepiti-per-i-visti-gennaio-2026-1.pdf\" target=\"_blank\" rel=\"noopener\">CO\u00dbT DU VISA<\/a> : GRATUIT<\/strong><\/p>\n<p style=\"text-align: justify;\">Le <strong>visa pour adoption<\/strong> permet l\u2019entr\u00e9e en Italie d\u2019un <strong>mineur \u00e9tranger b\u00e9n\u00e9ficiaire d\u2019une d\u00e9cision d\u2019adoption ou de placement en vue d\u2019adoption<\/strong>, \u00e9mise par l\u2019autorit\u00e9 \u00e9trang\u00e8re comp\u00e9tente conform\u00e9ment \u00e0 la l\u00e9gislation locale, en vue d\u2019un <strong>s\u00e9jour de longue dur\u00e9e<\/strong>, \u00e0 dur\u00e9e d\u00e9termin\u00e9e ou ind\u00e9termin\u00e9e, aupr\u00e8s des parents adoptifs ou des familles d\u2019accueil. Pour la d\u00e9livrance du visa, une <strong>autorisation nominative d\u2019entr\u00e9e et de s\u00e9jour permanent en Italie<\/strong>, d\u00e9livr\u00e9e par la <strong>Commission pour les Adoptions Internationales (CAI)<\/strong>, est \u00e9galement requise, conform\u00e9ment aux articles 32 et 39, lettre h), de la loi 184\/1983.<\/p>\n<p style=\"text-align: justify;\">En dehors de ces cas \u2014 et <strong>m\u00eame en pr\u00e9sence d\u2019un jugement d\u2019adoption rendu par un tribunal \u00e9tranger et d\u00e9j\u00e0 reconnu en Italie<\/strong> \u2014 la d\u00e9livrance du visa pour adoption est <strong>subordonn\u00e9e \u00e0 l\u2019obtention du Nulla Osta de la Commission pour les Adoptions Internationales (CAI)<\/strong>.<\/p>\n<p style=\"text-align: justify;\">Lors du d\u00e9p\u00f4t de la demande de visa pour adoption, <strong>les deux parents adoptifs doivent \u00eatre pr\u00e9sents<\/strong> ; dans le cas contraire, une procuration sp\u00e9cifique sign\u00e9e par le parent momentan\u00e9ment absent doit \u00eatre fournie.<\/p>\n<p style=\"text-align: justify;\">Les demandes de visa pour adoption, ainsi que tous les actes relatifs aux proc\u00e9dures d\u2019adoption internationale, sont trait\u00e9s <strong>gratuitement<\/strong>, conform\u00e9ment \u00e0 l\u2019article 82 de la loi 183\/1984.<\/p>\n<p style=\"text-align: justify;\"><strong><span style=\"text-decoration: underline;\">ATTENTION<\/span> :<\/strong> En mati\u00e8re d\u2019adoptions internationales, les dispositions sp\u00e9ciales en vigueur s\u2019appliquent, en particulier celles pr\u00e9vues par le Titre III de la loi 184\/1983 (articles 29 \u00e0 43).<br \/>\nL\u2019article 36, alin\u00e9a 4, pr\u00e9voit notamment que l\u2019adoption prononc\u00e9e par l\u2019autorit\u00e9 comp\u00e9tente d\u2019un pays \u00e9tranger \u00e0 la demande de citoyens italiens qui, au moment de la d\u00e9cision, d\u00e9montrent avoir r\u00e9sid\u00e9 de mani\u00e8re continue dans ce pays pendant au moins deux ans, est reconnue en Italie \u00e0 tous \u00e9gards par le tribunal pour mineurs, pour autant qu\u2019elle soit conforme aux principes de la Convention. Dans tous les cas, pour la d\u00e9livrance du visa pour adoption, <strong>en plus de la reconnaissance de la d\u00e9cision \u00e9trang\u00e8re, le Nulla Osta de la CAI demeure toujours n\u00e9cessaire<\/strong>.<\/p>\n<p>&nbsp;<\/p>\n<h5 style=\"text-align: justify;\"><strong>Quelle est la documentation requise ?<\/strong><\/h5>\n<p style=\"text-align: justify;\">Pour obtenir le visa, le demandeur doit pr\u00e9senter, en plus du formulaire de demande d\u00fbment rempli et sign\u00e9, du document de voyage en cours de validit\u00e9 et des photos d\u2019identit\u00e9 :<\/p>\n<ul>\n<li style=\"text-align: justify;\"><strong>Autorisation nominative d\u2019entr\u00e9e et de s\u00e9jour permanent en Italie d\u00e9livr\u00e9e par la CAI<\/strong>, dans les cas pr\u00e9vus aux articles 32 et 39, lettre h), de la loi 184\/1983, <strong>ou<\/strong><\/li>\n<li style=\"text-align: justify;\"><strong>Nulla Osta de la CAI<\/strong>, dans tous les autres cas.<\/li>\n<\/ul>\n","protected":false},"excerpt":{"rendered":"CO\u00dbT DU VISA : GRATUIT Le visa pour adoption permet l\u2019entr\u00e9e en Italie d\u2019un mineur \u00e9tranger b\u00e9n\u00e9ficiaire d\u2019une d\u00e9cision d\u2019adoption ou de placement en vue d\u2019adoption, \u00e9mise par l\u2019autorit\u00e9 \u00e9trang\u00e8re comp\u00e9tente conform\u00e9ment \u00e0 la l\u00e9gislation locale, en vue d\u2019un s\u00e9jour de longue dur\u00e9e, \u00e0 dur\u00e9e d\u00e9termin\u00e9e ou ind\u00e9termin\u00e9e, aupr\u00e8s des parents adoptifs ou des familles [&hellip;]","protected":false},"author":4,"featured_media":0,"parent":2486,"menu_order":1,"comment_status":"closed","ping_status":"closed","template":"","meta":{"footnotes":""},"class_list":["post-2599","page","type-page","status-publish","hentry"],"_links":{"self":[{"href":"https:\/\/ambabidjan.esteri.it\/fr\/wp-json\/wp\/v2\/pages\/2599","targetHints":{"allow":["GET"]}}],"collection":[{"href":"https:\/\/ambabidjan.esteri.it\/fr\/wp-json\/wp\/v2\/pages"}],"about":[{"href":"https:\/\/ambabidjan.esteri.it\/fr\/wp-json\/wp\/v2\/types\/page"}],"author":[{"embeddable":true,"href":"https:\/\/ambabidjan.esteri.it\/fr\/wp-json\/wp\/v2\/users\/4"}],"replies":[{"embeddable":true,"href":"https:\/\/ambabidjan.esteri.it\/fr\/wp-json\/wp\/v2\/comments?post=2599"}],"version-history":[{"count":3,"href":"https:\/\/ambabidjan.esteri.it\/fr\/wp-json\/wp\/v2\/pages\/2599\/revisions"}],"predecessor-version":[{"id":2677,"href":"https:\/\/ambabidjan.esteri.it\/fr\/wp-json\/wp\/v2\/pages\/2599\/revisions\/2677"}],"up":[{"embeddable":true,"href":"https:\/\/ambabidjan.esteri.it\/fr\/wp-json\/wp\/v2\/pages\/2486"}],"wp:attachment":[{"href":"https:\/\/ambabidjan.esteri.it\/fr\/wp-json\/wp\/v2\/media?parent=2599"}],"curies":[{"name":"wp","href":"https:\/\/api.w.org\/{rel}","templated":true}]}}