{"id":2591,"date":"2026-01-11T19:46:21","date_gmt":"2026-01-11T18:46:21","guid":{"rendered":"https:\/\/ambabidjan.esteri.it\/?page_id=2591"},"modified":"2026-01-12T15:29:29","modified_gmt":"2026-01-12T14:29:29","slug":"2591-2","status":"publish","type":"page","link":"https:\/\/ambabidjan.esteri.it\/fr\/servizi-consolari-e-visti\/servizi-per-il-cittadino-straniero\/visti\/visas-schengen-uniformes-vsu-type-c\/2591-2\/","title":{"rendered":"Visa pour tourisme"},"content":{"rendered":"<p style=\"text-align: justify;\"><strong><a href=\"https:\/\/ambabidjan.esteri.it\/wp-content\/uploads\/2026\/01\/Tabella-dei-diritti-percepiti-per-i-visti-gennaio-2026-1.pdf\" target=\"_blank\" rel=\"noopener\">CO\u00dbT DU VISA<\/a>\u00a0: 60 000 F CFA (plus de 13 ans) \/ 30 000 F CFA (de 7 \u00e0 12 ans) \/ GRATUIT (de 0 \u00e0 6 ans)<\/strong><\/p>\n<p style=\"text-align: justify;\">Le <strong>visa pour tourisme<\/strong> permet l\u2019entr\u00e9e en Italie, pour un <strong>s\u00e9jour de courte dur\u00e9e,<\/strong> aux ressortissants \u00e9trangers souhaitant visiter le pays pour des vacances, d\u00e9couvrir le patrimoine culturel, rendre visite \u00e0 des amis ou \u00e0 des membres de leur famille, ou encore effectuer des activit\u00e9s r\u00e9cr\u00e9atives sans finalit\u00e9 professionnelle.<\/p>\n<p>&nbsp;<\/p>\n<h5 style=\"text-align: justify;\"><strong>Quelle est la documentation requise ?<\/strong><\/h5>\n<p style=\"text-align: justify;\">Pour obtenir le visa, le demandeur doit pr\u00e9senter, en plus du formulaire de demande d\u00fbment rempli et sign\u00e9, du document de voyage en cours de validit\u00e9 et des photos d\u2019identit\u00e9 :<\/p>\n<ul style=\"text-align: justify;\">\n<li><strong>Billet d\u2019avion aller\u2011retour<\/strong> (ou <strong>r\u00e9servation<\/strong>) ;<\/li>\n<li><strong>Preuve de la disponibilit\u00e9 d\u2019un h\u00e9bergement<\/strong> (r\u00e9servation d\u2019h\u00f4tel, contrat de location, d\u00e9claration d\u2019h\u00e9bergement, d\u00e9claration de prise en charge des frais d\u2019h\u00e9bergement par l\u2019invitant) ;<\/li>\n<li>En cas de visite \u00e0 des membres de la famille ou \u00e0 des amis, une <strong>lettre d\u2019invitation<\/strong> est \u00e9galement requise, accompagn\u00e9e de la <strong>documentation attestant le lien de parent\u00e9 ou de mariage<\/strong>, ainsi que d\u2019une copie du document d\u2019identit\u00e9 de l\u2019invitant et \u2014 le cas \u00e9ch\u00e9ant \u2014 de son permis de s\u00e9jour ;<\/li>\n<li><strong>Assurance m\u00e9dicale<\/strong> valable pour l\u2019ensemble de l\u2019Espace Schengen, avec une couverture minimale de <strong>30 000 euros<\/strong> pour les frais m\u00e9dicaux et le rapatriement, conform\u00e9ment \u00e0 l\u2019article 15 du Code des visas (R\u00e8glement (CE) 810\/2009) ;<\/li>\n<li><strong>Preuve de moyens \u00e9conomiques suffisants<\/strong> pour la p\u00e9riode de s\u00e9jour demand\u00e9e, conform\u00e9ment aux param\u00e8tres de la \u00ab <strong>Table A<\/strong> \u00bb de la <strong>Directive du Minist\u00e8re de l\u2019Int\u00e9rieur du 1er mars 2000<\/strong>. \u00c0 cette fin, les <strong>relev\u00e9s bancaires<\/strong> et <strong>bulletins de salaire<\/strong> des <strong>six derniers mois<\/strong> doivent \u00eatre fournis. En cas de plusieurs comptes bancaires, il convient d\u2019inclure \u00e9galement celui sur lequel est vers\u00e9 le salaire ;<\/li>\n<li><strong>Documentation appropri\u00e9e relative \u00e0 la situation socio\u2011professionnelle du demandeur<\/strong>, d\u00e9montrant son enracinement dans le pays d\u2019origine (ex. : contrat de travail en cours et inscription \u00e0 la CNPS, accompagn\u00e9s d\u2019une lettre de l\u2019employeur confirmant que le demandeur est r\u00e9guli\u00e8rement employ\u00e9, qu\u2019il a obtenu un cong\u00e9 pour la p\u00e9riode du voyage et qu\u2019il est attendu \u00e0 son retour pour les <strong>travailleurs salari\u00e9s<\/strong> ; preuve d\u2019immatriculation de l\u2019entreprise, d\u00e9claration fiscale de l\u2019ann\u00e9e pr\u00e9c\u00e9dente et autres documents attestant une activit\u00e9 \u00e9conomique stable pour les <strong>travailleurs ind\u00e9pendants<\/strong> ; certificat de scolarit\u00e9 ou d\u2019inscription universitaire pour les <strong>\u00e9tudiants<\/strong> ; contrat de location \u00e0 long terme et extraits d\u2019actes de propri\u00e9t\u00e9 immobili\u00e8re ou fonci\u00e8re ; certificat de mariage ou actes de naissance des enfants, etc.).<\/li>\n<\/ul>\n<p style=\"text-align: justify;\"><strong><span style=\"text-decoration: underline;\">ATTENTION\u00a0<\/span>: Il est \u00e9galement n\u00e9cessaire de pr\u00e9senter un itin\u00e9raire d\u00e9taill\u00e9 et une explication pr\u00e9cise de l\u2019objectif du voyage, afin de d\u00e9montrer que l\u2019Italie constitue la destination principale ou unique. Par exemple : le billet d\u2019avion doit inclure un a\u00e9roport italien, ou \u00eatre accompagn\u00e9 de preuves d\u2019autres moyens de transport entre l\u2019a\u00e9roport d\u2019arriv\u00e9e et la destination finale en Italie ; la r\u00e9servation d\u2019h\u00f4tel doit \u00eatre valide et confirm\u00e9e ; les activit\u00e9s pr\u00e9vues en Italie doivent \u00eatre d\u00e9crites de mani\u00e8re d\u00e9taill\u00e9e.<\/strong><\/p>\n","protected":false},"excerpt":{"rendered":"CO\u00dbT DU VISA\u00a0: 60 000 F CFA (plus de 13 ans) \/ 30 000 F CFA (de 7 \u00e0 12 ans) \/ GRATUIT (de 0 \u00e0 6 ans) Le visa pour tourisme permet l\u2019entr\u00e9e en Italie, pour un s\u00e9jour de courte dur\u00e9e, aux ressortissants \u00e9trangers souhaitant visiter le pays pour des vacances, d\u00e9couvrir le patrimoine [&hellip;]","protected":false},"author":4,"featured_media":0,"parent":2482,"menu_order":10,"comment_status":"closed","ping_status":"closed","template":"","meta":{"footnotes":""},"class_list":["post-2591","page","type-page","status-publish","hentry"],"_links":{"self":[{"href":"https:\/\/ambabidjan.esteri.it\/fr\/wp-json\/wp\/v2\/pages\/2591","targetHints":{"allow":["GET"]}}],"collection":[{"href":"https:\/\/ambabidjan.esteri.it\/fr\/wp-json\/wp\/v2\/pages"}],"about":[{"href":"https:\/\/ambabidjan.esteri.it\/fr\/wp-json\/wp\/v2\/types\/page"}],"author":[{"embeddable":true,"href":"https:\/\/ambabidjan.esteri.it\/fr\/wp-json\/wp\/v2\/users\/4"}],"replies":[{"embeddable":true,"href":"https:\/\/ambabidjan.esteri.it\/fr\/wp-json\/wp\/v2\/comments?post=2591"}],"version-history":[{"count":2,"href":"https:\/\/ambabidjan.esteri.it\/fr\/wp-json\/wp\/v2\/pages\/2591\/revisions"}],"predecessor-version":[{"id":2625,"href":"https:\/\/ambabidjan.esteri.it\/fr\/wp-json\/wp\/v2\/pages\/2591\/revisions\/2625"}],"up":[{"embeddable":true,"href":"https:\/\/ambabidjan.esteri.it\/fr\/wp-json\/wp\/v2\/pages\/2482"}],"wp:attachment":[{"href":"https:\/\/ambabidjan.esteri.it\/fr\/wp-json\/wp\/v2\/media?parent=2591"}],"curies":[{"name":"wp","href":"https:\/\/api.w.org\/{rel}","templated":true}]}}