{"id":2563,"date":"2026-01-11T19:25:05","date_gmt":"2026-01-11T18:25:05","guid":{"rendered":"https:\/\/ambabidjan.esteri.it\/?page_id=2563"},"modified":"2026-01-12T15:28:07","modified_gmt":"2026-01-12T14:28:07","slug":"2563-2","status":"publish","type":"page","link":"https:\/\/ambabidjan.esteri.it\/fr\/servizi-consolari-e-visti\/servizi-per-il-cittadino-straniero\/visti\/visas-schengen-uniformes-vsu-type-c\/2563-2\/","title":{"rendered":"Visa pour motifs religieux"},"content":{"rendered":"<p style=\"text-align: justify;\"><strong><a href=\"https:\/\/ambabidjan.esteri.it\/wp-content\/uploads\/2026\/01\/Tabella-dei-diritti-percepiti-per-i-visti-gennaio-2026-1.pdf\" target=\"_blank\" rel=\"noopener\">CO\u00dbT DU VISA<\/a> : 60 000 F CFA\u00a0<\/strong><\/p>\n<p style=\"text-align: justify;\">Le <strong>visa pour motifs religieux<\/strong> permet l\u2019entr\u00e9e en Italie, pour des <strong>s\u00e9jours de courte ou de longue dur\u00e9e<\/strong>, aux <strong>religieux<\/strong> et aux <strong>ministres du culte \u00e9trangers<\/strong> appartenant \u00e0 des organisations confessionnelles, qui souhaitent <strong>participer \u00e0 des manifestations de culte ou exercer des activit\u00e9s eccl\u00e9siastiques, religieuses ou pastorales<\/strong>.<\/p>\n<p style=\"text-align: justify;\">Pour obtenir le visa, le demandeur doit pr\u00e9senter une documentation attestant la nature religieuse du s\u00e9jour et le lien avec l\u2019organisme h\u00f4te. En g\u00e9n\u00e9ral, une d\u00e9claration officielle de l\u2019institution religieuse italienne qui invite ou accueille le ressortissant \u00e9tranger est requise, pr\u00e9cisant le r\u00f4le, les activit\u00e9s pr\u00e9vues et la dur\u00e9e du s\u00e9jour.<br \/>\nL\u2019organisme h\u00f4te doit \u00e9galement garantir la prise en charge des frais de subsistance, d\u2019h\u00e9bergement et de retour, ou le demandeur doit d\u00e9montrer disposer de moyens \u00e9conomiques ad\u00e9quats, conform\u00e9ment aux param\u00e8tres \u00e9tablis par le Minist\u00e8re de l\u2019Int\u00e9rieur.<\/p>\n<p style=\"text-align: justify;\">Les demandeurs \u00ab <em>non religieux<\/em> \u00bb souhaitant participer \u00e0 des p\u00e8lerinages ou \u00e0 d\u2019autres manifestations de culte pourront obtenir, lorsque les conditions sont r\u00e9unies, un <strong>visa touristique<\/strong>.<\/p>\n<p>&nbsp;<\/p>\n<h5 style=\"text-align: justify;\"><strong>Quelle est la documentation requise ?<\/strong><\/h5>\n<p style=\"text-align: justify;\">Pour obtenir le visa, le demandeur doit pr\u00e9senter, en plus du formulaire de demande d\u00fbment rempli et sign\u00e9, du document de voyage en cours de validit\u00e9 et des photos d\u2019identit\u00e9 :<\/p>\n<ul>\n<li style=\"text-align: justify;\"><strong>Preuve du statut de \u00ab religieux \u00bb ou de ministre du culte<\/strong> au sein de sa propre organisation confessionnelle, ainsi que du <strong>caract\u00e8re religieux de l\u2019initiative ou des activit\u00e9s pr\u00e9vues en Italie<\/strong>, au moyen de d\u00e9clarations formelles du responsable de l\u2019organisation religieuse, authentifi\u00e9es par les sup\u00e9rieurs nationaux \u00e9ventuellement pr\u00e9sents dans le pays ;<\/li>\n<li style=\"text-align: justify;\"><strong>Note Verbale de demande de visa \u00e9mise par la Nonciature apostolique<\/strong> pour les religieux appartenant \u00e0 des organisations de culte catholiques ;<\/li>\n<li style=\"text-align: justify;\"><strong>Lettre d\u2019invitation de l\u2019organisation religieuse en Italie<\/strong>, authentifi\u00e9e par la Secr\u00e9tairerie d\u2019\u00c9tat du Vatican, pour les religieux appartenant \u00e0 des organisations de culte catholiques ;<\/li>\n<li style=\"text-align: justify;\"><strong>Billet d\u2019avion aller\u2011retour<\/strong> (ou <strong>r\u00e9servation<\/strong>) ;<\/li>\n<li style=\"text-align: justify;\"><strong>Preuve d\u2019h\u00e9bergement<\/strong> (r\u00e9servation d\u2019h\u00f4tel, d\u00e9claration d\u2019h\u00e9bergement, d\u00e9claration de prise en charge des frais d\u2019h\u00e9bergement par l\u2019organisme invitant) ;<\/li>\n<li style=\"text-align: justify;\"><strong>Assurance m\u00e9dicale<\/strong> valable pour l\u2019ensemble de l\u2019Espace Schengen, avec une couverture minimale de <strong>30 000 euros<\/strong> pour les frais m\u00e9dicaux et le rapatriement, conform\u00e9ment \u00e0 l\u2019article 15 du Code des visas (R\u00e8glement (CE) 810\/2009) ;<\/li>\n<li style=\"text-align: justify;\"><strong>Preuve de moyens \u00e9conomiques suffisants<\/strong> pour la p\u00e9riode de s\u00e9jour demand\u00e9e, conform\u00e9ment aux param\u00e8tres de la \u00ab<strong> Table A<\/strong> \u00bb de la <strong>Directive du Minist\u00e8re de l\u2019Int\u00e9rieur du 1er mars 2000<\/strong>, lorsque les frais ne sont pas pris en charge par l\u2019organisme invitant. \u00c0 cette fin, les <strong>relev\u00e9s bancaires<\/strong> et <strong>bulletins de salaire<\/strong> des <strong>six derniers mois<\/strong> doivent \u00eatre fournis. En cas de plusieurs comptes bancaires, il convient d\u2019inclure \u00e9galement celui sur lequel est vers\u00e9 le salaire.<\/li>\n<\/ul>\n","protected":false},"excerpt":{"rendered":"CO\u00dbT DU VISA : 60 000 F CFA\u00a0 Le visa pour motifs religieux permet l\u2019entr\u00e9e en Italie, pour des s\u00e9jours de courte ou de longue dur\u00e9e, aux religieux et aux ministres du culte \u00e9trangers appartenant \u00e0 des organisations confessionnelles, qui souhaitent participer \u00e0 des manifestations de culte ou exercer des activit\u00e9s eccl\u00e9siastiques, religieuses ou pastorales. [&hellip;]","protected":false},"author":4,"featured_media":0,"parent":2482,"menu_order":8,"comment_status":"closed","ping_status":"closed","template":"","meta":{"footnotes":""},"class_list":["post-2563","page","type-page","status-publish","hentry"],"_links":{"self":[{"href":"https:\/\/ambabidjan.esteri.it\/fr\/wp-json\/wp\/v2\/pages\/2563","targetHints":{"allow":["GET"]}}],"collection":[{"href":"https:\/\/ambabidjan.esteri.it\/fr\/wp-json\/wp\/v2\/pages"}],"about":[{"href":"https:\/\/ambabidjan.esteri.it\/fr\/wp-json\/wp\/v2\/types\/page"}],"author":[{"embeddable":true,"href":"https:\/\/ambabidjan.esteri.it\/fr\/wp-json\/wp\/v2\/users\/4"}],"replies":[{"embeddable":true,"href":"https:\/\/ambabidjan.esteri.it\/fr\/wp-json\/wp\/v2\/comments?post=2563"}],"version-history":[{"count":3,"href":"https:\/\/ambabidjan.esteri.it\/fr\/wp-json\/wp\/v2\/pages\/2563\/revisions"}],"predecessor-version":[{"id":2578,"href":"https:\/\/ambabidjan.esteri.it\/fr\/wp-json\/wp\/v2\/pages\/2563\/revisions\/2578"}],"up":[{"embeddable":true,"href":"https:\/\/ambabidjan.esteri.it\/fr\/wp-json\/wp\/v2\/pages\/2482"}],"wp:attachment":[{"href":"https:\/\/ambabidjan.esteri.it\/fr\/wp-json\/wp\/v2\/media?parent=2563"}],"curies":[{"name":"wp","href":"https:\/\/api.w.org\/{rel}","templated":true}]}}