{"id":2524,"date":"2026-01-11T18:33:44","date_gmt":"2026-01-11T17:33:44","guid":{"rendered":"https:\/\/ambabidjan.esteri.it\/?page_id=2524"},"modified":"2026-01-12T15:25:13","modified_gmt":"2026-01-12T14:25:13","slug":"visa-pour-invitation","status":"publish","type":"page","link":"https:\/\/ambabidjan.esteri.it\/fr\/servizi-consolari-e-visti\/servizi-per-il-cittadino-straniero\/visti\/visas-schengen-uniformes-vsu-type-c\/visa-pour-invitation\/","title":{"rendered":"Visa pour invitation"},"content":{"rendered":"<p style=\"text-align: justify;\"><strong><a href=\"https:\/\/ambabidjan.esteri.it\/wp-content\/uploads\/2026\/01\/Tabella-dei-diritti-percepiti-per-i-visti-gennaio-2026-1.pdf\" target=\"_blank\" rel=\"noopener\">CO\u00dbT DU VISA<\/a>\u00a0: 60 000 F CFA (plus de 13 ans) \/ 30 000 F CFA (de 7 \u00e0 12 ans) \/ GRATUIT (de 0 \u00e0 6 ans)<\/strong><\/p>\n<p style=\"text-align: justify;\">Le <strong>visa pour invitation<\/strong> permet l\u2019entr\u00e9e en Italie, pour un <strong>s\u00e9jour de courte dur\u00e9e<\/strong>, \u00e0 des ressortissants \u00e9trangers <strong>invit\u00e9s par des organismes, institutions, organisations publiques ou priv\u00e9es<\/strong> de notori\u00e9t\u00e9 reconnue, afin de <strong>participer \u00e0 des \u00e9v\u00e9nements, rencontres ou manifestations de nature politique, scientifique, culturelle ou institutionnelle<\/strong>. Il s\u2019agit d\u2019un visa destin\u00e9 \u00e0 des h\u00f4tes officiels ou qualifi\u00e9s, dont la pr\u00e9sence en Italie est li\u00e9e \u00e0 des initiatives sp\u00e9cifiques et formellement reconnues.<\/p>\n<p style=\"text-align: justify;\">Si l\u2019objectif du s\u00e9jour est d\u2019exercer des activit\u00e9s de nature \u00e9conomique ou commerciale, il convient de demander un <strong>visa pour affaires<\/strong>.<\/p>\n<p style=\"text-align: justify;\">L\u2019article 17 du Texte Unique sur l\u2019Immigration (d\u00e9cret l\u00e9gislatif 286\/1998) pr\u00e9voit \u00e9galement que le <strong>Questore<\/strong> puisse d\u00e9livrer une <strong>autorisation d\u2019entr\u00e9e<\/strong> afin de permettre \u00e0 l\u2019\u00e9tranger de <strong>participer \u00e0 des proc\u00e9dures judiciaires le concernant<\/strong> et d\u2019exercer ainsi son droit \u00e0 la d\u00e9fense. Aux \u00e9ventuels conseillers juridiques ou avocats de confiance du demandeur, un visa pour affaires pourra \u00eatre d\u00e9livr\u00e9, lorsque les conditions et exigences l\u00e9gales sont remplies.<\/p>\n<p>&nbsp;<\/p>\n<h5 style=\"text-align: justify;\"><strong>Quelle est la documentation requise ?<\/strong><\/h5>\n<p style=\"text-align: justify;\">Pour obtenir le visa, le demandeur doit pr\u00e9senter, en plus du formulaire de demande d\u00fbment rempli et sign\u00e9, du document de voyage en cours de validit\u00e9 et des photos d\u2019identit\u00e9 :<\/p>\n<ul style=\"text-align: justify;\">\n<li><strong>Lettre d\u2019invitation<\/strong> \u00e9mise par des organismes, institutions, organisations publiques ou priv\u00e9es de notori\u00e9t\u00e9 reconnue, pr\u00e9cisant la nature de l\u2019\u00e9v\u00e9nement, la dur\u00e9e du s\u00e9jour et les raisons de l\u2019invitation, en assumant \u2014 le cas \u00e9ch\u00e9ant \u2014 les frais de voyage et de s\u00e9jour ;<\/li>\n<li><strong>Billet d\u2019avion aller\u2011retour<\/strong> (ou <strong>r\u00e9servation<\/strong>) ;<\/li>\n<li><strong>Preuve d\u2019h\u00e9bergement<\/strong> (r\u00e9servation d\u2019h\u00f4tel, d\u00e9claration d\u2019h\u00e9bergement, d\u00e9claration de prise en charge des frais d\u2019h\u00e9bergement par l\u2019organisme invitant) ;<\/li>\n<li><strong>Assurance m\u00e9dicale<\/strong> valable pour l\u2019ensemble de l\u2019Espace Schengen, avec une couverture minimale de <strong>30 000 euros<\/strong> pour les frais m\u00e9dicaux et le rapatriement, conform\u00e9ment \u00e0 l\u2019article 15 du Code des visas (R\u00e8glement (CE) 810\/2009) ;<\/li>\n<li><strong>Preuve de moyens \u00e9conomiques suffisants<\/strong> pour la p\u00e9riode de s\u00e9jour demand\u00e9e, conform\u00e9ment aux param\u00e8tres de la \u00ab <strong>Table A<\/strong> \u00bb de la <strong>Directive du Minist\u00e8re de l\u2019Int\u00e9rieur du 1er mars 2000<\/strong>, lorsque les frais ne sont pas pris en charge par l\u2019organisme invitant. \u00c0 cette fin, les <strong>relev\u00e9s bancaires<\/strong> et <strong>bulletins de salaire<\/strong> des <strong>six derniers mois<\/strong> doivent \u00eatre fournis. En cas de plusieurs comptes bancaires, il convient d\u2019inclure \u00e9galement celui sur lequel est vers\u00e9 le salaire.<\/li>\n<\/ul>\n<p style=\"text-align: justify;\"><strong>ATTENTION\u00a0: Il sera \u00e9galement n\u00e9cessaire de fournir un itin\u00e9raire d\u00e9taill\u00e9 du voyage, afin de d\u00e9montrer que l\u2019Italie constitue la destination principale ou unique. Par exemple, le billet d\u2019avion doit inclure un a\u00e9roport italien, ou \u00eatre accompagn\u00e9 de preuves d\u2019autres moyens de transport entre l\u2019a\u00e9roport d\u2019arriv\u00e9e et le lieu de destination ; la r\u00e9servation d\u2019h\u00f4tel doit \u00eatre valide et confirm\u00e9e.<\/strong><\/p>\n","protected":false},"excerpt":{"rendered":"CO\u00dbT DU VISA\u00a0: 60 000 F CFA (plus de 13 ans) \/ 30 000 F CFA (de 7 \u00e0 12 ans) \/ GRATUIT (de 0 \u00e0 6 ans) Le visa pour invitation permet l\u2019entr\u00e9e en Italie, pour un s\u00e9jour de courte dur\u00e9e, \u00e0 des ressortissants \u00e9trangers invit\u00e9s par des organismes, institutions, organisations publiques ou priv\u00e9es [&hellip;]","protected":false},"author":4,"featured_media":0,"parent":2482,"menu_order":5,"comment_status":"closed","ping_status":"closed","template":"","meta":{"footnotes":""},"class_list":["post-2524","page","type-page","status-publish","hentry"],"_links":{"self":[{"href":"https:\/\/ambabidjan.esteri.it\/fr\/wp-json\/wp\/v2\/pages\/2524","targetHints":{"allow":["GET"]}}],"collection":[{"href":"https:\/\/ambabidjan.esteri.it\/fr\/wp-json\/wp\/v2\/pages"}],"about":[{"href":"https:\/\/ambabidjan.esteri.it\/fr\/wp-json\/wp\/v2\/types\/page"}],"author":[{"embeddable":true,"href":"https:\/\/ambabidjan.esteri.it\/fr\/wp-json\/wp\/v2\/users\/4"}],"replies":[{"embeddable":true,"href":"https:\/\/ambabidjan.esteri.it\/fr\/wp-json\/wp\/v2\/comments?post=2524"}],"version-history":[{"count":2,"href":"https:\/\/ambabidjan.esteri.it\/fr\/wp-json\/wp\/v2\/pages\/2524\/revisions"}],"predecessor-version":[{"id":2707,"href":"https:\/\/ambabidjan.esteri.it\/fr\/wp-json\/wp\/v2\/pages\/2524\/revisions\/2707"}],"up":[{"embeddable":true,"href":"https:\/\/ambabidjan.esteri.it\/fr\/wp-json\/wp\/v2\/pages\/2482"}],"wp:attachment":[{"href":"https:\/\/ambabidjan.esteri.it\/fr\/wp-json\/wp\/v2\/media?parent=2524"}],"curies":[{"name":"wp","href":"https:\/\/api.w.org\/{rel}","templated":true}]}}