{"id":2519,"date":"2026-01-11T18:31:11","date_gmt":"2026-01-11T17:31:11","guid":{"rendered":"https:\/\/ambabidjan.esteri.it\/?page_id=2519"},"modified":"2026-01-12T15:24:51","modified_gmt":"2026-01-12T14:24:51","slug":"visa-pour-competition-sportive","status":"publish","type":"page","link":"https:\/\/ambabidjan.esteri.it\/fr\/servizi-consolari-e-visti\/servizi-per-il-cittadino-straniero\/visti\/visas-schengen-uniformes-vsu-type-c\/visa-pour-competition-sportive\/","title":{"rendered":"Visa pour comp\u00e9tition sportive"},"content":{"rendered":"<p style=\"text-align: justify;\"><strong><a href=\"https:\/\/ambabidjan.esteri.it\/wp-content\/uploads\/2026\/01\/Tabella-dei-diritti-percepiti-per-i-visti-gennaio-2026-1.pdf\" target=\"_blank\" rel=\"noopener\">CO\u00dbT DU VISA<\/a>\u00a0: 60 000 F CFA (plus de 13 ans) \/ 30 000 F CFA (de 7 \u00e0 12 ans) \/ GRATUIT (de 0 \u00e0 6 ans)<\/strong><\/p>\n<p style=\"text-align: justify;\">Le <strong>visa pour comp\u00e9tition sportive<\/strong> permet l\u2019entr\u00e9e en Italie, pour un <strong>s\u00e9jour de courte dur\u00e9e,<\/strong> aux athl\u00e8tes \u00e9trangers ainsi qu\u2019aux membres du personnel technique qui les accompagnent \u2014 entra\u00eeneurs, directeurs technico\u2011sportifs, pr\u00e9parateurs physiques \u2014 appel\u00e9s \u00e0 participer, au niveau professionnel ou amateur, \u00e0 des <strong>comp\u00e9titions ou manifestations sportives organis\u00e9es par les F\u00e9d\u00e9rations Sportives Nationales ou les Disciplines Sportives Associ\u00e9es reconnues par le CONI<\/strong>. Le visa est d\u00e9livr\u00e9 exclusivement pour des \u00e9v\u00e9nements officiels ou amicaux relevant des disciplines reconnues par le Comit\u00e9 National Olympique Italien.<\/p>\n<p style=\"text-align: justify;\">La participation doit \u00eatre confirm\u00e9e par une <strong>communication du CONI<\/strong>, attestant l\u2019importance de la comp\u00e9tition, confirmant l\u2019invitation adress\u00e9e \u00e0 l\u2019athl\u00e8te ou au groupe sportif et demandant formellement la d\u00e9livrance du visa. Pour les \u00e9quipes ou groupes sportifs, il sera fait r\u00e9f\u00e9rence aux <strong>listes officielles<\/strong> transmises par les f\u00e9d\u00e9rations ou organismes sportifs \u00e9trangers reconnus, indiquant les noms et les qualifications de chaque membre.<\/p>\n<p style=\"text-align: justify;\">En l\u2019<strong>absence de la communication du CONI<\/strong>, un <strong>visa touristique<\/strong> pourra \u00eatre d\u00e9livr\u00e9, sous r\u00e9serve de la pr\u00e9sentation d\u2019une invitation explicite et du respect des conditions l\u00e9gales pr\u00e9vues pour ce type de visa.<\/p>\n<p style=\"text-align: justify;\">Pour les <strong>mineurs \u00e9trangers<\/strong>, il est \u00e9galement n\u00e9cessaire de fournir une <strong>autorisation de sortie du territoire<\/strong>, sign\u00e9e par chacun des titulaires de l\u2019autorit\u00e9 parentale n\u2019accompagnant pas le mineur, ou, en leur absence, par le tuteur l\u00e9gal. L\u2019autorisation doit \u00eatre <strong>\u00e9tablie conform\u00e9ment \u00e0 la l\u00e9gislation en vigueur dans le pays de r\u00e9sidence du mineur<\/strong>.<\/p>\n<p>&nbsp;<\/p>\n<h5 style=\"text-align: justify;\"><strong>Quelle est la documentation requise ?<\/strong><\/h5>\n<p style=\"text-align: justify;\">Pour obtenir le visa, le demandeur doit pr\u00e9senter, en plus du formulaire de demande d\u00fbment rempli et sign\u00e9, du document de voyage en cours de validit\u00e9 et des photos d\u2019identit\u00e9 :<\/p>\n<ul>\n<li style=\"text-align: justify;\"><strong>Billet d\u2019avion aller\u2011retour<\/strong> (ou <strong>r\u00e9servation<\/strong>) ;<\/li>\n<li style=\"text-align: justify;\"><strong>Preuve d\u2019h\u00e9bergement<\/strong> (r\u00e9servation d\u2019h\u00f4tel, d\u00e9claration d\u2019h\u00e9bergement, d\u00e9claration de prise en charge des frais d\u2019h\u00e9bergement par la F\u00e9d\u00e9ration ou Discipline sportive italienne invitante, etc.) ;<\/li>\n<li style=\"text-align: justify;\"><strong>Assurance m\u00e9dicale<\/strong> valable pour l\u2019ensemble de l\u2019Espace Schengen, avec une couverture minimale de <strong>30 000 euros<\/strong> pour les frais m\u00e9dicaux et le rapatriement, conform\u00e9ment \u00e0 l\u2019article 15 du Code des visas (R\u00e8glement (CE) 810\/2009) ;<\/li>\n<li style=\"text-align: justify;\"><strong>Preuve de moyens \u00e9conomiques suffisants<\/strong> pour la p\u00e9riode de s\u00e9jour demand\u00e9e, conform\u00e9ment aux param\u00e8tres de la \u00ab Table A \u00bb de la Directive du Minist\u00e8re de l\u2019Int\u00e9rieur du 1er mars 2000. \u00c0 cette fin, les relev\u00e9s bancaires et bulletins de salaire des <strong>six derniers mois<\/strong> doivent \u00eatre fournis. En cas de plusieurs comptes bancaires, il convient d\u2019inclure \u00e9galement celui sur lequel est vers\u00e9 le salaire ;<\/li>\n<li style=\"text-align: justify;\"><strong>Communication du CONI<\/strong> demandant formellement la d\u00e9livrance du visa.<\/li>\n<\/ul>\n","protected":false},"excerpt":{"rendered":"CO\u00dbT DU VISA\u00a0: 60 000 F CFA (plus de 13 ans) \/ 30 000 F CFA (de 7 \u00e0 12 ans) \/ GRATUIT (de 0 \u00e0 6 ans) Le visa pour comp\u00e9tition sportive permet l\u2019entr\u00e9e en Italie, pour un s\u00e9jour de courte dur\u00e9e, aux athl\u00e8tes \u00e9trangers ainsi qu\u2019aux membres du personnel technique qui les accompagnent [&hellip;]","protected":false},"author":4,"featured_media":0,"parent":2482,"menu_order":4,"comment_status":"closed","ping_status":"closed","template":"","meta":{"footnotes":""},"class_list":["post-2519","page","type-page","status-publish","hentry"],"_links":{"self":[{"href":"https:\/\/ambabidjan.esteri.it\/fr\/wp-json\/wp\/v2\/pages\/2519","targetHints":{"allow":["GET"]}}],"collection":[{"href":"https:\/\/ambabidjan.esteri.it\/fr\/wp-json\/wp\/v2\/pages"}],"about":[{"href":"https:\/\/ambabidjan.esteri.it\/fr\/wp-json\/wp\/v2\/types\/page"}],"author":[{"embeddable":true,"href":"https:\/\/ambabidjan.esteri.it\/fr\/wp-json\/wp\/v2\/users\/4"}],"replies":[{"embeddable":true,"href":"https:\/\/ambabidjan.esteri.it\/fr\/wp-json\/wp\/v2\/comments?post=2519"}],"version-history":[{"count":2,"href":"https:\/\/ambabidjan.esteri.it\/fr\/wp-json\/wp\/v2\/pages\/2519\/revisions"}],"predecessor-version":[{"id":2705,"href":"https:\/\/ambabidjan.esteri.it\/fr\/wp-json\/wp\/v2\/pages\/2519\/revisions\/2705"}],"up":[{"embeddable":true,"href":"https:\/\/ambabidjan.esteri.it\/fr\/wp-json\/wp\/v2\/pages\/2482"}],"wp:attachment":[{"href":"https:\/\/ambabidjan.esteri.it\/fr\/wp-json\/wp\/v2\/media?parent=2519"}],"curies":[{"name":"wp","href":"https:\/\/api.w.org\/{rel}","templated":true}]}}