{"id":2506,"date":"2026-01-11T18:10:07","date_gmt":"2026-01-11T17:10:07","guid":{"rendered":"https:\/\/ambabidjan.esteri.it\/?page_id=2506"},"modified":"2026-01-12T15:24:08","modified_gmt":"2026-01-12T14:24:08","slug":"visa-pour-affaires","status":"publish","type":"page","link":"https:\/\/ambabidjan.esteri.it\/fr\/servizi-consolari-e-visti\/servizi-per-il-cittadino-straniero\/visti\/visas-schengen-uniformes-vsu-type-c\/visa-pour-affaires\/","title":{"rendered":"Visa pour affaires"},"content":{"rendered":"<p style=\"text-align: justify;\"><strong><a href=\"https:\/\/ambabidjan.esteri.it\/wp-content\/uploads\/2026\/01\/Tabella-dei-diritti-percepiti-per-i-visti-gennaio-2026-1.pdf\" target=\"_blank\" rel=\"noopener\">CO\u00dbT DU VISA<\/a>\u00a0: 60 000 F CFA (plus de 13 ans) \/ 30 000 F CFA (de 7 \u00e0 12 ans) \/ GRATUIT (de 0 \u00e0 6 ans)<\/strong><\/p>\n<p style=\"text-align: justify;\">Le<strong> visa pour affaires<\/strong> permet l\u2019entr\u00e9e en Italie, pour un <strong>s\u00e9jour de courte dur\u00e9e<\/strong>, \u00e0 des ressortissants \u00e9trangers souhaitant se rendre dans le pays pour des<strong> activit\u00e9s \u00e9conomiques ou commerciales<\/strong>. Rel\u00e8vent de cette cat\u00e9gorie les voyages destin\u00e9s \u00e0 des r\u00e9unions d\u2019affaires, des contacts et n\u00e9gociations, des activit\u00e9s de coop\u00e9ration industrielle, ainsi que l\u2019apprentissage ou la v\u00e9rification de l\u2019utilisation et du fonctionnement de biens d\u2019\u00e9quipement achet\u00e9s ou vendus dans le cadre de relations contractuelles avec des entreprises italiennes.<\/p>\n<p style=\"text-align: justify;\">Si le voyage a lieu sur invitation d\u2019une entreprise italienne, la demande doit \u00eatre accompagn\u00e9e d\u2019une <strong>lettre d\u2019invitation<\/strong> sign\u00e9e par l\u2019organisme ou la soci\u00e9t\u00e9 h\u00f4te, indiquant le <strong>motif et <\/strong>la <strong>dur\u00e9e<\/strong>\u00a0<strong>du s\u00e9jour<\/strong>, ainsi que les <strong>activit\u00e9s pr\u00e9vues<\/strong>. Cette d\u00e9claration est \u00e9galement requise pour les visites d\u2019entreprise, la participation \u00e0 des foires ou salons professionnels, les mises \u00e0 jour professionnelles ou les v\u00e9rifications techniques sur machines et installations.<\/p>\n<p style=\"text-align: justify;\">Pour les professionnels du secteur de la mode \u2014 tels que mannequins \u2014 une lettre d\u2019invitation sp\u00e9cifique de l\u2019agence italienne est n\u00e9cessaire, vis\u00e9e par le Pr\u00e9sident de l\u2019une des associations professionnelles regroupant les principales agences du secteur.<\/p>\n<p style=\"text-align: justify;\">Le visa pour affaires peut \u00e9galement \u00eatre d\u00e9livr\u00e9, sous les m\u00eames conditions, aux <strong>personnes accompagnant le demandeur pour des raisons professionnelles d\u00fbment justifi\u00e9es<\/strong>.<\/p>\n<p>&nbsp;<\/p>\n<h5 style=\"text-align: justify;\"><strong>Quelle est la documentation requise ?<\/strong><\/h5>\n<p style=\"text-align: justify;\">Pour obtenir le visa, le demandeur doit pr\u00e9senter, en plus du formulaire de demande d\u00fbment rempli et sign\u00e9, du document de voyage en cours de validit\u00e9 et des photos d\u2019identit\u00e9 :<\/p>\n<ul style=\"text-align: justify;\">\n<li><strong>Billet d\u2019avion aller\u2011retour<\/strong> (ou <strong>r\u00e9servation<\/strong>) ;<\/li>\n<li><strong>Preuve d\u2019h\u00e9bergement<\/strong> (r\u00e9servation d\u2019h\u00f4tel, d\u00e9claration d\u2019h\u00e9bergement, d\u00e9claration de prise en charge des frais d\u2019h\u00e9bergement par l\u2019entreprise italienne invitante, etc.) ;<\/li>\n<li><strong>Assurance m\u00e9dicale<\/strong> valable pour l\u2019ensemble de l\u2019Espace Schengen, avec une couverture minimale de <strong>30 000 euros<\/strong> pour les frais m\u00e9dicaux et le rapatriement, conform\u00e9ment \u00e0 l\u2019article 15 du Code des visas (R\u00e8glement (CE) 810\/2009) ;<\/li>\n<li><strong>Preuve de moyens \u00e9conomiques suffisants<\/strong> pour la p\u00e9riode de s\u00e9jour demand\u00e9e, conform\u00e9ment aux param\u00e8tres de la \u00ab <strong>Table A<\/strong> \u00bb de la <strong>Directive du Minist\u00e8re de l\u2019Int\u00e9rieur du 1er mars 2000<\/strong>. \u00c0 cette fin, les <strong>relev\u00e9s bancaires<\/strong> et <strong>bulletins de salaire<\/strong> des <strong>six derniers mois<\/strong> doivent \u00eatre fournis. En cas de d\u00e9tention de plusieurs comptes bancaires, il convient d\u2019inclure \u00e9galement celui sur lequel est vers\u00e9 le salaire ;<\/li>\n<li><strong>Documentation appropri\u00e9e prouvant la qualit\u00e9 d\u2019op\u00e9rateur \u00e9conomique\u2011commercial<\/strong> du demandeur et l\u2019objectif \u00e9conomique\u2011commercial du voyage (notamment : extrait d\u2019immatriculation de l\u2019entreprise du demandeur et de l\u2019entreprise italienne invitante ; factures attestant des \u00e9changes commerciaux entre les deux entreprises ; preuve d\u2019achat des machines n\u00e9cessitant une formation ; attestation de travail et certificat d\u2019inscription \u00e0 la caisse de s\u00e9curit\u00e9 sociale ; autres documents relatifs aux relations commerciales entre l\u2019entreprise invit\u00e9e et l\u2019entreprise invitante ; contrats ou avant\u2011contrats en vigueur entre les deux entreprises, etc.).<\/li>\n<\/ul>\n<p style=\"text-align: justify;\"><strong>ATTENTION\u00a0: Il est n\u00e9cessaire de fournir un itin\u00e9raire d\u00e9taill\u00e9 du voyage afin de d\u00e9montrer que l\u2019Italie constitue la destination principale ou unique. Par exemple, le billet d\u2019avion doit inclure un a\u00e9roport italien, ou \u00eatre accompagn\u00e9 de preuves d\u2019autres moyens de transport entre l\u2019a\u00e9roport d\u2019arriv\u00e9e et le lieu de destination ; la r\u00e9servation d\u2019h\u00f4tel doit \u00eatre <span style=\"text-decoration: underline;\">valide et confirm\u00e9e<\/span>.<\/strong><\/p>\n","protected":false},"excerpt":{"rendered":"CO\u00dbT DU VISA\u00a0: 60 000 F CFA (plus de 13 ans) \/ 30 000 F CFA (de 7 \u00e0 12 ans) \/ GRATUIT (de 0 \u00e0 6 ans) Le visa pour affaires permet l\u2019entr\u00e9e en Italie, pour un s\u00e9jour de courte dur\u00e9e, \u00e0 des ressortissants \u00e9trangers souhaitant se rendre dans le pays pour des activit\u00e9s [&hellip;]","protected":false},"author":4,"featured_media":0,"parent":2482,"menu_order":1,"comment_status":"closed","ping_status":"closed","template":"","meta":{"footnotes":""},"class_list":["post-2506","page","type-page","status-publish","hentry"],"_links":{"self":[{"href":"https:\/\/ambabidjan.esteri.it\/fr\/wp-json\/wp\/v2\/pages\/2506","targetHints":{"allow":["GET"]}}],"collection":[{"href":"https:\/\/ambabidjan.esteri.it\/fr\/wp-json\/wp\/v2\/pages"}],"about":[{"href":"https:\/\/ambabidjan.esteri.it\/fr\/wp-json\/wp\/v2\/types\/page"}],"author":[{"embeddable":true,"href":"https:\/\/ambabidjan.esteri.it\/fr\/wp-json\/wp\/v2\/users\/4"}],"replies":[{"embeddable":true,"href":"https:\/\/ambabidjan.esteri.it\/fr\/wp-json\/wp\/v2\/comments?post=2506"}],"version-history":[{"count":3,"href":"https:\/\/ambabidjan.esteri.it\/fr\/wp-json\/wp\/v2\/pages\/2506\/revisions"}],"predecessor-version":[{"id":2701,"href":"https:\/\/ambabidjan.esteri.it\/fr\/wp-json\/wp\/v2\/pages\/2506\/revisions\/2701"}],"up":[{"embeddable":true,"href":"https:\/\/ambabidjan.esteri.it\/fr\/wp-json\/wp\/v2\/pages\/2482"}],"wp:attachment":[{"href":"https:\/\/ambabidjan.esteri.it\/fr\/wp-json\/wp\/v2\/media?parent=2506"}],"curies":[{"name":"wp","href":"https:\/\/api.w.org\/{rel}","templated":true}]}}