{"id":2486,"date":"2026-01-11T13:59:52","date_gmt":"2026-01-11T12:59:52","guid":{"rendered":"https:\/\/ambabidjan.esteri.it\/?page_id=2486"},"modified":"2026-01-12T12:28:58","modified_gmt":"2026-01-12T11:28:58","slug":"visas-nationaux-type-d","status":"publish","type":"page","link":"https:\/\/ambabidjan.esteri.it\/fr\/servizi-consolari-e-visti\/servizi-per-il-cittadino-straniero\/visti\/visas-nationaux-type-d\/","title":{"rendered":"Visas Nationaux (Type D)"},"content":{"rendered":"<p style=\"text-align: justify;\">Les <strong>Visas Nationaux (type D)<\/strong> sont destin\u00e9s aux <strong>s\u00e9jours de longue dur\u00e9e<\/strong>, <strong>sup\u00e9rieurs \u00e0 90 jours<\/strong>, et permettent l\u2019entr\u00e9e en Italie en vue de l\u2019obtention d\u2019un <strong>permis de s\u00e9jour<\/strong>. Les principales cat\u00e9gories de visas de type D comprennent : \u00e9tudes universitaires ou scolaires, travail salari\u00e9 ou ind\u00e9pendant, regroupement familial, mission, volontariat, recherche scientifique, r\u00e9sidence \u00e9lective, soins m\u00e9dicaux de longue dur\u00e9e, ainsi que d\u2019autres cas sp\u00e9cifiques pr\u00e9vus par le <strong>D\u00e9cret interminist\u00e9riel n\u00b0 850\/2011<\/strong>. Le visa national peut permettre la circulation dans l\u2019<strong>espace Schengen<\/strong> pour un maximum de <strong>90 jours tous les 180 jours<\/strong>, mais le <strong>s\u00e9jour stable<\/strong> est autoris\u00e9 <strong>exclusivement en Italie<\/strong>.<\/p>\n<p style=\"text-align: justify;\">La demande de visa doit \u00eatre pr\u00e9sent\u00e9e <strong>au plus t\u00f4t six mois avant<\/strong> et <strong>au plus tard 15 jours calendaires avant<\/strong> la date pr\u00e9vue du voyage.<\/p>\n<p style=\"text-align: justify;\">Pour les visas nationaux, la l\u00e9gislation italienne pr\u00e9voit un <strong>d\u00e9lai g\u00e9n\u00e9ral de traitement de 90 jours<\/strong> \u00e0 compter de la demande (art. 5, par. 8, D.P.R. 394\/1999), avec des d\u00e9lais diff\u00e9rents pour certaines cat\u00e9gories sp\u00e9cifiques : <strong>30 jours<\/strong> pour le regroupement familial et le travail salari\u00e9 (art. 6, par. 5 et art. 31, par. 8 du D.P.R. 394\/1999), et <strong>120 jours<\/strong> pour le travail ind\u00e9pendant (art. 26, par. 7 du d\u00e9cret l\u00e9gislatif 286\/1998).<\/p>\n<p>&nbsp;<\/p>\n<p style=\"text-align: justify;\"><strong><span style=\"text-decoration: underline;\">ATTENTION<\/span> :<\/strong> Si une <strong>suspension des d\u00e9lais de traitement<\/strong> s\u2019av\u00e8re n\u00e9cessaire pour effectuer des v\u00e9rifications et contr\u00f4les sur la documentation pr\u00e9sent\u00e9e, le Bureau des Visas en informera le demandeur par \u00e9crit, lequel devra signer la notification pour prise de connaissance.<br \/>\nIl est donc vivement recommand\u00e9 aux demandeurs de fournir, avec leur demande de visa, des <strong>coordonn\u00e9es t\u00e9l\u00e9phoniques et\/ou \u00e9lectroniques valides et r\u00e9guli\u00e8rement consult\u00e9es<\/strong>, afin de garantir une communication fiable et rapide.<\/p>\n","protected":false},"excerpt":{"rendered":"Les Visas Nationaux (type D) sont destin\u00e9s aux s\u00e9jours de longue dur\u00e9e, sup\u00e9rieurs \u00e0 90 jours, et permettent l\u2019entr\u00e9e en Italie en vue de l\u2019obtention d\u2019un permis de s\u00e9jour. Les principales cat\u00e9gories de visas de type D comprennent : \u00e9tudes universitaires ou scolaires, travail salari\u00e9 ou ind\u00e9pendant, regroupement familial, mission, volontariat, recherche scientifique, r\u00e9sidence \u00e9lective, [&hellip;]","protected":false},"author":4,"featured_media":0,"parent":143,"menu_order":4,"comment_status":"closed","ping_status":"closed","template":"","meta":{"footnotes":""},"class_list":["post-2486","page","type-page","status-publish","hentry"],"_links":{"self":[{"href":"https:\/\/ambabidjan.esteri.it\/fr\/wp-json\/wp\/v2\/pages\/2486","targetHints":{"allow":["GET"]}}],"collection":[{"href":"https:\/\/ambabidjan.esteri.it\/fr\/wp-json\/wp\/v2\/pages"}],"about":[{"href":"https:\/\/ambabidjan.esteri.it\/fr\/wp-json\/wp\/v2\/types\/page"}],"author":[{"embeddable":true,"href":"https:\/\/ambabidjan.esteri.it\/fr\/wp-json\/wp\/v2\/users\/4"}],"replies":[{"embeddable":true,"href":"https:\/\/ambabidjan.esteri.it\/fr\/wp-json\/wp\/v2\/comments?post=2486"}],"version-history":[{"count":1,"href":"https:\/\/ambabidjan.esteri.it\/fr\/wp-json\/wp\/v2\/pages\/2486\/revisions"}],"predecessor-version":[{"id":2489,"href":"https:\/\/ambabidjan.esteri.it\/fr\/wp-json\/wp\/v2\/pages\/2486\/revisions\/2489"}],"up":[{"embeddable":true,"href":"https:\/\/ambabidjan.esteri.it\/fr\/wp-json\/wp\/v2\/pages\/143"}],"wp:attachment":[{"href":"https:\/\/ambabidjan.esteri.it\/fr\/wp-json\/wp\/v2\/media?parent=2486"}],"curies":[{"name":"wp","href":"https:\/\/api.w.org\/{rel}","templated":true}]}}