{"id":2482,"date":"2026-01-11T13:48:01","date_gmt":"2026-01-11T12:48:01","guid":{"rendered":"https:\/\/ambabidjan.esteri.it\/?page_id=2482"},"modified":"2026-01-12T12:25:16","modified_gmt":"2026-01-12T11:25:16","slug":"visas-schengen-uniformes-vsu-type-c","status":"publish","type":"page","link":"https:\/\/ambabidjan.esteri.it\/fr\/servizi-consolari-e-visti\/servizi-per-il-cittadino-straniero\/visti\/visas-schengen-uniformes-vsu-type-c\/","title":{"rendered":"Visas Schengen Uniformes (VSU \u2013 Type C)"},"content":{"rendered":"<p style=\"text-align: justify;\">Les <strong>Visas Schengen Uniformes (type C)<\/strong> permettent des <strong>s\u00e9jours de courte dur\u00e9e<\/strong> allant jusqu\u2019\u00e0 <strong>90 jours au total sur une p\u00e9riode de 180 jours<\/strong>. Il est essentiel de distinguer entre la <strong>dur\u00e9e du s\u00e9jour<\/strong>, c\u2019est\u2011\u00e0\u2011dire le nombre effectif de jours autoris\u00e9s, et la <strong>validit\u00e9 du visa<\/strong>, c\u2019est\u2011\u00e0\u2011dire la p\u00e9riode pendant laquelle ces jours peuvent \u00eatre utilis\u00e9s.<\/p>\n<p style=\"text-align: justify;\">Le visa de type C peut \u00eatre d\u00e9livr\u00e9 pour <strong>une seule entr\u00e9e<\/strong> ou pour <strong>entr\u00e9es multiples<\/strong>, et avec une <strong>validit\u00e9 pluriannuelle<\/strong>, selon les cat\u00e9gories suivantes : <strong>C1<\/strong> (validit\u00e9 jusqu\u2019\u00e0 1 an), <strong>C2<\/strong> (jusqu\u2019\u00e0 2 ans), <strong>C3<\/strong> (jusqu\u2019\u00e0 3 ans) et <strong>C5<\/strong> (jusqu\u2019\u00e0 5 ans). Dans tous les cas, la limite de <strong>90 jours sur 180<\/strong> ne peut jamais \u00eatre d\u00e9pass\u00e9e. Par exemple : un visa C2 \u00e0 entr\u00e9es multiples d\u00e9livr\u00e9 le 14 f\u00e9vrier 2026 permet de s\u00e9journer jusqu\u2019\u00e0 90 jours sur 180 (m\u00eame de mani\u00e8re non continue) dans l\u2019Espace Schengen jusqu\u2019au 14 f\u00e9vrier 2028.<\/p>\n<p style=\"text-align: justify;\"><strong><span style=\"text-decoration: underline;\">ATTENTION\u00a0<\/span>: la dur\u00e9e et la validit\u00e9 du visa sont d\u00e9termin\u00e9es par l\u2019Ambassade d\u2019Italie, sur la base du programme de voyage et de la bonne utilisation des pr\u00e9c\u00e9dents visas Schengen par le demandeur.<\/strong><\/p>\n<p style=\"text-align: justify;\">La demande de visa doit \u00eatre pr\u00e9sent\u00e9e <strong>au plus t\u00f4t six mois avant<\/strong> et <strong>au plus tard 15 jours calendaires avant<\/strong> la date pr\u00e9vue du voyage.<\/p>\n<p style=\"text-align: justify;\">Les ressortissants des pays figurant <strong><a href=\"https:\/\/ambabidjan.esteri.it\/wp-content\/uploads\/2026\/01\/Annex-16_Prior-consultation_EN.01-11-2024.docx\" target=\"_blank\" rel=\"noopener\">sur cette liste<\/a><\/strong>\u00a0sont soumis \u00e0 une <strong>proc\u00e9dure de consultation pr\u00e9alable<\/strong> avec les autres \u00c9tats Schengen, pouvant durer jusqu\u2019\u00e0 <strong>7 jours<\/strong>. Ils doivent donc tenir compte de ce d\u00e9lai suppl\u00e9mentaire lors du d\u00e9p\u00f4t de leur demande. Les demandes qui ne respectent pas ces d\u00e9lais l\u00e9gaux seront d\u00e9clar\u00e9es <strong>de ce fait<\/strong><strong>\u00a0irrecevables<\/strong>, conform\u00e9ment \u00e0 l\u2019<strong>article 19 du Code des visas<\/strong>.<\/p>\n<p style=\"text-align: justify;\">La <strong>d\u00e9cision finale<\/strong> concernant une demande de visa Schengen doit \u00eatre prise <strong>dans un d\u00e9lai de 15 jours calendaires<\/strong> \u00e0 compter du d\u00e9p\u00f4t, d\u00e9lai pouvant \u00eatre prolong\u00e9 <strong>jusqu\u2019\u00e0<\/strong> <strong>45 jours<\/strong> dans des cas individuels n\u00e9cessitant un examen approfondi.<\/p>\n<p style=\"text-align: justify;\">L\u2019<strong>assurance m\u00e9dicale<\/strong> de voyage constitue une exigence essentielle pour la d\u00e9livrance des Visas Schengen Uniformes. Les demandeurs d\u2019un visa <strong>\u00e0 une ou deux entr\u00e9es<\/strong> doivent prouver qu\u2019ils disposent d\u2019une police valide couvrant les frais de rapatriement pour raisons m\u00e9dicales, les soins m\u00e9dicaux urgents, une \u00e9ventuelle hospitalisation d\u2019urgence et, si n\u00e9cessaire, le rapatriement de la d\u00e9pouille. Pour les visas <strong>\u00e0 entr\u00e9es multiples<\/strong>, il suffit que l\u2019assurance couvre <strong>le premier voyage pr\u00e9vu<\/strong>, le demandeur restant tenu \u2014 par d\u00e9claration dans le formulaire \u2014 de souscrire une couverture ad\u00e9quate pour les s\u00e9jours suivants. L\u2019assurance doit \u00eatre valable sur <strong>tout le territoire des \u00c9tats membres de l\u2019Espace Schengen<\/strong> et pour <strong>toute la dur\u00e9e du s\u00e9jour ou du transit<\/strong> indiqu\u00e9e dans la demande, avec une couverture minimale de <strong>30 000 euros<\/strong>. Sont <strong>exempt\u00e9s<\/strong> de cette obligation <strong>les titulaires de passeports diplomatiques<\/strong> et <strong>les membres de famille de citoyens de l\u2019Union europ\u00e9enne<\/strong>.<\/p>\n<p style=\"text-align: justify;\"><strong><span style=\"text-decoration: underline;\">ATTENTION<\/span> : Il est vivement recommand\u00e9 aux demandeurs d\u2019indiquer dans leur formulaire de visa des num\u00e9ros de t\u00e9l\u00e9phone et\/ou adresses e\u2011mail valides et r\u00e9guli\u00e8rement consult\u00e9s<\/strong>, afin de pouvoir \u00eatre contact\u00e9s en cas de besoin et de recevoir en temps utile des informations sur l\u2019issue de leur demande.<\/p>\n","protected":false},"excerpt":{"rendered":"Les Visas Schengen Uniformes (type C) permettent des s\u00e9jours de courte dur\u00e9e allant jusqu\u2019\u00e0 90 jours au total sur une p\u00e9riode de 180 jours. Il est essentiel de distinguer entre la dur\u00e9e du s\u00e9jour, c\u2019est\u2011\u00e0\u2011dire le nombre effectif de jours autoris\u00e9s, et la validit\u00e9 du visa, c\u2019est\u2011\u00e0\u2011dire la p\u00e9riode pendant laquelle ces jours peuvent \u00eatre [&hellip;]","protected":false},"author":4,"featured_media":0,"parent":143,"menu_order":3,"comment_status":"closed","ping_status":"closed","template":"","meta":{"footnotes":""},"class_list":["post-2482","page","type-page","status-publish","hentry"],"_links":{"self":[{"href":"https:\/\/ambabidjan.esteri.it\/fr\/wp-json\/wp\/v2\/pages\/2482","targetHints":{"allow":["GET"]}}],"collection":[{"href":"https:\/\/ambabidjan.esteri.it\/fr\/wp-json\/wp\/v2\/pages"}],"about":[{"href":"https:\/\/ambabidjan.esteri.it\/fr\/wp-json\/wp\/v2\/types\/page"}],"author":[{"embeddable":true,"href":"https:\/\/ambabidjan.esteri.it\/fr\/wp-json\/wp\/v2\/users\/4"}],"replies":[{"embeddable":true,"href":"https:\/\/ambabidjan.esteri.it\/fr\/wp-json\/wp\/v2\/comments?post=2482"}],"version-history":[{"count":1,"href":"https:\/\/ambabidjan.esteri.it\/fr\/wp-json\/wp\/v2\/pages\/2482\/revisions"}],"predecessor-version":[{"id":2484,"href":"https:\/\/ambabidjan.esteri.it\/fr\/wp-json\/wp\/v2\/pages\/2482\/revisions\/2484"}],"up":[{"embeddable":true,"href":"https:\/\/ambabidjan.esteri.it\/fr\/wp-json\/wp\/v2\/pages\/143"}],"wp:attachment":[{"href":"https:\/\/ambabidjan.esteri.it\/fr\/wp-json\/wp\/v2\/media?parent=2482"}],"curies":[{"name":"wp","href":"https:\/\/api.w.org\/{rel}","templated":true}]}}