{"id":2477,"date":"2026-01-11T13:39:26","date_gmt":"2026-01-11T12:39:26","guid":{"rendered":"https:\/\/ambabidjan.esteri.it\/?page_id=2477"},"modified":"2026-01-12T12:19:57","modified_gmt":"2026-01-12T11:19:57","slug":"visa-pour-litalie-exemptions-en-vigueur","status":"publish","type":"page","link":"https:\/\/ambabidjan.esteri.it\/fr\/servizi-consolari-e-visti\/servizi-per-il-cittadino-straniero\/visti\/visa-pour-litalie-exemptions-en-vigueur\/","title":{"rendered":"Visa pour l\u2019Italie : exemptions en vigueur"},"content":{"rendered":"<p style=\"text-align: justify;\">Le <strong><a href=\"https:\/\/ambabidjan.esteri.it\/wp-content\/uploads\/2026\/01\/REG.-UE-1806.2018-elenco-Paesi-terzi-obbligo-esenzione-visto-FR-1.pdf\" target=\"_blank\" rel=\"noopener\">R\u00e8glement (UE) 2018\/1806<\/a><\/strong>\u00a0du Parlement europ\u00e9en et du Conseil \u00e9tablit (article 3) la liste des pays tiers dont les ressortissants <strong>doivent \u00eatre munis d\u2019un visa<\/strong> pour franchir les fronti\u00e8res ext\u00e9rieures des \u00c9tats membres, ainsi que (article 4) la liste de ceux qui sont <strong>exempt\u00e9s de cette obligation<\/strong>, <strong>limit\u00e9e aux s\u00e9jours de courte dur\u00e9e<\/strong> (90 jours sur 180). Cette liste peut \u00eatre consult\u00e9e <strong><a href=\"https:\/\/ambabidjan.esteri.it\/wp-content\/uploads\/2026\/01\/Lista-stati-soggetti-a-visto-ed-esenzioni-generali.pdf\" target=\"_blank\" rel=\"noopener\">ici<\/a><\/strong>.<\/p>\n<p style=\"text-align: justify;\">L<strong>\u2019article 6<\/strong> pr\u00e9voit, en revanche, que chaque \u00c9tat membre peut introduire ses propres <strong>d\u00e9rogations facultatives<\/strong>, permettant ainsi que les ressortissants de pays normalement soumis \u00e0 l\u2019obligation de visa puissent en \u00eatre exempt\u00e9s s\u2019ils appartiennent \u00e0 certaines cat\u00e9gories sp\u00e9cifiques, telles que les titulaires de passeports diplomatiques, les membres d\u2019\u00e9quipage, les mineurs inscrits dans le passeport d\u2019un parent ou d\u2019autres situations particuli\u00e8res pr\u00e9vues par la l\u00e9gislation.<\/p>\n<p style=\"text-align: justify;\">Actuellement, pour l\u2019Italie, sont <strong>exempt\u00e9s<\/strong> de l\u2019obligation de visa pour des <strong>s\u00e9jours de courte dur\u00e9e<\/strong> (90 jours tous les 180 jours), conform\u00e9ment \u00e0 l\u2019article 6, paragraphe 1, les titulaires de <strong>passeports diplomatiques et de service burkinab\u00e8 et nig\u00e9riens<\/strong>, parmi les pays relevant de la circonscription consulaire de cette Ambassade. Pour la liste compl\u00e8te, cliquez <strong><a href=\"https:\/\/ambabidjan.esteri.it\/wp-content\/uploads\/2026\/01\/informazioni-sulle-deroghe-nazionali-obbligo-visto-C-FR.pdf\" target=\"_blank\" rel=\"noopener\">ici<\/a><\/strong>.<\/p>\n<p style=\"text-align: justify;\"><strong><span style=\"text-decoration: underline;\">ATTENTION<\/span> : Pour pouvoir b\u00e9n\u00e9ficier de cette exemption, l\u2019entr\u00e9e sur le territoire italien doit s\u2019effectuer exclusivement par une fronti\u00e8re ext\u00e9rieure italienne, sans transit par d\u2019autres \u00c9tats de l\u2019espace Schengen <\/strong>(par exemple, un titulaire de passeport diplomatique burkinab\u00e8 voyageant sur un itin\u00e9raire Ouagadougou\u2013<strong>Bruxelles\/Paris<\/strong>\u2013Rome devra tout de m\u00eame obtenir un visa Schengen ; en revanche, si l\u2019itin\u00e9raire est Ouagadougou\u2013<strong>Istanbul<\/strong>\u2013Rome, aucun visa d\u2019entr\u00e9e ne sera n\u00e9cessaire).<\/p>\n","protected":false},"excerpt":{"rendered":"Le R\u00e8glement (UE) 2018\/1806\u00a0du Parlement europ\u00e9en et du Conseil \u00e9tablit (article 3) la liste des pays tiers dont les ressortissants doivent \u00eatre munis d\u2019un visa pour franchir les fronti\u00e8res ext\u00e9rieures des \u00c9tats membres, ainsi que (article 4) la liste de ceux qui sont exempt\u00e9s de cette obligation, limit\u00e9e aux s\u00e9jours de courte dur\u00e9e (90 jours [&hellip;]","protected":false},"author":4,"featured_media":0,"parent":143,"menu_order":1,"comment_status":"closed","ping_status":"closed","template":"","meta":{"footnotes":""},"class_list":["post-2477","page","type-page","status-publish","hentry"],"_links":{"self":[{"href":"https:\/\/ambabidjan.esteri.it\/fr\/wp-json\/wp\/v2\/pages\/2477","targetHints":{"allow":["GET"]}}],"collection":[{"href":"https:\/\/ambabidjan.esteri.it\/fr\/wp-json\/wp\/v2\/pages"}],"about":[{"href":"https:\/\/ambabidjan.esteri.it\/fr\/wp-json\/wp\/v2\/types\/page"}],"author":[{"embeddable":true,"href":"https:\/\/ambabidjan.esteri.it\/fr\/wp-json\/wp\/v2\/users\/4"}],"replies":[{"embeddable":true,"href":"https:\/\/ambabidjan.esteri.it\/fr\/wp-json\/wp\/v2\/comments?post=2477"}],"version-history":[{"count":1,"href":"https:\/\/ambabidjan.esteri.it\/fr\/wp-json\/wp\/v2\/pages\/2477\/revisions"}],"predecessor-version":[{"id":2479,"href":"https:\/\/ambabidjan.esteri.it\/fr\/wp-json\/wp\/v2\/pages\/2477\/revisions\/2479"}],"up":[{"embeddable":true,"href":"https:\/\/ambabidjan.esteri.it\/fr\/wp-json\/wp\/v2\/pages\/143"}],"wp:attachment":[{"href":"https:\/\/ambabidjan.esteri.it\/fr\/wp-json\/wp\/v2\/media?parent=2477"}],"curies":[{"name":"wp","href":"https:\/\/api.w.org\/{rel}","templated":true}]}}