{"id":240,"date":"2023-04-11T18:12:44","date_gmt":"2023-04-11T16:12:44","guid":{"rendered":"https:\/\/ambabidjan.esteri.it\/servizi-consolari-e-visti\/servizi-per-il-cittadino-straniero\/"},"modified":"2026-01-11T11:30:46","modified_gmt":"2026-01-11T10:30:46","slug":"servizi-per-il-cittadino-straniero","status":"publish","type":"page","link":"https:\/\/ambabidjan.esteri.it\/fr\/servizi-consolari-e-visti\/servizi-per-il-cittadino-straniero\/","title":{"rendered":"Services aux citoyens \u00e9trangers"},"content":{"rendered":"<p>L\u2019Ambassade d\u2019Italie en C\u00f4te d\u2019Ivoire offre \u00e9galement aux <strong>ressortissants \u00e9trangers<\/strong> \u2014 ayant la nationalit\u00e9 ou r\u00e9sidant l\u00e9galement dans l\u2019un des pays relevant de sa circonscription consulaire \u2014 une gamme de services essentiels pour garantir un <strong>acc\u00e8s l\u00e9gal et s\u00fbr au territoire italien<\/strong>.<\/p>\n<p>Ces services comprennent la <strong>d\u00e9livrance des visas<\/strong>, conform\u00e9ment au <strong>Code des visas Schengen (R\u00e8glement CE n\u00b0\u202f810\/2009)<\/strong> et \u00e0 la <strong>l\u00e9gislation italienne relative aux visas nationaux<\/strong> (Texte unique sur l\u2019immigration, D\u00e9cret l\u00e9gislatif 286\/1998 et son r\u00e8glement d\u2019application, D.P.R. 394\/1999).<\/p>\n<p>La Chancellerie consulaire fournit \u00e9galement d\u2019autres services, tels que la<strong> l\u00e9galisation de documents \u00e9trangers<\/strong> (ainsi que la <strong>certification de conformit\u00e9<\/strong> \u00e0 l\u2019original <strong>de leurs traductions en italien<\/strong>) ou la d\u00e9livrance des <strong>D\u00e9clarations de Valeur<\/strong>\u00a0pour les dipl\u00f4mes et qualifications professionnelles \u00e9trangers.<\/p>\n","protected":false},"excerpt":{"rendered":"L\u2019Ambassade d\u2019Italie en C\u00f4te d\u2019Ivoire offre \u00e9galement aux ressortissants \u00e9trangers \u2014 ayant la nationalit\u00e9 ou r\u00e9sidant l\u00e9galement dans l\u2019un des pays relevant de sa circonscription consulaire \u2014 une gamme de services essentiels pour garantir un acc\u00e8s l\u00e9gal et s\u00fbr au territoire italien. Ces services comprennent la d\u00e9livrance des visas, conform\u00e9ment au Code des visas Schengen [&hellip;]","protected":false},"author":1,"featured_media":0,"parent":209,"menu_order":2,"comment_status":"closed","ping_status":"closed","template":"","meta":{"footnotes":""},"class_list":["post-240","page","type-page","status-publish","hentry"],"_links":{"self":[{"href":"https:\/\/ambabidjan.esteri.it\/fr\/wp-json\/wp\/v2\/pages\/240","targetHints":{"allow":["GET"]}}],"collection":[{"href":"https:\/\/ambabidjan.esteri.it\/fr\/wp-json\/wp\/v2\/pages"}],"about":[{"href":"https:\/\/ambabidjan.esteri.it\/fr\/wp-json\/wp\/v2\/types\/page"}],"author":[{"embeddable":true,"href":"https:\/\/ambabidjan.esteri.it\/fr\/wp-json\/wp\/v2\/users\/1"}],"replies":[{"embeddable":true,"href":"https:\/\/ambabidjan.esteri.it\/fr\/wp-json\/wp\/v2\/comments?post=240"}],"version-history":[{"count":5,"href":"https:\/\/ambabidjan.esteri.it\/fr\/wp-json\/wp\/v2\/pages\/240\/revisions"}],"predecessor-version":[{"id":2089,"href":"https:\/\/ambabidjan.esteri.it\/fr\/wp-json\/wp\/v2\/pages\/240\/revisions\/2089"}],"up":[{"embeddable":true,"href":"https:\/\/ambabidjan.esteri.it\/fr\/wp-json\/wp\/v2\/pages\/209"}],"wp:attachment":[{"href":"https:\/\/ambabidjan.esteri.it\/fr\/wp-json\/wp\/v2\/media?parent=240"}],"curies":[{"name":"wp","href":"https:\/\/api.w.org\/{rel}","templated":true}]}}