{"id":234,"date":"2023-04-11T18:20:20","date_gmt":"2023-04-11T16:20:20","guid":{"rendered":"https:\/\/ambabidjan.esteri.it\/servizi-consolari-e-visti\/servizi-per-il-cittadino-italiano\/codice-fiscale\/"},"modified":"2026-02-15T13:18:57","modified_gmt":"2026-02-15T12:18:57","slug":"codice-fiscale","status":"publish","type":"page","link":"https:\/\/ambabidjan.esteri.it\/fr\/servizi-consolari-e-visti\/servizi-per-il-cittadino-italiano\/codice-fiscale\/","title":{"rendered":"Code fiscal"},"content":{"rendered":"<ol>\n<li style=\"text-align: justify;\">\n<h6><strong>Qu\u2019est\u2011ce que c\u2019est<\/strong><\/h6>\n<\/li>\n<li style=\"text-align: justify;\">\n<h6><strong>\u00c0 quoi sert\u2011il ?<\/strong><\/h6>\n<\/li>\n<li style=\"text-align: justify;\">\n<h6><strong>Comment pr\u00e9senter la demande<\/strong><\/h6>\n<\/li>\n<\/ol>\n<p>&nbsp;<\/p>\n<ol>\n<li style=\"text-align: justify;\">\n<h5><strong>Qu\u2019est\u2011ce que c\u2019est<\/strong><\/h5>\n<\/li>\n<\/ol>\n<p style=\"text-align: justify;\">Le Code fiscal (Codice Fiscale) est le code alphanum\u00e9rique d\u00e9livr\u00e9 par l\u2019Agence des Revenus (Agenzia delle Entrate) pour identifier un citoyen (italien ou \u00e9tranger) dans ses relations avec les administrations publiques, les entit\u00e9s priv\u00e9es et les organismes italiens. Pour les personnes physiques, le Code fiscal est g\u00e9n\u00e9r\u00e9 sur la base des donn\u00e9es d\u2019\u00e9tat civil.<\/p>\n<p style=\"text-align: justify;\">Toute d\u00e9marche administrative (paiement de taxes, imp\u00f4ts, redevances, etc.) ou activit\u00e9 contractuelle (acceptation d\u2019h\u00e9ritage, contrats avec des entit\u00e9s publiques ou priv\u00e9es, demandes de financement, parrainages, locations ou pr\u00eats d\u2019usage de biens immobiliers, etc.) exige l\u2019indication du Code fiscal de la personne concern\u00e9e.<\/p>\n<p>&nbsp;<\/p>\n<ol start=\"2\">\n<li style=\"text-align: justify;\">\n<h5><strong>\u00c0 quoi sert\u2011il ?<\/strong><\/h5>\n<\/li>\n<\/ol>\n<p style=\"text-align: justify;\">Toute d\u00e9marche administrative ou activit\u00e9 contractuelle en Italie n\u00e9cessite l\u2019indication du Code fiscal de la personne concern\u00e9e.<\/p>\n<p>&nbsp;<\/p>\n<ol start=\"3\">\n<li style=\"text-align: justify;\">\n<h5><strong>Comment pr\u00e9senter la demande<\/strong><\/h5>\n<\/li>\n<\/ol>\n<p style=\"text-align: justify;\">Les citoyens italiens r\u00e9sidant \u00e0 l\u2019\u00e9tranger peuvent demander le Code fiscal par l\u2019interm\u00e9diaire du Bureau consulaire, ainsi que directement aupr\u00e8s des bureaux de l\u2019Agence des Revenus situ\u00e9s en Italie, conform\u00e9ment \u00e0 l\u2019article 1 du d\u00e9cret minist\u00e9riel du 17 mai 2001, n\u00b0 281, compte tenu de la large diffusion territoriale des bureaux de l\u2019Agence.<\/p>\n<p style=\"text-align: justify;\">Les citoyens \u00e9trangers non r\u00e9sidents en Italie peuvent d\u00e9l\u00e9guer une personne charg\u00e9e de pr\u00e9senter la demande directement aupr\u00e8s d\u2019un bureau de l\u2019Agence des Revenus en Italie.<\/p>\n<p>&nbsp;<\/p>\n<h4 style=\"text-align: justify;\"><strong>CITOYENS ITALIENS R\u00c9SIDENTS \u00c0 L\u2019\u00c9TRANGER INSCRITS \u00c0 L\u2019AIRE<\/strong><\/h4>\n<p style=\"text-align: justify;\">Les citoyens italiens majeurs inscrits \u00e0 l\u2019AIRE peuvent demander le Code fiscal pour eux-m\u00eames et pour leurs enfants mineurs via le portail Fast It, en acc\u00e9dant au service d\u00e9di\u00e9 et en suivant les instructions. Une fois la demande trait\u00e9e par le Consulat, il sera possible de t\u00e9l\u00e9charger le certificat d\u2019attribution du Code fiscal via le portail.<\/p>\n<p>&nbsp;<\/p>\n<h5 style=\"text-align: justify;\"><em><strong>Comment ?<\/strong><\/em><\/h5>\n<ol>\n<li style=\"text-align: justify;\">Acc\u00e9der au portail Fast It ;<\/li>\n<li style=\"text-align: justify;\">Cliquer sur \u00ab Anagrafe Consolare e AIRE \u00bb puis sur \u00ab Attribuzione Codice fiscale \u00bb ;<\/li>\n<li style=\"text-align: justify;\">Confirmer les donn\u00e9es et envoyer la demande ;<\/li>\n<li style=\"text-align: justify;\">Apr\u00e8s traitement de la demande par le Consulat, t\u00e9l\u00e9charger le certificat d\u2019attribution du Code fiscal.<\/li>\n<\/ol>\n<p>&nbsp;<\/p>\n<h5><em><strong>Si vous ne parvenez pas \u00e0 t\u00e9l\u00e9charger le certificat d\u2019attribution du Code fiscal :<\/strong><\/em><\/h5>\n<ol>\n<li style=\"text-align: justify;\">S\u2019inscrire sur le <a href=\"https:\/\/serviziconsolari.esteri.it\/#_blank\" target=\"_blank\" rel=\"noopener\">portail FAST IT<\/a>, ou se connecter si vous avez d\u00e9j\u00e0 un compte actif ;<\/li>\n<li style=\"text-align: justify;\">Demander l\u2019\u00ab Association en ligne \u00bb en cliquant sur \u00ab Anagrafe Consolare e AIRE \u00bb puis sur \u00ab Visualizzare la propria scheda anagrafica \u00bb ;<\/li>\n<li style=\"text-align: justify;\">Vous recevrez un message de confirmation par courriel ;<\/li>\n<li style=\"text-align: justify;\">Se reconnecter au portail et t\u00e9l\u00e9charger le certificat.<\/li>\n<\/ol>\n<p style=\"text-align: justify;\">Les citoyens majeurs inscrits \u00e0 l\u2019AIRE qui poss\u00e8dent d\u00e9j\u00e0 un Code fiscal peuvent <strong>t\u00e9l\u00e9charger directement le certificat<\/strong> via le portail Fast It, sans intervention du Consulat.<\/p>\n<p style=\"text-align: justify;\">Ceux qui souhaitent recevoir \u00e9galement <strong>la carte plastifi\u00e9e<\/strong> doivent pr\u00e9senter le formulaire sp\u00e9cifique accompagn\u00e9 d\u2019une copie d\u2019un document d\u2019identit\u00e9.<\/p>\n<p style=\"text-align: justify;\">En cas de <strong>perte ou destruction du certificat papier ou de la carte plastifi\u00e9e<\/strong>, un duplicata peut \u00eatre demand\u00e9 selon la m\u00eame proc\u00e9dure que pour l\u2019attribution initiale.<\/p>\n<p>&nbsp;<\/p>\n<h4 style=\"text-align: justify;\"><strong>CITOYENS \u00c9TRANGERS NON R\u00c9SIDENTS EN ITALIE<\/strong><\/h4>\n<p style=\"text-align: justify;\">Les citoyens \u00e9trangers peuvent demander le Code fiscal selon les modalit\u00e9s suivantes :<\/p>\n<ul>\n<li style=\"text-align: justify;\">Par l\u2019interm\u00e9diaire du <strong>Bureau consulaire italien comp\u00e9tent pour leur lieu de r\u00e9sidence<\/strong>.<\/li>\n<\/ul>\n<p style=\"text-align: justify;\">La demande, pr\u00e9sent\u00e9e au moyen du formulaire appropri\u00e9, doit \u00eatre accompagn\u00e9e d\u2019une copie d\u2019un document d\u2019identit\u00e9 et d\u2019une justification.<\/p>\n<ul>\n<li style=\"text-align: justify;\">Par <strong>procuration sp\u00e9ciale<\/strong> permettant \u00e0 un repr\u00e9sentant de pr\u00e9senter la demande <strong>directement aupr\u00e8s d\u2019un bureau de l\u2019Agenzia delle Entrate<\/strong> en Italie, conform\u00e9ment \u00e0 l\u2019article 1 du d\u00e9cret minist\u00e9riel du 17 mai 2001, n\u00b0 281.<\/li>\n<\/ul>\n<p style=\"text-align: justify;\">Les adresses des bureaux de l\u2019Agence des Revenus sont disponibles sur <a href=\"http:\/\/www.agenziaentrate.it\" target=\"_blank\" rel=\"noopener\"><span tabindex=\"0\" role=\"button\" data-url=\"https:\/\/www.agenziaentrate.it\" aria-label=\"www.agenziaentrate.it, vous serez amen\u00e9(e) \u00e0 www.agenziaentrate.it\">www.agenziaentrate.it<\/span><\/a><\/p>\n<ul>\n<li style=\"text-align: justify;\"><strong>Directement aupr\u00e8s d\u2019un bureau de l\u2019Agenzia delle Entrate<\/strong> en Italie, une fois entr\u00e9 dans le pays.<\/li>\n<\/ul>\n<p style=\"text-align: justify;\">Pour plus d\u2019informations, il est recommand\u00e9 de consulter la <a href=\"https:\/\/www.agenziaentrate.gov.it\/portale\/documents\/20143\/233505\/Folder_CodiceFiscaleStranieri_08+03+23.pdf\/218dc638-ced1-3b2d-f5f2-912686b1f7fe?t=1682082253716\" target=\"_blank\" rel=\"noopener\">Mini\u2011guide du Code fiscal pour \u00e9trangers<\/a> de l\u2019Agence des Revenus, disponible en plusieurs langues en cliquant <a href=\"https:\/\/www.agenziaentrate.gov.it\/portale\/mini-guida-codice-fiscale-per-stranieri\" target=\"_blank\" rel=\"noopener\">ici<\/a>.<\/p>\n<p>&nbsp;<\/p>\n<p style=\"text-align: justify;\">En particulier :<\/p>\n<p style=\"text-align: justify;\"><strong>Les citoyens de pays de l\u2019UE souhaitant s\u00e9journer en Italie<\/strong> peuvent demander le Code fiscal en pr\u00e9sentant le formulaire AA4\/8 \u00e0 un bureau territorial de l\u2019Agence des Revenus. La demande doit \u00eatre motiv\u00e9e et accompagn\u00e9e d\u2019un document d\u2019identit\u00e9 valide (passeport ou carte d\u2019identit\u00e9 valable pour voyager).<\/p>\n<p>&nbsp;<\/p>\n<p style=\"text-align: justify;\">Pour les <strong>citoyens de pays hors UE souhaitant s\u00e9journer en Italie<\/strong>, le Code fiscal est attribu\u00e9 :<\/p>\n<p style=\"text-align: justify;\">\u2013 par le <strong>Guichet unique pour l\u2019Immigration<\/strong> (Sportello Unico per l\u2019Immigrazione), pr\u00e9sent dans chaque Pr\u00e9fecture et comp\u00e9tent pour d\u00e9livrer l\u2019autorisation d\u2019entr\u00e9e pour les citoyens \u00e9trangers demandant un <strong>permis de s\u00e9jour pour travail salari\u00e9 ou regroupement familial<\/strong> ;<\/p>\n<p style=\"text-align: justify;\">\u2013 par la <strong>Questura<\/strong> (Pr\u00e9fecture de Police), pour les citoyens \u00e9trangers demandant <strong>d\u2019autres types de permis de s\u00e9jour<\/strong>.<\/p>\n<p>&nbsp;<\/p>\n<p style=\"text-align: justify;\"><span style=\"text-decoration: underline;\"><strong>Motifs d\u2019\u00e9tude<\/strong><\/span><\/p>\n<p style=\"text-align: justify;\">Le citoyen \u00e9tranger arrivant en Italie pour des \u00e9tudes et s\u00e9journant <strong>moins de 90 jours<\/strong> peut demander le Code fiscal aupr\u00e8s de <strong>n\u2019importe quel bureau de l\u2019Agenzia delle Entrate<\/strong>.<\/p>\n<p style=\"text-align: justify;\">Le citoyen \u00e9tranger arrivant en Italie pour des \u00e9tudes et s\u00e9journant <strong>plus de 90 jours<\/strong> doit d\u2019abord demander un <strong>permis de s\u00e9jour<\/strong> aupr\u00e8s de la <strong>Questura<\/strong> (Pr\u00e9fecture de Police), au cours duquel le <strong>Code fiscal<\/strong> lui sera attribu\u00e9.<\/p>\n<div style=\"text-align: justify;\"><\/div>\n","protected":false},"excerpt":{"rendered":"Qu\u2019est\u2011ce que c\u2019est \u00c0 quoi sert\u2011il ? Comment pr\u00e9senter la demande &nbsp; Qu\u2019est\u2011ce que c\u2019est Le Code fiscal (Codice Fiscale) est le code alphanum\u00e9rique d\u00e9livr\u00e9 par l\u2019Agence des Revenus (Agenzia delle Entrate) pour identifier un citoyen (italien ou \u00e9tranger) dans ses relations avec les administrations publiques, les entit\u00e9s priv\u00e9es et les organismes italiens. Pour les [&hellip;]","protected":false},"author":1,"featured_media":0,"parent":214,"menu_order":18,"comment_status":"closed","ping_status":"closed","template":"","meta":{"footnotes":""},"class_list":["post-234","page","type-page","status-publish","hentry"],"_links":{"self":[{"href":"https:\/\/ambabidjan.esteri.it\/fr\/wp-json\/wp\/v2\/pages\/234","targetHints":{"allow":["GET"]}}],"collection":[{"href":"https:\/\/ambabidjan.esteri.it\/fr\/wp-json\/wp\/v2\/pages"}],"about":[{"href":"https:\/\/ambabidjan.esteri.it\/fr\/wp-json\/wp\/v2\/types\/page"}],"author":[{"embeddable":true,"href":"https:\/\/ambabidjan.esteri.it\/fr\/wp-json\/wp\/v2\/users\/1"}],"replies":[{"embeddable":true,"href":"https:\/\/ambabidjan.esteri.it\/fr\/wp-json\/wp\/v2\/comments?post=234"}],"version-history":[{"count":3,"href":"https:\/\/ambabidjan.esteri.it\/fr\/wp-json\/wp\/v2\/pages\/234\/revisions"}],"predecessor-version":[{"id":3196,"href":"https:\/\/ambabidjan.esteri.it\/fr\/wp-json\/wp\/v2\/pages\/234\/revisions\/3196"}],"up":[{"embeddable":true,"href":"https:\/\/ambabidjan.esteri.it\/fr\/wp-json\/wp\/v2\/pages\/214"}],"wp:attachment":[{"href":"https:\/\/ambabidjan.esteri.it\/fr\/wp-json\/wp\/v2\/media?parent=234"}],"curies":[{"name":"wp","href":"https:\/\/api.w.org\/{rel}","templated":true}]}}