{"id":230,"date":"2023-04-11T18:19:45","date_gmt":"2023-04-11T16:19:45","guid":{"rendered":"https:\/\/ambabidjan.esteri.it\/servizi-consolari-e-visti\/servizi-per-il-cittadino-italiano\/traduzione-e-legalizzazione-dei-documenti\/"},"modified":"2024-02-15T19:33:47","modified_gmt":"2024-02-15T18:33:47","slug":"traduzione-e-legalizzazione-dei-documenti","status":"publish","type":"page","link":"https:\/\/ambabidjan.esteri.it\/fr\/servizi-consolari-e-visti\/servizi-per-il-cittadino-straniero\/traduzione-e-legalizzazione-dei-documenti\/","title":{"rendered":"Traduction et l\u00e9galisation de documents"},"content":{"rendered":"<p>1. L&rsquo;Ambassade d&rsquo;Italie informe qu&rsquo;un service d&rsquo;externalisation est en place pour le d\u00e9p\u00f4t des demandes de l\u00e9galisation d&rsquo;actes, g\u00e9r\u00e9 par la soci\u00e9t\u00e9 VFS.<br \/>\nL&rsquo;agence est situ\u00e9e \u00e0 Abidjan, Rue des Carrossier, Zone 3 Treichville, centre commercial HLM I \u00e9tage.<br \/>\nPour toute information sur le service, les modalit\u00e9s de d\u00e9p\u00f4t et de prise de rendez-vous, veuillez contacter le 00225 2520004874, envoyer un courriel \u00e0 info.itci@vfshelpline.com ou consulter le site www.vfsglobal.com\/italy\/Republic_Of_CoteDivoire.<\/p>\n<p>2.\u00a0 <a href=\"https:\/\/ambabidjan.esteri.it\/wp-content\/uploads\/2024\/02\/Lista-traduttori.docx\">LISTE DE TRADUCTEURS<\/a><\/p>\n<p>&nbsp;<\/p>\n","protected":false},"excerpt":{"rendered":"1. L&rsquo;Ambassade d&rsquo;Italie informe qu&rsquo;un service d&rsquo;externalisation est en place pour le d\u00e9p\u00f4t des demandes de l\u00e9galisation d&rsquo;actes, g\u00e9r\u00e9 par la soci\u00e9t\u00e9 VFS. L&rsquo;agence est situ\u00e9e \u00e0 Abidjan, Rue des Carrossier, Zone 3 Treichville, centre commercial HLM I \u00e9tage. Pour toute information sur le service, les modalit\u00e9s de d\u00e9p\u00f4t et de prise de rendez-vous, veuillez [&hellip;]","protected":false},"author":1,"featured_media":0,"parent":240,"menu_order":14,"comment_status":"closed","ping_status":"closed","template":"","meta":{"footnotes":""},"class_list":["post-230","page","type-page","status-publish","hentry"],"_links":{"self":[{"href":"https:\/\/ambabidjan.esteri.it\/fr\/wp-json\/wp\/v2\/pages\/230","targetHints":{"allow":["GET"]}}],"collection":[{"href":"https:\/\/ambabidjan.esteri.it\/fr\/wp-json\/wp\/v2\/pages"}],"about":[{"href":"https:\/\/ambabidjan.esteri.it\/fr\/wp-json\/wp\/v2\/types\/page"}],"author":[{"embeddable":true,"href":"https:\/\/ambabidjan.esteri.it\/fr\/wp-json\/wp\/v2\/users\/1"}],"replies":[{"embeddable":true,"href":"https:\/\/ambabidjan.esteri.it\/fr\/wp-json\/wp\/v2\/comments?post=230"}],"version-history":[{"count":4,"href":"https:\/\/ambabidjan.esteri.it\/fr\/wp-json\/wp\/v2\/pages\/230\/revisions"}],"predecessor-version":[{"id":1364,"href":"https:\/\/ambabidjan.esteri.it\/fr\/wp-json\/wp\/v2\/pages\/230\/revisions\/1364"}],"up":[{"embeddable":true,"href":"https:\/\/ambabidjan.esteri.it\/fr\/wp-json\/wp\/v2\/pages\/240"}],"wp:attachment":[{"href":"https:\/\/ambabidjan.esteri.it\/fr\/wp-json\/wp\/v2\/media?parent=230"}],"curies":[{"name":"wp","href":"https:\/\/api.w.org\/{rel}","templated":true}]}}