{"id":218,"date":"2023-04-11T18:17:44","date_gmt":"2023-04-11T16:17:44","guid":{"rendered":"https:\/\/ambabidjan.esteri.it\/servizi-consolari-e-visti\/servizi-per-il-cittadino-italiano\/emergency-travel-documents-etd\/"},"modified":"2025-12-10T18:40:41","modified_gmt":"2025-12-10T17:40:41","slug":"emergency-travel-documents-etd","status":"publish","type":"page","link":"https:\/\/ambabidjan.esteri.it\/fr\/servizi-consolari-e-visti\/servizi-per-il-cittadino-italiano\/emergency-travel-documents-etd\/","title":{"rendered":"Documents de voyage d&rsquo;urgence de l&rsquo;Union europ\u00e9enne (EU ETD)"},"content":{"rendered":"<p>Le <strong>Document de voyage d\u2019urgence de l\u2019UE (EU ETD)<\/strong> trouve son fondement dans la Directive (UE) 2019\/997, transpos\u00e9e en Italie par le D\u00e9cret du Minist\u00e8re des Affaires \u00e9trang\u00e8res et de la Coop\u00e9ration internationale du 26 juillet 2024. Il s\u2019agit d\u2019un document de voyage d\u2019urgence d\u00e9livr\u00e9 par les autorit\u00e9s consulaires aux citoyens italiens \u00e0 l\u2019\u00e9tranger ou, sous r\u00e9serve de l\u2019autorisation de l\u2019\u00c9tat membre de nationalit\u00e9, aux citoyens d\u2019autres pays de l\u2019UE non repr\u00e9sent\u00e9s localement, qui ne peuvent disposer de leur passeport parce qu\u2019il est perdu, vol\u00e9, d\u00e9truit ou non obtenable dans un d\u00e9lai raisonnable. \u00c0 partir du 9 d\u00e9cembre 2025, il adopte une forme renouvel\u00e9e et uniforme dans tous les \u00c9tats membres de l\u2019Union europ\u00e9enne. L\u2019EU ETD est valable exclusivement pour un seul voyage vers l\u2019\u00c9tat de nationalit\u00e9 du demandeur, vers son pays de r\u00e9sidence permanente ou, dans des circonstances exceptionnelles, vers une autre destination autoris\u00e9e.<\/p>\n<p>La demande doit \u00eatre pr\u00e9sent\u00e9e au moyen du <strong><a href=\"https:\/\/ambabidjan.esteri.it\/wp-content\/uploads\/2025\/12\/Formulario-ETD-UE_IT_-con-v.-francese.docx\" target=\"_blank\" rel=\"noopener\">formulaire pr\u00e9vu<\/a><\/strong>\u00a0et accompagn\u00e9e de :<\/p>\n<ul>\n<li>la d\u00e9claration aux autorit\u00e9s de police locales du vol, de la perte ou de la destruction du document de voyage ;<\/li>\n<li>une d\u00e9claration de vol ou de perte du passeport ou d\u2019un autre document de voyage, faite aupr\u00e8s du poste consulaire conform\u00e9ment aux articles 46 et 47 du D\u00e9cret pr\u00e9sidentiel du 28 d\u00e9cembre 2000, n\u00b0 445, avec les pr\u00e9cautions pr\u00e9vues \u00e0 l\u2019article 76 ;<\/li>\n<li>une photographie num\u00e9rique ou scann\u00e9e du demandeur, lorsqu\u2019il n\u2019est pas possible de relever l\u2019image du visage au moment de la demande, conforme aux normes de l\u2019OACI ;<\/li>\n<li>le titre de voyage, lorsqu\u2019il est disponible.<\/li>\n<\/ul>\n<p>Conform\u00e9ment \u00e0 la r\u00e9glementation en vigueur, l\u2019EU ETD est valable pour la dur\u00e9e du voyage pour lequel il est d\u00e9livr\u00e9, jusqu\u2019\u00e0 un maximum de quinze jours. La principale nouveaut\u00e9 introduite consiste dans l\u2019obligation, pour le b\u00e9n\u00e9ficiaire, de restituer le document \u00e0 la police des fronti\u00e8res ou \u00e0 un autre poste de police d\u00e8s son arriv\u00e9e \u00e0 destination, ind\u00e9pendamment de la validit\u00e9 r\u00e9siduelle. Si le voyage est effectu\u00e9 vers un pays autre que l\u2019Italie, le document devra \u00eatre restitu\u00e9 au poste consulaire territorialement comp\u00e9tent pour le lieu de destination. Actuellement, l\u2019ETD est d\u00e9livr\u00e9 gratuitement, sous r\u00e9serve du remboursement du seul co\u00fbt du document imprim\u00e9.<\/p>\n","protected":false},"excerpt":{"rendered":"Le Document de voyage d\u2019urgence de l\u2019UE (EU ETD) trouve son fondement dans la Directive (UE) 2019\/997, transpos\u00e9e en Italie par le D\u00e9cret du Minist\u00e8re des Affaires \u00e9trang\u00e8res et de la Coop\u00e9ration internationale du 26 juillet 2024. Il s\u2019agit d\u2019un document de voyage d\u2019urgence d\u00e9livr\u00e9 par les autorit\u00e9s consulaires aux citoyens italiens \u00e0 l\u2019\u00e9tranger ou, [&hellip;]","protected":false},"author":1,"featured_media":0,"parent":214,"menu_order":2,"comment_status":"closed","ping_status":"closed","template":"","meta":{"footnotes":""},"class_list":["post-218","page","type-page","status-publish","hentry"],"_links":{"self":[{"href":"https:\/\/ambabidjan.esteri.it\/fr\/wp-json\/wp\/v2\/pages\/218","targetHints":{"allow":["GET"]}}],"collection":[{"href":"https:\/\/ambabidjan.esteri.it\/fr\/wp-json\/wp\/v2\/pages"}],"about":[{"href":"https:\/\/ambabidjan.esteri.it\/fr\/wp-json\/wp\/v2\/types\/page"}],"author":[{"embeddable":true,"href":"https:\/\/ambabidjan.esteri.it\/fr\/wp-json\/wp\/v2\/users\/1"}],"replies":[{"embeddable":true,"href":"https:\/\/ambabidjan.esteri.it\/fr\/wp-json\/wp\/v2\/comments?post=218"}],"version-history":[{"count":3,"href":"https:\/\/ambabidjan.esteri.it\/fr\/wp-json\/wp\/v2\/pages\/218\/revisions"}],"predecessor-version":[{"id":2013,"href":"https:\/\/ambabidjan.esteri.it\/fr\/wp-json\/wp\/v2\/pages\/218\/revisions\/2013"}],"up":[{"embeddable":true,"href":"https:\/\/ambabidjan.esteri.it\/fr\/wp-json\/wp\/v2\/pages\/214"}],"wp:attachment":[{"href":"https:\/\/ambabidjan.esteri.it\/fr\/wp-json\/wp\/v2\/media?parent=218"}],"curies":[{"name":"wp","href":"https:\/\/api.w.org\/{rel}","templated":true}]}}