{"id":209,"date":"2023-04-11T17:08:57","date_gmt":"2023-04-11T15:08:57","guid":{"rendered":"https:\/\/ambabidjan.esteri.it\/servizi-consolari-e-visti\/"},"modified":"2026-01-03T13:30:55","modified_gmt":"2026-01-03T12:30:55","slug":"servizi-consolari-e-visti","status":"publish","type":"page","link":"https:\/\/ambabidjan.esteri.it\/fr\/servizi-consolari-e-visti\/","title":{"rendered":"Services consulaires et visas"},"content":{"rendered":"<p>La Chancellerie consulaire de l\u2019Ambassade d\u2019Italie en C\u00f4te d\u2019Ivoire a \u00e9t\u00e9 institu\u00e9e par le <a href=\"https:\/\/ambabidjan.esteri.it\/wp-content\/uploads\/2025\/07\/DPR-1689_1960.pdf\" target=\"_blank\" rel=\"noopener\">d\u00e9cret pr\u00e9sidentiel n\u00b0 1689 du 10 novembre 1960<\/a>. La circonscription consulaire, telle que modifi\u00e9e en dernier lieu par le <a href=\"https:\/\/ambabidjan.esteri.it\/wp-content\/uploads\/2025\/07\/DM-24.07.2003.pdf\" target=\"_blank\" rel=\"noopener\">d\u00e9cret minist\u00e9riel n\u00b0 033\/434 bis du 19 mai 2003<\/a>, comprend le territoire de la C\u00f4te d\u2019Ivoire ainsi que le Burkina Faso, le Lib\u00e9ria, le Niger et la Sierra Leone.<\/p>\n<p>Vous vous trouvez dans la section d\u00e9di\u00e9e aux services consulaires et aux visas de l\u2019Ambassade d\u2019Italie en C\u00f4te d\u2019Ivoire. Afin de faciliter la navigation, les diff\u00e9rents services propos\u00e9s ont \u00e9t\u00e9 r\u00e9partis en deux cat\u00e9gories :<\/p>\n<ul>\n<li><a href=\"https:\/\/ambabidjan.esteri.it\/fr\/servizi-consolari-e-visti\/servizi-per-il-cittadino-italiano\/\" target=\"_blank\" rel=\"noopener\">Services pour les citoyens italiens<\/a><\/li>\n<li><a href=\"https:\/\/ambabidjan.esteri.it\/fr\/servizi-consolari-e-visti\/servizi-per-il-cittadino-straniero\/\" target=\"_blank\" rel=\"noopener\">Services pour les ressortissants \u00e9trangers<\/a><\/li>\n<\/ul>\n<p>Chaque rubrique du sous-menu correspondant contient les informations utiles pour demander les services sp\u00e9cifiques.<\/p>\n<p>Pour toute information compl\u00e9mentaire, veuillez nous contacter \u00e0 l\u2019adresse suivante : <a href=\"mailto:consolare.abidjan@esteri.it\">consolare.abidjan@esteri.it<\/a> (Bureau Consulaire) ou <a href=\"mailto:visti.abidjan@esteri.it\">visti.abidjan@esteri.it<\/a> (Bureau Visa).<\/p>\n","protected":false},"excerpt":{"rendered":"La Chancellerie consulaire de l\u2019Ambassade d\u2019Italie en C\u00f4te d\u2019Ivoire a \u00e9t\u00e9 institu\u00e9e par le d\u00e9cret pr\u00e9sidentiel n\u00b0 1689 du 10 novembre 1960. La circonscription consulaire, telle que modifi\u00e9e en dernier lieu par le d\u00e9cret minist\u00e9riel n\u00b0 033\/434 bis du 19 mai 2003, comprend le territoire de la C\u00f4te d\u2019Ivoire ainsi que le Burkina Faso, le [&hellip;]","protected":false},"author":1,"featured_media":0,"parent":0,"menu_order":6,"comment_status":"closed","ping_status":"closed","template":"","meta":{"footnotes":""},"class_list":["post-209","page","type-page","status-publish","hentry"],"_links":{"self":[{"href":"https:\/\/ambabidjan.esteri.it\/fr\/wp-json\/wp\/v2\/pages\/209","targetHints":{"allow":["GET"]}}],"collection":[{"href":"https:\/\/ambabidjan.esteri.it\/fr\/wp-json\/wp\/v2\/pages"}],"about":[{"href":"https:\/\/ambabidjan.esteri.it\/fr\/wp-json\/wp\/v2\/types\/page"}],"author":[{"embeddable":true,"href":"https:\/\/ambabidjan.esteri.it\/fr\/wp-json\/wp\/v2\/users\/1"}],"replies":[{"embeddable":true,"href":"https:\/\/ambabidjan.esteri.it\/fr\/wp-json\/wp\/v2\/comments?post=209"}],"version-history":[{"count":6,"href":"https:\/\/ambabidjan.esteri.it\/fr\/wp-json\/wp\/v2\/pages\/209\/revisions"}],"predecessor-version":[{"id":2039,"href":"https:\/\/ambabidjan.esteri.it\/fr\/wp-json\/wp\/v2\/pages\/209\/revisions\/2039"}],"wp:attachment":[{"href":"https:\/\/ambabidjan.esteri.it\/fr\/wp-json\/wp\/v2\/media?parent=209"}],"curies":[{"name":"wp","href":"https:\/\/api.w.org\/{rel}","templated":true}]}}