{"id":2078,"date":"2026-01-06T12:36:05","date_gmt":"2026-01-06T11:36:05","guid":{"rendered":"https:\/\/ambabidjan.esteri.it\/?page_id=2078"},"modified":"2026-01-06T13:21:10","modified_gmt":"2026-01-06T12:21:10","slug":"calendrier-des-jours-feries","status":"publish","type":"page","link":"https:\/\/ambabidjan.esteri.it\/fr\/chi-siamo\/gli-uffici\/calendrier-des-jours-feries\/","title":{"rendered":"Calendrier des jours f\u00e9ri\u00e9s"},"content":{"rendered":"<p>Il est port\u00e9 \u00e0 la connaissance du public qu\u2019en <strong>2026<\/strong> l\u2019Ambassade d\u2019Italie \u00e0 Abidjan observera le <strong>calendrier des jours f\u00e9ri\u00e9s<\/strong> suivant :<\/p>\n<table style=\"height: 680px;\" width=\"724\">\n<tbody>\n<tr>\n<td width=\"198\"><strong>01 Janvier 2026<\/strong><\/td>\n<td width=\"444\">Nouvel An<\/td>\n<\/tr>\n<tr>\n<td width=\"198\"><strong>20 Mars 2026<\/strong><\/td>\n<td width=\"444\">Fin du Ramadan<\/td>\n<\/tr>\n<tr>\n<td width=\"198\"><strong>06 Avril 2026<\/strong><\/td>\n<td width=\"444\">Lundi de P\u00e2ques<\/td>\n<\/tr>\n<tr>\n<td width=\"198\"><strong>01 Mai 2026<\/strong><\/td>\n<td width=\"444\">F\u00eate du Travail<\/td>\n<\/tr>\n<tr>\n<td width=\"198\"><strong>27 Mai 2026<\/strong><\/td>\n<td width=\"444\">A\u00efd al-Adha<\/td>\n<\/tr>\n<tr>\n<td width=\"198\"><strong>02 Juin 2026<\/strong><\/td>\n<td width=\"444\">F\u00eate de la R\u00e9publique italienne<\/td>\n<\/tr>\n<tr>\n<td width=\"198\"><strong>07 Ao\u00fbt 2026<\/strong><\/td>\n<td width=\"444\">F\u00eate nationale ivoirienne<\/td>\n<\/tr>\n<tr>\n<td width=\"198\"><strong>15 Ao\u00fbt 2026<\/strong><\/td>\n<td width=\"444\">Assomption<\/td>\n<\/tr>\n<tr>\n<td width=\"198\"><strong>01 Novembre 2026<\/strong><\/td>\n<td width=\"444\">Toussaint<\/td>\n<\/tr>\n<tr>\n<td width=\"198\"><strong>25 Novembre 2026<\/strong><\/td>\n<td width=\"444\">No\u00ebl<\/td>\n<\/tr>\n<tr>\n<td width=\"198\"><strong>26 D\u00e9cembre 2026<\/strong><\/td>\n<td width=\"444\">Saint \u00c9tienne<\/td>\n<\/tr>\n<\/tbody>\n<\/table>\n","protected":false},"excerpt":{"rendered":"Il est port\u00e9 \u00e0 la connaissance du public qu\u2019en 2026 l\u2019Ambassade d\u2019Italie \u00e0 Abidjan observera le calendrier des jours f\u00e9ri\u00e9s suivant : 01 Janvier 2026 Nouvel An 20 Mars 2026 Fin du Ramadan 06 Avril 2026 Lundi de P\u00e2ques 01 Mai 2026 F\u00eate du Travail 27 Mai 2026 A\u00efd al-Adha 02 Juin 2026 F\u00eate de [&hellip;]","protected":false},"author":4,"featured_media":0,"parent":183,"menu_order":1,"comment_status":"closed","ping_status":"closed","template":"","meta":{"footnotes":""},"class_list":["post-2078","page","type-page","status-publish","hentry"],"_links":{"self":[{"href":"https:\/\/ambabidjan.esteri.it\/fr\/wp-json\/wp\/v2\/pages\/2078","targetHints":{"allow":["GET"]}}],"collection":[{"href":"https:\/\/ambabidjan.esteri.it\/fr\/wp-json\/wp\/v2\/pages"}],"about":[{"href":"https:\/\/ambabidjan.esteri.it\/fr\/wp-json\/wp\/v2\/types\/page"}],"author":[{"embeddable":true,"href":"https:\/\/ambabidjan.esteri.it\/fr\/wp-json\/wp\/v2\/users\/4"}],"replies":[{"embeddable":true,"href":"https:\/\/ambabidjan.esteri.it\/fr\/wp-json\/wp\/v2\/comments?post=2078"}],"version-history":[{"count":1,"href":"https:\/\/ambabidjan.esteri.it\/fr\/wp-json\/wp\/v2\/pages\/2078\/revisions"}],"predecessor-version":[{"id":2080,"href":"https:\/\/ambabidjan.esteri.it\/fr\/wp-json\/wp\/v2\/pages\/2078\/revisions\/2080"}],"up":[{"embeddable":true,"href":"https:\/\/ambabidjan.esteri.it\/fr\/wp-json\/wp\/v2\/pages\/183"}],"wp:attachment":[{"href":"https:\/\/ambabidjan.esteri.it\/fr\/wp-json\/wp\/v2\/media?parent=2078"}],"curies":[{"name":"wp","href":"https:\/\/api.w.org\/{rel}","templated":true}]}}