{"id":207,"date":"2023-04-11T18:11:52","date_gmt":"2023-04-11T16:11:52","guid":{"rendered":"https:\/\/ambabidjan.esteri.it\/italia-e-costa-davorio\/cooperazione-allo-sviluppo\/"},"modified":"2025-10-06T20:14:23","modified_gmt":"2025-10-06T18:14:23","slug":"cooperazione-allo-sviluppo","status":"publish","type":"page","link":"https:\/\/ambabidjan.esteri.it\/fr\/italia-e-costa-davorio\/cooperazione-allo-sviluppo\/","title":{"rendered":"Coop\u00e9ration au d\u00e9veloppement"},"content":{"rendered":"<p><strong>Coop\u00e9ration au d\u00e9veloppement<\/strong><\/p>\n<p>La <strong>C\u00f4te d\u2019Ivoire<\/strong> est l\u2019un des <strong>pays prioritaires de la Coop\u00e9ration italienne<\/strong>, comme indiqu\u00e9 dans le Document triennal de programmation et d\u2019orientation 2024-2026. Elle a \u00e9galement \u00e9t\u00e9 d\u00e9sign\u00e9e comme <strong>pays pilote du Plan Mattei pour l\u2019Afrique<\/strong>, la nouvelle strat\u00e9gie lanc\u00e9e par le gouvernement italien visant \u00e0 renforcer les partenariats avec les pays africains \u00e0 travers des interventions concr\u00e8tes dans les domaines de l\u2019\u00e9ducation, de la sant\u00e9, de l\u2019agroalimentaire, de la transition num\u00e9rique et de la durabilit\u00e9 environnementale. Dans ce cadre, la Coop\u00e9ration italienne a intensifi\u00e9 sa pr\u00e9sence en C\u00f4te d\u2019Ivoire ces derni\u00e8res ann\u00e9es, en \u00e9troite coordination avec les autorit\u00e9s locales, avec pour objectif de contribuer \u00e0 un d\u00e9veloppement inclusif et durable et de favoriser la croissance du capital humain et social du pays.<\/p>\n<p>L\u2019<strong>Agence italienne pour la Coop\u00e9ration au D\u00e9veloppement (AICS)<\/strong> constitue l\u2019instrument op\u00e9rationnel principal de cet engagement. Afin de renforcer sa pr\u00e9sence sur le terrain, un <strong>Bureau de Coop\u00e9ration int\u00e9gr\u00e9<\/strong> a r\u00e9cemment \u00e9t\u00e9 ouvert \u00e0 Abidjan, permettant une gestion plus directe des programmes et un dialogue continu avec les institutions ivoiriennes, la soci\u00e9t\u00e9 civile et les partenaires internationaux. L\u2019ouverture de ce Bureau confirme la volont\u00e9 de l\u2019Italie de consolider son action dans un pays consid\u00e9r\u00e9 comme strat\u00e9gique pour la stabilit\u00e9 et la croissance en Afrique de l\u2019Ouest.<\/p>\n<p>Les domaines d\u2019intervention prioritaires refl\u00e8tent les orientations du Plan Mattei et du Document de programmation. Dans le secteur de l&rsquo;<strong>\u00e9ducation<\/strong>, l\u2019Italie soutient des programmes visant \u00e0 am\u00e9liorer l\u2019enseignement primaire et secondaire, \u00e0 travers la r\u00e9habilitation des infrastructures scolaires, la formation des enseignants et la protection des enfants en situation de vuln\u00e9rabilit\u00e9. Dans le domaine de la <strong>sant\u00e9<\/strong>, la Coop\u00e9ration italienne contribue au renforcement des services de base et \u00e0 la sant\u00e9 maternelle et infantile, avec un vaste programme d\u2019appui au Plan national de soutien au syst\u00e8me sanitaire ivoirien, qui pr\u00e9voit notamment l\u2019extension de l\u2019h\u00f4pital d\u2019Abobo \u00e0 Abidjan, le soutien au r\u00e9seau sanitaire confessionnel (URSSCI) et la formation du personnel m\u00e9dical et infirmier.<\/p>\n<p>Un autre axe fondamental concerne l\u2019<strong>agroalimentaire et la s\u00e9curit\u00e9 alimentaire<\/strong>, o\u00f9 l\u2019Italie soutient la valorisation des fili\u00e8res agricoles locales (riz, ma\u00efs, l\u00e9gumineuses, mangue), promeut l\u2019utilisation durable des ressources naturelles et encourage la collaboration entre institutions, entreprises et communaut\u00e9s locales afin d\u2019am\u00e9liorer la productivit\u00e9 et de r\u00e9duire l\u2019ins\u00e9curit\u00e9 alimentaire. Parall\u00e8lement, des initiatives sont en cours dans les domaines de la <strong>num\u00e9risation<\/strong> et de la <strong>formation professionnelle<\/strong>, avec pour objectif de d\u00e9velopper des comp\u00e9tences adapt\u00e9es au march\u00e9 du travail et d\u2019accompagner la transition technologique du pays.<\/p>\n<p>Aux initiatives directement g\u00e9r\u00e9es par l\u2019AICS s\u2019ajoute la contribution des <strong>Organisations de la Soci\u00e9t\u00e9 Civile italiennes<\/strong>, actives en C\u00f4te d\u2019Ivoire avec des projets dans les secteurs de l\u2019\u00e9ducation, de la protection des mineurs et de la sant\u00e9, qui renforcent la dimension de proximit\u00e9 et d\u2019inclusion sociale de l\u2019engagement italien. Des instruments financiers tels que la <strong>Caisse des D\u00e9p\u00f4ts et Pr\u00eats (CDP)<\/strong> et <strong>SACE<\/strong> compl\u00e8tent ce dispositif, en soutenant les investissements et les partenariats public-priv\u00e9 en coh\u00e9rence avec les priorit\u00e9s du Plan Mattei.<\/p>\n<p>Dans l\u2019ensemble, la Coop\u00e9ration italienne en C\u00f4te d\u2019Ivoire se caract\u00e9rise par une approche int\u00e9gr\u00e9e, combinant interventions sociales, soutien aux services essentiels et promotion d\u2019opportunit\u00e9s \u00e9conomiques. L\u2019objectif est d\u2019accompagner la croissance du pays par des initiatives \u00e0 fort impact social, capables de renforcer les institutions locales et de favoriser un d\u00e9veloppement durable et inclusif, en coh\u00e9rence avec les strat\u00e9gies nationales ivoiriennes et avec l\u2019Agenda 2030 des Nations Unies.<\/p>\n","protected":false},"excerpt":{"rendered":"Coop\u00e9ration au d\u00e9veloppement La C\u00f4te d\u2019Ivoire est l\u2019un des pays prioritaires de la Coop\u00e9ration italienne, comme indiqu\u00e9 dans le Document triennal de programmation et d\u2019orientation 2024-2026. Elle a \u00e9galement \u00e9t\u00e9 d\u00e9sign\u00e9e comme pays pilote du Plan Mattei pour l\u2019Afrique, la nouvelle strat\u00e9gie lanc\u00e9e par le gouvernement italien visant \u00e0 renforcer les partenariats avec les pays [&hellip;]","protected":false},"author":1,"featured_media":0,"parent":189,"menu_order":6,"comment_status":"closed","ping_status":"closed","template":"","meta":{"footnotes":""},"class_list":["post-207","page","type-page","status-publish","hentry"],"_links":{"self":[{"href":"https:\/\/ambabidjan.esteri.it\/fr\/wp-json\/wp\/v2\/pages\/207","targetHints":{"allow":["GET"]}}],"collection":[{"href":"https:\/\/ambabidjan.esteri.it\/fr\/wp-json\/wp\/v2\/pages"}],"about":[{"href":"https:\/\/ambabidjan.esteri.it\/fr\/wp-json\/wp\/v2\/types\/page"}],"author":[{"embeddable":true,"href":"https:\/\/ambabidjan.esteri.it\/fr\/wp-json\/wp\/v2\/users\/1"}],"replies":[{"embeddable":true,"href":"https:\/\/ambabidjan.esteri.it\/fr\/wp-json\/wp\/v2\/comments?post=207"}],"version-history":[{"count":4,"href":"https:\/\/ambabidjan.esteri.it\/fr\/wp-json\/wp\/v2\/pages\/207\/revisions"}],"predecessor-version":[{"id":1889,"href":"https:\/\/ambabidjan.esteri.it\/fr\/wp-json\/wp\/v2\/pages\/207\/revisions\/1889"}],"up":[{"embeddable":true,"href":"https:\/\/ambabidjan.esteri.it\/fr\/wp-json\/wp\/v2\/pages\/189"}],"wp:attachment":[{"href":"https:\/\/ambabidjan.esteri.it\/fr\/wp-json\/wp\/v2\/media?parent=207"}],"curies":[{"name":"wp","href":"https:\/\/api.w.org\/{rel}","templated":true}]}}