{"id":193,"date":"2023-04-11T18:23:52","date_gmt":"2023-04-11T16:23:52","guid":{"rendered":"https:\/\/ambabidjan.esteri.it\/italia-e-costa-davorio\/diplomazia-economica\/fare-affari-in-costa-davorio-2\/"},"modified":"2024-02-02T13:36:44","modified_gmt":"2024-02-02T12:36:44","slug":"fare-affari-in-costa-davorio-2","status":"publish","type":"page","link":"https:\/\/ambabidjan.esteri.it\/fr\/servizi-consolari-e-visti\/servizi-per-il-cittadino-italiano\/passaporti-e-carte-didentita\/fare-affari-in-costa-davorio-2\/","title":{"rendered":"Faire des affaires en C\u00f4te d&rsquo;Ivoire"},"content":{"rendered":"<p class=\"MsoNormal\" style=\"text-align: justify; tab-stops: 138.0pt;\"><b style=\"mso-bidi-font-weight: normal;\"><span lang=\"FR\" style=\"font-size: 16.0pt; mso-bidi-font-size: 12.0pt; line-height: 107%; mso-bidi-font-family: Calibri; mso-bidi-theme-font: minor-latin; mso-ansi-language: FR;\">Faire des affaires en C\u00f4te d&rsquo;Ivoire<\/span><\/b><\/p>\n<p><a href=\"http:\/\/agenziaentrate.gov.it\/\">Guida agli adempimenti fiscali in Italia per i residenti all\u2019estero\u00a0<\/a>(Agenzia per le Entrate).<\/p>\n<p class=\"MsoNormal\" style=\"text-align: justify; tab-stops: 138.0pt;\"><span lang=\"FR\" style=\"font-size: 12.0pt; line-height: 107%; mso-bidi-font-family: Calibri; mso-bidi-theme-font: minor-latin; mso-ansi-language: FR;\">Depuis l&rsquo;\u00e9lection d&rsquo;Alassane Ouattara \u00e0 la pr\u00e9sidence de la R\u00e9publique, la C\u00f4te d&rsquo;Ivoire a fait preuve d&rsquo;une grande ouverture \u00e0 l&rsquo;\u00e9gard des investissements priv\u00e9s \u00e9trangers, consid\u00e9r\u00e9s comme l&rsquo;un des principaux moteurs de la croissance \u00e9conomique du pays.<\/span><\/p>\n<p class=\"MsoNormal\" style=\"tab-stops: 138.0pt;\"><span lang=\"FR\" style=\"font-size: 12.0pt; line-height: 107%; mso-bidi-font-family: Calibri; mso-bidi-theme-font: minor-latin; mso-ansi-language: FR;\">\u00c0 cet \u00e9gard, le Centre de Promotion des Investissements en C\u00f4te d&rsquo;Ivoire http:\/\/www.cepici.gouv.ci\/ m\u00e9rite d&rsquo;\u00eatre mentionn\u00e9.<\/span><\/p>\n<p class=\"MsoNormal\" style=\"text-align: justify; tab-stops: 138.0pt;\"><span lang=\"FR\" style=\"font-size: 12.0pt; line-height: 107%; mso-bidi-font-family: Calibri; mso-bidi-theme-font: minor-latin; mso-ansi-language: FR;\">Le site du CEPICI est un outil tr\u00e8s utile pour toute personne souhaitant cr\u00e9er une entreprise en C\u00f4te d&rsquo;Ivoire.<\/span><\/p>\n<p class=\"MsoNormal\" style=\"text-align: justify; tab-stops: 138.0pt;\"><span lang=\"FR\" style=\"font-size: 12.0pt; line-height: 107%; mso-bidi-font-family: Calibri; mso-bidi-theme-font: minor-latin; mso-ansi-language: FR;\">Sur le site http:\/\/www.ppp.ci\/, en revanche, on trouve des projets, r\u00e9partis par secteur, qui seront mis en \u0153uvre dans les ann\u00e9es \u00e0 venir avec la formule du partenariat public-priv\u00e9.<\/span><\/p>\n<p class=\"MsoNormal\" style=\"text-align: justify; tab-stops: 138.0pt;\">\n<p class=\"MsoNormal\" style=\"text-align: justify; tab-stops: 138.0pt;\"><span lang=\"FR\" style=\"font-size: 12.0pt; line-height: 107%; mso-bidi-font-family: Calibri; mso-bidi-theme-font: minor-latin; mso-ansi-language: FR;\">L&rsquo;Ambassade d&rsquo;Italie \u00e0 Abidjan dispose d&rsquo;un Bureau \u00e9conomique et commercial qui \u00e9tudie et \u00e9value les d\u00e9veloppements \u00e9conomiques, financiers et commerciaux en C\u00f4te d&rsquo;Ivoire.<\/span><\/p>\n<p class=\"MsoNormal\" style=\"text-align: justify; tab-stops: 138.0pt;\"><span lang=\"FR\" style=\"font-size: 12.0pt; line-height: 107%; mso-bidi-font-family: Calibri; mso-bidi-theme-font: minor-latin; mso-ansi-language: FR;\">En particulier, le Bureau \u00e9conomique et commercial promeut et facilite les relations bilat\u00e9rales, en fournissant des informations et une assistance aux entreprises italiennes, aux associations d&rsquo;entrepreneurs et aux organismes territoriaux, et en facilitant leurs contacts avec les entreprises, les organisations et les milieux \u00e9conomiques locaux.<\/span><\/p>\n<p class=\"MsoNormal\" style=\"text-align: justify; tab-stops: 138.0pt;\"><span lang=\"FR\" style=\"font-size: 12.0pt; line-height: 107%; mso-bidi-font-family: Calibri; mso-bidi-theme-font: minor-latin; mso-ansi-language: FR;\">\u00a0<\/span><\/p>\n<p class=\"MsoNormal\" style=\"text-align: justify; tab-stops: 138.0pt;\"><span lang=\"FR\" style=\"font-size: 12.0pt; line-height: 107%; mso-bidi-font-family: Calibri; mso-bidi-theme-font: minor-latin; mso-ansi-language: FR;\">Les demandes d&rsquo;assistance des entreprises italiennes peuvent \u00eatre adress\u00e9es \u00e0 la section \u00e9conomico-commerciale de ce Bureau, \u00e0 l&rsquo;aide d&rsquo;un formulaire en ligne qui peut \u00eatre rempli en cliquant ici. <\/span><\/p>\n<p>&nbsp;<\/p>\n<p>&nbsp;<\/p>\n","protected":false},"excerpt":{"rendered":"Faire des affaires en C\u00f4te d&rsquo;Ivoire Guida agli adempimenti fiscali in Italia per i residenti all\u2019estero\u00a0(Agenzia per le Entrate). Depuis l&rsquo;\u00e9lection d&rsquo;Alassane Ouattara \u00e0 la pr\u00e9sidence de la R\u00e9publique, la C\u00f4te d&rsquo;Ivoire a fait preuve d&rsquo;une grande ouverture \u00e0 l&rsquo;\u00e9gard des investissements priv\u00e9s \u00e9trangers, consid\u00e9r\u00e9s comme l&rsquo;un des principaux moteurs de la croissance \u00e9conomique du [&hellip;]","protected":false},"author":1,"featured_media":0,"parent":216,"menu_order":2,"comment_status":"closed","ping_status":"closed","template":"","meta":{"footnotes":""},"class_list":["post-193","page","type-page","status-publish","hentry"],"_links":{"self":[{"href":"https:\/\/ambabidjan.esteri.it\/fr\/wp-json\/wp\/v2\/pages\/193","targetHints":{"allow":["GET"]}}],"collection":[{"href":"https:\/\/ambabidjan.esteri.it\/fr\/wp-json\/wp\/v2\/pages"}],"about":[{"href":"https:\/\/ambabidjan.esteri.it\/fr\/wp-json\/wp\/v2\/types\/page"}],"author":[{"embeddable":true,"href":"https:\/\/ambabidjan.esteri.it\/fr\/wp-json\/wp\/v2\/users\/1"}],"replies":[{"embeddable":true,"href":"https:\/\/ambabidjan.esteri.it\/fr\/wp-json\/wp\/v2\/comments?post=193"}],"version-history":[{"count":3,"href":"https:\/\/ambabidjan.esteri.it\/fr\/wp-json\/wp\/v2\/pages\/193\/revisions"}],"predecessor-version":[{"id":1248,"href":"https:\/\/ambabidjan.esteri.it\/fr\/wp-json\/wp\/v2\/pages\/193\/revisions\/1248"}],"up":[{"embeddable":true,"href":"https:\/\/ambabidjan.esteri.it\/fr\/wp-json\/wp\/v2\/pages\/216"}],"wp:attachment":[{"href":"https:\/\/ambabidjan.esteri.it\/fr\/wp-json\/wp\/v2\/media?parent=193"}],"curies":[{"name":"wp","href":"https:\/\/api.w.org\/{rel}","templated":true}]}}