{"id":187,"date":"2023-04-11T18:08:31","date_gmt":"2023-04-11T16:08:31","guid":{"rendered":"https:\/\/ambabidjan.esteri.it\/chi-siamo\/la-rete-consolare\/"},"modified":"2026-01-06T12:24:21","modified_gmt":"2026-01-06T11:24:21","slug":"la-rete-consolare","status":"publish","type":"page","link":"https:\/\/ambabidjan.esteri.it\/fr\/chi-siamo\/la-rete-consolare\/","title":{"rendered":"Le r\u00e9seau consulaire"},"content":{"rendered":"<p><strong>R\u00c9SEAU CONSULAIRE DE L&rsquo;AMBASSADE D&rsquo;ITALIE \u00c0 ABIDJAN<\/strong><\/p>\n<p><strong><em>Chancellerie Consulaire de l&rsquo;Ambassade d&rsquo;Italie<\/em><\/strong><\/p>\n<p>Comp\u00e9tente pour la C\u00f4te d&rsquo;Ivoire, le Burkina Faso, le Lib\u00e9ria, le Niger et la Sierra Leone<\/p>\n<p>Rue de la Canebi\u00e8re 16 01 B.P. 1905 &#8211; Abidjan<\/p>\n<p>T\u00e9l. Bureau : + 225 27 22 44 61 70<\/p>\n<p>Fax : + 225 27 22 48 94 14<\/p>\n<p>E-mail : <a href=\"mailto:consolare.abidjan@esteri.it\">consolare.abidjan@esteri.it<\/a><\/p>\n<p>&nbsp;<\/p>\n<p><strong>CONSULAT HONORAIRE \u00e0 Ouagadougou (BURKINA FASO)<\/strong><\/p>\n<p>Consul Honoraire\u00a0: Mme Aline Giglio<\/p>\n<p>01 B.P. 10388 Ouagadougou<\/p>\n<p>Tel\u00a0: + 226 50 34 00 02<\/p>\n<p>Cell. (Seulement en cas d\u2019emergence)\u00a0: + 226 70 20 36 34<\/p>\n<p>E-mail\u00a0: <a href=\"mailto:consulat.italie@fasonet.bf\">consulat.italie@fasonet.bf<\/a><\/p>\n<p><a href=\"https:\/\/ambabidjan.esteri.it\/wp-content\/uploads\/2023\/11\/giglio.pdf\"><em><strong>DECRETO LIMITAZIONI FUNZIONI CONSOLARI<\/strong><\/em><\/a><\/p>\n<p>&nbsp;<\/p>\n<p><strong>CONSULAT HONORAIRE \u00e0 Freetown (SIERRA LEONE)<\/strong><\/p>\n<p>Consul Honoraire\/ Monsieur Renato Callisto<\/p>\n<p>12 kincardine Street, Aberdeen, Freetown<\/p>\n<p>Tel\u00a0: +232 76 18 19 48<\/p>\n<p>E-mail\u00a0: <a href=\"mailto:freetown.onorario@esteri.it\">freetown.onorario@esteri.i<\/a><\/p>\n<p><a href=\"https:\/\/ambabidjan.esteri.it\/wp-content\/uploads\/2023\/11\/giglio.pdf\"><em><strong>DECRETO LIMITAZIONI FUNZIONI CONSOLARI<\/strong><\/em><\/a><\/p>\n<p>&nbsp;<\/p>\n","protected":false},"excerpt":{"rendered":"R\u00c9SEAU CONSULAIRE DE L&rsquo;AMBASSADE D&rsquo;ITALIE \u00c0 ABIDJAN Chancellerie Consulaire de l&rsquo;Ambassade d&rsquo;Italie Comp\u00e9tente pour la C\u00f4te d&rsquo;Ivoire, le Burkina Faso, le Lib\u00e9ria, le Niger et la Sierra Leone Rue de la Canebi\u00e8re 16 01 B.P. 1905 &#8211; Abidjan T\u00e9l. Bureau : + 225 27 22 44 61 70 Fax : + 225 27 22 48 [&hellip;]","protected":false},"author":1,"featured_media":0,"parent":165,"menu_order":8,"comment_status":"closed","ping_status":"closed","template":"","meta":{"footnotes":""},"class_list":["post-187","page","type-page","status-publish","hentry"],"_links":{"self":[{"href":"https:\/\/ambabidjan.esteri.it\/fr\/wp-json\/wp\/v2\/pages\/187","targetHints":{"allow":["GET"]}}],"collection":[{"href":"https:\/\/ambabidjan.esteri.it\/fr\/wp-json\/wp\/v2\/pages"}],"about":[{"href":"https:\/\/ambabidjan.esteri.it\/fr\/wp-json\/wp\/v2\/types\/page"}],"author":[{"embeddable":true,"href":"https:\/\/ambabidjan.esteri.it\/fr\/wp-json\/wp\/v2\/users\/1"}],"replies":[{"embeddable":true,"href":"https:\/\/ambabidjan.esteri.it\/fr\/wp-json\/wp\/v2\/comments?post=187"}],"version-history":[{"count":5,"href":"https:\/\/ambabidjan.esteri.it\/fr\/wp-json\/wp\/v2\/pages\/187\/revisions"}],"predecessor-version":[{"id":2061,"href":"https:\/\/ambabidjan.esteri.it\/fr\/wp-json\/wp\/v2\/pages\/187\/revisions\/2061"}],"up":[{"embeddable":true,"href":"https:\/\/ambabidjan.esteri.it\/fr\/wp-json\/wp\/v2\/pages\/165"}],"wp:attachment":[{"href":"https:\/\/ambabidjan.esteri.it\/fr\/wp-json\/wp\/v2\/media?parent=187"}],"curies":[{"name":"wp","href":"https:\/\/api.w.org\/{rel}","templated":true}]}}