{"id":185,"date":"2023-04-11T18:07:19","date_gmt":"2023-04-11T16:07:19","guid":{"rendered":"https:\/\/ambabidjan.esteri.it\/chi-siamo\/numeri-di-emergenza\/"},"modified":"2024-02-05T12:03:28","modified_gmt":"2024-02-05T11:03:28","slug":"numeri-di-emergenza","status":"publish","type":"page","link":"https:\/\/ambabidjan.esteri.it\/fr\/chi-siamo\/numeri-di-emergenza\/","title":{"rendered":"Num\u00e9ros d&rsquo;urgence"},"content":{"rendered":"<p><strong>Num\u00e9ros d\u2019urgence<\/strong><\/p>\n<p>Un num\u00e9ro d\u2019urgence est disponible \u00e0 l&rsquo;Ambassade d&rsquo;Italie \u00e0 Abidjan : + 00225 \/ 07 07 07 73 43<\/p>\n<p>IL PEUT \u00caTRE CONTACT\u00c9 UNIQUEMENT ET EXCLUSIVEMENT POUR DES SITUATIONS D&rsquo;URGENCE AV\u00c9R\u00c9E CONCERNANT DES CITOYENS ITALIENS.<\/p>\n<p>Les appels pour des d\u00e9marches consulaires ordinaires, les demandes d&rsquo;information, les demandes de visas ne seront PAS pris en consid\u00e9ration.<\/p>\n<p>Avant d&rsquo;entreprendre un voyage \u00e0 l&rsquo;\u00e9tranger, il est vivement conseill\u00e9 aux citoyens italiens de consulter le site <a href=\"http:\/\/www.viaggiaresicuri.it\">www.viaggiaresicuri.it<\/a> et de s&rsquo;inscrire sur le portail <a href=\"http:\/\/www.dovesiamonelmondo.it\">www.dovesiamonelmondo.it<\/a> .<\/p>\n","protected":false},"excerpt":{"rendered":"Num\u00e9ros d\u2019urgence Un num\u00e9ro d\u2019urgence est disponible \u00e0 l&rsquo;Ambassade d&rsquo;Italie \u00e0 Abidjan : + 00225 \/ 07 07 07 73 43 IL PEUT \u00caTRE CONTACT\u00c9 UNIQUEMENT ET EXCLUSIVEMENT POUR DES SITUATIONS D&rsquo;URGENCE AV\u00c9R\u00c9E CONCERNANT DES CITOYENS ITALIENS. Les appels pour des d\u00e9marches consulaires ordinaires, les demandes d&rsquo;information, les demandes de visas ne seront PAS pris [&hellip;]","protected":false},"author":1,"featured_media":0,"parent":165,"menu_order":6,"comment_status":"closed","ping_status":"closed","template":"","meta":{"footnotes":""},"class_list":["post-185","page","type-page","status-publish","hentry"],"_links":{"self":[{"href":"https:\/\/ambabidjan.esteri.it\/fr\/wp-json\/wp\/v2\/pages\/185","targetHints":{"allow":["GET"]}}],"collection":[{"href":"https:\/\/ambabidjan.esteri.it\/fr\/wp-json\/wp\/v2\/pages"}],"about":[{"href":"https:\/\/ambabidjan.esteri.it\/fr\/wp-json\/wp\/v2\/types\/page"}],"author":[{"embeddable":true,"href":"https:\/\/ambabidjan.esteri.it\/fr\/wp-json\/wp\/v2\/users\/1"}],"replies":[{"embeddable":true,"href":"https:\/\/ambabidjan.esteri.it\/fr\/wp-json\/wp\/v2\/comments?post=185"}],"version-history":[{"count":3,"href":"https:\/\/ambabidjan.esteri.it\/fr\/wp-json\/wp\/v2\/pages\/185\/revisions"}],"predecessor-version":[{"id":1259,"href":"https:\/\/ambabidjan.esteri.it\/fr\/wp-json\/wp\/v2\/pages\/185\/revisions\/1259"}],"up":[{"embeddable":true,"href":"https:\/\/ambabidjan.esteri.it\/fr\/wp-json\/wp\/v2\/pages\/165"}],"wp:attachment":[{"href":"https:\/\/ambabidjan.esteri.it\/fr\/wp-json\/wp\/v2\/media?parent=185"}],"curies":[{"name":"wp","href":"https:\/\/api.w.org\/{rel}","templated":true}]}}