{"id":183,"date":"2023-04-11T18:01:19","date_gmt":"2023-04-11T16:01:19","guid":{"rendered":"https:\/\/ambabidjan.esteri.it\/chi-siamo\/gli-uffici\/"},"modified":"2024-02-01T17:38:09","modified_gmt":"2024-02-01T16:38:09","slug":"gli-uffici","status":"publish","type":"page","link":"https:\/\/ambabidjan.esteri.it\/fr\/chi-siamo\/gli-uffici\/","title":{"rendered":"Les bureaux"},"content":{"rendered":"<p><strong>Ambassade d\u2019Italie<\/strong><\/p>\n<p>19, rue de la Canebi\u00e8re<\/p>\n<p>01 BP 1905 \u2013 Abidjan<\/p>\n<p>&nbsp;<\/p>\n<p><strong>Heures de services\u00a0<\/strong><\/p>\n<ul>\n<li>Lundi \u2013 jeudi de 8h00 \u00e0 17h00<\/li>\n<li>Vendredi de 8h00 \u00e0 14h00<\/li>\n<\/ul>\n<p>&nbsp;<\/p>\n<p><strong>Service Consulaire\u00a0<\/strong><\/p>\n<p>E-mail\u00a0: <a href=\"mailto:consolare.abidjan@esteri.it\">consolare.abidjan@esteri.it<\/a><\/p>\n<p>Heures d\u2019ouverture au public\u00a0:<\/p>\n<ul>\n<li>Lundi, mardi, mercredi de 9h00 \u00e0 12h00<\/li>\n<li>Lundi, mardi, mercredi de 14h00 \u00e0 16h00 (sur rendez-vous)<\/li>\n<li>Vendredi de 9h00 \u00e0 12h00<\/li>\n<\/ul>\n<p>Fermeture le jeudi au public pour traitement des dossiers re\u00e7us.<\/p>\n<p>Afin d&rsquo;am\u00e9liorer l&rsquo;efficacit\u00e9 des services offerts et de r\u00e9duire les d\u00e9lais d&rsquo;attente, il est conseill\u00e9 aux usagers de contacter la Section consulaire par mail, quelques jours avant de se pr\u00e9senter \u00e0 l&rsquo;Ambassade afin de fournir des informations pr\u00e9liminaires sur le type de service demand\u00e9.<\/p>\n<p><strong>Bureau Commercial <\/strong><\/p>\n<p>E-mail\u00a0: <a href=\"mailto:commerciale.abidjan@estzeri.it\">commerciale.abidjan@estzeri.it<\/a><\/p>\n<p>Les demandes d&rsquo;assistance des entreprises peuvent \u00eatre adress\u00e9es \u00e0 la section \u00e9conomique et commerciale de ce bureau par le biais du formulaire en ligne qui peut \u00eatre renseign\u00e9 en cliquant ici<\/p>\n<p><strong>Bureau Visa<\/strong><\/p>\n<p>E-mail\u00a0: <a href=\"mailto:visti.abidjan@esteri.it\">visti.abidjan@esteri.it<\/a><\/p>\n<p>Heures d\u2019ouverture au public\u00a0:<\/p>\n<ul>\n<li>Lundi, mardi, mercredi de 9h00 \u00e0 12h00<\/li>\n<li>Vendredi de 9h00 \u00e0 12h00 (sur rendez-vous)<\/li>\n<\/ul>\n<p>Fermeture le jeudi au public pour traitement des dossiers re\u00e7us.<\/p>\n<p><strong>Administration<\/strong><\/p>\n<p>E-mail\u00a0: <a href=\"mailto:amm.abidjan@esteri.it\">amm.abidjan@esteri.it<\/a><\/p>\n","protected":false},"excerpt":{"rendered":"Ambassade d\u2019Italie 19, rue de la Canebi\u00e8re 01 BP 1905 \u2013 Abidjan &nbsp; Heures de services\u00a0 Lundi \u2013 jeudi de 8h00 \u00e0 17h00 Vendredi de 8h00 \u00e0 14h00 &nbsp; Service Consulaire\u00a0 E-mail\u00a0: consolare.abidjan@esteri.it Heures d\u2019ouverture au public\u00a0: Lundi, mardi, mercredi de 9h00 \u00e0 12h00 Lundi, mardi, mercredi de 14h00 \u00e0 16h00 (sur rendez-vous) Vendredi de [&hellip;]","protected":false},"author":1,"featured_media":0,"parent":165,"menu_order":4,"comment_status":"closed","ping_status":"closed","template":"","meta":{"footnotes":""},"class_list":["post-183","page","type-page","status-publish","hentry"],"_links":{"self":[{"href":"https:\/\/ambabidjan.esteri.it\/fr\/wp-json\/wp\/v2\/pages\/183","targetHints":{"allow":["GET"]}}],"collection":[{"href":"https:\/\/ambabidjan.esteri.it\/fr\/wp-json\/wp\/v2\/pages"}],"about":[{"href":"https:\/\/ambabidjan.esteri.it\/fr\/wp-json\/wp\/v2\/types\/page"}],"author":[{"embeddable":true,"href":"https:\/\/ambabidjan.esteri.it\/fr\/wp-json\/wp\/v2\/users\/1"}],"replies":[{"embeddable":true,"href":"https:\/\/ambabidjan.esteri.it\/fr\/wp-json\/wp\/v2\/comments?post=183"}],"version-history":[{"count":3,"href":"https:\/\/ambabidjan.esteri.it\/fr\/wp-json\/wp\/v2\/pages\/183\/revisions"}],"predecessor-version":[{"id":1215,"href":"https:\/\/ambabidjan.esteri.it\/fr\/wp-json\/wp\/v2\/pages\/183\/revisions\/1215"}],"up":[{"embeddable":true,"href":"https:\/\/ambabidjan.esteri.it\/fr\/wp-json\/wp\/v2\/pages\/165"}],"wp:attachment":[{"href":"https:\/\/ambabidjan.esteri.it\/fr\/wp-json\/wp\/v2\/media?parent=183"}],"curies":[{"name":"wp","href":"https:\/\/api.w.org\/{rel}","templated":true}]}}