{"id":175,"date":"2023-04-11T18:10:30","date_gmt":"2023-04-11T16:10:30","guid":{"rendered":"https:\/\/ambabidjan.esteri.it\/diplomazia-economica\/"},"modified":"2024-02-02T11:17:29","modified_gmt":"2024-02-02T10:17:29","slug":"diplomazia-economica","status":"publish","type":"page","link":"https:\/\/ambabidjan.esteri.it\/fr\/italia-e-costa-davorio\/diplomazia-economica\/","title":{"rendered":"Diplomatie \u00e9conomique"},"content":{"rendered":"<p><strong>Diplomatie \u00e9conomique<\/strong><\/p>\n<p>Ces derni\u00e8res ann\u00e9es, la C\u00f4te d&rsquo;Ivoire a connu l&rsquo;une des croissances les plus fortes au monde, m\u00eame si la pand\u00e9mie l&rsquo;a paralys\u00e9e, r\u00e9duisant le taux d&rsquo;expansion du PIB \u00e0 seulement +1,8 % en 2020. Les secteurs \u00e9conomiques les plus touch\u00e9s sont les mines, le bois et les hydrocarbures.<\/p>\n<p>En 2021, l&rsquo;\u00e9conomie ivoirienne a connu une forte reprise, avec une croissance de 6,2 %, principalement due aux secteurs de l&rsquo;agriculture et de la construction. Sur la base de cette tendance encourageante du march\u00e9, on estime que la croissance du PIB en 2022 sera \u00e9galement de l&rsquo;ordre de 6,5 %.<\/p>\n<p>Le secteur de la construction, associ\u00e9 \u00e0 une augmentation ambitieuse des investissements publics, a \u00e9t\u00e9 le moteur de l&rsquo;\u00e9conomie locale au cours des deux derni\u00e8res ann\u00e9es. En ce qui concerne les politiques de d\u00e9veloppement du pays, le gouvernement a lanc\u00e9 le Plan National de D\u00e9veloppement (PND) 2021 -2025 dans le but de soutenir la croissance \u00e9conomique et d&rsquo;acc\u00e9l\u00e9rer la transformation structurelle de l&rsquo;\u00e9conomie ivoirienne \u00e0 travers l&rsquo;industrialisation, le d\u00e9veloppement du capital humain et le renforcement de la gouvernance.<\/p>\n<p>Notre pays a activement contribu\u00e9 au processus de d\u00e9veloppement de la C\u00f4te d&rsquo;Ivoire gr\u00e2ce \u00e0 une pr\u00e9sence entrepreneuriale constante, op\u00e9rant principalement dans les secteurs de l&rsquo;agroalimentaire, du bois, du transport maritime, des infrastructures et, par le pass\u00e9, du tourisme. Outre les nombreuses PME, les entreprises italiennes les plus importantes sont Airone S.p.A., une soci\u00e9t\u00e9 industrielle op\u00e9rant dans le secteur de la p\u00eache et de l&rsquo;aquaculture, Ignazio Messina &amp; C., MSC et Grimaldi, trois entreprises op\u00e9rant dans le secteur du transport maritime, et enfin ENI, qui a fait la d\u00e9couverte en septembre 2021 d&rsquo;un gisement \u00e0 60 km de la fronti\u00e8re avec le Ghana, avec un potentiel de 1,5-2 milliards de barils par jour de p\u00e9trole brut et une extension de 250 km2 et qui pourrait \u00eatre op\u00e9rationnel \u00e0 la fin de 2023.<\/p>\n<p>Malgr\u00e9 quelques ann\u00e9es de d\u00e9ficit, le commerce entre l&rsquo;Italie et la C\u00f4te d&rsquo;Ivoire est en \u00e9quilibre stable.<\/p>\n<p>La C\u00f4te d&rsquo;Ivoire est le 4\u00e8me pays d&rsquo;Afrique subsaharienne en termes de commerce bilat\u00e9ral avec l&rsquo;Italie (elle est 3\u00e8me en termes de volume d&rsquo;exportation et 8\u00e8me en termes d&rsquo;importation). Les produits les plus import\u00e9s de C\u00f4te d&rsquo;Ivoire vers l&rsquo;Italie proviennent des secteurs agroalimentaire et minier, tandis que les produits italiens les plus export\u00e9s vers la C\u00f4te d&rsquo;Ivoire sont les machines, les v\u00e9hicules \u00e0 moteur et les remorques. L&rsquo;int\u00e9r\u00eat des Ivoiriens pour l&rsquo;incorporation des technologies de production italiennes n&rsquo;est pas surprenant et d\u00e9coule de la n\u00e9cessit\u00e9 d&rsquo;apporter \u00e0 ses produits d&rsquo;exportation la valeur ajout\u00e9e que seul le savoir-faire italien peut offrir. Il y a des r\u00e9alit\u00e9s tr\u00e8s int\u00e9ressantes dans le pays dans ce sens, comme par exemple dans la cha\u00eene de transformation des noix de cajou et des fruits tropicaux, o\u00f9 il existe d\u00e9j\u00e0 des r\u00e9alit\u00e9s qui utilisent des produits industriels italiens dans leurs syst\u00e8mes de tra\u00e7abilit\u00e9.<\/p>\n<p>Le volume du march\u00e9 italien des importations de C\u00f4te d&rsquo;Ivoire est rest\u00e9 pratiquement stable au cours des derni\u00e8res ann\u00e9es, \u00e0 environ 2%. Le secteur des machines industrielles repr\u00e9sente le premier poste d&rsquo;exportation et, dans certains domaines, l&rsquo;Italie est en t\u00eate du march\u00e9 : elle est le premier fournisseur de machines d&#8217;emballage et d&#8217;embouteillage, et le deuxi\u00e8me apr\u00e8s les Pays-Bas pour la fourniture de machines destin\u00e9es \u00e0 la fabrication d&rsquo;aliments et de boissons. Le potentiel de d\u00e9veloppement du secteur manufacturier local pourrait donc offrir de nouvelles opportunit\u00e9s \u00e0 nos entreprises. La C\u00f4te d&rsquo;Ivoire se pr\u00e9sente \u00e9galement comme l&rsquo;un des march\u00e9s les plus int\u00e9ressants d&rsquo;Afrique de l&rsquo;Ouest dans le commerce des biens de consommation, gr\u00e2ce \u00e0 une plus grande p\u00e9n\u00e9tration des mod\u00e8les d&#8217;emploi favorables au Made in Italy.<\/p>\n<p>&nbsp;<\/p>\n<p><strong>Opportunit\u00e9s pour les investisseurs italiens<\/strong><\/p>\n<p>La C\u00f4te d&rsquo;Ivoire dispose d&rsquo;un environnement favorable aux affaires, avec l&rsquo;Union europ\u00e9enne comme principal partenaire commercial ivoirien ; il y a de la place pour les entreprises italiennes, en particulier dans les secteurs de l&rsquo;\u00e9nergie et de l&rsquo;agroalimentaire (le pays est l&rsquo;un des premiers producteurs mondiaux de presque toutes les cultures \u00e0 fort impact industriel &#8211; cacao, caf\u00e9, huile de palme, caoutchouc et noix de cajou), des secteurs consid\u00e9r\u00e9s comme prioritaires par le gouvernement ivoirien et au centre d&rsquo;initiatives de coop\u00e9ration \u00e9galement promues au sein de l&rsquo;Union europ\u00e9enne. La C\u00f4te d&rsquo;Ivoire repr\u00e9sente un point de d\u00e9part important pour la p\u00e9n\u00e9tration dans les pays d&rsquo;Afrique de l&rsquo;Ouest.<\/p>\n<p>En septembre 2022, \u00e0 l&rsquo;occasion de la visite du Pr\u00e9sident Ouattara en Italie, un forum \u00e9conomique ivoirien s&rsquo;est tenu \u00e0 Rome, qui a donn\u00e9 lieu \u00e0 de nombreux contacts entre les entreprises des deux pays.<\/p>\n<p>Pour de plus amples informations, veuillez consulter\u00a0: www.infomercatiesteri.it<\/p>\n<p>&nbsp;<\/p>\n<p>Pour les demandes d&rsquo;assistance des entreprises italiennes \u00e0 la section \u00e9conomique et commerciale de notre bureau, veuillez remplir le formulaire en ligne en cliquant ici.<\/p>\n","protected":false},"excerpt":{"rendered":"Diplomatie \u00e9conomique Ces derni\u00e8res ann\u00e9es, la C\u00f4te d&rsquo;Ivoire a connu l&rsquo;une des croissances les plus fortes au monde, m\u00eame si la pand\u00e9mie l&rsquo;a paralys\u00e9e, r\u00e9duisant le taux d&rsquo;expansion du PIB \u00e0 seulement +1,8 % en 2020. Les secteurs \u00e9conomiques les plus touch\u00e9s sont les mines, le bois et les hydrocarbures. En 2021, l&rsquo;\u00e9conomie ivoirienne a [&hellip;]","protected":false},"author":1,"featured_media":0,"parent":189,"menu_order":0,"comment_status":"closed","ping_status":"closed","template":"","meta":{"footnotes":""},"class_list":["post-175","page","type-page","status-publish","hentry"],"_links":{"self":[{"href":"https:\/\/ambabidjan.esteri.it\/fr\/wp-json\/wp\/v2\/pages\/175","targetHints":{"allow":["GET"]}}],"collection":[{"href":"https:\/\/ambabidjan.esteri.it\/fr\/wp-json\/wp\/v2\/pages"}],"about":[{"href":"https:\/\/ambabidjan.esteri.it\/fr\/wp-json\/wp\/v2\/types\/page"}],"author":[{"embeddable":true,"href":"https:\/\/ambabidjan.esteri.it\/fr\/wp-json\/wp\/v2\/users\/1"}],"replies":[{"embeddable":true,"href":"https:\/\/ambabidjan.esteri.it\/fr\/wp-json\/wp\/v2\/comments?post=175"}],"version-history":[{"count":3,"href":"https:\/\/ambabidjan.esteri.it\/fr\/wp-json\/wp\/v2\/pages\/175\/revisions"}],"predecessor-version":[{"id":1233,"href":"https:\/\/ambabidjan.esteri.it\/fr\/wp-json\/wp\/v2\/pages\/175\/revisions\/1233"}],"up":[{"embeddable":true,"href":"https:\/\/ambabidjan.esteri.it\/fr\/wp-json\/wp\/v2\/pages\/189"}],"wp:attachment":[{"href":"https:\/\/ambabidjan.esteri.it\/fr\/wp-json\/wp\/v2\/media?parent=175"}],"curies":[{"name":"wp","href":"https:\/\/api.w.org\/{rel}","templated":true}]}}