{"id":143,"date":"2023-04-11T18:22:07","date_gmt":"2023-04-11T16:22:07","guid":{"rendered":"https:\/\/ambabidjan.esteri.it\/visti\/"},"modified":"2026-04-21T18:20:12","modified_gmt":"2026-04-21T16:20:12","slug":"visti","status":"publish","type":"page","link":"https:\/\/ambabidjan.esteri.it\/fr\/servizi-consolari-e-visti\/servizi-per-il-cittadino-straniero\/visti\/","title":{"rendered":"Visas"},"content":{"rendered":"<p class=\"boxLevel03\"><strong><a href=\"http:\/\/www.esteri.it\/visti\/index_eng.asp\">Visas to enter Italy<\/a><br \/>\n<\/strong><\/p>\n<h2><\/h2>\n<p align=\"justify\">The Visa Office handles the issuance of visas allowing applicants entrance into Italy or the EU. Office personnel are available to the public for consultation on what type of visa to apply for.<\/p>\n<p align=\"justify\"><a href=\"https:\/\/www.esteri.it\/en\/servizi-consolari-e-visti\/ingressosoggiornoinitalia\/vis\/\"><img loading=\"lazy\" decoding=\"async\" class=\"alignnone\" src=\"https:\/\/ambabidjan.esteri.it\/resource\/2013\/03\/65345_f_amb6120130308_VIS_Logo1.jpg\" alt=\"VIS\" width=\"42\" height=\"24\" border=\"0\" \/><\/a><\/p>\n<p><a title=\"VIS\" href=\"https:\/\/www.esteri.it\/en\/servizi-consolari-e-visti\/ingressosoggiornoinitalia\/vis\/\">A&rsquo; partir du 14 mars 2013 le Bureau de\u00a0 visas de l\u2019Ambassade d\u2019Italie ser\u00e1 connect\u00e9 au VIS<\/a><\/p>\n<h5><strong>Qu\u2019est\u2011ce qu\u2019un visa ?<\/strong><\/h5>\n<p>Le\u00a0<strong>visa pour l\u2019Italie est une autorisation<\/strong>\u00a0d\u00e9livr\u00e9e par les autorit\u00e9s consulaires permettant \u00e0 son titulaire d\u2019entrer sur le territoire italien et, selon les cas, dans l\u2019ensemble de l\u2019espace Schengen.<\/p>\n<p>Les principales cat\u00e9gories sont :<\/p>\n<ul>\n<li>les\u00a0<a href=\"https:\/\/ambabidjan.esteri.it\/fr\/servizi-consolari-e-visti\/servizi-per-il-cittadino-straniero\/le-visa-pour-litalie\/visas-schengen-uniformes-vsu-type-c\/\"><strong>Visas Schengen Uniformes (VSU)<\/strong><\/a>\u00a0ou visas de type\u00a0<strong>\u00ab C \u00bb<\/strong>, valables pour des s\u00e9jours jusqu\u2019\u00e0 90 jours sur une p\u00e9riode de 180 jours et r\u00e9gis par le\u00a0<strong>R\u00e8glement (CE) n\u00b0 810\/2009 (Code des visas)<\/strong>, tel que modifi\u00e9 par le\u00a0<strong>R\u00e8glement (UE) 2019\/1155<\/strong>\u00a0;<\/li>\n<li>les\u00a0<a href=\"https:\/\/ambabidjan.esteri.it\/fr\/servizi-consolari-e-visti\/servizi-per-il-cittadino-straniero\/le-visa-pour-litalie\/visas-nationaux-type-d\/\"><strong>Visas Nationaux<\/strong><\/a>\u00a0ou visas de type\u00a0<strong>\u00ab D \u00bb<\/strong>, destin\u00e9s aux s\u00e9jours de plus de 90 jours et r\u00e9gis par le droit interne italien, notamment le\u00a0<strong>D\u00e9cret l\u00e9gislatif 286\/1998<\/strong>\u00a0(Texte unique sur l\u2019immigration) et son r\u00e8glement d\u2019application, le\u00a0<strong>D.P.R. 394\/1999<\/strong>.<\/li>\n<\/ul>\n<p>Le\u00a0<strong>D\u00e9cret interminist\u00e9riel n\u00b0 850\/2011<\/strong>\u00a0\u00e9num\u00e8re les\u00a0<strong>21 types de visas<\/strong>\u00a0en vigueur, class\u00e9s selon l\u2019objectif principal du s\u00e9jour, harmonisant les proc\u00e9dures consulaires et la documentation requise.<\/p>\n<p>Le visa est\u00a0<strong>individuel<\/strong>\u00a0: chaque demandeur doit remplir et signer son propre formulaire. Pour les\u00a0<strong>mineurs<\/strong>, le formulaire doit \u00eatre pr\u00e9sent\u00e9 et sign\u00e9 par la personne exer\u00e7ant l\u2019autorit\u00e9 parentale ou par un tuteur l\u00e9gal. Une\u00a0<strong>autorisation parentale<\/strong>\u00a0doit \u00e9galement \u00eatre fournie par chaque titulaire de l\u2019autorit\u00e9 parentale\u00a0<strong>n\u2019accompagnant pas<\/strong>\u00a0le mineur, ou, \u00e0 d\u00e9faut, par le tuteur l\u00e9gal. Le consentement doit \u00eatre\u00a0<strong>d\u00e9livr\u00e9 conform\u00e9ment \u00e0 la l\u00e9gislation du pays de r\u00e9sidence du mineur.<\/strong><\/p>\n<p>&nbsp;<\/p>\n<h5><strong>Qui \u00e9value les demandes de visa ?<\/strong><\/h5>\n<p>L\u2019\u00e9valuation des demandes de visa\u00a0<strong>rel\u00e8ve exclusivement de l\u2019Ambassade d\u2019Italie \u00e0 Abidjan<\/strong>. Le Bureau des visas peut, \u00e0 tout moment de la proc\u00e9dure, convoquer le demandeur pour un entretien consulaire ou demander des documents suppl\u00e9mentaires.<\/p>\n<p>La pr\u00e9sentation compl\u00e8te de la documentation requise\u00a0<strong>ne garantit pas<\/strong>\u00a0automatiquement la d\u00e9livrance du visa, qui reste soumise aux v\u00e9rifications pr\u00e9vues par la l\u00e9gislation en vigueur et \u00e0 l\u2019appr\u00e9ciation discr\u00e9tionnaire de l\u2019Autorit\u00e9 consulaire.<\/p>\n<p>La soci\u00e9t\u00e9 VFS Global C\u00f4te d\u2019Ivoire est\u00a0<strong>uniquement charg\u00e9e de recevoir et de restituer les documents<\/strong>. Elle n\u2019intervient pas dans l\u2019examen des demandes.<\/p>\n<p>&nbsp;<\/p>\n<h5><strong>Qui peut d\u00e9poser une demande de visa aupr\u00e8s de l\u2019Ambassade d\u2019Italie \u00e0 Abidjan ?<\/strong><\/h5>\n<p>Le Bureau des visas v\u00e9rifie d\u2019abord sa comp\u00e9tence \u00e0 traiter la demande. En particulier :<\/p>\n<ul>\n<li><strong>Comp\u00e9tence territoriale :\u00a0<\/strong>Les demandeurs doivent \u00eatre\u00a0<strong>citoyens et\/ou r\u00e9sidents l\u00e9gaux de la circonscription consulaire<\/strong>\u00a0<strong>(Burkina Faso, C\u00f4te d\u2019Ivoire,\u00a0Liberia, Niger et Sierra Leone)<\/strong>\u00a0ou y \u00eatre\u00a0<strong>l\u00e9galement pr\u00e9sents<\/strong>. Dans ce dernier cas, ils doivent justifier pourquoi ils n\u2019ont pas pu pr\u00e9senter leur demande aupr\u00e8s du consulat comp\u00e9tent pour leur r\u00e9sidence habituelle. Ils doivent fournir\u00a0<strong>une pi\u00e8ce d\u2019identit\u00e9<\/strong>\u00a0(pour les citoyens des \u00c9tats mentionn\u00e9s) ou un\u00a0<strong>certificat de r\u00e9sidence<\/strong>\u00a0accompagn\u00e9 de\u00a0<strong>preuves objectives de r\u00e9sidence stable et l\u00e9gale\u00a0<\/strong>(contrat de location \u00e0 long terme, factures d\u2019\u00e9lectricit\u00e9 ou de loyer des 6 derniers mois, tampon d\u2019entr\u00e9e datant des 6 derniers mois, etc.) pour les autres nationalit\u00e9s ;<\/li>\n<li><strong>Comp\u00e9tence mat\u00e9rielle :\u00a0<\/strong>L\u2019Italie doit constituer la\u00a0<strong>destination unique ou principale<\/strong>\u00a0du voyage.<\/li>\n<\/ul>\n<p>Si l\u2019Ambassade n\u2019est pas comp\u00e9tente, la demande sera restitu\u00e9e avec les documents, les frais de visa rembours\u00e9s, et une\u00a0<strong>d\u00e9cision \u00e9crite d\u2019incomp\u00e9tence<\/strong>\u00a0sera notifi\u00e9e.<\/p>\n<p><strong>Il est donc fortement recommand\u00e9 de v\u00e9rifier la comp\u00e9tence consulaire avant de d\u00e9poser une demande.<\/strong><\/p>\n<p>&nbsp;<\/p>\n<h5><strong>Comment demander un visa ?<\/strong><\/h5>\n<p>Pour d\u00e9poser une demande, il est n\u00e9cessaire de\u00a0<strong>prendre rendez\u2011vous<\/strong>\u00a0via le portail officiel de\u00a0<strong>VFS Global C\u00f4te d\u2019Ivoire \u2013 Italie<\/strong>\u00a0(<a href=\"https:\/\/visa.vfsglobal.com\/civ\/fr\/ita\">https:\/\/visa.vfsglobal.com\/civ\/fr\/ita<\/a>),\u00a0<strong>obligatoire<\/strong>\u00a0pour\u00a0<strong>tous<\/strong>\u00a0les demandeurs conform\u00e9ment au\u00a0<strong>consid\u00e9rant 6 du R\u00e8glement (UE) 2019\/1155<\/strong>. La seule exception concerne les\u00a0<strong>membres de famille de citoyens de l\u2019Union europ\u00e9enne<\/strong>, qui ont droit, en vertu de l\u2019<strong>article 5, paragraphe 2 du D\u00e9cret l\u00e9gislatif 30\/2007<\/strong>, \u00e0 un\u00a0<strong>traitement prioritaire et gratuit<\/strong>. Des d\u00e9rogations suppl\u00e9mentaires peuvent \u00eatre accord\u00e9es par le Chef de la Chancellerie consulaire dans des\u00a0<strong>cas exceptionnels<\/strong>, sur justification document\u00e9e.<\/p>\n<p>Depuis le\u00a0<strong>17 novembre 2025<\/strong>, une\u00a0<strong>liste d\u2019attente<\/strong>\u00a0permet aux utilisateurs de s\u2019inscrire lorsque aucun cr\u00e9neau n\u2019est disponible et d\u2019\u00eatre automatiquement avertis lorsqu\u2019un rendez\u2011vous se lib\u00e8re.<\/p>\n<p><strong>La prise de rendez-vous est toujours GRATUITE.<\/strong>\u00a0Les usagers sont invit\u00e9s \u00e0\u00a0<strong>signaler<\/strong>\u00a0imm\u00e9diatement toute tentative de\u00a0<strong>vente<\/strong>, d\u2019<strong>interm\u00e9diation<\/strong>\u00a0ou de\u00a0<strong>demande de paiement<\/strong>\u00a0pour obtenir un rendez-vous, et \u00e0\u00a0<strong>ne verser<\/strong>\u00a0aucune somme d\u2019argent, car il pourrait s\u2019agir d\u2019une fraude.<\/p>\n<p>La demande doit ensuite \u00eatre\u00a0<strong>d\u00e9pos\u00e9e en personne<\/strong>\u00a0dans les locaux de\u00a0<strong>VFS Global C\u00f4te d\u2019Ivoire<\/strong>, sis \u00e0 la Rue des Carrossiers, Treichville zone 3, Centre commercial HLM, rez\u2011de\u2011chauss\u00e9e, Abidjan.<\/p>\n<p><strong>L\u2019envoi par courriel du formulaire de demande et\/ou d\u2019autres documents justificatifs ne constitue en aucun cas le d\u00e9p\u00f4t d\u2019une demande de visa.<\/strong><\/p>\n<p>&nbsp;<\/p>\n<h5><strong>Quand demander le visa ?<\/strong><\/h5>\n<p>La demande doit \u00eatre pr\u00e9sent\u00e9e\u00a0<strong>au plus t\u00f4t six mois avant<\/strong>\u00a0et\u00a0<strong>au plus tard 15 jours calendaires avant<\/strong>\u00a0la date pr\u00e9vue du voyage. Les demandes hors d\u00e9lai seront d\u00e9clar\u00e9es\u00a0<strong>irrecevables<\/strong>\u00a0conform\u00e9ment \u00e0 l\u2019<strong>article 19 du Code des visas<\/strong>.<\/p>\n<p>&nbsp;<\/p>\n<h5><strong>Quels documents sont n\u00e9cessaires ?<\/strong><\/h5>\n<p>La demande doit comprendre les\u00a0<strong>\u00e9l\u00e9ments minimaux pr\u00e9vus par l\u2019article 19 du Code des visas<\/strong>\u00a0:<\/p>\n<ul>\n<li><strong>Formulaire de demande d\u00fbment rempli et sign\u00e9<\/strong>\u00a0(cliquez\u00a0<strong><a href=\"https:\/\/ambabidjan.esteri.it\/fr\/servizi-consolari-e-visti\/servizi-per-il-cittadino-straniero\/le-visa-pour-litalie\/il-visto-per-litalia-modulistica-essenziale\/\" target=\"_blank\" rel=\"noopener\">ici<\/a><\/strong>\u00a0pour t\u00e9l\u00e9charger les formulaires).\u00a0<strong>ATTENTION\u00a0: le formulaire est toujours\u00a0GRATUIT<\/strong>\u00a0;<\/li>\n<li><strong>Document de voyage valide<\/strong>\u00a0(validit\u00e9 minimale de trois mois apr\u00e8s la sortie pr\u00e9vue de l\u2019espace Schengen ; au moins deux pages vierges ; d\u00e9livr\u00e9 dans les dix derni\u00e8res ann\u00e9es) + photocopie ;<\/li>\n<li><strong>Une photo d\u2019identit\u00e9<\/strong>\u00a0conformes aux normes OACI ;<\/li>\n<li><strong>Paiement des frais de visa<\/strong>\u00a0(cliquez\u00a0<a href=\"https:\/\/ambabidjan.esteri.it\/wp-content\/uploads\/2026\/01\/Tabella-dei-diritti-percepiti-per-i-visti-gennaio-2026-1.pdf\" target=\"_blank\" rel=\"noopener\"><strong>ici<\/strong>\u00a0<\/a>pour consulter les frais actuellement en vigueur);<\/li>\n<li><strong>Documents justificatifs<\/strong>\u00a0du voyage, en double exemplaire ;<\/li>\n<li><strong>Assurance m\u00e9dicale<\/strong>\u00a0ad\u00e9quate et valide (<strong>exemptions<\/strong>\u00a0pour les\u00a0<strong>titulaires de passeports diplomatiques<\/strong>\u00a0et\u00a0<strong>membres de famille de citoyens UE<\/strong>) ;<\/li>\n<li><strong>Relev\u00e9 des donn\u00e9es biom\u00e9triques<\/strong>.<\/li>\n<\/ul>\n<p>Les\u00a0<strong>empreintes digitales<\/strong>\u00a0sont\u00a0<strong>obligatoires<\/strong>\u00a0pour\u00a0<strong>toutes<\/strong>\u00a0les demandes.\u00a0<strong>Depuis janvier 2025<\/strong>, elles le sont\u00a0<strong>aussi pour les visas nationaux<\/strong>\u00a0<strong>(type D)<\/strong>.<\/p>\n<p>Les\u00a0<strong>exceptions<\/strong>\u00a0sont\u00a0<strong>strictement<\/strong>\u00a0celles p<strong>r\u00e9vues \u00e0 l\u2019article 13 du Code des visas<\/strong>\u00a0(enfants mineurs de 12 ans, impossibilit\u00e9 physique, chefs d\u2019\u00c9tat ou de gouvernement et respectives d\u00e9l\u00e9gations en mission officielle).<\/p>\n<p>Une fois relev\u00e9es, les\u00a0<strong>empreintes digitales<\/strong>\u00a0restent\u00a0<strong>valables<\/strong>\u00a0pendant\u00a0<strong>59 mois<\/strong>\u00a0et n\u2019ont pas \u00e0 \u00eatre recueillies de nouveau pour des demandes de visa ult\u00e9rieures introduites au cours de cette p\u00e9riode. Si le demandeur a d\u00e9j\u00e0 fourni ses empreintes digitales au cours des 59 mois pr\u00e9c\u00e9dents pour la m\u00eame cat\u00e9gorie de visa (\u00ab C \u00bb ou \u00ab D \u00bb), il pourra donc d\u00e9poser sa demande \u00e9galement par l\u2019interm\u00e9diaire d\u2019une personne de confiance, munie d\u2019une procuration sp\u00e9cifique et d\u2019une photocopie du document d\u2019identit\u00e9 du demandeur\u2011mandant, dat\u00e9e et sign\u00e9e.<\/p>\n<p>En cas de manque, m\u00eame d\u2019un seul des \u00e9l\u00e9ments requis ci\u2011dessus, la demande sera restitu\u00e9e au demandeur avec les documents annex\u00e9s, les frais per\u00e7us seront rembours\u00e9s, et une\u00a0<strong>d\u00e9cision \u00e9crite d\u2019irrecevabilit\u00e9<\/strong>\u00a0d\u00fbment motiv\u00e9e sera notifi\u00e9e.<\/p>\n<p>&nbsp;<\/p>\n<h5><strong>Combien co\u00fbte le visa ?<\/strong><\/h5>\n<p>Les frais \u00e0 la charge du demandeur sont :<\/p>\n<ul>\n<li><strong>Les frais de visa<\/strong>, pr\u00e9vus par la l\u00e9gislation en vigueur et p\u00e9riodiquement mis \u00e0 jour. Le tableau des droits actuellement en vigueur peut \u00eatre consult\u00e9\u00a0<strong><a href=\"https:\/\/ambabidjan.esteri.it\/wp-content\/uploads\/2026\/01\/Tabella-dei-diritti-percepiti-per-i-visti-gennaio-2026-1.pdf\" target=\"_blank\" rel=\"noopener\">ici<\/a><\/strong>;<\/li>\n<li>Les\u00a0<strong>frais de service obligatoires de VFS<\/strong>\u00a0(actuellement\u00a0<strong>11 300 F CFA<\/strong>, env.\u00a0<strong>17,22 EUR<\/strong>) ;<\/li>\n<li>Les\u00a0<strong>frais optionnels<\/strong>\u00a0(photocopies, retour du passeport par courrier, salon VIP, etc.).<\/li>\n<\/ul>\n<p><strong>ATTENTION: Aucun autre co\u00fbt n\u2019est pr\u00e9vu au\u2011del\u00e0 de ceux indiqu\u00e9s sur ce site.<\/strong><\/p>\n<p>&nbsp;<\/p>\n<h5><strong>Que faire en cas de refus ?<\/strong><\/h5>\n<p>En cas de\u00a0<strong>refus<\/strong>, le demandeur peut introduire un\u00a0<strong>recours<\/strong>\u00a0devant le\u00a0<strong>Tribunal administratif r\u00e9gional (TAR) du Latium \u2013 Rome<\/strong>, comp\u00e9tent pour les d\u00e9cisions des autorit\u00e9s diplomatiques et consulaires. Le recours doit \u00eatre d\u00e9pos\u00e9\u00a0<strong>dans les 60 jours<\/strong>\u00a0suivant la notification, ou\u00a0<strong>dans les 90 jours si le demandeur r\u00e9side dans l\u2019UE<\/strong>, ou\u00a0<strong>dans les 150 jours s\u2019il r\u00e9side hors UE<\/strong>.<\/p>\n<p>Pour les visas li\u00e9s au\u00a0<strong>regroupement familial<\/strong>, une autre voie de recours s\u2019applique : le recours doit \u00eatre introduit par le membre de famille r\u00e9sidant en Italie devant le\u00a0<strong>Tribunal ordinaire comp\u00e9tent<\/strong>. Dans ce cas, a<strong>ucun d\u00e9lai de prescription n\u2019est pr\u00e9vu<\/strong>.<\/p>\n<p>&nbsp;<\/p>\n<h5><strong>Informations utiles suppl\u00e9mentaires<\/strong><\/h5>\n<p>Pour\u00a0<strong>plus d\u2019informations<\/strong>\u00a0sur chaque cat\u00e9gorie de visa, il est possible de consulter le portail officiel du Minist\u00e8re des Affaires \u00e9trang\u00e8res et de la Coop\u00e9ration internationale \u00ab\u00a0<strong>Visa pour l\u2019Italie<\/strong>\u00a0\u00bb (<a href=\"https:\/\/vistoperitalia.esteri.it\/\">https:\/\/vistoperitalia.esteri.it<\/a>), qui permet de v\u00e9rifier si un visa est n\u00e9cessaire, d\u2019identifier la cat\u00e9gorie appropri\u00e9e, de consulter la documentation requise et de t\u00e9l\u00e9charger les formulaires officiels. Il est \u00e9galement recommand\u00e9 de lire les<strong>\u00a0sections sp\u00e9cifiques disponibles dans le menu lat\u00e9ral<\/strong>.<\/p>\n<p>&nbsp;<\/p>\n<p><strong>ATTENTION : L\u2019Ambassade d\u2019Italie \u00e0 Abidjan ne fournit en aucun cas des conseils ou des pr\u00e9\u2011\u00e9valuations concernant la documentation justificative \u00e0 l\u2019appui des demandes de visa. Il est demand\u00e9 aux usagers de v\u00e9rifier qu\u2019ils disposent de toute la documentation n\u00e9cessaire avant de d\u00e9poser leur demande.<\/strong><\/p>\n","protected":false},"excerpt":{"rendered":"Visas to enter Italy The Visa Office handles the issuance of visas allowing applicants entrance into Italy or the EU. Office personnel are available to the public for consultation on what type of visa to apply for. A&rsquo; partir du 14 mars 2013 le Bureau de\u00a0 visas de l\u2019Ambassade d\u2019Italie ser\u00e1 connect\u00e9 au VIS Qu\u2019est\u2011ce [&hellip;]","protected":false},"author":1,"featured_media":0,"parent":240,"menu_order":0,"comment_status":"closed","ping_status":"closed","template":"","meta":{"footnotes":""},"class_list":["post-143","page","type-page","status-publish","hentry"],"_links":{"self":[{"href":"https:\/\/ambabidjan.esteri.it\/fr\/wp-json\/wp\/v2\/pages\/143","targetHints":{"allow":["GET"]}}],"collection":[{"href":"https:\/\/ambabidjan.esteri.it\/fr\/wp-json\/wp\/v2\/pages"}],"about":[{"href":"https:\/\/ambabidjan.esteri.it\/fr\/wp-json\/wp\/v2\/types\/page"}],"author":[{"embeddable":true,"href":"https:\/\/ambabidjan.esteri.it\/fr\/wp-json\/wp\/v2\/users\/1"}],"replies":[{"embeddable":true,"href":"https:\/\/ambabidjan.esteri.it\/fr\/wp-json\/wp\/v2\/comments?post=143"}],"version-history":[{"count":5,"href":"https:\/\/ambabidjan.esteri.it\/fr\/wp-json\/wp\/v2\/pages\/143\/revisions"}],"predecessor-version":[{"id":3134,"href":"https:\/\/ambabidjan.esteri.it\/fr\/wp-json\/wp\/v2\/pages\/143\/revisions\/3134"}],"up":[{"embeddable":true,"href":"https:\/\/ambabidjan.esteri.it\/fr\/wp-json\/wp\/v2\/pages\/240"}],"wp:attachment":[{"href":"https:\/\/ambabidjan.esteri.it\/fr\/wp-json\/wp\/v2\/media?parent=143"}],"curies":[{"name":"wp","href":"https:\/\/api.w.org\/{rel}","templated":true}]}}